{"id":3090,"date":"2024-10-11T00:50:35","date_gmt":"2024-10-10T22:50:35","guid":{"rendered":"https:\/\/pressurezone.shop\/?post_type=product&#038;p=3090"},"modified":"2024-11-02T22:04:33","modified_gmt":"2024-11-02T21:04:33","slug":"duke-nukem-sativa-dominant-hybrid-strain","status":"publish","type":"product","link":"https:\/\/pressurezone.shop\/nl\/product\/duke-nukem-sativa-dominante-hybride-soort\/","title":{"rendered":"Duke Nukem Sativa Dominante Hybride Soorten"},"content":{"rendered":"<div class=\"flex-shrink-0 flex flex-col relative items-end\">\n<div>\n<div class=\"pt-0\">\n<div class=\"gizmo-bot-avatar flex h-8 w-8 items-center justify-center overflow-hidden rounded-full\">\n<div class=\"relative p-1 rounded-sm flex items-center justify-center bg-token-main-surface-primary text-token-text-primary h-8 w-8\"><\/div>\n<\/div>\n<\/div>\n<\/div>\n<\/div>\n<div class=\"group\/conversation-turn relative flex w-full min-w-0 flex-col agent-turn\">\n<div class=\"flex-col gap-1 md:gap-3\">\n<div class=\"flex max-w-full flex-col flex-grow\">\n<div class=\"min-h-8 text-message flex w-full flex-col items-end gap-2 whitespace-normal break-words [.text-message+&amp;]:mt-5\" dir=\"auto\" data-message-author-role=\"assistant\" data-message-id=\"24535a46-a7d2-41d9-8ab7-6b9bf0f25cfe\" data-message-model-slug=\"gpt-4o\">\n<div class=\"flex w-full flex-col gap-1 empty:hidden first:pt-[3px]\">\n<div class=\"markdown prose w-full break-words dark:prose-invert light\">\n<h3><strong>Koop Duke Nukem Sativa Dominant Hybride Soorten Online in Europa op <a href=\"https:\/\/pressurezone.shop\/nl\/\" target=\"_new\" rel=\"noopener\">Drukzone<\/a><\/strong><\/h3>\n<p>Ontdek <strong>Duke Nukem Sativa Dominante Hybride Soorten<\/strong>a <strong>cannabisvari\u00ebteit<\/strong> dominante sativa (65% sativa \/ 35% indica) die het resultaat is van een kruising tussen een vrouwtje en een mannetje. <strong>Tsjernobyl<\/strong> en een mannetje <strong>Chemmando<\/strong>. Duke Nukem staat bekend om haar stimulerende en creatieve effecten, perfect voor wie op zoek is naar een energieboost voor de hele dag. Deze vari\u00ebteit is ook ideaal voor beginnende kwekers, omdat ze bestand is tegen ongedierte en schimmels en een gemiddelde tot hoge opbrengst biedt.<a href=\"https:\/\/fuelpackz.com\/\" target=\"_blank\" rel=\"noopener\">.<\/a><\/p>\n<h3>Effecten en voordelen van Duke Nukem Sativa Dominant Hybride Soorten<\/h3>\n<p>La <strong>vari\u00ebteit Duke Nukem Sativa Dominante Hybride Soorten<\/strong> wordt gewaardeerd om zijn verkwikkende cerebrale effecten, die de geest stimuleren en creativiteit wekken:<\/p>\n<ul>\n<li><strong>Creativiteit en energie<\/strong> Ideaal voor artistieke activiteiten en taken die meer concentratie vereisen.<\/li>\n<li><strong>Euforie en goed humeur<\/strong> Bevordert een vrolijke, gezellige stemming, perfect om te socializen.<\/li>\n<li><strong>Geconcentreerd en gefocust effect<\/strong> Zorgt voor mentale helderheid om je te helpen geconcentreerd en productief te blijven.<\/li>\n<\/ul>\n<p>Dankzij de <strong>matig krachtig hoog<\/strong>Duke Nukem biedt een evenwichtige ervaring en is ideaal voor overdag.<\/p>\n<h3>Therapeutische voordelen van Duke Nukem Sativa Dominant Hybride Soorten<\/h3>\n<p>Vanwege de energiegevende en balancerende effecten, <strong>Duke Nukem<\/strong> wordt vaak gekozen om verschillende symptomen te verlichten:<\/p>\n<ul>\n<li><strong>Minder angst en vermoeidheid<\/strong> Effectief om de geest te kalmeren en tegelijkertijd een energieboost te geven.<\/li>\n<li><strong>Verlichting van hoofdpijn en oogdruk<\/strong> Nuttig voor verlichting van hoofdpijn en vermoeide ogen.<\/li>\n<li><strong>Eetlustopwekker en stemmingsverbetering<\/strong> Perfect voor mensen die kampen met gebrek aan eetlust en stemmingswisselingen.<\/li>\n<\/ul>\n<p>Deze <strong>cannabisvari\u00ebteit<\/strong> is ideaal voor gebruikers die op zoek zijn naar een natuurlijk, stimulerend middel tegen pijn, stress en stemmingsstoornissen.<\/p>\n<h3>Smaken en aroma's van Duke Nukem<\/h3>\n<p>Duke Nukem biedt een zachte, tropische smaakervaring, vergezeld van frisse, fruitige aroma's:<\/p>\n<ul>\n<li><strong>Smaken<\/strong> Een zoete smaak van sinaasappel en citroen met verfrissende tropische noten.<\/li>\n<li><strong>Smaken<\/strong> Een sinaasappelgeur met een vettige toets die diepte toevoegt aan de zintuiglijke ervaring.<\/li>\n<\/ul>\n<p>Deze <strong>levendige smaken en aroma's<\/strong> maken van Duke Nukem een onmisbare vari\u00ebteit voor fans van fruitige, verfrissende smaken.<\/p>\n<h3>Waarom Duke Nukem Sativa Dominant Hybride Soorten kopen op <a href=\"https:\/\/pressurezone.shop\/nl\/\" target=\"_new\" rel=\"noopener\">Drukzone<\/a>?<\/h3>\n<p>Op <strong>Drukzone<\/strong>we zijn toegewijd aan het aanbieden van <strong>cannabis vari\u00ebteiten<\/strong> zorgvuldig getest om een onberispelijke kwaliteit te garanderen. <strong>Duke Nukem Sativa Dominante Hybride Soorten<\/strong> is een van onze paradepaardjes vanwege de evenwichtige effecten en verfrissende smaken. Dit is waarom je voor Pressure Zone zou moeten kiezen:<\/p>\n<ul>\n<li><strong>Superieure kwaliteit<\/strong> Onze producten worden streng getest om optimale zuiverheid en kracht te garanderen.<\/li>\n<li><strong>Activerend en balancerend effect<\/strong> Perfect voor activiteiten overdag en om stress te verlichten.<\/li>\n<li><strong>Toegewijde klantenservice<\/strong> We staan klaar om je te helpen bij het kiezen van de juiste <strong>cannabisvari\u00ebteit<\/strong> die het beste aan je behoeften voldoet.<\/li>\n<\/ul>\n<h3>Veelgestelde vragen<\/h3>\n<h4>Wat zijn de belangrijkste effecten van Duke Nukem Sativa Dominant Hybride Strain?<\/h4>\n<p>Duke Nukem staat bekend om zijn energiegevende en creatieve effect, perfect voor creatieve taken en om productief te blijven. Het zorgt ook voor een vrolijke, gezellige euforie, ideaal voor sociale activiteiten.<\/p>\n<h4>Is Duke Nukem effectief in het verlichten van pijn en vermoeidheid?<\/h4>\n<p>Ja, dit <strong>cannabisvari\u00ebteit<\/strong> is ideaal voor het verlichten van chronische pijn, het verminderen van vermoeidheid en het verbeteren van de stemming, en biedt een mentale en fysieke oppepper.<\/p>\n<h4>Welke smaken en aroma's overheersen in Duke Nukem?<\/h4>\n<p>Duke Nukem biedt citrus- en sinaasappelsmaken met tropische noten en een pittig sinaasappelaroma, perfect voor liefhebbers van verfrissende smaken.<\/p>\n<h3>Bestel Duke Nukem Sativa Dominant Hybride Strain online in Europa op <a href=\"https:\/\/pressurezone.shop\/nl\/\" target=\"_new\" rel=\"noopener\">Drukzone<\/a><\/h3>\n<p>Klaar om de energiegevende en vreugdevolle effecten van <strong>Duke Nukem Sativa Dominante Hybride Soorten<\/strong>? <strong>Bestel nu<\/strong> op <a href=\"https:\/\/pressurezone.shop\/nl\/\" target=\"_new\" rel=\"noopener\">Drukzone<\/a> voor een ervaring van <strong>cannabisvari\u00ebteit<\/strong> De perfecte manier om creativiteit en concentratie te stimuleren. Met onze snelle en discrete bezorgservice kun je zorgeloos winkelen.<\/p>\n<\/div>\n<\/div>\n<\/div>\n<\/div>\n<\/div>\n<\/div>","protected":false},"excerpt":{"rendered":"<p>Achetez la Vari\u00e9t\u00e9 Duke Nukem Sativa Dominant Hybrid Strain en Ligne en Europe sur Pressure Zone D\u00e9couvrez Duke Nukem Sativa Dominant Hybrid Strain, une vari\u00e9t\u00e9 de cannabis sativa dominante (65% sativa \/ 35% indica) issue du croisement entre une femelle Chernobyl et un m\u00e2le Chemmando. Duke Nukem est r\u00e9put\u00e9e pour ses effets stimulants et cr\u00e9atifs, [&hellip;]<\/p>","protected":false},"featured_media":3177,"comment_status":"closed","ping_status":"closed","template":"","meta":{"_uag_custom_page_level_css":"","site-sidebar-layout":"default","site-content-layout":"","ast-site-content-layout":"default","site-content-style":"default","site-sidebar-style":"default","ast-global-header-display":"","ast-banner-title-visibility":"","ast-main-header-display":"","ast-hfb-above-header-display":"","ast-hfb-below-header-display":"","ast-hfb-mobile-header-display":"","site-post-title":"","ast-breadcrumbs-content":"","ast-featured-img":"","footer-sml-layout":"","theme-transparent-header-meta":"default","adv-header-id-meta":"","stick-header-meta":"","header-above-stick-meta":"","header-main-stick-meta":"","header-below-stick-meta":"","astra-migrate-meta-layouts":"set","ast-page-background-enabled":"default","ast-page-background-meta":{"desktop":{"background-color":"","background-image":"","background-repeat":"repeat","background-position":"center center","background-size":"auto","background-attachment":"scroll","background-type":"","background-media":"","overlay-type":"","overlay-color":"","overlay-opacity":"","overlay-gradient":""},"tablet":{"background-color":"","background-image":"","background-repeat":"repeat","background-position":"center center","background-size":"auto","background-attachment":"scroll","background-type":"","background-media":"","overlay-type":"","overlay-color":"","overlay-opacity":"","overlay-gradient":""},"mobile":{"background-color":"","background-image":"","background-repeat":"repeat","background-position":"center center","background-size":"auto","background-attachment":"scroll","background-type":"","background-media":"","overlay-type":"","overlay-color":"","overlay-opacity":"","overlay-gradient":""}},"ast-content-background-meta":{"desktop":{"background-color":"var(--ast-global-color-5)","background-image":"","background-repeat":"repeat","background-position":"center center","background-size":"auto","background-attachment":"scroll","background-type":"","background-media":"","overlay-type":"","overlay-color":"","overlay-opacity":"","overlay-gradient":""},"tablet":{"background-color":"var(--ast-global-color-5)","background-image":"","background-repeat":"repeat","background-position":"center center","background-size":"auto","background-attachment":"scroll","background-type":"","background-media":"","overlay-type":"","overlay-color":"","overlay-opacity":"","overlay-gradient":""},"mobile":{"background-color":"var(--ast-global-color-5)","background-image":"","background-repeat":"repeat","background-position":"center center","background-size":"auto","background-attachment":"scroll","background-type":"","background-media":"","overlay-type":"","overlay-color":"","overlay-opacity":"","overlay-gradient":""}}},"product_brand":[],"product_cat":[28,273],"product_tag":[326],"class_list":{"0":"post-3090","1":"product","2":"type-product","3":"status-publish","4":"has-post-thumbnail","6":"product_cat-varietes-de-cannabis","7":"product_cat-varietes-de-cannabis-sativa","8":"product_tag-buy-duke-nukem-sativa-dominant-hybrid-strain-eu","9":"desktop-align-left","10":"tablet-align-left","11":"mobile-align-left","13":"first","14":"instock","15":"shipping-taxable","16":"purchasable","17":"product-type-variable"},"uagb_featured_image_src":{"full":["https:\/\/pressurezone.shop\/wp-content\/uploads\/2024\/10\/Duke-Nukem-Sativa-Dominant-Hybrid-Strain.webp",570,427,false],"thumbnail":["https:\/\/pressurezone.shop\/wp-content\/uploads\/2024\/10\/Duke-Nukem-Sativa-Dominant-Hybrid-Strain-150x150.webp",150,150,true],"medium":["https:\/\/pressurezone.shop\/wp-content\/uploads\/2024\/10\/Duke-Nukem-Sativa-Dominant-Hybrid-Strain-300x225.webp",300,225,true],"medium_large":["https:\/\/pressurezone.shop\/wp-content\/uploads\/2024\/10\/Duke-Nukem-Sativa-Dominant-Hybrid-Strain.webp",570,427,false],"large":["https:\/\/pressurezone.shop\/wp-content\/uploads\/2024\/10\/Duke-Nukem-Sativa-Dominant-Hybrid-Strain.webp",570,427,false],"1536x1536":["https:\/\/pressurezone.shop\/wp-content\/uploads\/2024\/10\/Duke-Nukem-Sativa-Dominant-Hybrid-Strain.webp",570,427,false],"2048x2048":["https:\/\/pressurezone.shop\/wp-content\/uploads\/2024\/10\/Duke-Nukem-Sativa-Dominant-Hybrid-Strain.webp",570,427,false],"trp-custom-language-flag":["https:\/\/pressurezone.shop\/wp-content\/uploads\/2024\/10\/Duke-Nukem-Sativa-Dominant-Hybrid-Strain-16x12.webp",16,12,true],"woocommerce_thumbnail":["https:\/\/pressurezone.shop\/wp-content\/uploads\/2024\/10\/Duke-Nukem-Sativa-Dominant-Hybrid-Strain-300x300.webp",300,300,true],"woocommerce_single":["https:\/\/pressurezone.shop\/wp-content\/uploads\/2024\/10\/Duke-Nukem-Sativa-Dominant-Hybrid-Strain.webp",570,427,false],"woocommerce_gallery_thumbnail":["https:\/\/pressurezone.shop\/wp-content\/uploads\/2024\/10\/Duke-Nukem-Sativa-Dominant-Hybrid-Strain-100x100.webp",100,100,true]},"uagb_author_info":{"display_name":"pressurezone.shop","author_link":"https:\/\/pressurezone.shop\/nl\/author\/"},"uagb_comment_info":0,"uagb_excerpt":"Achetez la Vari\u00e9t\u00e9 Duke Nukem Sativa Dominant Hybrid Strain en Ligne en Europe sur Pressure Zone D\u00e9couvrez Duke Nukem Sativa Dominant Hybrid Strain, une vari\u00e9t\u00e9 de cannabis sativa dominante (65% sativa \/ 35% indica) issue du croisement entre une femelle Chernobyl et un m\u00e2le Chemmando. Duke Nukem est r\u00e9put\u00e9e pour ses effets stimulants et cr\u00e9atifs,&hellip;","_links":{"self":[{"href":"https:\/\/pressurezone.shop\/nl\/wp-json\/wp\/v2\/product\/3090"}],"collection":[{"href":"https:\/\/pressurezone.shop\/nl\/wp-json\/wp\/v2\/product"}],"about":[{"href":"https:\/\/pressurezone.shop\/nl\/wp-json\/wp\/v2\/types\/product"}],"replies":[{"embeddable":true,"href":"https:\/\/pressurezone.shop\/nl\/wp-json\/wp\/v2\/comments?post=3090"}],"version-history":[{"count":2,"href":"https:\/\/pressurezone.shop\/nl\/wp-json\/wp\/v2\/product\/3090\/revisions"}],"predecessor-version":[{"id":3753,"href":"https:\/\/pressurezone.shop\/nl\/wp-json\/wp\/v2\/product\/3090\/revisions\/3753"}],"wp:featuredmedia":[{"embeddable":true,"href":"https:\/\/pressurezone.shop\/nl\/wp-json\/wp\/v2\/media\/3177"}],"wp:attachment":[{"href":"https:\/\/pressurezone.shop\/nl\/wp-json\/wp\/v2\/media?parent=3090"}],"wp:term":[{"taxonomy":"product_brand","embeddable":true,"href":"https:\/\/pressurezone.shop\/nl\/wp-json\/wp\/v2\/product_brand?post=3090"},{"taxonomy":"product_cat","embeddable":true,"href":"https:\/\/pressurezone.shop\/nl\/wp-json\/wp\/v2\/product_cat?post=3090"},{"taxonomy":"product_tag","embeddable":true,"href":"https:\/\/pressurezone.shop\/nl\/wp-json\/wp\/v2\/product_tag?post=3090"}],"curies":[{"name":"wp","href":"https:\/\/api.w.org\/{rel}","templated":true}]}}