{"id":3102,"date":"2024-10-11T00:51:01","date_gmt":"2024-10-10T22:51:01","guid":{"rendered":"https:\/\/pressurezone.shop\/?post_type=product&#038;p=3102"},"modified":"2024-11-02T21:38:18","modified_gmt":"2024-11-02T20:38:18","slug":"scout-master-strain","status":"publish","type":"product","link":"https:\/\/pressurezone.shop\/nl\/product\/scout-master-stam\/","title":{"rendered":"Scout Meester"},"content":{"rendered":"<div class=\"flex-shrink-0 flex flex-col relative items-end\">\n<div>\n<div class=\"pt-0\">\n<div class=\"gizmo-bot-avatar flex h-8 w-8 items-center justify-center overflow-hidden rounded-full\">\n<div class=\"relative p-1 rounded-sm flex items-center justify-center bg-token-main-surface-primary text-token-text-primary h-8 w-8\"><\/div>\n<\/div>\n<\/div>\n<\/div>\n<\/div>\n<div class=\"group\/conversation-turn relative flex w-full min-w-0 flex-col agent-turn\">\n<div class=\"flex-col gap-1 md:gap-3\">\n<div class=\"flex max-w-full flex-col flex-grow\">\n<div class=\"min-h-8 text-message flex w-full flex-col items-end gap-2 whitespace-normal break-words [.text-message+&amp;]:mt-5\" dir=\"auto\" data-message-author-role=\"assistant\" data-message-id=\"b706f5af-8f4c-440c-ad43-4e02d613f316\" data-message-model-slug=\"gpt-4o\">\n<div class=\"flex w-full flex-col gap-1 empty:hidden first:pt-[3px]\">\n<div class=\"markdown prose w-full break-words dark:prose-invert light\">\n<h3><strong>Koop Scout Master Strain Variety online in Europa bij <a href=\"https:\/\/pressurezone.shop\/nl\/\" target=\"_new\" rel=\"noopener\">Drukzone<\/a><\/strong><\/h3>\n<p>Ontdek <strong>Scout Meester<\/strong>a <strong>cannabisvari\u00ebteit<\/strong> dominante sativa (75% sativa \/ 25% indica) ook bekend als \"Master Scout\". Het resultaat van een kruising tussen de beroemde <strong>Girl Scout Cookies<\/strong> en <strong>Meester Kush<\/strong>Scout Master biedt een krachtige, evenwichtige high, perfect voor wie op zoek is naar een verkwikkende ervaring. Met een unieke citroen- en dennensmaak en stimulerende effecten is deze soort ideaal voor momenten van concentratie en creativiteit.<\/p>\n<h3>Effecten en voordelen van Scout Master Strain<\/h3>\n<p>La <strong>Scout Master vari\u00ebteit<\/strong> staat bekend om zijn stimulerende cerebrale effecten en energieke high die de zintuigen wakker schudt:<\/p>\n<ul>\n<li><strong>Cerebraal en creatief effect<\/strong> Bevordert mentale helderheid en stimuleert creativiteit.<\/li>\n<li><strong>Energie en concentratie<\/strong> Perfect voor activiteiten overdag, voor hernieuwde energie en concentratie.<\/li>\n<li><strong>Lichte ontspanning<\/strong> Biedt een ideale balans tussen fysieke ontspanning en mentale stimulatie.<\/li>\n<\/ul>\n<p>Dankzij de <strong>Hoog THC-gehalte<\/strong>Scout Master biedt een langdurige, kalmerende high die negatieve gedachten wegneemt en de stemming verbetert, zonder de zware effecten van Indica's.<\/p>\n<h3>Therapeutische voordelen van Scout Master Strain<\/h3>\n<p>Scout Master wordt ook zeer gewaardeerd om zijn medicinale werking, die dankzij de uitgebalanceerde effecten helpt bij het verlichten van verschillende symptomen:<\/p>\n<ul>\n<li><strong>Angst en stress verminderen<\/strong> Kalmeert de geest en geeft een gevoel van welzijn.<\/li>\n<li><strong>Verlichting van chronische pijn en misselijkheid<\/strong> Effectief tegen spijsverteringspijn en -stoornissen, vooral misselijkheid.<\/li>\n<li><strong>Stimulatie van de eetlust<\/strong> Ideaal voor mensen die kampen met verlies van eetlust.<\/li>\n<li><strong>Hulp voor ADD\/ADHD<\/strong> Scout Master is ook nuttig om de concentratie te verbeteren en ADHD-symptomen te beheersen.<\/li>\n<\/ul>\n<p>Deze <strong>cannabisvari\u00ebteit<\/strong> is perfect voor diegenen die op zoek zijn naar een mentale oppepper en een kalmerend effect dat licht blijft, zonder het kalmerende effect van een indica.<\/p>\n<h3>Smaken en aroma's van Scout Master<\/h3>\n<p>Scout Master heeft ook een rijk, complex aromatisch profiel:<\/p>\n<ul>\n<li><strong>Smaken<\/strong> Een mix van citrus en kruiden met kruidige, houtachtige en licht zoete noten.<\/li>\n<li><strong>Smaken<\/strong> Een aardse citroengeur met een zure dennen ondertoon en een vleugje specerijen, die intenser wordt met elk trekje.<a href=\"https:\/\/fuelpackz.com\/\" target=\"_blank\" rel=\"noopener\">.<\/a><\/li>\n<\/ul>\n<p>Deze <strong>smaken en aroma's<\/strong> Deze unieke eigenschappen maken van Scout Master een populaire vari\u00ebteit voor liefhebbers van frisse, houtachtige smaken.<\/p>\n<h3>Waarom Scout Master Strain kopen op <a href=\"https:\/\/pressurezone.shop\/nl\/\" target=\"_new\" rel=\"noopener\">Drukzone<\/a>?<\/h3>\n<p>Op <strong>Drukzone<\/strong>bieden wij <strong>cannabis vari\u00ebteiten<\/strong> getest op kracht en zuiverheid. <strong>Scout Meester<\/strong> is een van onze beste soorten vanwege de gebalanceerde effecten en het kenmerkende smaakprofiel. Dit is waarom je voor Pressure Zone zou moeten kiezen:<\/p>\n<ul>\n<li><strong>Superieure kwaliteit<\/strong> Onze producten worden uitvoerig getest om een eersteklas ervaring te garanderen.<\/li>\n<li><strong>Stimulerend en licht effect<\/strong> Perfect voor momenten van creativiteit en concentratie.<\/li>\n<li><strong>Deskundige klantenservice<\/strong> We staan klaar om je te helpen de juiste <strong>cannabisvari\u00ebteit<\/strong> op maat van uw behoeften.<\/li>\n<\/ul>\n<h3>Veelgestelde vragen<\/h3>\n<h4>Wat zijn de belangrijkste effecten van Scout Master Strain?<\/h4>\n<p>Scout Master zorgt voor een stimulerende en creatieve high, ideaal voor concentratiemomenten en activiteiten overdag. Het biedt de perfecte balans tussen energie en ontspanning.<\/p>\n<h4>Is Scout Master effectief in het verlichten van stress en pijn?<\/h4>\n<p>Ja, Scout Master wordt vaak gebruikt om stress te verminderen, angst te verlichten en chronische pijn te verlichten.<\/p>\n<h4>Welke smaken en aroma's overheersen bij Scout Master?<\/h4>\n<p>Scout Master biedt smaken van citrus en hout, met hints van kruiden en zoetheid. Het aroma is een aardse mix met hints van dennen en zure citroen.<\/p>\n<h3>Bestel Scout Master Strain Variety online in Europa bij <a href=\"https:\/\/pressurezone.shop\/nl\/\" target=\"_new\" rel=\"noopener\">Drukzone<\/a><\/h3>\n<p>Klaar om de perfecte balans van energie en ontspanning te ontdekken van <strong>Scout Meester<\/strong>? <strong>Bestel nu<\/strong> op <a href=\"https:\/\/pressurezone.shop\/nl\/\" target=\"_new\" rel=\"noopener\">Drukzone<\/a> voor een ervaring van <strong>cannabisvari\u00ebteit<\/strong> Pressure Zone is een uniek product van hoge kwaliteit, ideaal voor momenten van creativiteit en concentratie. Met een snelle, discrete levering is Pressure Zone jouw keuze voor een uitzonderlijke cannabiservaring.<\/p>\n<\/div>\n<\/div>\n<\/div>\n<\/div>\n<\/div>\n<\/div>","protected":false},"excerpt":{"rendered":"<p>Achetez la Vari\u00e9t\u00e9 Scout Master Strain en Ligne en Europe sur Pressure Zone D\u00e9couvrez Scout Master Strain, une vari\u00e9t\u00e9 de cannabis sativa dominante (75% sativa \/ 25% indica) \u00e9galement connue sous le nom de \u201cMaster Scout.\u201d Issue d\u2019un croisement entre les c\u00e9l\u00e8bres Girl Scout Cookies et Master Kush, Scout Master offre un high puissant et [&hellip;]<\/p>","protected":false},"featured_media":3181,"comment_status":"closed","ping_status":"closed","template":"","meta":{"_uag_custom_page_level_css":"","site-sidebar-layout":"default","site-content-layout":"","ast-site-content-layout":"default","site-content-style":"default","site-sidebar-style":"default","ast-global-header-display":"","ast-banner-title-visibility":"","ast-main-header-display":"","ast-hfb-above-header-display":"","ast-hfb-below-header-display":"","ast-hfb-mobile-header-display":"","site-post-title":"","ast-breadcrumbs-content":"","ast-featured-img":"","footer-sml-layout":"","theme-transparent-header-meta":"default","adv-header-id-meta":"","stick-header-meta":"","header-above-stick-meta":"","header-main-stick-meta":"","header-below-stick-meta":"","astra-migrate-meta-layouts":"set","ast-page-background-enabled":"default","ast-page-background-meta":{"desktop":{"background-color":"","background-image":"","background-repeat":"repeat","background-position":"center center","background-size":"auto","background-attachment":"scroll","background-type":"","background-media":"","overlay-type":"","overlay-color":"","overlay-opacity":"","overlay-gradient":""},"tablet":{"background-color":"","background-image":"","background-repeat":"repeat","background-position":"center center","background-size":"auto","background-attachment":"scroll","background-type":"","background-media":"","overlay-type":"","overlay-color":"","overlay-opacity":"","overlay-gradient":""},"mobile":{"background-color":"","background-image":"","background-repeat":"repeat","background-position":"center center","background-size":"auto","background-attachment":"scroll","background-type":"","background-media":"","overlay-type":"","overlay-color":"","overlay-opacity":"","overlay-gradient":""}},"ast-content-background-meta":{"desktop":{"background-color":"var(--ast-global-color-5)","background-image":"","background-repeat":"repeat","background-position":"center center","background-size":"auto","background-attachment":"scroll","background-type":"","background-media":"","overlay-type":"","overlay-color":"","overlay-opacity":"","overlay-gradient":""},"tablet":{"background-color":"var(--ast-global-color-5)","background-image":"","background-repeat":"repeat","background-position":"center center","background-size":"auto","background-attachment":"scroll","background-type":"","background-media":"","overlay-type":"","overlay-color":"","overlay-opacity":"","overlay-gradient":""},"mobile":{"background-color":"var(--ast-global-color-5)","background-image":"","background-repeat":"repeat","background-position":"center center","background-size":"auto","background-attachment":"scroll","background-type":"","background-media":"","overlay-type":"","overlay-color":"","overlay-opacity":"","overlay-gradient":""}}},"product_brand":[],"product_cat":[28,273],"product_tag":[328],"class_list":{"0":"post-3102","1":"product","2":"type-product","3":"status-publish","4":"has-post-thumbnail","6":"product_cat-varietes-de-cannabis","7":"product_cat-varietes-de-cannabis-sativa","8":"product_tag-buy-scout-master-strain-europe","9":"desktop-align-left","10":"tablet-align-left","11":"mobile-align-left","13":"first","14":"instock","15":"shipping-taxable","16":"purchasable","17":"product-type-variable"},"uagb_featured_image_src":{"full":["https:\/\/pressurezone.shop\/wp-content\/uploads\/2024\/10\/Buy-Scout-Master-Strain.webp",570,427,false],"thumbnail":["https:\/\/pressurezone.shop\/wp-content\/uploads\/2024\/10\/Buy-Scout-Master-Strain-150x150.webp",150,150,true],"medium":["https:\/\/pressurezone.shop\/wp-content\/uploads\/2024\/10\/Buy-Scout-Master-Strain-300x225.webp",300,225,true],"medium_large":["https:\/\/pressurezone.shop\/wp-content\/uploads\/2024\/10\/Buy-Scout-Master-Strain.webp",570,427,false],"large":["https:\/\/pressurezone.shop\/wp-content\/uploads\/2024\/10\/Buy-Scout-Master-Strain.webp",570,427,false],"1536x1536":["https:\/\/pressurezone.shop\/wp-content\/uploads\/2024\/10\/Buy-Scout-Master-Strain.webp",570,427,false],"2048x2048":["https:\/\/pressurezone.shop\/wp-content\/uploads\/2024\/10\/Buy-Scout-Master-Strain.webp",570,427,false],"trp-custom-language-flag":["https:\/\/pressurezone.shop\/wp-content\/uploads\/2024\/10\/Buy-Scout-Master-Strain-16x12.webp",16,12,true],"woocommerce_thumbnail":["https:\/\/pressurezone.shop\/wp-content\/uploads\/2024\/10\/Buy-Scout-Master-Strain-300x300.webp",300,300,true],"woocommerce_single":["https:\/\/pressurezone.shop\/wp-content\/uploads\/2024\/10\/Buy-Scout-Master-Strain.webp",570,427,false],"woocommerce_gallery_thumbnail":["https:\/\/pressurezone.shop\/wp-content\/uploads\/2024\/10\/Buy-Scout-Master-Strain-100x100.webp",100,100,true]},"uagb_author_info":{"display_name":"pressurezone.shop","author_link":"https:\/\/pressurezone.shop\/nl\/author\/"},"uagb_comment_info":0,"uagb_excerpt":"Achetez la Vari\u00e9t\u00e9 Scout Master Strain en Ligne en Europe sur Pressure Zone D\u00e9couvrez Scout Master Strain, une vari\u00e9t\u00e9 de cannabis sativa dominante (75% sativa \/ 25% indica) \u00e9galement connue sous le nom de \u201cMaster Scout.\u201d Issue d\u2019un croisement entre les c\u00e9l\u00e8bres Girl Scout Cookies et Master Kush, Scout Master offre un high puissant et&hellip;","_links":{"self":[{"href":"https:\/\/pressurezone.shop\/nl\/wp-json\/wp\/v2\/product\/3102"}],"collection":[{"href":"https:\/\/pressurezone.shop\/nl\/wp-json\/wp\/v2\/product"}],"about":[{"href":"https:\/\/pressurezone.shop\/nl\/wp-json\/wp\/v2\/types\/product"}],"replies":[{"embeddable":true,"href":"https:\/\/pressurezone.shop\/nl\/wp-json\/wp\/v2\/comments?post=3102"}],"version-history":[{"count":4,"href":"https:\/\/pressurezone.shop\/nl\/wp-json\/wp\/v2\/product\/3102\/revisions"}],"predecessor-version":[{"id":3714,"href":"https:\/\/pressurezone.shop\/nl\/wp-json\/wp\/v2\/product\/3102\/revisions\/3714"}],"wp:featuredmedia":[{"embeddable":true,"href":"https:\/\/pressurezone.shop\/nl\/wp-json\/wp\/v2\/media\/3181"}],"wp:attachment":[{"href":"https:\/\/pressurezone.shop\/nl\/wp-json\/wp\/v2\/media?parent=3102"}],"wp:term":[{"taxonomy":"product_brand","embeddable":true,"href":"https:\/\/pressurezone.shop\/nl\/wp-json\/wp\/v2\/product_brand?post=3102"},{"taxonomy":"product_cat","embeddable":true,"href":"https:\/\/pressurezone.shop\/nl\/wp-json\/wp\/v2\/product_cat?post=3102"},{"taxonomy":"product_tag","embeddable":true,"href":"https:\/\/pressurezone.shop\/nl\/wp-json\/wp\/v2\/product_tag?post=3102"}],"curies":[{"name":"wp","href":"https:\/\/api.w.org\/{rel}","templated":true}]}}