{"id":3122,"date":"2024-10-11T00:51:48","date_gmt":"2024-10-10T22:51:48","guid":{"rendered":"https:\/\/pressurezone.shop\/?post_type=product&#038;p=3122"},"modified":"2024-11-17T02:43:16","modified_gmt":"2024-11-17T01:43:16","slug":"huile-cbd-full-spectrum","status":"publish","type":"product","link":"https:\/\/pressurezone.shop\/nl\/product\/volledig-spectrum-cbd-olie\/","title":{"rendered":"CBD-olie met volledig spectrum"},"content":{"rendered":"<div class=\"flex-shrink-0 flex flex-col relative items-end\">\n<div>\n<div class=\"pt-0\">\n<div class=\"gizmo-bot-avatar flex h-8 w-8 items-center justify-center overflow-hidden rounded-full\">\n<div class=\"relative p-1 rounded-sm flex items-center justify-center bg-token-main-surface-primary text-token-text-primary h-8 w-8\"><\/div>\n<\/div>\n<\/div>\n<\/div>\n<\/div>\n<div class=\"group\/conversation-turn relative flex w-full min-w-0 flex-col agent-turn\">\n<div class=\"flex-col gap-1 md:gap-3\">\n<div class=\"flex max-w-full flex-col flex-grow\">\n<div class=\"min-h-8 text-message flex w-full flex-col items-end gap-2 whitespace-normal break-words [.text-message+&amp;]:mt-5\" dir=\"auto\" data-message-author-role=\"assistant\" data-message-id=\"98ec086b-188b-461b-9635-b7e503ba5c5b\" data-message-model-slug=\"gpt-4o\">\n<div class=\"flex w-full flex-col gap-1 empty:hidden first:pt-[3px]\">\n<div class=\"markdown prose w-full break-words dark:prose-invert light\">\n<h3><strong>Koop Viridesco Full Spectrum CBD-olie online in Europa<\/strong><\/h3>\n<p>Ontdek de onvergelijkbare voordelen van<strong>Viridesco Volledig Spectrum CBD-olie<\/strong>een cannabisolie van superieure kwaliteit die wordt gewonnen uit hennepbloemen die in kassen worden gekweekt. Deze <strong>CBD-olie<\/strong> rauw, onbewerkt en organisch, biedt een veelzijdige oplossing voor eetbaar, rookbaar en topisch gebruik. Het is ideaal voor medicinale cannabisgebruikers en wordt alom erkend om zijn helende eigenschappen en gebruiksgemak.<a href=\"https:\/\/fuelpackz.com\/\" target=\"_blank\" rel=\"noopener\">.<\/a><\/p>\n<hr \/>\n<h3><strong>Wat is Viridesco Full Spectrum CBD-olie?<\/strong><\/h3>\n<p>Viridesco Full Spectrum CBD-olie is een <strong>sterk geconcentreerd cannabisextract<\/strong> ontworpen om alle cannabino\u00efden te leveren die in hennep zitten. Vaak genoemd <strong>Rick Simpson Olie (RSO)<\/strong> of <strong>Phoenix Tranen<\/strong>Deze olie is een betrouwbare keuze voor mensen die op zoek zijn naar natuurlijke verlichting van verschillende kwalen.<\/p>\n<hr \/>\n<h3><strong>Productgegevens<\/strong><\/h3>\n<ul>\n<li><strong>Inhoud<\/strong> 1 x spuit Viridesco olie<\/li>\n<li><strong>CBD-gehalte<\/strong> : 54,5 % &#8211; 60,7 %<\/li>\n<li><strong>Beschikbare maten<\/strong> 1 ml tot 10 ml<\/li>\n<li><strong>Verpakking<\/strong> Geleverd in de revolutionaire Patron Eos-Dispenser voor nauwkeurige dosering tot 0,01 ml.<\/li>\n<\/ul>\n<hr \/>\n<h3><strong>Belangrijkste kenmerken van Viridesco Full Spectrum CBD-olie<\/strong><\/h3>\n<ol>\n<li><strong>Biologisch en rauw<\/strong> Gewonnen uit in kassen geteelde hennepbloemen, zonder toevoegingen of conserveringsmiddelen.<\/li>\n<li><strong>Veelzijdig gebruik<\/strong> Kan oraal ingenomen, gerookt of op de huid aangebracht worden.<\/li>\n<li><strong>Medische voordelen<\/strong> Bekend om zijn pijnstillende, ontstekingsremmende en stressbeheersende eigenschappen en nog veel meer.<\/li>\n<li><strong>Geavanceerde conditionering<\/strong> De Patron Eos-Dispenser garandeert optimale precisie, waardoor je de dosering gemakkelijker kunt controleren.<\/li>\n<\/ol>\n<hr \/>\n<h3><strong>Waarom kiezen voor Viridesco CBD olie?<\/strong><\/h3>\n<p>Viridesco Full Spectrum CBD olie biedt een natuurlijke en effectieve oplossing voor het probleem van roken. <strong>volledig herstel<\/strong> voor wie op zoek is naar een plantaardig alternatief. Het bevat een uitgebalanceerd profiel van cannabino\u00efden die synergetisch werken om de therapeutische effecten te versterken.<\/p>\n<hr \/>\n<h3><strong>Voordelen van Full Spectrum CBD-olie<\/strong><\/h3>\n<ul>\n<li><strong>Verlichting van pijn<\/strong> Verlicht chronische pijn, artritis en spierpijn.<\/li>\n<li><strong>Ontstekingsremmend<\/strong> Vermindert ontstekingen en biedt verlichting bij aandoeningen zoals IBS en gewrichtspijn.<\/li>\n<li><strong>Beheer van stress en angst<\/strong> Kalmeert de geest en helpt stemmingswisselingen te reguleren.<\/li>\n<li><strong>Bevordert de slaap<\/strong> Ideaal voor mensen die lijden aan slapeloosheid of slaapstoornissen.<\/li>\n<li><strong>Gezondheid van de huid<\/strong> Kan plaatselijk worden aangebracht om huidaandoeningen zoals eczeem en acne te verbeteren.<\/li>\n<\/ul>\n<hr \/>\n<h3><strong>Hoe gebruik ik Viridesco Full Spectrum CBD olie?<\/strong><\/h3>\n<ol>\n<li><strong>Orale consumptie<\/strong> Plaats de gewenste dosis onder je tong en houd het 30 seconden vast voordat je het doorslikt.<\/li>\n<li><strong>Gerookt of gespoten<\/strong> Voeg de olie toe aan je favoriete rook- of vapingapparaat voor een snelle verlichting.<\/li>\n<li><strong>Plaatselijke toepassing<\/strong> Breng een kleine hoeveelheid direct op de huid aan voor plaatselijke verlichting.<\/li>\n<\/ol>\n<hr \/>\n<h3><strong>Aanbevolen dosering<\/strong><\/h3>\n<p>Begin met een kleine dosis (ter grootte van een rijstkorrel) en verhoog indien nodig geleidelijk. Voor de beste resultaten pas je de dosis aan op basis van je gewicht en de ernst van je aandoening.<\/p>\n<hr \/>\n<h3><strong>Waarom kopen bij Pressure Zone?<\/strong><\/h3>\n<p>Op <strong><a href=\"https:\/\/pressurezone.shop\/nl\/\" target=\"_new\" rel=\"noopener\">PressureZone.Shop<\/a><\/strong>We streven ernaar eersteklas cannabisproducten aan te bieden, waaronder<strong>Viridesco Volledig Spectrum CBD-olie<\/strong>. Al onze producten zijn in het laboratorium getest om veiligheid, consistentie en effectiviteit te garanderen, zodat je vol vertrouwen van je cannabiservaring kunt genieten.<\/p>\n<hr \/>\n<h3><strong>Bestel vandaag nog Viridesco Full Spectrum CBD olie!<\/strong><\/h3>\n<p>Wacht niet langer en ontdek de natuurlijke voordelen van<strong>CBD-olie met volledig spectrum<\/strong>. Koop nu op <strong><a href=\"https:\/\/pressurezone.shop\/nl\/\" target=\"_new\" rel=\"noopener\">PressureZone.Shop<\/a><\/strong> voor snelle levering overal in Europa en onge\u00ebvenaarde kwaliteit.<\/p>\n<\/div>\n<\/div>\n<\/div>\n<\/div>\n<\/div>\n<\/div>","protected":false},"excerpt":{"rendered":"<p>Achetez Viridesco Full Spectrum CBD Oil en ligne en Europe D\u00e9couvrez les bienfaits incomparables de l&rsquo;huile CBD Viridesco Full Spectrum, une huile de cannabis de qualit\u00e9 sup\u00e9rieure extraite de fleurs de chanvre cultiv\u00e9es en serre. Cette huile de CBD brute, non transform\u00e9e et biologique, offre une solution polyvalente pour une utilisation comestible, fumable et topique. [&hellip;]<\/p>","protected":false},"featured_media":3208,"comment_status":"closed","ping_status":"closed","template":"","meta":{"_uag_custom_page_level_css":"","site-sidebar-layout":"default","site-content-layout":"","ast-site-content-layout":"default","site-content-style":"default","site-sidebar-style":"default","ast-global-header-display":"","ast-banner-title-visibility":"","ast-main-header-display":"","ast-hfb-above-header-display":"","ast-hfb-below-header-display":"","ast-hfb-mobile-header-display":"","site-post-title":"","ast-breadcrumbs-content":"","ast-featured-img":"","footer-sml-layout":"","theme-transparent-header-meta":"default","adv-header-id-meta":"","stick-header-meta":"","header-above-stick-meta":"","header-main-stick-meta":"","header-below-stick-meta":"","astra-migrate-meta-layouts":"set","ast-page-background-enabled":"default","ast-page-background-meta":{"desktop":{"background-color":"","background-image":"","background-repeat":"repeat","background-position":"center center","background-size":"auto","background-attachment":"scroll","background-type":"","background-media":"","overlay-type":"","overlay-color":"","overlay-opacity":"","overlay-gradient":""},"tablet":{"background-color":"","background-image":"","background-repeat":"repeat","background-position":"center center","background-size":"auto","background-attachment":"scroll","background-type":"","background-media":"","overlay-type":"","overlay-color":"","overlay-opacity":"","overlay-gradient":""},"mobile":{"background-color":"","background-image":"","background-repeat":"repeat","background-position":"center center","background-size":"auto","background-attachment":"scroll","background-type":"","background-media":"","overlay-type":"","overlay-color":"","overlay-opacity":"","overlay-gradient":""}},"ast-content-background-meta":{"desktop":{"background-color":"var(--ast-global-color-5)","background-image":"","background-repeat":"repeat","background-position":"center center","background-size":"auto","background-attachment":"scroll","background-type":"","background-media":"","overlay-type":"","overlay-color":"","overlay-opacity":"","overlay-gradient":""},"tablet":{"background-color":"var(--ast-global-color-5)","background-image":"","background-repeat":"repeat","background-position":"center center","background-size":"auto","background-attachment":"scroll","background-type":"","background-media":"","overlay-type":"","overlay-color":"","overlay-opacity":"","overlay-gradient":""},"mobile":{"background-color":"var(--ast-global-color-5)","background-image":"","background-repeat":"repeat","background-position":"center center","background-size":"auto","background-attachment":"scroll","background-type":"","background-media":"","overlay-type":"","overlay-color":"","overlay-opacity":"","overlay-gradient":""}}},"product_brand":[],"product_cat":[334,335],"product_tag":[345],"class_list":{"0":"post-3122","1":"product","2":"type-product","3":"status-publish","4":"has-post-thumbnail","6":"product_cat-concentres-de-marijuana","7":"product_cat-achetez-phoenix-tears-en-ligne","8":"product_tag-buy-viridesco-full-spectrum-cbd-oil-online-europe","9":"desktop-align-left","10":"tablet-align-left","11":"mobile-align-left","13":"first","14":"instock","15":"shipping-taxable","16":"purchasable","17":"product-type-simple"},"uagb_featured_image_src":{"full":["https:\/\/pressurezone.shop\/wp-content\/uploads\/2024\/10\/Viridesco-Full-Spectrum-CBD-Oil.jpg",768,768,false],"thumbnail":["https:\/\/pressurezone.shop\/wp-content\/uploads\/2024\/10\/Viridesco-Full-Spectrum-CBD-Oil-150x150.jpg",150,150,true],"medium":["https:\/\/pressurezone.shop\/wp-content\/uploads\/2024\/10\/Viridesco-Full-Spectrum-CBD-Oil-300x300.jpg",300,300,true],"medium_large":["https:\/\/pressurezone.shop\/wp-content\/uploads\/2024\/10\/Viridesco-Full-Spectrum-CBD-Oil.jpg",768,768,false],"large":["https:\/\/pressurezone.shop\/wp-content\/uploads\/2024\/10\/Viridesco-Full-Spectrum-CBD-Oil.jpg",768,768,false],"1536x1536":["https:\/\/pressurezone.shop\/wp-content\/uploads\/2024\/10\/Viridesco-Full-Spectrum-CBD-Oil.jpg",768,768,false],"2048x2048":["https:\/\/pressurezone.shop\/wp-content\/uploads\/2024\/10\/Viridesco-Full-Spectrum-CBD-Oil.jpg",768,768,false],"trp-custom-language-flag":["https:\/\/pressurezone.shop\/wp-content\/uploads\/2024\/10\/Viridesco-Full-Spectrum-CBD-Oil-12x12.jpg",12,12,true],"woocommerce_thumbnail":["https:\/\/pressurezone.shop\/wp-content\/uploads\/2024\/10\/Viridesco-Full-Spectrum-CBD-Oil-300x300.jpg",300,300,true],"woocommerce_single":["https:\/\/pressurezone.shop\/wp-content\/uploads\/2024\/10\/Viridesco-Full-Spectrum-CBD-Oil-600x600.jpg",600,600,true],"woocommerce_gallery_thumbnail":["https:\/\/pressurezone.shop\/wp-content\/uploads\/2024\/10\/Viridesco-Full-Spectrum-CBD-Oil-100x100.jpg",100,100,true]},"uagb_author_info":{"display_name":"pressurezone.shop","author_link":"https:\/\/pressurezone.shop\/nl\/author\/"},"uagb_comment_info":0,"uagb_excerpt":"Achetez Viridesco Full Spectrum CBD Oil en ligne en Europe D\u00e9couvrez les bienfaits incomparables de l&rsquo;huile CBD Viridesco Full Spectrum, une huile de cannabis de qualit\u00e9 sup\u00e9rieure extraite de fleurs de chanvre cultiv\u00e9es en serre. Cette huile de CBD brute, non transform\u00e9e et biologique, offre une solution polyvalente pour une utilisation comestible, fumable et topique.&hellip;","_links":{"self":[{"href":"https:\/\/pressurezone.shop\/nl\/wp-json\/wp\/v2\/product\/3122"}],"collection":[{"href":"https:\/\/pressurezone.shop\/nl\/wp-json\/wp\/v2\/product"}],"about":[{"href":"https:\/\/pressurezone.shop\/nl\/wp-json\/wp\/v2\/types\/product"}],"replies":[{"embeddable":true,"href":"https:\/\/pressurezone.shop\/nl\/wp-json\/wp\/v2\/comments?post=3122"}],"version-history":[{"count":3,"href":"https:\/\/pressurezone.shop\/nl\/wp-json\/wp\/v2\/product\/3122\/revisions"}],"predecessor-version":[{"id":4656,"href":"https:\/\/pressurezone.shop\/nl\/wp-json\/wp\/v2\/product\/3122\/revisions\/4656"}],"wp:featuredmedia":[{"embeddable":true,"href":"https:\/\/pressurezone.shop\/nl\/wp-json\/wp\/v2\/media\/3208"}],"wp:attachment":[{"href":"https:\/\/pressurezone.shop\/nl\/wp-json\/wp\/v2\/media?parent=3122"}],"wp:term":[{"taxonomy":"product_brand","embeddable":true,"href":"https:\/\/pressurezone.shop\/nl\/wp-json\/wp\/v2\/product_brand?post=3122"},{"taxonomy":"product_cat","embeddable":true,"href":"https:\/\/pressurezone.shop\/nl\/wp-json\/wp\/v2\/product_cat?post=3122"},{"taxonomy":"product_tag","embeddable":true,"href":"https:\/\/pressurezone.shop\/nl\/wp-json\/wp\/v2\/product_tag?post=3122"}],"curies":[{"name":"wp","href":"https:\/\/api.w.org\/{rel}","templated":true}]}}