{"id":3132,"date":"2024-10-11T00:52:15","date_gmt":"2024-10-10T22:52:15","guid":{"rendered":"https:\/\/pressurezone.shop\/?post_type=product&#038;p=3132"},"modified":"2024-11-17T01:13:03","modified_gmt":"2024-11-17T00:13:03","slug":"house-brand-phoenix-tears-1ml","status":"publish","type":"product","link":"https:\/\/pressurezone.shop\/nl\/product\/huismerk-phoenix-tears-1ml\/","title":{"rendered":"Huismerk - Phoenix Tranen (1ml)"},"content":{"rendered":"<div class=\"flex-shrink-0 flex flex-col relative items-end\">\n<div>\n<div class=\"pt-0\">\n<div class=\"gizmo-bot-avatar flex h-8 w-8 items-center justify-center overflow-hidden rounded-full\">\n<div class=\"relative p-1 rounded-sm flex items-center justify-center bg-token-main-surface-primary text-token-text-primary h-8 w-8\"><\/div>\n<\/div>\n<\/div>\n<\/div>\n<\/div>\n<div class=\"group\/conversation-turn relative flex w-full min-w-0 flex-col agent-turn\">\n<div class=\"flex-col gap-1 md:gap-3\">\n<div class=\"flex max-w-full flex-col flex-grow\">\n<div class=\"min-h-8 text-message flex w-full flex-col items-end gap-2 whitespace-normal break-words [.text-message+&amp;]:mt-5\" dir=\"auto\" data-message-author-role=\"assistant\" data-message-id=\"ba1973de-84c5-4b14-8f6a-d1a6067bc269\" data-message-model-slug=\"gpt-4o\">\n<div class=\"flex w-full flex-col gap-1 empty:hidden first:pt-[3px]\">\n<div class=\"markdown prose w-full break-words dark:prose-invert light\">\n<h3><strong>Phoenix Tranen - Huismerk (1ml) online kopen in Europa<\/strong><\/h3>\n<p>Ontdek de <strong>Phoenix Tranen - Huismerk (1ml)<\/strong>een eersteklas cannabisextract met een volledig spectrum THC (tetrahydrocannabinol). Dit product is speciaal ontwikkeld voor pijnbestrijding en wordt gemaakt van de volgende bloemen <strong>indica<\/strong> en bevat geen additieven, alleen puur extract. Elke partij is <strong>in het laboratorium getest<\/strong> om kwaliteit en consistentie te garanderen en een betrouwbare oplossing te bieden voor therapeutisch gebruik<a href=\"https:\/\/fuelpackz.com\/\" target=\"_blank\" rel=\"noopener\">.<\/a><\/p>\n<hr \/>\n<h3><strong>Producteigenschappen en details<\/strong><\/h3>\n<ul>\n<li><strong>Portiegrootte<\/strong> 1ml<\/li>\n<li><strong>Porties per verpakking<\/strong> : 10<\/li>\n<li><strong>Hoeveelheid THC per portie<\/strong> 100mg THC<\/li>\n<li><strong>THC Totaal<\/strong> 1000mg THC per spuit<\/li>\n<li><strong>Ingredi\u00ebnten<\/strong> Volledig spectrum cannabis-extract<\/li>\n<li><strong>Proef<\/strong> Neutraal, geen toegevoegde smaakstoffen<\/li>\n<\/ul>\n<p><strong>Wat maakt Phoenix Tears uniek?<\/strong><br \/>\nPhoenix Tranen zijn een <strong>veelzijdig, sterk geconcentreerd cannabisextract<\/strong> bekend om zijn uitzonderlijke medicinale eigenschappen. Dit product is ideaal voor de behandeling van pijn, ontstekingen en chronische aandoeningen zoals kanker, epilepsie of multiple sclerose en biedt betrouwbare en consistente resultaten.<\/p>\n<hr \/>\n<h3><strong>Wat zijn Phoenix Tranen?<\/strong><\/h3>\n<p>Ook bekend als <strong>Rick Simpson Olie (RSO)<\/strong>Phoenix Tears is een sterk geconcentreerde cannabisolie die traditioneel oraal wordt geconsumeerd. De medicinale voordelen zijn onder andere:<\/p>\n<ul>\n<li><strong>Pijnverlichting<\/strong> Verzacht chronische en acute pijn.<\/li>\n<li><strong>Ontstekingsremmend effect<\/strong> Vermindert zwelling en irritatie.<\/li>\n<li><strong>Beheer van ziekten<\/strong> Effectief bij aandoeningen zoals multiple sclerose, epilepsie en kanker.<\/li>\n<\/ul>\n<p>Dit formaat is gemakkelijk te gebruiken en stelt je in staat om de dosering precies aan te passen aan je behoeften.<\/p>\n<hr \/>\n<h3><strong>Hoe eet ik Phoenix Tranen<\/strong><\/h3>\n<ol>\n<li><strong>Begin met een kleine dosis<\/strong> :\n<ul>\n<li>Phoenix Tranen zijn erg krachtig. Begin met een dosis ter grootte van een <strong>rijstkorrel<\/strong>.<\/li>\n<li>Verhoog de dosis geleidelijk naargelang je behoeften.<\/li>\n<\/ul>\n<\/li>\n<li><strong>Plaats onder Taal<\/strong> :\n<ul>\n<li>Gebruik een tandenstoker of een klein hulpmiddel om de olie te plaatsen <strong>onder je tong<\/strong>.<\/li>\n<li>Houd het vast voor <strong>30 seconden tot 1 minuut<\/strong> voor optimale absorptie.<\/li>\n<\/ul>\n<\/li>\n<li><strong>Slik de olie<\/strong> :\n<ul>\n<li>Als je niet van de smaak houdt, kun je het mengen in een drankje of toevoegen aan voedsel.<\/li>\n<\/ul>\n<\/li>\n<li><strong>Herhalen indien nodig<\/strong> :\n<ul>\n<li>Afhankelijk van je tolerantie en de gewenste effecten, herhaal je de dosis meerdere keren per dag.<\/li>\n<\/ul>\n<\/li>\n<\/ol>\n<hr \/>\n<h3><strong>Waarom kiezen voor Huismerk Phoenix Tears?<\/strong><\/h3>\n<ul>\n<li><strong>Extract met volledig spectrum<\/strong> Behoudt alle cannabino\u00efden en terpenen voor een verbeterd therapeutisch effect.<\/li>\n<li><strong>Getest in laboratorium<\/strong> Kwaliteit en kracht gegarandeerd.<\/li>\n<li><strong>Op indica gebaseerde formule<\/strong> Ideaal voor pijnbestrijding en ontspanning.<\/li>\n<li><strong>Gemakkelijk te gebruiken<\/strong> Verpakt in <strong>praktische spuit<\/strong> voor een nauwkeurige dosering.<\/li>\n<\/ul>\n<hr \/>\n<h3><strong>Medicinale voordelen<\/strong><\/h3>\n<p>Phoenix Tears worden algemeen erkend om hun vermogen om een verscheidenheid aan gezondheidsproblemen te behandelen, waaronder :<\/p>\n<ul>\n<li><strong>Pijn en ontsteking<\/strong> Verzacht ongemak en vermindert zwelling.<\/li>\n<li><strong>Chronische ziekten<\/strong> Helpt bij de symptomen van kanker, epilepsie en multiple sclerose.<\/li>\n<li><strong>Geestelijke gezondheid<\/strong> Bevordert ontspanning en vermindert stress en angst.<\/li>\n<li><strong>Slaapstoornissen<\/strong> Bevordert een rustige slaap, ideaal voor gebruik 's nachts.<\/li>\n<\/ul>\n<hr \/>\n<h3><strong>Bestel Phoenix Tranen Huismerk Vandaag Online<\/strong><\/h3>\n<p>Ontdek de voordelen van <strong>Phoenix Tranen - Huismerk<\/strong> en sluit je aan bij de vele gebruikers die verlichting hebben gevonden met dit krachtige cannabisextract. Of je nu een beginnende of ervaren gebruiker bent, dit product is een must voor therapeutisch en medisch gebruik.<\/p>\n<p>Bezoek <strong><a href=\"https:\/\/pressurezone.shop\/nl\/\" target=\"_new\" rel=\"noopener\">PressureZone.Shop<\/a><\/strong> voor <strong><a href=\"https:\/\/pressurezone.shop\/nl\/\" target=\"_new\" rel=\"noopener\">Phoenix tranen online kopen<\/a><\/strong> en geniet van een hoogwaardig cannabis extract op maat van jouw behoeften.<\/p>\n<\/div>\n<\/div>\n<\/div>\n<\/div>\n<\/div>\n<\/div>","protected":false},"excerpt":{"rendered":"<p>Acheter Phoenix Tears \u2013 House Brand (1ml) en ligne en Europe D\u00e9couvrez les Phoenix Tears \u2013 House Brand (1ml), un extrait de cannabis de qualit\u00e9 sup\u00e9rieure contenant du THC (t\u00e9trahydrocannabinol) \u00e0 spectre complet. Con\u00e7u sp\u00e9cifiquement pour la gestion de la douleur, ce produit est \u00e9labor\u00e9 \u00e0 partir de fleurs indica et ne contient aucun additif, [&hellip;]<\/p>","protected":false},"featured_media":3223,"comment_status":"closed","ping_status":"closed","template":"","meta":{"_uag_custom_page_level_css":"","site-sidebar-layout":"default","site-content-layout":"","ast-site-content-layout":"default","site-content-style":"default","site-sidebar-style":"default","ast-global-header-display":"","ast-banner-title-visibility":"","ast-main-header-display":"","ast-hfb-above-header-display":"","ast-hfb-below-header-display":"","ast-hfb-mobile-header-display":"","site-post-title":"","ast-breadcrumbs-content":"","ast-featured-img":"","footer-sml-layout":"","theme-transparent-header-meta":"default","adv-header-id-meta":"","stick-header-meta":"","header-above-stick-meta":"","header-main-stick-meta":"","header-below-stick-meta":"","astra-migrate-meta-layouts":"set","ast-page-background-enabled":"default","ast-page-background-meta":{"desktop":{"background-color":"","background-image":"","background-repeat":"repeat","background-position":"center center","background-size":"auto","background-attachment":"scroll","background-type":"","background-media":"","overlay-type":"","overlay-color":"","overlay-opacity":"","overlay-gradient":""},"tablet":{"background-color":"","background-image":"","background-repeat":"repeat","background-position":"center center","background-size":"auto","background-attachment":"scroll","background-type":"","background-media":"","overlay-type":"","overlay-color":"","overlay-opacity":"","overlay-gradient":""},"mobile":{"background-color":"","background-image":"","background-repeat":"repeat","background-position":"center center","background-size":"auto","background-attachment":"scroll","background-type":"","background-media":"","overlay-type":"","overlay-color":"","overlay-opacity":"","overlay-gradient":""}},"ast-content-background-meta":{"desktop":{"background-color":"var(--ast-global-color-5)","background-image":"","background-repeat":"repeat","background-position":"center center","background-size":"auto","background-attachment":"scroll","background-type":"","background-media":"","overlay-type":"","overlay-color":"","overlay-opacity":"","overlay-gradient":""},"tablet":{"background-color":"var(--ast-global-color-5)","background-image":"","background-repeat":"repeat","background-position":"center center","background-size":"auto","background-attachment":"scroll","background-type":"","background-media":"","overlay-type":"","overlay-color":"","overlay-opacity":"","overlay-gradient":""},"mobile":{"background-color":"var(--ast-global-color-5)","background-image":"","background-repeat":"repeat","background-position":"center center","background-size":"auto","background-attachment":"scroll","background-type":"","background-media":"","overlay-type":"","overlay-color":"","overlay-opacity":"","overlay-gradient":""}}},"product_brand":[],"product_cat":[334,335],"product_tag":[349],"class_list":{"0":"post-3132","1":"product","2":"type-product","3":"status-publish","4":"has-post-thumbnail","6":"product_cat-concentres-de-marijuana","7":"product_cat-achetez-phoenix-tears-en-ligne","8":"product_tag-420-mail-order-house-brand-phoenix-tears-1ml-europe","9":"desktop-align-left","10":"tablet-align-left","11":"mobile-align-left","13":"first","14":"instock","15":"shipping-taxable","16":"purchasable","17":"product-type-simple"},"uagb_featured_image_src":{"full":["https:\/\/pressurezone.shop\/wp-content\/uploads\/2024\/10\/House-Brand-\u2013-Phoenix-Tears-1ml.webp",1200,800,false],"thumbnail":["https:\/\/pressurezone.shop\/wp-content\/uploads\/2024\/10\/House-Brand-\u2013-Phoenix-Tears-1ml-150x150.webp",150,150,true],"medium":["https:\/\/pressurezone.shop\/wp-content\/uploads\/2024\/10\/House-Brand-\u2013-Phoenix-Tears-1ml-300x200.webp",300,200,true],"medium_large":["https:\/\/pressurezone.shop\/wp-content\/uploads\/2024\/10\/House-Brand-\u2013-Phoenix-Tears-1ml-768x512.webp",768,512,true],"large":["https:\/\/pressurezone.shop\/wp-content\/uploads\/2024\/10\/House-Brand-\u2013-Phoenix-Tears-1ml-1024x683.webp",1024,683,true],"1536x1536":["https:\/\/pressurezone.shop\/wp-content\/uploads\/2024\/10\/House-Brand-\u2013-Phoenix-Tears-1ml.webp",1200,800,false],"2048x2048":["https:\/\/pressurezone.shop\/wp-content\/uploads\/2024\/10\/House-Brand-\u2013-Phoenix-Tears-1ml.webp",1200,800,false],"trp-custom-language-flag":["https:\/\/pressurezone.shop\/wp-content\/uploads\/2024\/10\/House-Brand-\u2013-Phoenix-Tears-1ml-18x12.webp",18,12,true],"woocommerce_thumbnail":["https:\/\/pressurezone.shop\/wp-content\/uploads\/2024\/10\/House-Brand-\u2013-Phoenix-Tears-1ml-300x300.webp",300,300,true],"woocommerce_single":["https:\/\/pressurezone.shop\/wp-content\/uploads\/2024\/10\/House-Brand-\u2013-Phoenix-Tears-1ml-600x400.webp",600,400,true],"woocommerce_gallery_thumbnail":["https:\/\/pressurezone.shop\/wp-content\/uploads\/2024\/10\/House-Brand-\u2013-Phoenix-Tears-1ml-100x100.webp",100,100,true]},"uagb_author_info":{"display_name":"pressurezone.shop","author_link":"https:\/\/pressurezone.shop\/nl\/author\/"},"uagb_comment_info":0,"uagb_excerpt":"Acheter Phoenix Tears \u2013 House Brand (1ml) en ligne en Europe D\u00e9couvrez les Phoenix Tears \u2013 House Brand (1ml), un extrait de cannabis de qualit\u00e9 sup\u00e9rieure contenant du THC (t\u00e9trahydrocannabinol) \u00e0 spectre complet. Con\u00e7u sp\u00e9cifiquement pour la gestion de la douleur, ce produit est \u00e9labor\u00e9 \u00e0 partir de fleurs indica et ne contient aucun additif,&hellip;","_links":{"self":[{"href":"https:\/\/pressurezone.shop\/nl\/wp-json\/wp\/v2\/product\/3132"}],"collection":[{"href":"https:\/\/pressurezone.shop\/nl\/wp-json\/wp\/v2\/product"}],"about":[{"href":"https:\/\/pressurezone.shop\/nl\/wp-json\/wp\/v2\/types\/product"}],"replies":[{"embeddable":true,"href":"https:\/\/pressurezone.shop\/nl\/wp-json\/wp\/v2\/comments?post=3132"}],"version-history":[{"count":3,"href":"https:\/\/pressurezone.shop\/nl\/wp-json\/wp\/v2\/product\/3132\/revisions"}],"predecessor-version":[{"id":4650,"href":"https:\/\/pressurezone.shop\/nl\/wp-json\/wp\/v2\/product\/3132\/revisions\/4650"}],"wp:featuredmedia":[{"embeddable":true,"href":"https:\/\/pressurezone.shop\/nl\/wp-json\/wp\/v2\/media\/3223"}],"wp:attachment":[{"href":"https:\/\/pressurezone.shop\/nl\/wp-json\/wp\/v2\/media?parent=3132"}],"wp:term":[{"taxonomy":"product_brand","embeddable":true,"href":"https:\/\/pressurezone.shop\/nl\/wp-json\/wp\/v2\/product_brand?post=3132"},{"taxonomy":"product_cat","embeddable":true,"href":"https:\/\/pressurezone.shop\/nl\/wp-json\/wp\/v2\/product_cat?post=3132"},{"taxonomy":"product_tag","embeddable":true,"href":"https:\/\/pressurezone.shop\/nl\/wp-json\/wp\/v2\/product_tag?post=3132"}],"curies":[{"name":"wp","href":"https:\/\/api.w.org\/{rel}","templated":true}]}}