{"id":3190,"date":"2024-10-11T00:54:54","date_gmt":"2024-10-10T22:54:54","guid":{"rendered":"https:\/\/pressurezone.shop\/?post_type=product&#038;p=3190"},"modified":"2024-11-04T00:50:53","modified_gmt":"2024-11-03T23:50:53","slug":"blueberry-haze-marijuana-thc-distillate","status":"publish","type":"product","link":"https:\/\/pressurezone.shop\/nl\/product\/blueberry-haze-marihuana-thc-distillaat\/","title":{"rendered":"Blueberry Haze Marihuana THC destillaat"},"content":{"rendered":"<h3><strong>Blueberry Haze Marihuana THC destillaat online kopen in Europa bij <a href=\"https:\/\/pressurezone.shop\/nl\/\" target=\"_new\" rel=\"noopener\">Drukzone winkel<\/a><\/strong><\/h3>\n<p>Ontdek de <strong>Blueberry Haze Marihuana THC destillaat<\/strong>een hybride THC-distillaat afgeleid van een kruising tussen <strong>Bosbessen<\/strong> en <strong>Geheime waas<\/strong>. Met zijn fruitige, zoete smaak is dit distillaat ideaal voor liefhebbers van gastronomische smaken. <strong>Bosbessen Haze<\/strong> is een sativa-dominante soort (60% sativa \/ 40% indica) die de perfecte balans biedt tussen mentale stimulatie en fysieke ontspanning.<\/p>\n<h3>Waarom kiezen voor Blueberry Haze marihuana THC distillaat?<\/h3>\n<p><strong>Blueberry Haze THC distillaat<\/strong> is ontworpen voor mensen die op zoek zijn naar een zachte maar intense ervaring, met een puur THC-gehalte en rijke fruitige smaken. Dit distillaat is ideaal voor fans van vape of ge\u00efnfuseerde producten, omdat het zorgt voor een golf van euforie en creativiteit, terwijl het mentaal en fysiek welzijn bevordert.<\/p>\n<ul>\n<li><strong>Type<\/strong> Sativa-dominante hybride (60% Sativa \/ 40% Indica)<\/li>\n<li><strong>THC<\/strong> Hoge zuiverheid voor krachtige, gebalanceerde effecten<\/li>\n<\/ul>\n<h3>Effecten en voordelen van Blueberry Haze marihuana THC distillaat<\/h3>\n<p>La <strong>Blueberry Haze THC distillaat<\/strong> geeft een energieke en creatieve high, perfect voor degenen die actief en geconcentreerd willen blijven. Dit distillaat wekt gevoelens van geluk en lichtheid op en is ook een effectieve optie voor de behandeling van verschillende symptomen die verband houden met stemmingsstoornissen en chronische pijn.<a href=\"https:\/\/fuelpackz.com\/\" target=\"_blank\" rel=\"noopener\">.<\/a><\/p>\n<ul>\n<li><strong>Effecten<\/strong> Creativiteit, Euforie, Lachen, Geluk<\/li>\n<li><strong>Perfect voor<\/strong> ADD\/ADHD, Angst, Chronische pijn, Depressie, Vermoeidheid, Slapeloosheid, Migraine, Misselijkheid, PTSS, Tremor, Stress<\/li>\n<\/ul>\n<h3>Aandoeningen verlicht door Blueberry Haze Cannabis Distillaat<\/h3>\n<p>Dankzij het hoge THC-gehalte en de gebalanceerde effecten, <strong>Blueberry Haze THC distillaat<\/strong> wordt vaak gekozen om een aantal aandoeningen te verlichten:<\/p>\n<ul>\n<li><strong>Chronische pijn en migraine<\/strong> Biedt verlichting bij lichamelijke pijn en migraine.<\/li>\n<li><strong>Depressie en stress<\/strong> Helpt de stemming te verbeteren en spanning te verlichten.<\/li>\n<li><strong>Vermoeidheid en slapeloosheid<\/strong> Stimuleert de energie overdag en bevordert de ontspanning 's avonds.<\/li>\n<\/ul>\n<h3>Smaken en aroma's van Blueberry Haze THC distillaat<\/h3>\n<p>Le <strong>Blueberry Haze THC distillaat<\/strong> verleidt de zintuigen met zijn rijke smaken van <strong>bessen<\/strong> en <strong>bosbessen<\/strong>met een vleugje hout. Het aroma is een aards, kruidig mengsel dat een blijvende, aangename indruk achterlaat.<\/p>\n<ul>\n<li><strong>Smaken<\/strong> Bes, Bosbes, Zoet, Houtachtig<\/li>\n<li><strong>Smaken<\/strong> Bosbessen, Aards, Scherp, Kruidig<\/li>\n<\/ul>\n<h3>Gebruik en toepassing van Blueberry Haze THC distillaat<\/h3>\n<p>Le <strong>Blueberry Haze THC distillaat<\/strong> is ongelooflijk veelzijdig en kan worden gebruikt in een aantal toepassingen:<\/p>\n<ul>\n<li><strong>Vape<\/strong> Voor een snelle, intense klim.<\/li>\n<li><strong>Eetbaar<\/strong> Ideaal om te infuseren in recepten.<\/li>\n<li><strong>Topische producten<\/strong> Voeg het toe aan oli\u00ebn voor een plaatselijk effect.<\/li>\n<\/ul>\n<h3>Bestel Blueberry Haze Marihuana THC destillaat online bij Pressure Zone Shop<\/h3>\n<p>Klaar voor de zoete, energieke ervaring van <strong>Blueberry Haze Marihuana THC destillaat<\/strong> ? Bestel nu op <a href=\"https:\/\/pressurezone.shop\/nl\/\" target=\"_new\" rel=\"noopener\">Drukzone winkel<\/a> voor een pure, evenwichtige cannabiservaring, perfect voor liefhebbers van fruitige smaken en consumenten die op zoek zijn naar welzijn. <strong>Bosbessen Haze<\/strong> is de ideale keuze voor compromisloze mentale en fysieke ontspanning.<\/p>","protected":false},"excerpt":{"rendered":"<p>Achetez le Blueberry Haze Marijuana THC Distillate en Ligne en Europe sur Pressure Zone Shop D\u00e9couvrez le Blueberry Haze Marijuana THC Distillate, un distillat de THC hybride issu du croisement entre Blueberry et Secret Haze. Avec son go\u00fbt fruit\u00e9 et sucr\u00e9, ce distillat est id\u00e9al pour ceux qui appr\u00e9cient les saveurs gourmandes. Blueberry Haze est [&hellip;]<\/p>","protected":false},"featured_media":3271,"comment_status":"closed","ping_status":"closed","template":"","meta":{"_uag_custom_page_level_css":"","site-sidebar-layout":"default","site-content-layout":"","ast-site-content-layout":"default","site-content-style":"default","site-sidebar-style":"default","ast-global-header-display":"","ast-banner-title-visibility":"","ast-main-header-display":"","ast-hfb-above-header-display":"","ast-hfb-below-header-display":"","ast-hfb-mobile-header-display":"","site-post-title":"","ast-breadcrumbs-content":"","ast-featured-img":"","footer-sml-layout":"","theme-transparent-header-meta":"default","adv-header-id-meta":"","stick-header-meta":"","header-above-stick-meta":"","header-main-stick-meta":"","header-below-stick-meta":"","astra-migrate-meta-layouts":"set","ast-page-background-enabled":"default","ast-page-background-meta":{"desktop":{"background-color":"","background-image":"","background-repeat":"repeat","background-position":"center center","background-size":"auto","background-attachment":"scroll","background-type":"","background-media":"","overlay-type":"","overlay-color":"","overlay-opacity":"","overlay-gradient":""},"tablet":{"background-color":"","background-image":"","background-repeat":"repeat","background-position":"center center","background-size":"auto","background-attachment":"scroll","background-type":"","background-media":"","overlay-type":"","overlay-color":"","overlay-opacity":"","overlay-gradient":""},"mobile":{"background-color":"","background-image":"","background-repeat":"repeat","background-position":"center center","background-size":"auto","background-attachment":"scroll","background-type":"","background-media":"","overlay-type":"","overlay-color":"","overlay-opacity":"","overlay-gradient":""}},"ast-content-background-meta":{"desktop":{"background-color":"var(--ast-global-color-5)","background-image":"","background-repeat":"repeat","background-position":"center center","background-size":"auto","background-attachment":"scroll","background-type":"","background-media":"","overlay-type":"","overlay-color":"","overlay-opacity":"","overlay-gradient":""},"tablet":{"background-color":"var(--ast-global-color-5)","background-image":"","background-repeat":"repeat","background-position":"center center","background-size":"auto","background-attachment":"scroll","background-type":"","background-media":"","overlay-type":"","overlay-color":"","overlay-opacity":"","overlay-gradient":""},"mobile":{"background-color":"var(--ast-global-color-5)","background-image":"","background-repeat":"repeat","background-position":"center center","background-size":"auto","background-attachment":"scroll","background-type":"","background-media":"","overlay-type":"","overlay-color":"","overlay-opacity":"","overlay-gradient":""}}},"product_brand":[],"product_cat":[334,367],"product_tag":[371,372,381],"class_list":{"0":"post-3190","1":"product","2":"type-product","3":"status-publish","4":"has-post-thumbnail","6":"product_cat-concentres-de-marijuana","7":"product_cat-thc-distillates","8":"product_tag-1g-thc-distillates-for-sale-in-bulk","9":"product_tag-1ml-cannabis-oil-distillates-for-sale-europe","10":"product_tag-order-blueberry-haze-marijuana-thc-distillate-europe","11":"desktop-align-left","12":"tablet-align-left","13":"mobile-align-left","15":"first","16":"instock","17":"shipping-taxable","18":"purchasable","19":"product-type-simple"},"uagb_featured_image_src":{"full":["https:\/\/pressurezone.shop\/wp-content\/uploads\/2024\/10\/Blueberry-Haze-Marijuana-THC-Distillate.webp",2560,1707,false],"thumbnail":["https:\/\/pressurezone.shop\/wp-content\/uploads\/2024\/10\/Blueberry-Haze-Marijuana-THC-Distillate-150x150.webp",150,150,true],"medium":["https:\/\/pressurezone.shop\/wp-content\/uploads\/2024\/10\/Blueberry-Haze-Marijuana-THC-Distillate-300x200.webp",300,200,true],"medium_large":["https:\/\/pressurezone.shop\/wp-content\/uploads\/2024\/10\/Blueberry-Haze-Marijuana-THC-Distillate-768x512.webp",768,512,true],"large":["https:\/\/pressurezone.shop\/wp-content\/uploads\/2024\/10\/Blueberry-Haze-Marijuana-THC-Distillate-1024x683.webp",1024,683,true],"1536x1536":["https:\/\/pressurezone.shop\/wp-content\/uploads\/2024\/10\/Blueberry-Haze-Marijuana-THC-Distillate-1536x1024.webp",1536,1024,true],"2048x2048":["https:\/\/pressurezone.shop\/wp-content\/uploads\/2024\/10\/Blueberry-Haze-Marijuana-THC-Distillate-2048x1366.webp",2048,1366,true],"trp-custom-language-flag":["https:\/\/pressurezone.shop\/wp-content\/uploads\/2024\/10\/Blueberry-Haze-Marijuana-THC-Distillate-18x12.webp",18,12,true],"woocommerce_thumbnail":["https:\/\/pressurezone.shop\/wp-content\/uploads\/2024\/10\/Blueberry-Haze-Marijuana-THC-Distillate-300x300.webp",300,300,true],"woocommerce_single":["https:\/\/pressurezone.shop\/wp-content\/uploads\/2024\/10\/Blueberry-Haze-Marijuana-THC-Distillate-600x400.webp",600,400,true],"woocommerce_gallery_thumbnail":["https:\/\/pressurezone.shop\/wp-content\/uploads\/2024\/10\/Blueberry-Haze-Marijuana-THC-Distillate-100x100.webp",100,100,true]},"uagb_author_info":{"display_name":"pressurezone.shop","author_link":"https:\/\/pressurezone.shop\/nl\/author\/"},"uagb_comment_info":0,"uagb_excerpt":"Achetez le Blueberry Haze Marijuana THC Distillate en Ligne en Europe sur Pressure Zone Shop D\u00e9couvrez le Blueberry Haze Marijuana THC Distillate, un distillat de THC hybride issu du croisement entre Blueberry et Secret Haze. Avec son go\u00fbt fruit\u00e9 et sucr\u00e9, ce distillat est id\u00e9al pour ceux qui appr\u00e9cient les saveurs gourmandes. Blueberry Haze est&hellip;","_links":{"self":[{"href":"https:\/\/pressurezone.shop\/nl\/wp-json\/wp\/v2\/product\/3190"}],"collection":[{"href":"https:\/\/pressurezone.shop\/nl\/wp-json\/wp\/v2\/product"}],"about":[{"href":"https:\/\/pressurezone.shop\/nl\/wp-json\/wp\/v2\/types\/product"}],"replies":[{"embeddable":true,"href":"https:\/\/pressurezone.shop\/nl\/wp-json\/wp\/v2\/comments?post=3190"}],"version-history":[{"count":3,"href":"https:\/\/pressurezone.shop\/nl\/wp-json\/wp\/v2\/product\/3190\/revisions"}],"predecessor-version":[{"id":4079,"href":"https:\/\/pressurezone.shop\/nl\/wp-json\/wp\/v2\/product\/3190\/revisions\/4079"}],"wp:featuredmedia":[{"embeddable":true,"href":"https:\/\/pressurezone.shop\/nl\/wp-json\/wp\/v2\/media\/3271"}],"wp:attachment":[{"href":"https:\/\/pressurezone.shop\/nl\/wp-json\/wp\/v2\/media?parent=3190"}],"wp:term":[{"taxonomy":"product_brand","embeddable":true,"href":"https:\/\/pressurezone.shop\/nl\/wp-json\/wp\/v2\/product_brand?post=3190"},{"taxonomy":"product_cat","embeddable":true,"href":"https:\/\/pressurezone.shop\/nl\/wp-json\/wp\/v2\/product_cat?post=3190"},{"taxonomy":"product_tag","embeddable":true,"href":"https:\/\/pressurezone.shop\/nl\/wp-json\/wp\/v2\/product_tag?post=3190"}],"curies":[{"name":"wp","href":"https:\/\/api.w.org\/{rel}","templated":true}]}}