{"id":3219,"date":"2024-10-11T00:55:39","date_gmt":"2024-10-10T22:55:39","guid":{"rendered":"https:\/\/pressurezone.shop\/?post_type=product&#038;p=3219"},"modified":"2024-11-17T00:27:51","modified_gmt":"2024-11-16T23:27:51","slug":"pina-colada-strain-budder-hybrid","status":"publish","type":"product","link":"https:\/\/pressurezone.shop\/nl\/product\/pina-colada-soort-budder-hybride\/","title":{"rendered":"Pina Colada Strain Budder Hybride"},"content":{"rendered":"<div class=\"flex-shrink-0 flex flex-col relative items-end\">\n<div>\n<div class=\"pt-0\">\n<div class=\"gizmo-bot-avatar flex h-8 w-8 items-center justify-center overflow-hidden rounded-full\">\n<div class=\"relative p-1 rounded-sm flex items-center justify-center bg-token-main-surface-primary text-token-text-primary h-8 w-8\"><\/div>\n<\/div>\n<\/div>\n<\/div>\n<\/div>\n<div class=\"group\/conversation-turn relative flex w-full min-w-0 flex-col agent-turn\">\n<div class=\"flex-col gap-1 md:gap-3\">\n<div class=\"flex max-w-full flex-col flex-grow\">\n<div class=\"min-h-8 text-message flex w-full flex-col items-end gap-2 whitespace-normal break-words [.text-message+&amp;]:mt-5\" dir=\"auto\" data-message-author-role=\"assistant\" data-message-id=\"7a87f0b2-bbd0-4e25-962a-a6fe45b81177\" data-message-model-slug=\"gpt-4o\">\n<div class=\"flex w-full flex-col gap-1 empty:hidden first:pt-[3px]\">\n<div class=\"markdown prose w-full break-words dark:prose-invert light\">\n<h3><strong>Koop Pina Colada Strain Budder Hybride online in Europa<\/strong><\/h3>\n<p>Ontdek een unieke cannabiservaring met de <strong>Pina Colada Strain Budder Hybride<\/strong>een perfect gebalanceerde hybride (50% indica\/50% sativa) die beroemd is om haar tropische smaken en stimulerende effecten. Een kruising tussen de klassieke <strong>Banaan Kush X Sterrensprong Bubba<\/strong>Deze budder biedt een harmonieuze mix van mentale euforie en fysieke ontspanning.<\/p>\n<hr \/>\n<h3><strong>Waarom kiezen voor Pina Colada Strain Budder?<\/strong><\/h3>\n<h4><strong>Effecten<\/strong><\/h4>\n<ul>\n<li><strong>Euforie en geluk<\/strong> : Verbetert onmiddellijk je humeur en vult je met energie.<\/li>\n<li><strong>Verkwikkende sensaties<\/strong> Bestrijdt stress en motiveert je om elke uitdaging aan te gaan.<\/li>\n<\/ul>\n<h4><strong>Medische voordelen<\/strong><\/h4>\n<p>Deze <strong>Pina Colada Budder concentraat<\/strong> is een veelzijdige oplossing voor uiteenlopende omstandigheden, zoals :<\/p>\n<ul>\n<li><strong>Chronische vermoeidheid<\/strong> Geeft je lichaam nieuwe energie en maakt je geest helder.<\/li>\n<li><strong>Depressie en angst<\/strong> Bevordert een positieve stemming en vermindert stress.<\/li>\n<li><strong>Hoofdpijn en migraine<\/strong> : Effectieve verlichting voor aanhoudende pijn<a href=\"https:\/\/fuelpackz.com\/\" target=\"_blank\" rel=\"noopener\">.<\/a><\/li>\n<li><strong>Ontsteking en spierkrampen<\/strong> Kalmeert spierspanning en vermindert ontstekingen.<\/li>\n<\/ul>\n<hr \/>\n<h3><strong>Smaak- en aromaprofiel<\/strong><\/h3>\n<h4><strong>Smaken<\/strong><\/h4>\n<ul>\n<li><strong>Citrus en ananas<\/strong> Een zoete en pittige tropische explosie.<\/li>\n<li><strong>Kruidig en bitter<\/strong> Een evenwichtige complexiteit met een vleugje kruidigheid.<\/li>\n<li><strong>Tropisch en zacht<\/strong> Een heerlijke eindsmaak die doet denken aan een exotische cocktail.<\/li>\n<\/ul>\n<h4><strong>Smaken<\/strong><\/h4>\n<ul>\n<li><strong>Ananas en citrusvruchten<\/strong> Verkwikkende tropische geuren.<\/li>\n<li><strong>Aards en grasachtig<\/strong> Voegt diepte toe aan de aromatische ervaring.<\/li>\n<\/ul>\n<hr \/>\n<h3><strong>Kracht en samenstelling<\/strong><\/h3>\n<p>Le <strong>Pina Colada Strain Budder Hybride<\/strong> biedt een tarief van <strong>15 tot 23% THC<\/strong> en een matige <strong>1 tot 2% CBD<\/strong>ideaal voor een evenwichtige ervaring, geschikt voor zowel recreatieve als medische gebruikers. De onmiddellijke cerebrale effecten maken het de perfecte keuze voor gebruik overdag.<\/p>\n<hr \/>\n<h3><strong>Hoe gebruik je Pina Colada Strain Budder<\/strong><\/h3>\n<ol>\n<li><strong>Deppen<\/strong> Geniet van een volledige ervaring van smaken en effecten met een dab rig.<\/li>\n<li><strong>Verdamping<\/strong> Geniet van een zoete, hartige inhalatie met een compatibele vaporizer.<\/li>\n<li><strong>Verbeter uw gewrichten<\/strong> Strooi een kleine hoeveelheid over je kruid voor een verbeterde ervaring.<\/li>\n<\/ol>\n<hr \/>\n<h3><strong>Waarom kopen bij PressureZone.Shop?<\/strong><\/h3>\n<p>Bezoek <strong><a href=\"https:\/\/pressurezone.shop\/nl\/\" target=\"_new\" rel=\"noopener\">PressureZone.Shop<\/a><\/strong>we zijn toegewijd aan het aanbieden van <strong>premium cannabis concentraten<\/strong>garandeert kwaliteit, zuiverheid en tevredenheid. Geniet van het gemak van online winkelen met snelle, discrete levering in heel Europa.<\/p>\n<\/div>\n<\/div>\n<\/div>\n<\/div>\n<\/div>\n<\/div>","protected":false},"excerpt":{"rendered":"<p>Achetez Pina Colada Strain Budder Hybrid en ligne en Europe D\u00e9couvrez une exp\u00e9rience cannabis unique avec le Pina Colada Strain Budder Hybrid, un hybride parfaitement \u00e9quilibr\u00e9 (50% indica\/50% sativa) c\u00e9l\u00e8bre pour ses saveurs tropicales et ses effets stimulants. Issu du croisement des vari\u00e9t\u00e9s classiques Banana Kush X Starburst Bubba, ce budder offre un m\u00e9lange harmonieux [&hellip;]<\/p>","protected":false},"featured_media":3294,"comment_status":"closed","ping_status":"closed","template":"","meta":{"_uag_custom_page_level_css":"","site-sidebar-layout":"default","site-content-layout":"","ast-site-content-layout":"default","site-content-style":"default","site-sidebar-style":"default","ast-global-header-display":"","ast-banner-title-visibility":"","ast-main-header-display":"","ast-hfb-above-header-display":"","ast-hfb-below-header-display":"","ast-hfb-mobile-header-display":"","site-post-title":"","ast-breadcrumbs-content":"","ast-featured-img":"","footer-sml-layout":"","theme-transparent-header-meta":"default","adv-header-id-meta":"","stick-header-meta":"","header-above-stick-meta":"","header-main-stick-meta":"","header-below-stick-meta":"","astra-migrate-meta-layouts":"set","ast-page-background-enabled":"default","ast-page-background-meta":{"desktop":{"background-color":"","background-image":"","background-repeat":"repeat","background-position":"center center","background-size":"auto","background-attachment":"scroll","background-type":"","background-media":"","overlay-type":"","overlay-color":"","overlay-opacity":"","overlay-gradient":""},"tablet":{"background-color":"","background-image":"","background-repeat":"repeat","background-position":"center center","background-size":"auto","background-attachment":"scroll","background-type":"","background-media":"","overlay-type":"","overlay-color":"","overlay-opacity":"","overlay-gradient":""},"mobile":{"background-color":"","background-image":"","background-repeat":"repeat","background-position":"center center","background-size":"auto","background-attachment":"scroll","background-type":"","background-media":"","overlay-type":"","overlay-color":"","overlay-opacity":"","overlay-gradient":""}},"ast-content-background-meta":{"desktop":{"background-color":"var(--ast-global-color-5)","background-image":"","background-repeat":"repeat","background-position":"center center","background-size":"auto","background-attachment":"scroll","background-type":"","background-media":"","overlay-type":"","overlay-color":"","overlay-opacity":"","overlay-gradient":""},"tablet":{"background-color":"var(--ast-global-color-5)","background-image":"","background-repeat":"repeat","background-position":"center center","background-size":"auto","background-attachment":"scroll","background-type":"","background-media":"","overlay-type":"","overlay-color":"","overlay-opacity":"","overlay-gradient":""},"mobile":{"background-color":"var(--ast-global-color-5)","background-image":"","background-repeat":"repeat","background-position":"center center","background-size":"auto","background-attachment":"scroll","background-type":"","background-media":"","overlay-type":"","overlay-color":"","overlay-opacity":"","overlay-gradient":""}}},"product_brand":[],"product_cat":[388,334],"product_tag":[393,394,395,396,397],"class_list":{"0":"post-3219","1":"product","2":"type-product","3":"status-publish","4":"has-post-thumbnail","6":"product_cat-cannabis-budder","7":"product_cat-concentres-de-marijuana","8":"product_tag-buy-dabs-online-europe","9":"product_tag-buy-weed-budder-europe","10":"product_tag-order-pina-colada-strain-budder-hybrid-europe","11":"product_tag-order-weed-extracts-france","12":"product_tag-thc-budder-concentrates-online-near-me","13":"desktop-align-left","14":"tablet-align-left","15":"mobile-align-left","17":"first","18":"instock","19":"shipping-taxable","20":"purchasable","21":"product-type-variable"},"uagb_featured_image_src":{"full":["https:\/\/pressurezone.shop\/wp-content\/uploads\/2024\/10\/Pina-Colada-Strain-Budder-Hybrid.webp",2048,1365,false],"thumbnail":["https:\/\/pressurezone.shop\/wp-content\/uploads\/2024\/10\/Pina-Colada-Strain-Budder-Hybrid-150x150.webp",150,150,true],"medium":["https:\/\/pressurezone.shop\/wp-content\/uploads\/2024\/10\/Pina-Colada-Strain-Budder-Hybrid-300x200.webp",300,200,true],"medium_large":["https:\/\/pressurezone.shop\/wp-content\/uploads\/2024\/10\/Pina-Colada-Strain-Budder-Hybrid-768x512.webp",768,512,true],"large":["https:\/\/pressurezone.shop\/wp-content\/uploads\/2024\/10\/Pina-Colada-Strain-Budder-Hybrid-1024x683.webp",1024,683,true],"1536x1536":["https:\/\/pressurezone.shop\/wp-content\/uploads\/2024\/10\/Pina-Colada-Strain-Budder-Hybrid-1536x1024.webp",1536,1024,true],"2048x2048":["https:\/\/pressurezone.shop\/wp-content\/uploads\/2024\/10\/Pina-Colada-Strain-Budder-Hybrid.webp",2048,1365,false],"trp-custom-language-flag":["https:\/\/pressurezone.shop\/wp-content\/uploads\/2024\/10\/Pina-Colada-Strain-Budder-Hybrid-18x12.webp",18,12,true],"woocommerce_thumbnail":["https:\/\/pressurezone.shop\/wp-content\/uploads\/2024\/10\/Pina-Colada-Strain-Budder-Hybrid-300x300.webp",300,300,true],"woocommerce_single":["https:\/\/pressurezone.shop\/wp-content\/uploads\/2024\/10\/Pina-Colada-Strain-Budder-Hybrid-600x400.webp",600,400,true],"woocommerce_gallery_thumbnail":["https:\/\/pressurezone.shop\/wp-content\/uploads\/2024\/10\/Pina-Colada-Strain-Budder-Hybrid-100x100.webp",100,100,true]},"uagb_author_info":{"display_name":"pressurezone.shop","author_link":"https:\/\/pressurezone.shop\/nl\/author\/"},"uagb_comment_info":0,"uagb_excerpt":"Achetez Pina Colada Strain Budder Hybrid en ligne en Europe D\u00e9couvrez une exp\u00e9rience cannabis unique avec le Pina Colada Strain Budder Hybrid, un hybride parfaitement \u00e9quilibr\u00e9 (50% indica\/50% sativa) c\u00e9l\u00e8bre pour ses saveurs tropicales et ses effets stimulants. Issu du croisement des vari\u00e9t\u00e9s classiques Banana Kush X Starburst Bubba, ce budder offre un m\u00e9lange harmonieux&hellip;","_links":{"self":[{"href":"https:\/\/pressurezone.shop\/nl\/wp-json\/wp\/v2\/product\/3219"}],"collection":[{"href":"https:\/\/pressurezone.shop\/nl\/wp-json\/wp\/v2\/product"}],"about":[{"href":"https:\/\/pressurezone.shop\/nl\/wp-json\/wp\/v2\/types\/product"}],"replies":[{"embeddable":true,"href":"https:\/\/pressurezone.shop\/nl\/wp-json\/wp\/v2\/comments?post=3219"}],"version-history":[{"count":3,"href":"https:\/\/pressurezone.shop\/nl\/wp-json\/wp\/v2\/product\/3219\/revisions"}],"predecessor-version":[{"id":4610,"href":"https:\/\/pressurezone.shop\/nl\/wp-json\/wp\/v2\/product\/3219\/revisions\/4610"}],"wp:featuredmedia":[{"embeddable":true,"href":"https:\/\/pressurezone.shop\/nl\/wp-json\/wp\/v2\/media\/3294"}],"wp:attachment":[{"href":"https:\/\/pressurezone.shop\/nl\/wp-json\/wp\/v2\/media?parent=3219"}],"wp:term":[{"taxonomy":"product_brand","embeddable":true,"href":"https:\/\/pressurezone.shop\/nl\/wp-json\/wp\/v2\/product_brand?post=3219"},{"taxonomy":"product_cat","embeddable":true,"href":"https:\/\/pressurezone.shop\/nl\/wp-json\/wp\/v2\/product_cat?post=3219"},{"taxonomy":"product_tag","embeddable":true,"href":"https:\/\/pressurezone.shop\/nl\/wp-json\/wp\/v2\/product_tag?post=3219"}],"curies":[{"name":"wp","href":"https:\/\/api.w.org\/{rel}","templated":true}]}}