{"id":3220,"date":"2024-10-11T00:55:39","date_gmt":"2024-10-10T22:55:39","guid":{"rendered":"https:\/\/pressurezone.shop\/?post_type=product&#038;p=3220"},"modified":"2024-11-17T00:50:11","modified_gmt":"2024-11-16T23:50:11","slug":"wedding-crasher-strain-budder","status":"publish","type":"product","link":"https:\/\/pressurezone.shop\/nl\/product\/wedding-crasher-stam-budder\/","title":{"rendered":"Wedding Crasher Strain Budder"},"content":{"rendered":"<div class=\"flex-shrink-0 flex flex-col relative items-end\">\n<div>\n<div class=\"pt-0\">\n<div class=\"gizmo-bot-avatar flex h-8 w-8 items-center justify-center overflow-hidden rounded-full\">\n<div class=\"relative p-1 rounded-sm flex items-center justify-center bg-token-main-surface-primary text-token-text-primary h-8 w-8\"><\/div>\n<\/div>\n<\/div>\n<\/div>\n<\/div>\n<div class=\"group\/conversation-turn relative flex w-full min-w-0 flex-col agent-turn\">\n<div class=\"flex-col gap-1 md:gap-3\">\n<div class=\"flex max-w-full flex-col flex-grow\">\n<div class=\"min-h-8 text-message flex w-full flex-col items-end gap-2 whitespace-normal break-words [.text-message+&amp;]:mt-5\" dir=\"auto\" data-message-author-role=\"assistant\" data-message-id=\"0b89ff3d-22c3-4e8a-87ab-518e224d9821\" data-message-model-slug=\"gpt-4o\">\n<div class=\"flex w-full flex-col gap-1 empty:hidden first:pt-[3px]\">\n<div class=\"markdown prose w-full break-words dark:prose-invert light\">\n<h3><strong>Wedding Crasher Strain Budder online kopen in Europa<\/strong><\/h3>\n<p>Ontdek de <strong>Wedding Crasher Strain Budder<\/strong>een indica-dominante hybride die een uitzonderlijke ervaring biedt. Het resultaat van het kruisen van de beroemde <strong>Bruidstaart<\/strong> en <strong>Paarse punch<\/strong>Deze budder is net zo aantrekkelijk vanwege de aroma's als vanwege de effecten. Of je nu op zoek bent naar verlichting of een creatieve boost, Wedding Crasher is voor jou gemaakt.<\/p>\n<hr \/>\n<h3><strong>Waarom kiezen voor de Wedding Crasher Strain Budder?<\/strong><\/h3>\n<h4><strong>Effecten<\/strong><\/h4>\n<ul>\n<li><strong>Focus en duidelijkheid<\/strong> : Verbeter je mentale concentratie en stimuleer je creativiteit, ideaal voor productieve dagen.<\/li>\n<li><strong>Ontspanning en geluk<\/strong> Voel een rustgevende golf die je ontspant en je stemming verhoogt.<\/li>\n<li><strong>Sociabiliteit<\/strong> Perfect voor boeiende gesprekken en gezellige momenten<a href=\"https:\/\/fuelpackz.com\/\" target=\"_blank\" rel=\"noopener\">.<\/a><\/li>\n<\/ul>\n<h4><strong>Medische voordelen<\/strong><\/h4>\n<p>Wedding Crasher Strain Budder wordt gewaardeerd om zijn therapeutische eigenschappen, waaronder :<\/p>\n<ul>\n<li><strong>Depressie<\/strong> Maakt de geest helder en verdrijft negatieve gedachten.<\/li>\n<li><strong>Vermoeidheid<\/strong> Revitaliseert lichaam en geest.<\/li>\n<li><strong>Ontsteking<\/strong> Verzacht chronische pijn en zwelling.<\/li>\n<li><strong>Misselijkheid en verlies van eetlust<\/strong> Stimuleert de eetlust en bestrijdt gevoelens van malaise.<\/li>\n<li><strong>Stress<\/strong> Vermindert spanning en bevordert diepe ontspanning.<\/li>\n<\/ul>\n<hr \/>\n<h3><strong>Smaak- en aromaprofiel<\/strong><\/h3>\n<h4><strong>Smaken<\/strong><\/h4>\n<ul>\n<li><strong>Zoet en fruitig<\/strong> Een explosie van druiven en bessen met een vleugje vanille.<\/li>\n<li><strong>Pikant en diesel<\/strong> Een unieke combinatie van aardse noten en een vleugje specerijen.<\/li>\n<\/ul>\n<h4><strong>Smaken<\/strong><\/h4>\n<ul>\n<li><strong>Scherp en aards<\/strong> Een rijk, robuust aroma met toetsen van druif en kruidige brandstof.<\/li>\n<li><strong>Zoete vanille<\/strong> Een verzachtende geur die aangenaam blijft hangen.<\/li>\n<\/ul>\n<hr \/>\n<h3><strong>De Wedding Crasher-ervaring<\/strong><\/h3>\n<p>Met een <strong>Gemiddelde THC van 21%<\/strong>de <strong>Wedding Crasher Strain Budder<\/strong> biedt een uitzonderlijke combinatie van mentale concentratie en fysieke ontspanning. Het is ideaal voor zowel overdag als 's avonds en schakelt gemakkelijk tussen energieke en kalmerende effecten. Het is perfect voor het stimuleren van sociale interactie en creatieve energie.<\/p>\n<hr \/>\n<h3><strong>Hoe de Wedding Crasher Budder te gebruiken<\/strong><\/h3>\n<ol>\n<li><strong>Deppen<\/strong> Gebruik een dab rig voor een krachtige, smakelijke ervaring.<\/li>\n<li><strong>Verdamping<\/strong> Doe het in een sprayflacon voor zachte, gecontroleerde inhalatie.<\/li>\n<li><strong>Verbeter uw afdichtingen<\/strong> Voeg een kleine hoeveelheid toe aan je joint voor een versterkt effect.<\/li>\n<\/ol>\n<hr \/>\n<h3><strong>Waarom kopen op <a href=\"https:\/\/pressurezone.shop\/nl\/\" target=\"_new\" rel=\"noopener\">PressureZone.Shop<\/a>?<\/strong><\/h3>\n<p>Op <strong>PressureZone.Shop<\/strong>We zijn er trots op dat we onze klanten in heel Europa de beste cannabisconcentraten kunnen aanbieden. Dit is waarom wij je beste keuze zijn:<\/p>\n<ul>\n<li><strong>Premium Kwaliteit<\/strong> Onze producten worden in het laboratorium getest om hun werkzaamheid en zuiverheid te garanderen.<\/li>\n<li><strong>Snelle, discrete levering<\/strong> Profiteer van probleemloze verzending rechtstreeks naar uw huis.<\/li>\n<li><strong>Klantenservice<\/strong> We zijn er om al je vragen te beantwoorden en je tevredenheid te garanderen.<\/li>\n<\/ul>\n<hr \/>\n<h3><strong>Bestel Wedding Crasher Strain Budder vandaag nog online!<\/strong><\/h3>\n<p>Mis deze perfecte combinatie van smaak, potentie en therapeutische voordelen niet. Verhoog je cannabiservaring met <strong>Wedding Crasher Strain Budder<\/strong>.<\/p>\n<p><strong><a href=\"https:\/\/pressurezone.shop\/nl\/\" target=\"_new\" rel=\"noopener\">Nu kopen bij PressureZone.Shop<\/a><\/strong> en geniet van eersteklas concentraten die rechtstreeks aan je deur worden geleverd!<\/p>\n<\/div>\n<\/div>\n<\/div>\n<\/div>\n<\/div>\n<\/div>","protected":false},"excerpt":{"rendered":"<p>Acheter Wedding Crasher Strain Budder en Ligne en Europe D\u00e9couvrez le Wedding Crasher Strain Budder, un concentr\u00e9 hybride \u00e0 dominance indica qui offre une exp\u00e9rience exceptionnelle. Issu du croisement des c\u00e9l\u00e8bres souches Wedding Cake et Purple Punch, ce budder s\u00e9duit autant par ses ar\u00f4mes que par ses effets. Que vous recherchiez du soulagement ou un [&hellip;]<\/p>","protected":false},"featured_media":3296,"comment_status":"closed","ping_status":"closed","template":"","meta":{"_uag_custom_page_level_css":"","site-sidebar-layout":"default","site-content-layout":"","ast-site-content-layout":"default","site-content-style":"default","site-sidebar-style":"default","ast-global-header-display":"","ast-banner-title-visibility":"","ast-main-header-display":"","ast-hfb-above-header-display":"","ast-hfb-below-header-display":"","ast-hfb-mobile-header-display":"","site-post-title":"","ast-breadcrumbs-content":"","ast-featured-img":"","footer-sml-layout":"","theme-transparent-header-meta":"default","adv-header-id-meta":"","stick-header-meta":"","header-above-stick-meta":"","header-main-stick-meta":"","header-below-stick-meta":"","astra-migrate-meta-layouts":"set","ast-page-background-enabled":"default","ast-page-background-meta":{"desktop":{"background-color":"","background-image":"","background-repeat":"repeat","background-position":"center center","background-size":"auto","background-attachment":"scroll","background-type":"","background-media":"","overlay-type":"","overlay-color":"","overlay-opacity":"","overlay-gradient":""},"tablet":{"background-color":"","background-image":"","background-repeat":"repeat","background-position":"center center","background-size":"auto","background-attachment":"scroll","background-type":"","background-media":"","overlay-type":"","overlay-color":"","overlay-opacity":"","overlay-gradient":""},"mobile":{"background-color":"","background-image":"","background-repeat":"repeat","background-position":"center center","background-size":"auto","background-attachment":"scroll","background-type":"","background-media":"","overlay-type":"","overlay-color":"","overlay-opacity":"","overlay-gradient":""}},"ast-content-background-meta":{"desktop":{"background-color":"var(--ast-global-color-5)","background-image":"","background-repeat":"repeat","background-position":"center center","background-size":"auto","background-attachment":"scroll","background-type":"","background-media":"","overlay-type":"","overlay-color":"","overlay-opacity":"","overlay-gradient":""},"tablet":{"background-color":"var(--ast-global-color-5)","background-image":"","background-repeat":"repeat","background-position":"center center","background-size":"auto","background-attachment":"scroll","background-type":"","background-media":"","overlay-type":"","overlay-color":"","overlay-opacity":"","overlay-gradient":""},"mobile":{"background-color":"var(--ast-global-color-5)","background-image":"","background-repeat":"repeat","background-position":"center center","background-size":"auto","background-attachment":"scroll","background-type":"","background-media":"","overlay-type":"","overlay-color":"","overlay-opacity":"","overlay-gradient":""}}},"product_brand":[],"product_cat":[388,334],"product_tag":[398],"class_list":{"0":"post-3220","1":"product","2":"type-product","3":"status-publish","4":"has-post-thumbnail","6":"product_cat-cannabis-budder","7":"product_cat-concentres-de-marijuana","8":"product_tag-order-wedding-crasher-strain-budder-europe","9":"desktop-align-left","10":"tablet-align-left","11":"mobile-align-left","13":"first","14":"instock","15":"shipping-taxable","16":"purchasable","17":"product-type-variable"},"uagb_featured_image_src":{"full":["https:\/\/pressurezone.shop\/wp-content\/uploads\/2024\/10\/Wedding-Crasher-Strain-Budder.webp",2048,1365,false],"thumbnail":["https:\/\/pressurezone.shop\/wp-content\/uploads\/2024\/10\/Wedding-Crasher-Strain-Budder-150x150.webp",150,150,true],"medium":["https:\/\/pressurezone.shop\/wp-content\/uploads\/2024\/10\/Wedding-Crasher-Strain-Budder-300x200.webp",300,200,true],"medium_large":["https:\/\/pressurezone.shop\/wp-content\/uploads\/2024\/10\/Wedding-Crasher-Strain-Budder-768x512.webp",768,512,true],"large":["https:\/\/pressurezone.shop\/wp-content\/uploads\/2024\/10\/Wedding-Crasher-Strain-Budder-1024x683.webp",1024,683,true],"1536x1536":["https:\/\/pressurezone.shop\/wp-content\/uploads\/2024\/10\/Wedding-Crasher-Strain-Budder-1536x1024.webp",1536,1024,true],"2048x2048":["https:\/\/pressurezone.shop\/wp-content\/uploads\/2024\/10\/Wedding-Crasher-Strain-Budder.webp",2048,1365,false],"trp-custom-language-flag":["https:\/\/pressurezone.shop\/wp-content\/uploads\/2024\/10\/Wedding-Crasher-Strain-Budder-18x12.webp",18,12,true],"woocommerce_thumbnail":["https:\/\/pressurezone.shop\/wp-content\/uploads\/2024\/10\/Wedding-Crasher-Strain-Budder-300x300.webp",300,300,true],"woocommerce_single":["https:\/\/pressurezone.shop\/wp-content\/uploads\/2024\/10\/Wedding-Crasher-Strain-Budder-600x400.webp",600,400,true],"woocommerce_gallery_thumbnail":["https:\/\/pressurezone.shop\/wp-content\/uploads\/2024\/10\/Wedding-Crasher-Strain-Budder-100x100.webp",100,100,true]},"uagb_author_info":{"display_name":"pressurezone.shop","author_link":"https:\/\/pressurezone.shop\/nl\/author\/"},"uagb_comment_info":0,"uagb_excerpt":"Acheter Wedding Crasher Strain Budder en Ligne en Europe D\u00e9couvrez le Wedding Crasher Strain Budder, un concentr\u00e9 hybride \u00e0 dominance indica qui offre une exp\u00e9rience exceptionnelle. Issu du croisement des c\u00e9l\u00e8bres souches Wedding Cake et Purple Punch, ce budder s\u00e9duit autant par ses ar\u00f4mes que par ses effets. Que vous recherchiez du soulagement ou un&hellip;","_links":{"self":[{"href":"https:\/\/pressurezone.shop\/nl\/wp-json\/wp\/v2\/product\/3220"}],"collection":[{"href":"https:\/\/pressurezone.shop\/nl\/wp-json\/wp\/v2\/product"}],"about":[{"href":"https:\/\/pressurezone.shop\/nl\/wp-json\/wp\/v2\/types\/product"}],"replies":[{"embeddable":true,"href":"https:\/\/pressurezone.shop\/nl\/wp-json\/wp\/v2\/comments?post=3220"}],"version-history":[{"count":3,"href":"https:\/\/pressurezone.shop\/nl\/wp-json\/wp\/v2\/product\/3220\/revisions"}],"predecessor-version":[{"id":4642,"href":"https:\/\/pressurezone.shop\/nl\/wp-json\/wp\/v2\/product\/3220\/revisions\/4642"}],"wp:featuredmedia":[{"embeddable":true,"href":"https:\/\/pressurezone.shop\/nl\/wp-json\/wp\/v2\/media\/3296"}],"wp:attachment":[{"href":"https:\/\/pressurezone.shop\/nl\/wp-json\/wp\/v2\/media?parent=3220"}],"wp:term":[{"taxonomy":"product_brand","embeddable":true,"href":"https:\/\/pressurezone.shop\/nl\/wp-json\/wp\/v2\/product_brand?post=3220"},{"taxonomy":"product_cat","embeddable":true,"href":"https:\/\/pressurezone.shop\/nl\/wp-json\/wp\/v2\/product_cat?post=3220"},{"taxonomy":"product_tag","embeddable":true,"href":"https:\/\/pressurezone.shop\/nl\/wp-json\/wp\/v2\/product_tag?post=3220"}],"curies":[{"name":"wp","href":"https:\/\/api.w.org\/{rel}","templated":true}]}}