{"id":3234,"date":"2024-10-11T00:56:06","date_gmt":"2024-10-10T22:56:06","guid":{"rendered":"https:\/\/pressurezone.shop\/?post_type=product&#038;p=3234"},"modified":"2024-11-15T23:09:31","modified_gmt":"2024-11-15T22:09:31","slug":"banana-kush-strain-budder","status":"publish","type":"product","link":"https:\/\/pressurezone.shop\/nl\/product\/banana-kush-soort-budder\/","title":{"rendered":"Banana Kush Budder"},"content":{"rendered":"<h3><strong>Online Budder Banana Kush kopen - Een eersteklas cannabiservaring<\/strong><\/h3>\n<p><strong>Banana Kush Strain Budder online kopen in Europa.<\/strong> Dompel jezelf onder in een unieke cannabiservaring met de <strong>Banaan Kush Budder<\/strong>een hybride concentraat dat bekend staat om zijn fruitige smaak en krachtige effecten. Dit concentraat is het resultaat van een legendarische kruising tussen <strong>OG Kush<\/strong> de westkust en <strong>Stinkdier Haze<\/strong>waardoor het een essentieel naslagwerk is voor marihuanaliefhebbers.<\/p>\n<hr \/>\n<h3><strong>Waarom kiezen voor Banana Kush Strain Budder?<\/strong><\/h3>\n<p>Le <strong>Banaan Kush Budder<\/strong> is een concentraat dat gewaardeerd wordt om zijn evenwichtige combinatie van tropische smaken en therapeutische voordelen.<\/p>\n<ul>\n<li><strong>Indica-dominante<\/strong> Een indica\/sativa-verhouding van <strong>60:40<\/strong> voor diepe ontspanning.<\/li>\n<li><strong>THC Hoog<\/strong> THC-gehalte van <strong>18-25%<\/strong>ideaal voor krachtige, langdurige effecten.<\/li>\n<li><strong>Uitzonderlijke smaak<\/strong> Zoete noten van banaan en tropisch hout<a href=\"https:\/\/fuelpackz.com\/\" target=\"_blank\" rel=\"noopener\">.<\/a><\/li>\n<\/ul>\n<hr \/>\n<h3><strong>Effecten en voordelen<\/strong><\/h3>\n<p>Banana Kush Strain Budder biedt veelzijdige effecten, perfect voor recreatief of medisch gebruik.<\/p>\n<ul>\n<li><strong>Positieve effecten<\/strong> :\n<ul>\n<li>Intense ontspanning van het lichaam.<\/li>\n<li>Euforie en verhoogde creativiteit.<\/li>\n<li>Een gevoel van geluk en ontspanning.<\/li>\n<\/ul>\n<\/li>\n<li><strong>Medische aandoeningen verlicht<\/strong> :\n<ul>\n<li>Bipolaire stoornis en chronische stress.<\/li>\n<li>Aanhoudende pijn en migraine.<\/li>\n<li>Slapeloosheid en slaapstoornissen.<\/li>\n<li>Symptomen van PMS, PTSS en depressie.<\/li>\n<\/ul>\n<\/li>\n<\/ul>\n<hr \/>\n<h3><strong>Smaken en aroma's<\/strong><\/h3>\n<p>Laat je verleiden door de rijke, tropische smaken van Banana Kush Budder :<\/p>\n<ul>\n<li><strong>Smaken<\/strong> Fruitig, tropisch, zoet met een vleugje hout.<\/li>\n<li><strong>Smaken<\/strong> Aards en zoet, met een vleugje verse banaan.<\/li>\n<\/ul>\n<hr \/>\n<h3><strong>Aanbevelingen voor gebruik<\/strong><\/h3>\n<p>Le <strong>Banaan Kush Budder<\/strong> is ideaal voor een avondje uit of wanneer je wilt ontspannen:<\/p>\n<ol>\n<li><strong>Voor een betere nachtrust<\/strong> Neem een kleine dosis een uur voor het slapen gaan om te profiteren van de kalmerende eigenschappen.<\/li>\n<li><strong>Pijnverlichting<\/strong> Effectief tegen chronische pijn, spierspanning en glaucoom.<\/li>\n<li><strong>Stimulatie van de eetlust<\/strong> Ideaal bij eetstoornissen of stress die gepaard gaat met verlies van eetlust.<\/li>\n<\/ol>\n<hr \/>\n<h3><strong>Waarom kopen bij Pressure Zone Shop?<\/strong><\/h3>\n<p><strong><a href=\"https:\/\/pressurezone.shop\/nl\/\" target=\"_new\" rel=\"noopener\">Drukzone winkel<\/a><\/strong> garandeert hoogwaardige marihuanaconcentraten met een uitzonderlijke klantenservice.<\/p>\n<ul>\n<li><strong>Premium Kwaliteit<\/strong> Getest in het laboratorium voor optimale zuiverheid en kracht.<\/li>\n<li><strong>Breed assortiment<\/strong> Ontdek een verscheidenheid aan budders, aangepast aan jouw behoeften.<\/li>\n<li><strong>Discreet verzenden<\/strong> : Snelle, vertrouwelijke levering in heel Europa.<\/li>\n<\/ul>\n<hr \/>\n<h3><strong>Medische voordelen van Banana Kush Budder<\/strong><\/h3>\n<ul>\n<li>Helpt spier- en zenuwspanning te kalmeren.<\/li>\n<li>Verlicht pijn bij chronische aandoeningen.<\/li>\n<li>Kalmeert de geest en vermindert stressniveaus.<\/li>\n<li>Stimuleert de eetlust en behandelt slapeloosheid.<\/li>\n<\/ul>\n<hr \/>\n<h3><strong>Bestel vandaag nog!<\/strong><\/h3>\n<p>Trakteer jezelf op een luxe cannabiservaring met de <strong>Banana Kush Budder<\/strong>. Dit product is perfect voor liefhebbers van concentraten en is een ideale oplossing om te ontspannen na een lange dag of om medische aandoeningen te verlichten.<\/p>\n<p><strong>Koop nu bij <a href=\"https:\/\/pressurezone.shop\/nl\/\" target=\"_new\" rel=\"noopener\">Drukzone winkel<\/a><\/strong> en ontdek waarom Banana Kush Budder een grote favoriet is onder kenners.<\/p>","protected":false},"excerpt":{"rendered":"<p>Achetez du Budder Banana Kush en Ligne \u2013 Une Exp\u00e9rience Cannabis de Premier Ordre Achetez du Banana Kush Strain Budder en Ligne Europe. Plongez dans une exp\u00e9rience cannabis unique avec le Banana Kush Budder, un concentr\u00e9 hybride r\u00e9put\u00e9 pour son go\u00fbt fruit\u00e9 et ses effets puissants. Ce concentr\u00e9 est issu d\u2019un croisement l\u00e9gendaire entre OG [&hellip;]<\/p>","protected":false},"featured_media":3316,"comment_status":"closed","ping_status":"closed","template":"","meta":{"_uag_custom_page_level_css":"","site-sidebar-layout":"default","site-content-layout":"","ast-site-content-layout":"default","site-content-style":"default","site-sidebar-style":"default","ast-global-header-display":"","ast-banner-title-visibility":"","ast-main-header-display":"","ast-hfb-above-header-display":"","ast-hfb-below-header-display":"","ast-hfb-mobile-header-display":"","site-post-title":"","ast-breadcrumbs-content":"","ast-featured-img":"","footer-sml-layout":"","theme-transparent-header-meta":"default","adv-header-id-meta":"","stick-header-meta":"","header-above-stick-meta":"","header-main-stick-meta":"","header-below-stick-meta":"","astra-migrate-meta-layouts":"set","ast-page-background-enabled":"default","ast-page-background-meta":{"desktop":{"background-color":"","background-image":"","background-repeat":"repeat","background-position":"center center","background-size":"auto","background-attachment":"scroll","background-type":"","background-media":"","overlay-type":"","overlay-color":"","overlay-opacity":"","overlay-gradient":""},"tablet":{"background-color":"","background-image":"","background-repeat":"repeat","background-position":"center center","background-size":"auto","background-attachment":"scroll","background-type":"","background-media":"","overlay-type":"","overlay-color":"","overlay-opacity":"","overlay-gradient":""},"mobile":{"background-color":"","background-image":"","background-repeat":"repeat","background-position":"center center","background-size":"auto","background-attachment":"scroll","background-type":"","background-media":"","overlay-type":"","overlay-color":"","overlay-opacity":"","overlay-gradient":""}},"ast-content-background-meta":{"desktop":{"background-color":"var(--ast-global-color-5)","background-image":"","background-repeat":"repeat","background-position":"center center","background-size":"auto","background-attachment":"scroll","background-type":"","background-media":"","overlay-type":"","overlay-color":"","overlay-opacity":"","overlay-gradient":""},"tablet":{"background-color":"var(--ast-global-color-5)","background-image":"","background-repeat":"repeat","background-position":"center center","background-size":"auto","background-attachment":"scroll","background-type":"","background-media":"","overlay-type":"","overlay-color":"","overlay-opacity":"","overlay-gradient":""},"mobile":{"background-color":"var(--ast-global-color-5)","background-image":"","background-repeat":"repeat","background-position":"center center","background-size":"auto","background-attachment":"scroll","background-type":"","background-media":"","overlay-type":"","overlay-color":"","overlay-opacity":"","overlay-gradient":""}}},"product_brand":[],"product_cat":[388,334],"product_tag":[503,404,389,390,392],"class_list":{"0":"post-3234","1":"product","2":"type-product","3":"status-publish","4":"has-post-thumbnail","6":"product_cat-cannabis-budder","7":"product_cat-concentres-de-marijuana","8":"product_tag-banana-kush-strain-budder","9":"product_tag-buy-banana-kush-strain-budder-online-europe","10":"product_tag-buy-budder-online-cheap","11":"product_tag-buy-marijuana-budder-eu","12":"product_tag-order-thc-budder-europe","13":"desktop-align-left","14":"tablet-align-left","15":"mobile-align-left","17":"first","18":"instock","19":"shipping-taxable","20":"purchasable","21":"product-type-variable"},"uagb_featured_image_src":{"full":["https:\/\/pressurezone.shop\/wp-content\/uploads\/2024\/10\/Buy-Banana-Kush-Strain-Budder.webp",2048,1365,false],"thumbnail":["https:\/\/pressurezone.shop\/wp-content\/uploads\/2024\/10\/Buy-Banana-Kush-Strain-Budder-150x150.webp",150,150,true],"medium":["https:\/\/pressurezone.shop\/wp-content\/uploads\/2024\/10\/Buy-Banana-Kush-Strain-Budder-300x200.webp",300,200,true],"medium_large":["https:\/\/pressurezone.shop\/wp-content\/uploads\/2024\/10\/Buy-Banana-Kush-Strain-Budder-768x512.webp",768,512,true],"large":["https:\/\/pressurezone.shop\/wp-content\/uploads\/2024\/10\/Buy-Banana-Kush-Strain-Budder-1024x683.webp",1024,683,true],"1536x1536":["https:\/\/pressurezone.shop\/wp-content\/uploads\/2024\/10\/Buy-Banana-Kush-Strain-Budder-1536x1024.webp",1536,1024,true],"2048x2048":["https:\/\/pressurezone.shop\/wp-content\/uploads\/2024\/10\/Buy-Banana-Kush-Strain-Budder.webp",2048,1365,false],"trp-custom-language-flag":["https:\/\/pressurezone.shop\/wp-content\/uploads\/2024\/10\/Buy-Banana-Kush-Strain-Budder-18x12.webp",18,12,true],"woocommerce_thumbnail":["https:\/\/pressurezone.shop\/wp-content\/uploads\/2024\/10\/Buy-Banana-Kush-Strain-Budder-300x300.webp",300,300,true],"woocommerce_single":["https:\/\/pressurezone.shop\/wp-content\/uploads\/2024\/10\/Buy-Banana-Kush-Strain-Budder-600x400.webp",600,400,true],"woocommerce_gallery_thumbnail":["https:\/\/pressurezone.shop\/wp-content\/uploads\/2024\/10\/Buy-Banana-Kush-Strain-Budder-100x100.webp",100,100,true]},"uagb_author_info":{"display_name":"pressurezone.shop","author_link":"https:\/\/pressurezone.shop\/nl\/author\/"},"uagb_comment_info":0,"uagb_excerpt":"Achetez du Budder Banana Kush en Ligne \u2013 Une Exp\u00e9rience Cannabis de Premier Ordre Achetez du Banana Kush Strain Budder en Ligne Europe. Plongez dans une exp\u00e9rience cannabis unique avec le Banana Kush Budder, un concentr\u00e9 hybride r\u00e9put\u00e9 pour son go\u00fbt fruit\u00e9 et ses effets puissants. Ce concentr\u00e9 est issu d\u2019un croisement l\u00e9gendaire entre OG&hellip;","_links":{"self":[{"href":"https:\/\/pressurezone.shop\/nl\/wp-json\/wp\/v2\/product\/3234"}],"collection":[{"href":"https:\/\/pressurezone.shop\/nl\/wp-json\/wp\/v2\/product"}],"about":[{"href":"https:\/\/pressurezone.shop\/nl\/wp-json\/wp\/v2\/types\/product"}],"replies":[{"embeddable":true,"href":"https:\/\/pressurezone.shop\/nl\/wp-json\/wp\/v2\/comments?post=3234"}],"version-history":[{"count":3,"href":"https:\/\/pressurezone.shop\/nl\/wp-json\/wp\/v2\/product\/3234\/revisions"}],"predecessor-version":[{"id":4537,"href":"https:\/\/pressurezone.shop\/nl\/wp-json\/wp\/v2\/product\/3234\/revisions\/4537"}],"wp:featuredmedia":[{"embeddable":true,"href":"https:\/\/pressurezone.shop\/nl\/wp-json\/wp\/v2\/media\/3316"}],"wp:attachment":[{"href":"https:\/\/pressurezone.shop\/nl\/wp-json\/wp\/v2\/media?parent=3234"}],"wp:term":[{"taxonomy":"product_brand","embeddable":true,"href":"https:\/\/pressurezone.shop\/nl\/wp-json\/wp\/v2\/product_brand?post=3234"},{"taxonomy":"product_cat","embeddable":true,"href":"https:\/\/pressurezone.shop\/nl\/wp-json\/wp\/v2\/product_cat?post=3234"},{"taxonomy":"product_tag","embeddable":true,"href":"https:\/\/pressurezone.shop\/nl\/wp-json\/wp\/v2\/product_tag?post=3234"}],"curies":[{"name":"wp","href":"https:\/\/api.w.org\/{rel}","templated":true}]}}