{"id":3245,"date":"2024-10-11T00:56:32","date_gmt":"2024-10-10T22:56:32","guid":{"rendered":"https:\/\/pressurezone.shop\/?post_type=product&#038;p=3245"},"modified":"2024-11-16T23:01:15","modified_gmt":"2024-11-16T22:01:15","slug":"cream-caramel-strain-budder","status":"publish","type":"product","link":"https:\/\/pressurezone.shop\/nl\/product\/room-karamel-stam-budder\/","title":{"rendered":"Cream Caramel Strain Budder- Indica"},"content":{"rendered":"<div class=\"flex-shrink-0 flex flex-col relative items-end\">\n<div>\n<div class=\"pt-0\">\n<div class=\"gizmo-bot-avatar flex h-8 w-8 items-center justify-center overflow-hidden rounded-full\">\n<div class=\"relative p-1 rounded-sm flex items-center justify-center bg-token-main-surface-primary text-token-text-primary h-8 w-8\"><\/div>\n<\/div>\n<\/div>\n<\/div>\n<\/div>\n<div class=\"group\/conversation-turn relative flex w-full min-w-0 flex-col agent-turn\">\n<div class=\"flex-col gap-1 md:gap-3\">\n<div class=\"flex max-w-full flex-col flex-grow\">\n<div class=\"min-h-8 text-message flex w-full flex-col items-end gap-2 whitespace-normal break-words [.text-message+&amp;]:mt-5\" dir=\"auto\" data-message-author-role=\"assistant\" data-message-id=\"d985e77f-380f-443d-8b38-c46aa790ecc9\" data-message-model-slug=\"gpt-4o\">\n<div class=\"flex w-full flex-col gap-1 empty:hidden first:pt-[3px]\">\n<div class=\"markdown prose w-full break-words dark:prose-invert light\">\n<h3>Koop Cream Caramel Strain Budder - Indica Online in Europa<\/h3>\n<p><strong>Cream Karamel Stroop<\/strong> is een topconcentraat dat is ontworpen om je cannabiservaring te verbeteren. Deze indica-dominante hybride, met een ratio <strong>90:10 indica-sativa<\/strong>is het resultaat van een kruising tussen de rassen <strong>Esdoornblad #1<\/strong>, <strong>BlueBack<\/strong> en <strong>Skunk cannabissoorten<\/strong>. Bekend om zijn romige karamelessentie en krachtige effecten, is het een must voor zowel cannabisliefhebbers als medicinale gebruikers.<\/p>\n<hr \/>\n<h3><strong>Waarom kiezen voor Cream Caramel Strain Budder?<\/strong><\/h3>\n<h4><strong>Een onge\u00ebvenaard aromatisch profiel<\/strong><\/h4>\n<ul>\n<li><strong>Smaken<\/strong> Boter, Karamel, Koffie, Honing, Hazelnoot, Zoet, Vanille.<\/li>\n<li><strong>Smaken<\/strong> Karamel, Aards, Zoet, Vanille.<\/li>\n<\/ul>\n<p>Elke inademing van deze budder hult je zintuigen in een gastronomische ervaring die doet denken aan een exquis dessert.<\/p>\n<hr \/>\n<h3><strong>Therapeutische voordelen<\/strong><\/h3>\n<p><strong>Room Karamel Budder<\/strong> zit boordevol krachtige cannabino\u00efden, waardoor het een ideale optie is voor mensen die op zoek zijn naar therapeutische verlichting:<\/p>\n<ul>\n<li><strong>Euforie en ontspanning<\/strong> Ideaal om te ontspannen na een stressvolle dag.<\/li>\n<li><strong>Lichaamseffect<\/strong> Verzacht pijn en spanning en bevordert het welzijn.<\/li>\n<li><strong>Kalmerende eigenschappen<\/strong> : Bevordert een rustige slaap en gaat slapeloosheid tegen.<\/li>\n<\/ul>\n<h4><strong>Medische toepassingen<\/strong><\/h4>\n<p>Deze vari\u00ebteit staat bekend om haar effectiviteit bij de behandeling van de volgende aandoeningen:<\/p>\n<ul>\n<li>ADHD (Attention Deficit Hyperactivity Disorder)<\/li>\n<li>Chronische pijn<\/li>\n<li>Slapeloosheid<\/li>\n<li>Depressie<\/li>\n<li>PTSS (posttraumatische stressstoornis)<\/li>\n<li>Spierkrampen<\/li>\n<li>Ontsteking<\/li>\n<li>Ziekte van Crohn<\/li>\n<\/ul>\n<hr \/>\n<h3><strong>Effecten en potentie<\/strong><\/h3>\n<p><strong>Effecten<\/strong> Lichaamseffect, Euforie, Blij, Honger, Ontspanning, Slaperigheid.<br \/>\nDankzij de diep ontspannende en stemmingsverbeterende effecten, <strong>Room Karamel Budder<\/strong> is ideaal voor nachtelijk gebruik. De kalmerende eigenschappen maken het bijzonder nuttig bij chronische pijn, angst en nachtmerries.<a href=\"https:\/\/fuelpackz.com\/\" target=\"_blank\" rel=\"noopener\">.<\/a><\/p>\n<hr \/>\n<h3><strong>Hoe gebruik ik Cream Caramel Strain Budder?<\/strong><\/h3>\n<h4><strong>Aanbevolen methoden<\/strong><\/h4>\n<ol>\n<li><strong>Deppen<\/strong> Gebruik een dab rig om optimaal te profiteren van de smaken en effecten.<\/li>\n<li><strong>Verdamping<\/strong> Doe het in een spuitfles die compatibel is met concentraten voor een zachte ervaring.<\/li>\n<li><strong>Infuus<\/strong> Gebruik het in eetbare producten of voeg het toe aan je kommen en joints voor extra kracht.<\/li>\n<\/ol>\n<hr \/>\n<h3><strong>Wat onderscheidt Cream Caramel Budder?<\/strong><\/h3>\n<h4><strong>Eersteklas vakmanschap<\/strong><\/h4>\n<p>Gemaakt van cannabis van de hoogste kwaliteit en verfijnde extractiemethoden, biedt deze budder een gladde, romige consistentie met behoud van de terpenen.<\/p>\n<h4><strong>Krachtige verlichting<\/strong><\/h4>\n<p>Met een uitgebalanceerd cannabino\u00efde profiel en een hoog THC-gehalte biedt het langdurige verlichting voor lichamelijke en geestelijke kwalen.<\/p>\n<hr \/>\n<h3><strong>Cream Caramel Strain Budder online kopen in Europa<\/strong><\/h3>\n<p>Verwen jezelf met de luxe smaken en therapeutische voordelen van <strong>Cream Caramel Strain Budder - Indica<\/strong>. Of je nu chronische pijn wilt verlichten of gewoon wilt ontspannen, dit concentraat is de perfecte oplossing.<\/p>\n<p><strong>Bestel nu op <a href=\"https:\/\/pressurezone.shop\/nl\/\" target=\"_new\" rel=\"noopener\">PressureZone.Shop<\/a><\/strong> voor een snelle, discrete levering in heel Europa.<\/p>\n<\/div>\n<\/div>\n<\/div>\n<\/div>\n<\/div>\n<\/div>","protected":false},"excerpt":{"rendered":"<p>Acheter Cream Caramel Strain Budder \u2013 Indica en Ligne en Europe Cream Caramel Strain Budder est un concentr\u00e9 haut de gamme con\u00e7u pour sublimer votre exp\u00e9rience cannabis. Cet hybride \u00e0 dominance indica, avec un ratio 90:10 indica-sativa, est issu d\u2019un croisement entre les vari\u00e9t\u00e9s Maple Leaf #1, BlueBack et Skunk Cannabis Strains. R\u00e9put\u00e9 pour son [&hellip;]<\/p>","protected":false},"featured_media":3322,"comment_status":"closed","ping_status":"closed","template":"","meta":{"_uag_custom_page_level_css":"","site-sidebar-layout":"default","site-content-layout":"","ast-site-content-layout":"default","site-content-style":"default","site-sidebar-style":"default","ast-global-header-display":"","ast-banner-title-visibility":"","ast-main-header-display":"","ast-hfb-above-header-display":"","ast-hfb-below-header-display":"","ast-hfb-mobile-header-display":"","site-post-title":"","ast-breadcrumbs-content":"","ast-featured-img":"","footer-sml-layout":"","theme-transparent-header-meta":"default","adv-header-id-meta":"","stick-header-meta":"","header-above-stick-meta":"","header-main-stick-meta":"","header-below-stick-meta":"","astra-migrate-meta-layouts":"set","ast-page-background-enabled":"default","ast-page-background-meta":{"desktop":{"background-color":"","background-image":"","background-repeat":"repeat","background-position":"center center","background-size":"auto","background-attachment":"scroll","background-type":"","background-media":"","overlay-type":"","overlay-color":"","overlay-opacity":"","overlay-gradient":""},"tablet":{"background-color":"","background-image":"","background-repeat":"repeat","background-position":"center center","background-size":"auto","background-attachment":"scroll","background-type":"","background-media":"","overlay-type":"","overlay-color":"","overlay-opacity":"","overlay-gradient":""},"mobile":{"background-color":"","background-image":"","background-repeat":"repeat","background-position":"center center","background-size":"auto","background-attachment":"scroll","background-type":"","background-media":"","overlay-type":"","overlay-color":"","overlay-opacity":"","overlay-gradient":""}},"ast-content-background-meta":{"desktop":{"background-color":"var(--ast-global-color-5)","background-image":"","background-repeat":"repeat","background-position":"center center","background-size":"auto","background-attachment":"scroll","background-type":"","background-media":"","overlay-type":"","overlay-color":"","overlay-opacity":"","overlay-gradient":""},"tablet":{"background-color":"var(--ast-global-color-5)","background-image":"","background-repeat":"repeat","background-position":"center center","background-size":"auto","background-attachment":"scroll","background-type":"","background-media":"","overlay-type":"","overlay-color":"","overlay-opacity":"","overlay-gradient":""},"mobile":{"background-color":"var(--ast-global-color-5)","background-image":"","background-repeat":"repeat","background-position":"center center","background-size":"auto","background-attachment":"scroll","background-type":"","background-media":"","overlay-type":"","overlay-color":"","overlay-opacity":"","overlay-gradient":""}}},"product_brand":[],"product_cat":[388,334],"product_tag":[407],"class_list":{"0":"post-3245","1":"product","2":"type-product","3":"status-publish","4":"has-post-thumbnail","6":"product_cat-cannabis-budder","7":"product_cat-concentres-de-marijuana","8":"product_tag-buy-cream-caramel-strain-budder-indica-europe","9":"desktop-align-left","10":"tablet-align-left","11":"mobile-align-left","13":"first","14":"instock","15":"shipping-taxable","16":"purchasable","17":"product-type-variable"},"uagb_featured_image_src":{"full":["https:\/\/pressurezone.shop\/wp-content\/uploads\/2024\/10\/Buy-Cream-Caramel-Strain-Budder-\u2013-Indica.webp",2048,1365,false],"thumbnail":["https:\/\/pressurezone.shop\/wp-content\/uploads\/2024\/10\/Buy-Cream-Caramel-Strain-Budder-\u2013-Indica-150x150.webp",150,150,true],"medium":["https:\/\/pressurezone.shop\/wp-content\/uploads\/2024\/10\/Buy-Cream-Caramel-Strain-Budder-\u2013-Indica-300x200.webp",300,200,true],"medium_large":["https:\/\/pressurezone.shop\/wp-content\/uploads\/2024\/10\/Buy-Cream-Caramel-Strain-Budder-\u2013-Indica-768x512.webp",768,512,true],"large":["https:\/\/pressurezone.shop\/wp-content\/uploads\/2024\/10\/Buy-Cream-Caramel-Strain-Budder-\u2013-Indica-1024x683.webp",1024,683,true],"1536x1536":["https:\/\/pressurezone.shop\/wp-content\/uploads\/2024\/10\/Buy-Cream-Caramel-Strain-Budder-\u2013-Indica-1536x1024.webp",1536,1024,true],"2048x2048":["https:\/\/pressurezone.shop\/wp-content\/uploads\/2024\/10\/Buy-Cream-Caramel-Strain-Budder-\u2013-Indica.webp",2048,1365,false],"trp-custom-language-flag":["https:\/\/pressurezone.shop\/wp-content\/uploads\/2024\/10\/Buy-Cream-Caramel-Strain-Budder-\u2013-Indica-18x12.webp",18,12,true],"woocommerce_thumbnail":["https:\/\/pressurezone.shop\/wp-content\/uploads\/2024\/10\/Buy-Cream-Caramel-Strain-Budder-\u2013-Indica-300x300.webp",300,300,true],"woocommerce_single":["https:\/\/pressurezone.shop\/wp-content\/uploads\/2024\/10\/Buy-Cream-Caramel-Strain-Budder-\u2013-Indica-600x400.webp",600,400,true],"woocommerce_gallery_thumbnail":["https:\/\/pressurezone.shop\/wp-content\/uploads\/2024\/10\/Buy-Cream-Caramel-Strain-Budder-\u2013-Indica-100x100.webp",100,100,true]},"uagb_author_info":{"display_name":"pressurezone.shop","author_link":"https:\/\/pressurezone.shop\/nl\/author\/"},"uagb_comment_info":0,"uagb_excerpt":"Acheter Cream Caramel Strain Budder \u2013 Indica en Ligne en Europe Cream Caramel Strain Budder est un concentr\u00e9 haut de gamme con\u00e7u pour sublimer votre exp\u00e9rience cannabis. Cet hybride \u00e0 dominance indica, avec un ratio 90:10 indica-sativa, est issu d\u2019un croisement entre les vari\u00e9t\u00e9s Maple Leaf #1, BlueBack et Skunk Cannabis Strains. R\u00e9put\u00e9 pour son&hellip;","_links":{"self":[{"href":"https:\/\/pressurezone.shop\/nl\/wp-json\/wp\/v2\/product\/3245"}],"collection":[{"href":"https:\/\/pressurezone.shop\/nl\/wp-json\/wp\/v2\/product"}],"about":[{"href":"https:\/\/pressurezone.shop\/nl\/wp-json\/wp\/v2\/types\/product"}],"replies":[{"embeddable":true,"href":"https:\/\/pressurezone.shop\/nl\/wp-json\/wp\/v2\/comments?post=3245"}],"version-history":[{"count":3,"href":"https:\/\/pressurezone.shop\/nl\/wp-json\/wp\/v2\/product\/3245\/revisions"}],"predecessor-version":[{"id":4555,"href":"https:\/\/pressurezone.shop\/nl\/wp-json\/wp\/v2\/product\/3245\/revisions\/4555"}],"wp:featuredmedia":[{"embeddable":true,"href":"https:\/\/pressurezone.shop\/nl\/wp-json\/wp\/v2\/media\/3322"}],"wp:attachment":[{"href":"https:\/\/pressurezone.shop\/nl\/wp-json\/wp\/v2\/media?parent=3245"}],"wp:term":[{"taxonomy":"product_brand","embeddable":true,"href":"https:\/\/pressurezone.shop\/nl\/wp-json\/wp\/v2\/product_brand?post=3245"},{"taxonomy":"product_cat","embeddable":true,"href":"https:\/\/pressurezone.shop\/nl\/wp-json\/wp\/v2\/product_cat?post=3245"},{"taxonomy":"product_tag","embeddable":true,"href":"https:\/\/pressurezone.shop\/nl\/wp-json\/wp\/v2\/product_tag?post=3245"}],"curies":[{"name":"wp","href":"https:\/\/api.w.org\/{rel}","templated":true}]}}