{"id":3327,"date":"2024-10-11T00:59:43","date_gmt":"2024-10-10T22:59:43","guid":{"rendered":"https:\/\/pressurezone.shop\/?post_type=product&#038;p=3327"},"modified":"2024-11-15T22:30:23","modified_gmt":"2024-11-15T21:30:23","slug":"white-widow-cannabis-shatter","status":"publish","type":"product","link":"https:\/\/pressurezone.shop\/nl\/product\/witte-weduwe-cannabis-shatter\/","title":{"rendered":"White Widow Cannabis Shatter"},"content":{"rendered":"<div class=\"flex-shrink-0 flex flex-col relative items-end\">\n<div>\n<div class=\"pt-0\">\n<div class=\"gizmo-bot-avatar flex h-8 w-8 items-center justify-center overflow-hidden rounded-full\">\n<div class=\"relative p-1 rounded-sm flex items-center justify-center bg-token-main-surface-primary text-token-text-primary h-8 w-8\"><\/div>\n<\/div>\n<\/div>\n<\/div>\n<\/div>\n<div class=\"group\/conversation-turn relative flex w-full min-w-0 flex-col agent-turn\">\n<div class=\"flex-col gap-1 md:gap-3\">\n<div class=\"flex max-w-full flex-col flex-grow\">\n<div class=\"min-h-8 text-message flex w-full flex-col items-end gap-2 whitespace-normal break-words [.text-message+&amp;]:mt-5\" dir=\"auto\" data-message-author-role=\"assistant\" data-message-id=\"51fb3176-7635-44f2-a860-d5aef4284893\" data-message-model-slug=\"gpt-4o\">\n<div class=\"flex w-full flex-col gap-1 empty:hidden first:pt-[3px]\">\n<div class=\"markdown prose w-full break-words dark:prose-invert light\">\n<h3><strong>White Widow Cannabis Shatter Online Kopen<\/strong><\/h3>\n<p>Ontdek de legendarische <strong>White Widow Cannabis Shatter<\/strong>een hybride soort die cannabisliefhebbers over de hele wereld heeft gefascineerd sinds hij voor het eerst verscheen in het begin van de jaren 90. Deze iconische soort is niet meer weg te denken uit Amsterdamse coffeeshops en heeft zijn populariteit vergroot dankzij referenties in programma's als <em>Onkruid<\/em> en de rapindustrie.<\/p>\n<hr \/>\n<h3><strong>Waarom kiezen voor White Widow Cannabis Shatter?<\/strong><\/h3>\n<p>Le <strong>White Widow Cannabis Shatter<\/strong> is een must-have voor wie op zoek is naar een evenwichtige en krachtige ervaring. Dit is waarom:<\/p>\n<ul>\n<li><strong>Klassieke oorsprong<\/strong> Een perfecte mix van Braziliaanse Sativa en Zuid-Indiase Indica, met een sativa\/indica verhouding van 60:40.<\/li>\n<li><strong>Cognitief effect<\/strong> Bekend om zijn creatieve en stimulerende cerebrale effect.<\/li>\n<li><strong>Uitstekende kwaliteit<\/strong> Getransformeerd om cannabisliefhebbers een pure, krachtige shatter te bieden<a href=\"https:\/\/fuelpackz.com\/\" target=\"_blank\" rel=\"noopener\">.<\/a><\/li>\n<\/ul>\n<hr \/>\n<h3><strong>Effecten en voordelen<\/strong><\/h3>\n<h4><strong>Effecten<\/strong> :<\/h4>\n<ul>\n<li>Verheffing en euforie<\/li>\n<li>Mentale helderheid met een vleugje ontspanning<\/li>\n<li>Bevordert concentratie en creativiteit<\/li>\n<\/ul>\n<h4><strong>Kan verlichten<\/strong> :<\/h4>\n<ul>\n<li>Angst en stress<\/li>\n<li>Chronische pijn en vermoeidheid<\/li>\n<li>Depressie en stemmingsstoornissen<\/li>\n<li>Migraine en hoofdpijn<\/li>\n<\/ul>\n<hr \/>\n<h3><strong>Smaak- en aromaprofiel<\/strong><\/h3>\n<ul>\n<li><strong>Smaken<\/strong> Aards, Dennen, Zoet, Citrus<\/li>\n<li><strong>Smaken<\/strong> Kruidachtig, Kruidig, Houtachtig<\/li>\n<\/ul>\n<p>Proef de aardse, citroenachtige nuances die de <strong>White Widow Cannabis Shatter<\/strong> een tijdloze favoriet onder cannabiskenners.<\/p>\n<hr \/>\n<h3><strong>Wat is Shatter?<\/strong><\/h3>\n<p>Le <strong>Versplinter<\/strong> is een eersteklas cannabisconcentraat dat bekend staat om zijn doorschijnende, glasachtige textuur en hoge THC-gehalte. Het wordt geproduceerd met behulp van geavanceerde extractietechnieken, waardoor een maximale zuiverheid en potentie wordt gegarandeerd.<\/p>\n<ul>\n<li><strong>Uiterlijk<\/strong> Geconcentreerd, licht amberkleurig.<\/li>\n<li><strong>Gebruik<\/strong> Ideaal om te deppen, sprayen of je bloemen mee te verrijken.<\/li>\n<\/ul>\n<hr \/>\n<h3><strong>Hoe White Widow Cannabis Shatter gebruiken<\/strong><\/h3>\n<ol>\n<li><strong>Deppen<\/strong> Gebruik een dab rig voor schone, smakelijke inhalaties.<\/li>\n<li><strong>Verdamping<\/strong> Voeg het toe aan je vape-apparaat voor zachte, krachtige wolken.<\/li>\n<li><strong>Verbeter uw bloemen<\/strong> Strooi wat op je joint of bowl voor een versterkte ervaring.<\/li>\n<\/ol>\n<hr \/>\n<h3><strong>Waarom kiezen voor Pressure Zone Shop?<\/strong><\/h3>\n<p>Op <a href=\"https:\/\/pressurezone.shop\/nl\/\" target=\"_new\" rel=\"noopener\">Drukzone winkel<\/a>We zijn er trots op dat we cannabisproducten van topkwaliteit aanbieden.<\/p>\n<ul>\n<li><strong>In het laboratorium geteste kwaliteit<\/strong> Zuiverheid en kracht gegarandeerd in elke batch.<\/li>\n<li><strong>Discreet verzenden<\/strong> Veilige en persoonlijke levering in heel Europa.<\/li>\n<li><strong>Klanttevredenheid<\/strong> Sluit je aan bij onze groeiende gemeenschap van tevreden klanten.<\/li>\n<\/ul>\n<hr \/>\n<h3><strong>Bestel White Widow Cannabis Shatter Vandaag<\/strong><\/h3>\n<p>Ontdek de tijdloze charme van <strong>White Widow Cannabis Shatter<\/strong>. Of je nu wilt ontspannen of je creativiteit wilt stimuleren, deze vari\u00ebteit biedt de perfecte balans tussen ontspanning en mentale stimulatie.<\/p>\n<p><strong>Wacht niet langer<\/strong>-bestel nu op <a href=\"https:\/\/pressurezone.shop\/nl\/\" target=\"_new\" rel=\"noopener\">Drukzone winkel<\/a> en verbeter je cannabiservaring vandaag nog!<\/p>\n<\/div>\n<\/div>\n<\/div>\n<\/div>\n<\/div>\n<\/div>","protected":false},"excerpt":{"rendered":"<p>Achetez White Widow Cannabis Shatter en Ligne D\u00e9couvrez le l\u00e9gendaire White Widow Cannabis Shatter, une vari\u00e9t\u00e9 hybride qui fascine les amateurs de cannabis du monde entier depuis son apparition au d\u00e9but des ann\u00e9es 90. Cette vari\u00e9t\u00e9 embl\u00e9matique est devenue un incontournable dans les coffee shops d&rsquo;Amsterdam, renfor\u00e7ant sa popularit\u00e9 gr\u00e2ce \u00e0 des r\u00e9f\u00e9rences dans des [&hellip;]<\/p>","protected":false},"featured_media":3415,"comment_status":"closed","ping_status":"closed","template":"","meta":{"_uag_custom_page_level_css":"","site-sidebar-layout":"default","site-content-layout":"","ast-site-content-layout":"default","site-content-style":"default","site-sidebar-style":"default","ast-global-header-display":"","ast-banner-title-visibility":"","ast-main-header-display":"","ast-hfb-above-header-display":"","ast-hfb-below-header-display":"","ast-hfb-mobile-header-display":"","site-post-title":"","ast-breadcrumbs-content":"","ast-featured-img":"","footer-sml-layout":"","theme-transparent-header-meta":"default","adv-header-id-meta":"","stick-header-meta":"","header-above-stick-meta":"","header-main-stick-meta":"","header-below-stick-meta":"","astra-migrate-meta-layouts":"set","ast-page-background-enabled":"default","ast-page-background-meta":{"desktop":{"background-color":"","background-image":"","background-repeat":"repeat","background-position":"center center","background-size":"auto","background-attachment":"scroll","background-type":"","background-media":"","overlay-type":"","overlay-color":"","overlay-opacity":"","overlay-gradient":""},"tablet":{"background-color":"","background-image":"","background-repeat":"repeat","background-position":"center center","background-size":"auto","background-attachment":"scroll","background-type":"","background-media":"","overlay-type":"","overlay-color":"","overlay-opacity":"","overlay-gradient":""},"mobile":{"background-color":"","background-image":"","background-repeat":"repeat","background-position":"center center","background-size":"auto","background-attachment":"scroll","background-type":"","background-media":"","overlay-type":"","overlay-color":"","overlay-opacity":"","overlay-gradient":""}},"ast-content-background-meta":{"desktop":{"background-color":"var(--ast-global-color-5)","background-image":"","background-repeat":"repeat","background-position":"center center","background-size":"auto","background-attachment":"scroll","background-type":"","background-media":"","overlay-type":"","overlay-color":"","overlay-opacity":"","overlay-gradient":""},"tablet":{"background-color":"var(--ast-global-color-5)","background-image":"","background-repeat":"repeat","background-position":"center center","background-size":"auto","background-attachment":"scroll","background-type":"","background-media":"","overlay-type":"","overlay-color":"","overlay-opacity":"","overlay-gradient":""},"mobile":{"background-color":"var(--ast-global-color-5)","background-image":"","background-repeat":"repeat","background-position":"center center","background-size":"auto","background-attachment":"scroll","background-type":"","background-media":"","overlay-type":"","overlay-color":"","overlay-opacity":"","overlay-gradient":""}}},"product_brand":[],"product_cat":[334,436],"product_tag":[448],"class_list":{"0":"post-3327","1":"product","2":"type-product","3":"status-publish","4":"has-post-thumbnail","6":"product_cat-concentres-de-marijuana","7":"product_cat-achetez-du-shatter-dab-wax","8":"product_tag-white-widow-cannabis-shatter-europe","9":"desktop-align-left","10":"tablet-align-left","11":"mobile-align-left","13":"first","14":"instock","15":"shipping-taxable","16":"purchasable","17":"product-type-variable"},"uagb_featured_image_src":{"full":["https:\/\/pressurezone.shop\/wp-content\/uploads\/2024\/10\/White-Widow-Cannabis-Shatter.jpg",1000,1000,false],"thumbnail":["https:\/\/pressurezone.shop\/wp-content\/uploads\/2024\/10\/White-Widow-Cannabis-Shatter-150x150.jpg",150,150,true],"medium":["https:\/\/pressurezone.shop\/wp-content\/uploads\/2024\/10\/White-Widow-Cannabis-Shatter-300x300.jpg",300,300,true],"medium_large":["https:\/\/pressurezone.shop\/wp-content\/uploads\/2024\/10\/White-Widow-Cannabis-Shatter-768x768.jpg",768,768,true],"large":["https:\/\/pressurezone.shop\/wp-content\/uploads\/2024\/10\/White-Widow-Cannabis-Shatter.jpg",1000,1000,false],"1536x1536":["https:\/\/pressurezone.shop\/wp-content\/uploads\/2024\/10\/White-Widow-Cannabis-Shatter.jpg",1000,1000,false],"2048x2048":["https:\/\/pressurezone.shop\/wp-content\/uploads\/2024\/10\/White-Widow-Cannabis-Shatter.jpg",1000,1000,false],"trp-custom-language-flag":["https:\/\/pressurezone.shop\/wp-content\/uploads\/2024\/10\/White-Widow-Cannabis-Shatter-12x12.jpg",12,12,true],"woocommerce_thumbnail":["https:\/\/pressurezone.shop\/wp-content\/uploads\/2024\/10\/White-Widow-Cannabis-Shatter-300x300.jpg",300,300,true],"woocommerce_single":["https:\/\/pressurezone.shop\/wp-content\/uploads\/2024\/10\/White-Widow-Cannabis-Shatter-600x600.jpg",600,600,true],"woocommerce_gallery_thumbnail":["https:\/\/pressurezone.shop\/wp-content\/uploads\/2024\/10\/White-Widow-Cannabis-Shatter-100x100.jpg",100,100,true]},"uagb_author_info":{"display_name":"pressurezone.shop","author_link":"https:\/\/pressurezone.shop\/nl\/author\/"},"uagb_comment_info":0,"uagb_excerpt":"Achetez White Widow Cannabis Shatter en Ligne D\u00e9couvrez le l\u00e9gendaire White Widow Cannabis Shatter, une vari\u00e9t\u00e9 hybride qui fascine les amateurs de cannabis du monde entier depuis son apparition au d\u00e9but des ann\u00e9es 90. Cette vari\u00e9t\u00e9 embl\u00e9matique est devenue un incontournable dans les coffee shops d&rsquo;Amsterdam, renfor\u00e7ant sa popularit\u00e9 gr\u00e2ce \u00e0 des r\u00e9f\u00e9rences dans des&hellip;","_links":{"self":[{"href":"https:\/\/pressurezone.shop\/nl\/wp-json\/wp\/v2\/product\/3327"}],"collection":[{"href":"https:\/\/pressurezone.shop\/nl\/wp-json\/wp\/v2\/product"}],"about":[{"href":"https:\/\/pressurezone.shop\/nl\/wp-json\/wp\/v2\/types\/product"}],"replies":[{"embeddable":true,"href":"https:\/\/pressurezone.shop\/nl\/wp-json\/wp\/v2\/comments?post=3327"}],"version-history":[{"count":3,"href":"https:\/\/pressurezone.shop\/nl\/wp-json\/wp\/v2\/product\/3327\/revisions"}],"predecessor-version":[{"id":4521,"href":"https:\/\/pressurezone.shop\/nl\/wp-json\/wp\/v2\/product\/3327\/revisions\/4521"}],"wp:featuredmedia":[{"embeddable":true,"href":"https:\/\/pressurezone.shop\/nl\/wp-json\/wp\/v2\/media\/3415"}],"wp:attachment":[{"href":"https:\/\/pressurezone.shop\/nl\/wp-json\/wp\/v2\/media?parent=3327"}],"wp:term":[{"taxonomy":"product_brand","embeddable":true,"href":"https:\/\/pressurezone.shop\/nl\/wp-json\/wp\/v2\/product_brand?post=3327"},{"taxonomy":"product_cat","embeddable":true,"href":"https:\/\/pressurezone.shop\/nl\/wp-json\/wp\/v2\/product_cat?post=3327"},{"taxonomy":"product_tag","embeddable":true,"href":"https:\/\/pressurezone.shop\/nl\/wp-json\/wp\/v2\/product_tag?post=3327"}],"curies":[{"name":"wp","href":"https:\/\/api.w.org\/{rel}","templated":true}]}}