{"id":3338,"date":"2024-10-11T01:00:10","date_gmt":"2024-10-10T23:00:10","guid":{"rendered":"https:\/\/pressurezone.shop\/?post_type=product&#038;p=3338"},"modified":"2024-11-15T22:01:23","modified_gmt":"2024-11-15T21:01:23","slug":"achetez-la-confidential-shatter-eu","status":"publish","type":"product","link":"https:\/\/pressurezone.shop\/nl\/product\/vertrouwelijke-shatter-kopen-eu\/","title":{"rendered":"LA Vertrouwelijk Shatter EU"},"content":{"rendered":"<h3><strong>LA Confidential Shatter EU online kopen<\/strong><\/h3>\n<p><strong>LA Vertrouwelijk Shatter EU<\/strong> is een zeer gewaardeerd concentraat van de <strong>LA Vertrouwelijk<\/strong>een dominante indica (95% indica\/5% sativa) die het resultaat is van een kruising tussen legendarische <strong>Afghaans<\/strong> en <strong>Californische Indica<\/strong>. Deze ultrakrachtige shatter is ontworpen voor diepe ontspanning en langdurige verlichting, ideaal voor zowel pati\u00ebnten als cannabisliefhebbers.<\/p>\n<hr \/>\n<h3><strong>Waarom kiezen voor LA Confidential Shatter EU?<\/strong><\/h3>\n<p><strong>LA Vertrouwelijk Shatter EU<\/strong> combineert krachtige effecten met uitzonderlijke kwaliteit, waardoor het de perfecte keuze is voor zowel medische als recreatieve behoeften<a href=\"https:\/\/fuelpackz.com\/\" target=\"_blank\" rel=\"noopener\">.<\/a><\/p>\n<ul>\n<li><strong>Diepe effecten<\/strong> Een gevoel van rust dat de geest kalmeert en het lichaam ontspant.<\/li>\n<li><strong>Hoog vermogen<\/strong> Met een gemiddeld THC-niveau van 26 tot 30% biedt deze shatter een onge\u00ebvenaarde ervaring.<\/li>\n<li><strong>Premium Kwaliteit<\/strong> Gemaakt van AAA-bloemen, wordt elke partij zorgvuldig ge\u00ebxtraheerd om maximale zuiverheid te garanderen.<\/li>\n<\/ul>\n<hr \/>\n<h3><strong>Therapeutische effecten en voordelen<\/strong><\/h3>\n<p>De effecten van <strong>LA Vertrouwelijke Versplintering<\/strong> bouwt geleidelijk op en biedt een kalmerende ervaring die ideaal is om te ontspannen na een lange dag.<\/p>\n<h4><strong>Effecten :<\/strong><\/h4>\n<ul>\n<li>Diepe ontspanning<\/li>\n<li>Mentale rust<\/li>\n<li>Licht verwarmend gevoel<\/li>\n<\/ul>\n<h4><strong>Kan verlichten:<\/strong><\/h4>\n<ul>\n<li>Chronische pijn<\/li>\n<li>Slapeloosheid<\/li>\n<li>Stress en angst<\/li>\n<li>Depressie en stemmingswisselingen<\/li>\n<\/ul>\n<hr \/>\n<h3><strong>Smaak en aroma<\/strong><\/h3>\n<p>Het smaak- en aromaprofiel van <strong>LA Vertrouwelijk Shatter EU<\/strong> is net zo indrukwekkend als de effecten:<\/p>\n<ul>\n<li><strong>Smaken<\/strong> Kruidig, Dennen, Kruidachtig.<\/li>\n<li><strong>Smaken<\/strong> Aards, kruidig, houtachtig.<\/li>\n<\/ul>\n<hr \/>\n<h3><strong>Wat is Shatter?<\/strong><\/h3>\n<p>Le <strong>versplinteren<\/strong> is een geconcentreerde vorm van cannabis die zich onderscheidt door zijn glasachtige uiterlijk en uitzonderlijke potentie. Dit concentraat wordt gemaakt met behulp van een rigoureus extractieproces waarbij de terpenen en cannabino\u00efden behouden blijven, wat een pure en krachtige ervaring garandeert.<\/p>\n<hr \/>\n<h3><strong>Hoe gebruik ik Confidential Shatter<\/strong><\/h3>\n<p>Ontdek de beste manieren om te genieten <strong>LA Vertrouwelijke Versplintering<\/strong> :<\/p>\n<ol>\n<li><strong>Deppen<\/strong> Voor snelle, intense effecten.<\/li>\n<li><strong>Verdamping<\/strong> Behoud de terpenen en geniet van een zachte ervaring.<\/li>\n<li><strong>Gezamenlijke verbetering<\/strong> Voeg een kleine hoeveelheid toe aan je bloemen om je sessies te intensiveren.<\/li>\n<\/ol>\n<hr \/>\n<h3><strong>Waarom kopen bij Pressure Zone Shop?<\/strong><\/h3>\n<p>Op <a href=\"https:\/\/pressurezone.shop\/nl\/\" target=\"_new\" rel=\"noopener\">Drukzone winkel<\/a>We zetten ons in om de beste cannabisconcentraten te leveren met een onberispelijke klantenservice.<\/p>\n<ul>\n<li><strong>Gecertificeerde producten<\/strong> Getest in het laboratorium om zuiverheid en werkzaamheid te garanderen.<\/li>\n<li><strong>Discrete levering<\/strong> Bestel in vol vertrouwen met snelle, vertrouwelijke verzending.<\/li>\n<li><strong>Toegewijde klantenondersteuning<\/strong> Een team tot uw dienst om aan al uw behoeften te voldoen.<\/li>\n<\/ul>\n<hr \/>\n<h3><strong>Bestel nu LA Confidential Shatter EU<\/strong><\/h3>\n<p>Mis deze kans niet om een van de meest populaire en effectieve cannabisconcentraten te ontdekken. <strong>LA Confidential Shatter EU kopen<\/strong> vanaf vandaag <a href=\"https:\/\/pressurezone.shop\/nl\/\" target=\"_new\" rel=\"noopener\">Drukzone winkel<\/a> en geniet van de ultieme ontspanningservaring.<\/p>","protected":false},"excerpt":{"rendered":"<p>Achetez LA Confidential Shatter EU en Ligne LA Confidential Shatter EU est un concentr\u00e9 hautement appr\u00e9ci\u00e9 issu de la vari\u00e9t\u00e9 LA Confidential, une indica dominante (95% indica\/5% sativa) r\u00e9sultant d&rsquo;un croisement entre les l\u00e9gendaires Afghani et California Indica. Ce shatter ultra-puissant est con\u00e7u pour offrir une relaxation profonde et un soulagement durable, id\u00e9al pour les [&hellip;]<\/p>","protected":false},"featured_media":3421,"comment_status":"closed","ping_status":"closed","template":"","meta":{"_uag_custom_page_level_css":"","site-sidebar-layout":"default","site-content-layout":"","ast-site-content-layout":"default","site-content-style":"default","site-sidebar-style":"default","ast-global-header-display":"","ast-banner-title-visibility":"","ast-main-header-display":"","ast-hfb-above-header-display":"","ast-hfb-below-header-display":"","ast-hfb-mobile-header-display":"","site-post-title":"","ast-breadcrumbs-content":"","ast-featured-img":"","footer-sml-layout":"","theme-transparent-header-meta":"default","adv-header-id-meta":"","stick-header-meta":"","header-above-stick-meta":"","header-main-stick-meta":"","header-below-stick-meta":"","astra-migrate-meta-layouts":"set","ast-page-background-enabled":"default","ast-page-background-meta":{"desktop":{"background-color":"","background-image":"","background-repeat":"repeat","background-position":"center center","background-size":"auto","background-attachment":"scroll","background-type":"","background-media":"","overlay-type":"","overlay-color":"","overlay-opacity":"","overlay-gradient":""},"tablet":{"background-color":"","background-image":"","background-repeat":"repeat","background-position":"center center","background-size":"auto","background-attachment":"scroll","background-type":"","background-media":"","overlay-type":"","overlay-color":"","overlay-opacity":"","overlay-gradient":""},"mobile":{"background-color":"","background-image":"","background-repeat":"repeat","background-position":"center center","background-size":"auto","background-attachment":"scroll","background-type":"","background-media":"","overlay-type":"","overlay-color":"","overlay-opacity":"","overlay-gradient":""}},"ast-content-background-meta":{"desktop":{"background-color":"var(--ast-global-color-5)","background-image":"","background-repeat":"repeat","background-position":"center center","background-size":"auto","background-attachment":"scroll","background-type":"","background-media":"","overlay-type":"","overlay-color":"","overlay-opacity":"","overlay-gradient":""},"tablet":{"background-color":"var(--ast-global-color-5)","background-image":"","background-repeat":"repeat","background-position":"center center","background-size":"auto","background-attachment":"scroll","background-type":"","background-media":"","overlay-type":"","overlay-color":"","overlay-opacity":"","overlay-gradient":""},"mobile":{"background-color":"var(--ast-global-color-5)","background-image":"","background-repeat":"repeat","background-position":"center center","background-size":"auto","background-attachment":"scroll","background-type":"","background-media":"","overlay-type":"","overlay-color":"","overlay-opacity":"","overlay-gradient":""}}},"product_brand":[],"product_cat":[334,436],"product_tag":[451],"class_list":{"0":"post-3338","1":"product","2":"type-product","3":"status-publish","4":"has-post-thumbnail","6":"product_cat-concentres-de-marijuana","7":"product_cat-achetez-du-shatter-dab-wax","8":"product_tag-buy-la-confidential-shatter-eu","9":"desktop-align-left","10":"tablet-align-left","11":"mobile-align-left","13":"first","14":"instock","15":"shipping-taxable","16":"purchasable","17":"product-type-variable"},"uagb_featured_image_src":{"full":["https:\/\/pressurezone.shop\/wp-content\/uploads\/2024\/10\/LA-Confidential-Shatter-EU.jpg",1000,1000,false],"thumbnail":["https:\/\/pressurezone.shop\/wp-content\/uploads\/2024\/10\/LA-Confidential-Shatter-EU-150x150.jpg",150,150,true],"medium":["https:\/\/pressurezone.shop\/wp-content\/uploads\/2024\/10\/LA-Confidential-Shatter-EU-300x300.jpg",300,300,true],"medium_large":["https:\/\/pressurezone.shop\/wp-content\/uploads\/2024\/10\/LA-Confidential-Shatter-EU-768x768.jpg",768,768,true],"large":["https:\/\/pressurezone.shop\/wp-content\/uploads\/2024\/10\/LA-Confidential-Shatter-EU.jpg",1000,1000,false],"1536x1536":["https:\/\/pressurezone.shop\/wp-content\/uploads\/2024\/10\/LA-Confidential-Shatter-EU.jpg",1000,1000,false],"2048x2048":["https:\/\/pressurezone.shop\/wp-content\/uploads\/2024\/10\/LA-Confidential-Shatter-EU.jpg",1000,1000,false],"trp-custom-language-flag":["https:\/\/pressurezone.shop\/wp-content\/uploads\/2024\/10\/LA-Confidential-Shatter-EU-12x12.jpg",12,12,true],"woocommerce_thumbnail":["https:\/\/pressurezone.shop\/wp-content\/uploads\/2024\/10\/LA-Confidential-Shatter-EU-300x300.jpg",300,300,true],"woocommerce_single":["https:\/\/pressurezone.shop\/wp-content\/uploads\/2024\/10\/LA-Confidential-Shatter-EU-600x600.jpg",600,600,true],"woocommerce_gallery_thumbnail":["https:\/\/pressurezone.shop\/wp-content\/uploads\/2024\/10\/LA-Confidential-Shatter-EU-100x100.jpg",100,100,true]},"uagb_author_info":{"display_name":"pressurezone.shop","author_link":"https:\/\/pressurezone.shop\/nl\/author\/"},"uagb_comment_info":0,"uagb_excerpt":"Achetez LA Confidential Shatter EU en Ligne LA Confidential Shatter EU est un concentr\u00e9 hautement appr\u00e9ci\u00e9 issu de la vari\u00e9t\u00e9 LA Confidential, une indica dominante (95% indica\/5% sativa) r\u00e9sultant d&rsquo;un croisement entre les l\u00e9gendaires Afghani et California Indica. Ce shatter ultra-puissant est con\u00e7u pour offrir une relaxation profonde et un soulagement durable, id\u00e9al pour les&hellip;","_links":{"self":[{"href":"https:\/\/pressurezone.shop\/nl\/wp-json\/wp\/v2\/product\/3338"}],"collection":[{"href":"https:\/\/pressurezone.shop\/nl\/wp-json\/wp\/v2\/product"}],"about":[{"href":"https:\/\/pressurezone.shop\/nl\/wp-json\/wp\/v2\/types\/product"}],"replies":[{"embeddable":true,"href":"https:\/\/pressurezone.shop\/nl\/wp-json\/wp\/v2\/comments?post=3338"}],"version-history":[{"count":3,"href":"https:\/\/pressurezone.shop\/nl\/wp-json\/wp\/v2\/product\/3338\/revisions"}],"predecessor-version":[{"id":4489,"href":"https:\/\/pressurezone.shop\/nl\/wp-json\/wp\/v2\/product\/3338\/revisions\/4489"}],"wp:featuredmedia":[{"embeddable":true,"href":"https:\/\/pressurezone.shop\/nl\/wp-json\/wp\/v2\/media\/3421"}],"wp:attachment":[{"href":"https:\/\/pressurezone.shop\/nl\/wp-json\/wp\/v2\/media?parent=3338"}],"wp:term":[{"taxonomy":"product_brand","embeddable":true,"href":"https:\/\/pressurezone.shop\/nl\/wp-json\/wp\/v2\/product_brand?post=3338"},{"taxonomy":"product_cat","embeddable":true,"href":"https:\/\/pressurezone.shop\/nl\/wp-json\/wp\/v2\/product_cat?post=3338"},{"taxonomy":"product_tag","embeddable":true,"href":"https:\/\/pressurezone.shop\/nl\/wp-json\/wp\/v2\/product_tag?post=3338"}],"curies":[{"name":"wp","href":"https:\/\/api.w.org\/{rel}","templated":true}]}}