{"id":3339,"date":"2024-10-11T01:00:10","date_gmt":"2024-10-10T23:00:10","guid":{"rendered":"https:\/\/pressurezone.shop\/?post_type=product&#038;p=3339"},"modified":"2024-11-15T21:55:08","modified_gmt":"2024-11-15T20:55:08","slug":"achetez-jack-herer-marijuana-shatter","status":"publish","type":"product","link":"https:\/\/pressurezone.shop\/nl\/product\/jack-herer-marihuana-shatter-kopen\/","title":{"rendered":"Jack Herer marihuana shatter"},"content":{"rendered":"<div class=\"flex-shrink-0 flex flex-col relative items-end\">\n<div>\n<div class=\"pt-0\">\n<div class=\"gizmo-bot-avatar flex h-8 w-8 items-center justify-center overflow-hidden rounded-full\">\n<div class=\"relative p-1 rounded-sm flex items-center justify-center bg-token-main-surface-primary text-token-text-primary h-8 w-8\"><\/div>\n<\/div>\n<\/div>\n<\/div>\n<\/div>\n<div class=\"group\/conversation-turn relative flex w-full min-w-0 flex-col agent-turn\">\n<div class=\"flex-col gap-1 md:gap-3\">\n<div class=\"flex max-w-full flex-col flex-grow\">\n<div class=\"min-h-8 text-message flex w-full flex-col items-end gap-2 whitespace-normal break-words [.text-message+&amp;]:mt-5\" dir=\"auto\" data-message-author-role=\"assistant\" data-message-id=\"15f60975-e9ab-42d3-ad14-96b38a2e05c4\" data-message-model-slug=\"gpt-4o\">\n<div class=\"flex w-full flex-col gap-1 empty:hidden first:pt-[3px]\">\n<div class=\"markdown prose w-full break-words dark:prose-invert light\">\n<h3><strong>Koop Jack Herer marihuana shatter online in Europa<\/strong><\/h3>\n<p><strong>Jack Herer marihuana shatter<\/strong> is een iconisch concentraat vernoemd naar een van de beroemdste cannabisvari\u00ebteiten ter wereld: <strong>Jack Herer<\/strong>een sativa-dominante hybride (80% sativa\/20% indica). Deze krachtige, aromatische shatter is een uitzonderlijke creatie die het resultaat is van een kruising tussen de legendarische soorten <strong>Haze<\/strong>, <strong>Noorderlicht #5<\/strong>en <strong>Shiva Stinkdier<\/strong>.<\/p>\n<hr \/>\n<h3><strong>Waarom kiezen voor Jack Herer Marihuana Shatter?<\/strong><\/h3>\n<p><strong>Jack Herer Shatter<\/strong> is veel meer dan een klassiek cannabisconcentraat. Het combineert verkwikkende effecten, een uniek aroma en een veelzijdigheid die het ideaal maakt voor een verscheidenheid aan therapeutische en recreatieve toepassingen.<a href=\"https:\/\/fuelpackz.com\/\" target=\"_blank\" rel=\"noopener\">.<\/a><\/p>\n<ul>\n<li><strong>Stimulerende effecten<\/strong> Ideaal voor die moeilijke ochtenden of dagen waarop je een opkikkertje nodig hebt.<\/li>\n<li><strong>Unieke smaken en aroma's<\/strong> Een mix van citrus, dennen en aardse noten die de zintuigen prikkelen.<\/li>\n<li><strong>Krachtige THC<\/strong> Met een gemiddelde THC-concentratie van 15 tot 24% biedt deze shatter consistente, langdurige effecten.<\/li>\n<\/ul>\n<hr \/>\n<h3><strong>Therapeutische effecten en voordelen<\/strong><\/h3>\n<p>Dit sativa-dominante concentraat staat bekend om zijn stimulerende en euforische effecten, waardoor het ideaal is voor gebruik overdag.<\/p>\n<h4><strong>Effecten :<\/strong><\/h4>\n<ul>\n<li>Energie en motivatie<\/li>\n<li>Milde euforie<\/li>\n<li>Verbeterde mentale helderheid<\/li>\n<\/ul>\n<h4><strong>Kan verlichten:<\/strong><\/h4>\n<ul>\n<li>Chronische stress en angst<\/li>\n<li>Depressie en stemmingswisselingen<\/li>\n<li>Hoofdpijn en migraine<\/li>\n<li>Chronische vermoeidheid<\/li>\n<\/ul>\n<hr \/>\n<h3><strong>Smaak en aroma<\/strong><\/h3>\n<p>De Jack Herer ervaring wordt verrijkt door fascinerende smaken en aroma's:<\/p>\n<ul>\n<li><strong>Smaken<\/strong> Citrus, dennen, kruiden.<\/li>\n<li><strong>Smaken<\/strong> Aards, houtachtig, fris.<\/li>\n<\/ul>\n<hr \/>\n<h3><strong>Wat is Shatter?<\/strong><\/h3>\n<p>Le <strong>versplinteren<\/strong> is een zeer verfijnd cannabisconcentraat, gewaardeerd om zijn glasachtige textuur en potentie. Het wordt geproduceerd door middel van zorgvuldige extractie en bevat een hoog THC-gehalte, wat een krachtige, pure ervaring garandeert.<\/p>\n<hr \/>\n<h3><strong>Hoe gebruik ik Jack Herer Shatter<\/strong><\/h3>\n<p>Haal het meeste uit dit concentraat door de verschillende consumptiemethoden te verkennen:<\/p>\n<ol>\n<li><strong>Deppen<\/strong> Krijg onmiddellijk krachtige effecten van een kwaliteitsvolle dab rig.<\/li>\n<li><strong>Verdamping<\/strong> : Behoud de natuurlijke terpenen en geniet van een zachte ervaring.<\/li>\n<li><strong>Gezamenlijke verbetering<\/strong> Meng een kleine hoeveelheid met je bloemen om je sessies te intensiveren.<\/li>\n<\/ol>\n<hr \/>\n<h3><strong>Waarom kopen bij Pressure Zone Shop?<\/strong><\/h3>\n<p>Op <a href=\"https:\/\/pressurezone.shop\/nl\/\" target=\"_new\" rel=\"noopener\">Drukzone winkel<\/a>We zijn toegewijd aan het leveren van eersteklas cannabisconcentraten en een uitzonderlijke klantervaring.<\/p>\n<ul>\n<li><strong>In het laboratorium geteste producten<\/strong> Zuiverheid en kracht gegarandeerd.<\/li>\n<li><strong>Snelle, discrete levering<\/strong> : Geniet van betrouwbare en vertrouwelijke verzending.<\/li>\n<li><strong>Klanttevredenheid<\/strong> Ons team doet er alles aan om aan uw behoeften te voldoen.<\/li>\n<\/ul>\n<hr \/>\n<h3><strong>Bestel nu Jack Herer marihuana shatter<\/strong><\/h3>\n<p>Mis de kans niet om dit legendarische concentraat te proberen. <strong>Jack Herer marihuana shatter kopen<\/strong> op <a href=\"https:\/\/pressurezone.shop\/nl\/\" target=\"_new\" rel=\"noopener\">Drukzone winkel<\/a> en ontdek waarom het wereldwijd een van de populairste vari\u00ebteiten is.<\/p>\n<\/div>\n<\/div>\n<\/div>\n<\/div>\n<\/div>\n<\/div>","protected":false},"excerpt":{"rendered":"<p>Achetez Jack Herer Marijuana Shatter en Ligne Europe Jack Herer Marijuana Shatter est un concentr\u00e9 embl\u00e9matique qui tire son nom de l&rsquo;une des vari\u00e9t\u00e9s de cannabis les plus c\u00e9l\u00e8bres au monde : Jack Herer, un hybride \u00e0 dominance sativa (80% sativa\/20% indica). Ce shatter puissant et aromatique est une cr\u00e9ation exceptionnelle issue d&rsquo;un croisement entre [&hellip;]<\/p>","protected":false},"featured_media":3423,"comment_status":"closed","ping_status":"closed","template":"","meta":{"_uag_custom_page_level_css":"","site-sidebar-layout":"default","site-content-layout":"","ast-site-content-layout":"default","site-content-style":"default","site-sidebar-style":"default","ast-global-header-display":"","ast-banner-title-visibility":"","ast-main-header-display":"","ast-hfb-above-header-display":"","ast-hfb-below-header-display":"","ast-hfb-mobile-header-display":"","site-post-title":"","ast-breadcrumbs-content":"","ast-featured-img":"","footer-sml-layout":"","theme-transparent-header-meta":"default","adv-header-id-meta":"","stick-header-meta":"","header-above-stick-meta":"","header-main-stick-meta":"","header-below-stick-meta":"","astra-migrate-meta-layouts":"set","ast-page-background-enabled":"default","ast-page-background-meta":{"desktop":{"background-color":"","background-image":"","background-repeat":"repeat","background-position":"center center","background-size":"auto","background-attachment":"scroll","background-type":"","background-media":"","overlay-type":"","overlay-color":"","overlay-opacity":"","overlay-gradient":""},"tablet":{"background-color":"","background-image":"","background-repeat":"repeat","background-position":"center center","background-size":"auto","background-attachment":"scroll","background-type":"","background-media":"","overlay-type":"","overlay-color":"","overlay-opacity":"","overlay-gradient":""},"mobile":{"background-color":"","background-image":"","background-repeat":"repeat","background-position":"center center","background-size":"auto","background-attachment":"scroll","background-type":"","background-media":"","overlay-type":"","overlay-color":"","overlay-opacity":"","overlay-gradient":""}},"ast-content-background-meta":{"desktop":{"background-color":"var(--ast-global-color-5)","background-image":"","background-repeat":"repeat","background-position":"center center","background-size":"auto","background-attachment":"scroll","background-type":"","background-media":"","overlay-type":"","overlay-color":"","overlay-opacity":"","overlay-gradient":""},"tablet":{"background-color":"var(--ast-global-color-5)","background-image":"","background-repeat":"repeat","background-position":"center center","background-size":"auto","background-attachment":"scroll","background-type":"","background-media":"","overlay-type":"","overlay-color":"","overlay-opacity":"","overlay-gradient":""},"mobile":{"background-color":"var(--ast-global-color-5)","background-image":"","background-repeat":"repeat","background-position":"center center","background-size":"auto","background-attachment":"scroll","background-type":"","background-media":"","overlay-type":"","overlay-color":"","overlay-opacity":"","overlay-gradient":""}}},"product_brand":[],"product_cat":[334,436],"product_tag":[452],"class_list":{"0":"post-3339","1":"product","2":"type-product","3":"status-publish","4":"has-post-thumbnail","6":"product_cat-concentres-de-marijuana","7":"product_cat-achetez-du-shatter-dab-wax","8":"product_tag-order-jack-herer-marijuana-shatter-europe","9":"desktop-align-left","10":"tablet-align-left","11":"mobile-align-left","13":"first","14":"instock","15":"shipping-taxable","16":"purchasable","17":"product-type-variable"},"uagb_featured_image_src":{"full":["https:\/\/pressurezone.shop\/wp-content\/uploads\/2024\/10\/Jack-Herer-Marijuana-Shatter.jpg",1000,1000,false],"thumbnail":["https:\/\/pressurezone.shop\/wp-content\/uploads\/2024\/10\/Jack-Herer-Marijuana-Shatter-150x150.jpg",150,150,true],"medium":["https:\/\/pressurezone.shop\/wp-content\/uploads\/2024\/10\/Jack-Herer-Marijuana-Shatter-300x300.jpg",300,300,true],"medium_large":["https:\/\/pressurezone.shop\/wp-content\/uploads\/2024\/10\/Jack-Herer-Marijuana-Shatter-768x768.jpg",768,768,true],"large":["https:\/\/pressurezone.shop\/wp-content\/uploads\/2024\/10\/Jack-Herer-Marijuana-Shatter.jpg",1000,1000,false],"1536x1536":["https:\/\/pressurezone.shop\/wp-content\/uploads\/2024\/10\/Jack-Herer-Marijuana-Shatter.jpg",1000,1000,false],"2048x2048":["https:\/\/pressurezone.shop\/wp-content\/uploads\/2024\/10\/Jack-Herer-Marijuana-Shatter.jpg",1000,1000,false],"trp-custom-language-flag":["https:\/\/pressurezone.shop\/wp-content\/uploads\/2024\/10\/Jack-Herer-Marijuana-Shatter-12x12.jpg",12,12,true],"woocommerce_thumbnail":["https:\/\/pressurezone.shop\/wp-content\/uploads\/2024\/10\/Jack-Herer-Marijuana-Shatter-300x300.jpg",300,300,true],"woocommerce_single":["https:\/\/pressurezone.shop\/wp-content\/uploads\/2024\/10\/Jack-Herer-Marijuana-Shatter-600x600.jpg",600,600,true],"woocommerce_gallery_thumbnail":["https:\/\/pressurezone.shop\/wp-content\/uploads\/2024\/10\/Jack-Herer-Marijuana-Shatter-100x100.jpg",100,100,true]},"uagb_author_info":{"display_name":"pressurezone.shop","author_link":"https:\/\/pressurezone.shop\/nl\/author\/"},"uagb_comment_info":0,"uagb_excerpt":"Achetez Jack Herer Marijuana Shatter en Ligne Europe Jack Herer Marijuana Shatter est un concentr\u00e9 embl\u00e9matique qui tire son nom de l&rsquo;une des vari\u00e9t\u00e9s de cannabis les plus c\u00e9l\u00e8bres au monde : Jack Herer, un hybride \u00e0 dominance sativa (80% sativa\/20% indica). Ce shatter puissant et aromatique est une cr\u00e9ation exceptionnelle issue d&rsquo;un croisement entre&hellip;","_links":{"self":[{"href":"https:\/\/pressurezone.shop\/nl\/wp-json\/wp\/v2\/product\/3339"}],"collection":[{"href":"https:\/\/pressurezone.shop\/nl\/wp-json\/wp\/v2\/product"}],"about":[{"href":"https:\/\/pressurezone.shop\/nl\/wp-json\/wp\/v2\/types\/product"}],"replies":[{"embeddable":true,"href":"https:\/\/pressurezone.shop\/nl\/wp-json\/wp\/v2\/comments?post=3339"}],"version-history":[{"count":3,"href":"https:\/\/pressurezone.shop\/nl\/wp-json\/wp\/v2\/product\/3339\/revisions"}],"predecessor-version":[{"id":4481,"href":"https:\/\/pressurezone.shop\/nl\/wp-json\/wp\/v2\/product\/3339\/revisions\/4481"}],"wp:featuredmedia":[{"embeddable":true,"href":"https:\/\/pressurezone.shop\/nl\/wp-json\/wp\/v2\/media\/3423"}],"wp:attachment":[{"href":"https:\/\/pressurezone.shop\/nl\/wp-json\/wp\/v2\/media?parent=3339"}],"wp:term":[{"taxonomy":"product_brand","embeddable":true,"href":"https:\/\/pressurezone.shop\/nl\/wp-json\/wp\/v2\/product_brand?post=3339"},{"taxonomy":"product_cat","embeddable":true,"href":"https:\/\/pressurezone.shop\/nl\/wp-json\/wp\/v2\/product_cat?post=3339"},{"taxonomy":"product_tag","embeddable":true,"href":"https:\/\/pressurezone.shop\/nl\/wp-json\/wp\/v2\/product_tag?post=3339"}],"curies":[{"name":"wp","href":"https:\/\/api.w.org\/{rel}","templated":true}]}}