{"id":3350,"date":"2024-10-11T01:00:37","date_gmt":"2024-10-10T23:00:37","guid":{"rendered":"https:\/\/pressurezone.shop\/?post_type=product&#038;p=3350"},"modified":"2024-11-15T20:57:37","modified_gmt":"2024-11-15T19:57:37","slug":"shatter-ghost-train-haze","status":"publish","type":"product","link":"https:\/\/pressurezone.shop\/nl\/product\/verbrijzeling-spooktrein-nevel\/","title":{"rendered":"Shatter Ghost Train Haze"},"content":{"rendered":"<div class=\"flex-shrink-0 flex flex-col relative items-end\">\n<div>\n<div class=\"pt-0\">\n<div class=\"gizmo-bot-avatar flex h-8 w-8 items-center justify-center overflow-hidden rounded-full\">\n<div class=\"relative p-1 rounded-sm flex items-center justify-center bg-token-main-surface-primary text-token-text-primary h-8 w-8\"><\/div>\n<\/div>\n<\/div>\n<\/div>\n<\/div>\n<div class=\"group\/conversation-turn relative flex w-full min-w-0 flex-col agent-turn\">\n<div class=\"flex-col gap-1 md:gap-3\">\n<div class=\"flex max-w-full flex-col flex-grow\">\n<div class=\"min-h-8 text-message flex w-full flex-col items-end gap-2 whitespace-normal break-words [.text-message+&amp;]:mt-5\" dir=\"auto\" data-message-author-role=\"assistant\" data-message-id=\"31e1dc90-319c-4a51-aa0c-37ccefdb3452\" data-message-model-slug=\"gpt-4o\">\n<div class=\"flex w-full flex-col gap-1 empty:hidden first:pt-[3px]\">\n<div class=\"markdown prose w-full break-words dark:prose-invert light\">\n<h3><strong>Koop Shatter Ghost Train Haze online Europa<\/strong><\/h3>\n<p>Ontdek een uitzonderlijke cannabiservaring met <strong>Shatter Ghost Train Haze<\/strong>een eersteklas concentraat van de beroemde <strong>Spook OG<\/strong> en <strong>Neville's wrak<\/strong>. Met een <strong>indrukwekkend THC-gehalte van 27%<\/strong>Deze shatter is alleen voor kenners.<\/p>\n<hr \/>\n<h3><strong>Wat maakt Ghost Train Haze Shatter uniek?<\/strong><\/h3>\n<p>Le <strong>Shatter Ghost Train Haze<\/strong> is een <strong>sativa-dominante hybride<\/strong> met een verhouding <strong>80:20 sativa\/indica<\/strong>Ontworpen om een opwindende cerebrale high te geven die gepaard gaat met subtiele lichamelijke ontspanning. Bekend om zijn <strong>psychedelische effecten<\/strong>Dit concentraat biedt een intense en onvergetelijke cannabiservaring.<\/p>\n<ul>\n<li><strong>Extreme kracht<\/strong> Met 27% THC is dit een van de krachtigste shatters die verkrijgbaar zijn.<\/li>\n<li><strong>Cerebrale effecten<\/strong> Ideaal om creativiteit en productieve momenten te stimuleren.<\/li>\n<li><strong>Premium Kwaliteit<\/strong> Gemaakt van AAA+ stammen met behulp van geavanceerde extractiemethoden<a href=\"https:\/\/fuelpackz.com\/\" target=\"_blank\" rel=\"noopener\">.<\/a><\/li>\n<\/ul>\n<hr \/>\n<h3><strong>Effecten van Shatter Ghost Train Haze<\/strong><\/h3>\n<p>Le <strong>Ghost Train Haze Shatter<\/strong> biedt buitengewone effecten, een combinatie van euforie en verhoogde concentratie. Overmatig gebruik kan echter leiden tot <strong>psychedelische high<\/strong>waardoor het meer geschikt is voor ervaren gebruikers.<\/p>\n<ul>\n<li><strong>Hoog cerebraal<\/strong> Stimuleert creativiteit en concentratie.<\/li>\n<li><strong>Energiegevend<\/strong> Perfect voor sociale evenementen of productieve dagen.<\/li>\n<li><strong>Subtiele Ontspanning<\/strong> Brengt intensiteit in balans met lichte lichaamsontspanning.<\/li>\n<\/ul>\n<hr \/>\n<h3><strong>Wie moet Shatter Ghost Train Haze gebruiken?<\/strong><\/h3>\n<p>Hoewel de <strong>Ghost Train Haze Wiet Shatter<\/strong> is uitstekend voor ontspanning en biedt ook therapeutische voordelen, waardoor het een populaire keuze is voor medische gebruikers:<\/p>\n<ul>\n<li><strong>Kan verlichten<\/strong> :\n<ul>\n<li><strong>Depressie<\/strong> Helpt de stemming te verbeteren en negatieve gedachten te verdrijven.<\/li>\n<li><strong>Stress<\/strong> Zorgt voor mentale helderheid en ontspanning.<\/li>\n<li><strong>Vermoeidheid<\/strong> Geeft je hernieuwde energie.<\/li>\n<\/ul>\n<\/li>\n<\/ul>\n<p><strong>Attentie<\/strong> Roken: Beginnende rokers of mensen die gevoelig zijn voor angst moeten voorzichtig zijn vanwege de intensiteit van de effecten van deze soort.<\/p>\n<hr \/>\n<h3><strong>Smaken en aroma's<\/strong><\/h3>\n<p>Le <strong>Ghost Train Haze Wiet Shatter<\/strong> is even smakelijk als krachtig en biedt een unieke zintuiglijke ervaring:<\/p>\n<ul>\n<li><strong>Smaken<\/strong> Citrus, bloemig, dennen, zoet.<\/li>\n<li><strong>Smaken<\/strong> Aards, kruidig, kruidig, diesel.<\/li>\n<\/ul>\n<p>De combinatie van zoete citrustonen en een prikkelend dieselaroma cre\u00ebert een <strong>boeiend terpeenprofiel<\/strong> waar cannabisliefhebbers van zullen smullen.<\/p>\n<hr \/>\n<h3><strong>Hoe gebruik ik Ghost Train Haze Shatter?<\/strong><\/h3>\n<p>Of je nu een ervaren gebruiker bent of een kenner van concentraten, hier zijn een aantal manieren om te genieten <strong>Shatter Ghost Train Haze<\/strong> :<\/p>\n<ol>\n<li><strong>Schar<\/strong> Perfect voor een pure, krachtige ervaring.<\/li>\n<li><strong>Verdamping<\/strong> Gebruik compatibele pennen of apparaten voor zachte inhalatie.<\/li>\n<li><strong>Pakkingen of leidingen<\/strong> Meng het met bloemen voor een versterkte high.<\/li>\n<\/ol>\n<hr \/>\n<h3><strong>Waarom kiezen voor Shatter Ghost Train Haze?<\/strong><\/h3>\n<p>Le <strong>Ghost Train Haze Shatter<\/strong> onderscheidt zich door zijn onge\u00ebvenaarde kwaliteit en krachtige effecten. Wanneer je koopt bij <a href=\"https:\/\/pressurezone.shop\/nl\/\" target=\"_new\" rel=\"noopener\">Drukzone winkel<\/a>Je profiteert van eersteklas concentraten die met zorg zijn ontwikkeld.<\/p>\n<ul>\n<li><strong>Afzuiging van topklasse<\/strong> Garandeert maximale kracht en zuiverheid.<\/li>\n<li><strong>Getest in laboratorium<\/strong> Veiligheid en consistentie gegarandeerd.<\/li>\n<li><strong>Discrete levering<\/strong> : Snelle, veilige verzending door heel Europa.<\/li>\n<\/ul>\n<hr \/>\n<h3><strong>Bestel Shatter Ghost Train Haze vandaag nog online<\/strong><\/h3>\n<p>Mis dit niet <strong>premium cannabis concentraat<\/strong> die kracht, smaak en therapeutische voordelen combineert. Of je nu op zoek bent naar een creatieve boost, een energieke high of verlichting van chronische aandoeningen, de <strong>Shatter Ghost Train Haze<\/strong> is voor jou.<\/p>\n<p><strong>Bestel nu<\/strong> op <a href=\"https:\/\/pressurezone.shop\/nl\/\" target=\"_new\" rel=\"noopener\">Drukzone winkel<\/a> en ontdek de kracht van deze legendarische soort!<\/p>\n<\/div>\n<\/div>\n<\/div>\n<\/div>\n<\/div>\n<\/div>","protected":false},"excerpt":{"rendered":"<p>Achetez du Shatter Ghost Train Haze en Ligne Europe D\u00e9couvrez une exp\u00e9rience de cannabis exceptionnelle avec le Shatter Ghost Train Haze, un concentr\u00e9 premium issu des c\u00e9l\u00e8bres souches Ghost OG et Neville\u2019s Wreck. Avec un taux de THC impressionnant de 27%, ce shatter est r\u00e9serv\u00e9 aux connaisseurs. Qu\u2019est-ce qui Rend le Ghost Train Haze Shatter [&hellip;]<\/p>","protected":false},"featured_media":3429,"comment_status":"closed","ping_status":"closed","template":"","meta":{"_uag_custom_page_level_css":"","site-sidebar-layout":"default","site-content-layout":"","ast-site-content-layout":"default","site-content-style":"default","site-sidebar-style":"default","ast-global-header-display":"","ast-banner-title-visibility":"","ast-main-header-display":"","ast-hfb-above-header-display":"","ast-hfb-below-header-display":"","ast-hfb-mobile-header-display":"","site-post-title":"","ast-breadcrumbs-content":"","ast-featured-img":"","footer-sml-layout":"","theme-transparent-header-meta":"default","adv-header-id-meta":"","stick-header-meta":"","header-above-stick-meta":"","header-main-stick-meta":"","header-below-stick-meta":"","astra-migrate-meta-layouts":"set","ast-page-background-enabled":"default","ast-page-background-meta":{"desktop":{"background-color":"","background-image":"","background-repeat":"repeat","background-position":"center center","background-size":"auto","background-attachment":"scroll","background-type":"","background-media":"","overlay-type":"","overlay-color":"","overlay-opacity":"","overlay-gradient":""},"tablet":{"background-color":"","background-image":"","background-repeat":"repeat","background-position":"center center","background-size":"auto","background-attachment":"scroll","background-type":"","background-media":"","overlay-type":"","overlay-color":"","overlay-opacity":"","overlay-gradient":""},"mobile":{"background-color":"","background-image":"","background-repeat":"repeat","background-position":"center center","background-size":"auto","background-attachment":"scroll","background-type":"","background-media":"","overlay-type":"","overlay-color":"","overlay-opacity":"","overlay-gradient":""}},"ast-content-background-meta":{"desktop":{"background-color":"var(--ast-global-color-5)","background-image":"","background-repeat":"repeat","background-position":"center center","background-size":"auto","background-attachment":"scroll","background-type":"","background-media":"","overlay-type":"","overlay-color":"","overlay-opacity":"","overlay-gradient":""},"tablet":{"background-color":"var(--ast-global-color-5)","background-image":"","background-repeat":"repeat","background-position":"center center","background-size":"auto","background-attachment":"scroll","background-type":"","background-media":"","overlay-type":"","overlay-color":"","overlay-opacity":"","overlay-gradient":""},"mobile":{"background-color":"var(--ast-global-color-5)","background-image":"","background-repeat":"repeat","background-position":"center center","background-size":"auto","background-attachment":"scroll","background-type":"","background-media":"","overlay-type":"","overlay-color":"","overlay-opacity":"","overlay-gradient":""}}},"product_brand":[],"product_cat":[334,436],"product_tag":[455],"class_list":{"0":"post-3350","1":"product","2":"type-product","3":"status-publish","4":"has-post-thumbnail","6":"product_cat-concentres-de-marijuana","7":"product_cat-achetez-du-shatter-dab-wax","8":"product_tag-buy-ghost-train-haze-weed-shatter-europe","9":"desktop-align-left","10":"tablet-align-left","11":"mobile-align-left","13":"first","14":"instock","15":"shipping-taxable","16":"purchasable","17":"product-type-variable"},"uagb_featured_image_src":{"full":["https:\/\/pressurezone.shop\/wp-content\/uploads\/2024\/10\/Buy-Ghost-Train-Haze-Weed-Shatter.jpg",1000,1000,false],"thumbnail":["https:\/\/pressurezone.shop\/wp-content\/uploads\/2024\/10\/Buy-Ghost-Train-Haze-Weed-Shatter-150x150.jpg",150,150,true],"medium":["https:\/\/pressurezone.shop\/wp-content\/uploads\/2024\/10\/Buy-Ghost-Train-Haze-Weed-Shatter-300x300.jpg",300,300,true],"medium_large":["https:\/\/pressurezone.shop\/wp-content\/uploads\/2024\/10\/Buy-Ghost-Train-Haze-Weed-Shatter-768x768.jpg",768,768,true],"large":["https:\/\/pressurezone.shop\/wp-content\/uploads\/2024\/10\/Buy-Ghost-Train-Haze-Weed-Shatter.jpg",1000,1000,false],"1536x1536":["https:\/\/pressurezone.shop\/wp-content\/uploads\/2024\/10\/Buy-Ghost-Train-Haze-Weed-Shatter.jpg",1000,1000,false],"2048x2048":["https:\/\/pressurezone.shop\/wp-content\/uploads\/2024\/10\/Buy-Ghost-Train-Haze-Weed-Shatter.jpg",1000,1000,false],"trp-custom-language-flag":["https:\/\/pressurezone.shop\/wp-content\/uploads\/2024\/10\/Buy-Ghost-Train-Haze-Weed-Shatter-12x12.jpg",12,12,true],"woocommerce_thumbnail":["https:\/\/pressurezone.shop\/wp-content\/uploads\/2024\/10\/Buy-Ghost-Train-Haze-Weed-Shatter-300x300.jpg",300,300,true],"woocommerce_single":["https:\/\/pressurezone.shop\/wp-content\/uploads\/2024\/10\/Buy-Ghost-Train-Haze-Weed-Shatter-600x600.jpg",600,600,true],"woocommerce_gallery_thumbnail":["https:\/\/pressurezone.shop\/wp-content\/uploads\/2024\/10\/Buy-Ghost-Train-Haze-Weed-Shatter-100x100.jpg",100,100,true]},"uagb_author_info":{"display_name":"pressurezone.shop","author_link":"https:\/\/pressurezone.shop\/nl\/author\/"},"uagb_comment_info":0,"uagb_excerpt":"Achetez du Shatter Ghost Train Haze en Ligne Europe D\u00e9couvrez une exp\u00e9rience de cannabis exceptionnelle avec le Shatter Ghost Train Haze, un concentr\u00e9 premium issu des c\u00e9l\u00e8bres souches Ghost OG et Neville\u2019s Wreck. Avec un taux de THC impressionnant de 27%, ce shatter est r\u00e9serv\u00e9 aux connaisseurs. Qu\u2019est-ce qui Rend le Ghost Train Haze Shatter&hellip;","_links":{"self":[{"href":"https:\/\/pressurezone.shop\/nl\/wp-json\/wp\/v2\/product\/3350"}],"collection":[{"href":"https:\/\/pressurezone.shop\/nl\/wp-json\/wp\/v2\/product"}],"about":[{"href":"https:\/\/pressurezone.shop\/nl\/wp-json\/wp\/v2\/types\/product"}],"replies":[{"embeddable":true,"href":"https:\/\/pressurezone.shop\/nl\/wp-json\/wp\/v2\/comments?post=3350"}],"version-history":[{"count":3,"href":"https:\/\/pressurezone.shop\/nl\/wp-json\/wp\/v2\/product\/3350\/revisions"}],"predecessor-version":[{"id":4425,"href":"https:\/\/pressurezone.shop\/nl\/wp-json\/wp\/v2\/product\/3350\/revisions\/4425"}],"wp:featuredmedia":[{"embeddable":true,"href":"https:\/\/pressurezone.shop\/nl\/wp-json\/wp\/v2\/media\/3429"}],"wp:attachment":[{"href":"https:\/\/pressurezone.shop\/nl\/wp-json\/wp\/v2\/media?parent=3350"}],"wp:term":[{"taxonomy":"product_brand","embeddable":true,"href":"https:\/\/pressurezone.shop\/nl\/wp-json\/wp\/v2\/product_brand?post=3350"},{"taxonomy":"product_cat","embeddable":true,"href":"https:\/\/pressurezone.shop\/nl\/wp-json\/wp\/v2\/product_cat?post=3350"},{"taxonomy":"product_tag","embeddable":true,"href":"https:\/\/pressurezone.shop\/nl\/wp-json\/wp\/v2\/product_tag?post=3350"}],"curies":[{"name":"wp","href":"https:\/\/api.w.org\/{rel}","templated":true}]}}