{"id":3351,"date":"2024-10-11T01:00:37","date_gmt":"2024-10-10T23:00:37","guid":{"rendered":"https:\/\/pressurezone.shop\/?post_type=product&#038;p=3351"},"modified":"2024-11-15T22:10:20","modified_gmt":"2024-11-15T21:10:20","slug":"gelato-cannabis-shatter","status":"publish","type":"product","link":"https:\/\/pressurezone.shop\/nl\/product\/gelato-cannabis-shatter\/","title":{"rendered":"Gelato Cannabis Shatter"},"content":{"rendered":"<h3><strong>Bestel Gelato Cannabis Shatter online in Europa<\/strong><\/h3>\n<p><strong>Gelato Cannabis Shatter<\/strong>ook bekend als <strong>\"Larry Bird<\/strong>is een emblematisch hybride concentraat dat werd gekozen <strong>vari\u00ebteit van het jaar 2018 door Leafly<\/strong>. Deze shatter komt oorspronkelijk uit het San Francisco Bay gebied en staat bekend om zijn euforische en creatieve effecten en intense ontspanning.<a href=\"https:\/\/fuelpackz.com\/\" target=\"_blank\" rel=\"noopener\">.<\/a><\/p>\n<hr \/>\n<h3><strong>Waarom kiezen voor Gelato Cannabis Shatter?<\/strong><\/h3>\n<p><strong>Gelato Cannabis Shatter<\/strong> is veel meer dan alleen een extractie. Dit zeer gewaardeerde concentraat biedt een unieke ervaring bij elke sessie.<\/p>\n<ul>\n<li><strong>Oogverblindende verschijning<\/strong> Een dieppaarse tint geaccentueerd door vurige oranje haartjes en een laagje sprankelende witte hars.<\/li>\n<li><strong>Onge\u00ebvenaard vermogen<\/strong> Staat bekend om zijn euforische en ontspannende effecten dankzij het hoge THC-gehalte.<\/li>\n<li><strong>Saveur Gourmande<\/strong> Een zoet, bloemig profiel, met fruittoetsen die doen denken aan een verfijnd dessert.<\/li>\n<\/ul>\n<hr \/>\n<h3><strong>Effecten en voordelen<\/strong><\/h3>\n<h4><strong>Effecten :<\/strong><\/h4>\n<ul>\n<li>Opwekkende euforie<\/li>\n<li>Diepe ontspanning<\/li>\n<li>Creativiteit boost<\/li>\n<\/ul>\n<h4><strong>Kan verlichten:<\/strong><\/h4>\n<ul>\n<li>Chronische stress<\/li>\n<li>Depressie<\/li>\n<li>Matige tot ernstige pijn<\/li>\n<li>Mentale vermoeidheid<\/li>\n<\/ul>\n<hr \/>\n<h3><strong>Smaak- en aromaprofiel<\/strong><\/h3>\n<p>Dit concentraat is een echte traktatie voor de zintuigen, met complexe, verfijnde smaken:<\/p>\n<ul>\n<li><strong>Smaken<\/strong> Zoet, bloemig, fruitig.<\/li>\n<li><strong>Smaken<\/strong> Zoet, kruidig, tonen van bessen.<\/li>\n<\/ul>\n<hr \/>\n<h3><strong>Wat is Shatter?<\/strong><\/h3>\n<p>Le <strong>versplinteren<\/strong> is een helder, stevig cannabisconcentraat dat bekend staat om zijn uitzonderlijke potentie en zuiverheid. Gemaakt van cannabisbloemen van topkwaliteit, behoudt het een maximum aan terpenen en cannabino\u00efden voor een onge\u00ebvenaarde zintuiglijke ervaring.<\/p>\n<hr \/>\n<h3><strong>Hoe Gelato Cannabis Shatter eten<\/strong><\/h3>\n<p>Dit zijn de beste manieren om het meeste te halen uit <strong>Gelato Cannabis Shatter<\/strong> :<\/p>\n<ol>\n<li><strong>Deppen<\/strong> Voor snelle opname en onmiddellijke effecten.<\/li>\n<li><strong>Verdamping<\/strong> Een zachte methode die de natuurlijke terpenen behoudt.<\/li>\n<li><strong>Bloemen<\/strong> Voeg het toe aan je joints of leidingen voor extra kracht.<\/li>\n<\/ol>\n<hr \/>\n<h3><strong>Waarom bestellen bij Pressure Zone Shop?<\/strong><\/h3>\n<p>Op <a href=\"https:\/\/pressurezone.shop\/nl\/\" target=\"_new\" rel=\"noopener\">Drukzone winkel<\/a>We doen er alles aan om je cannabisconcentraten van de hoogste kwaliteit te bieden.<\/p>\n<ul>\n<li><strong>Gecertificeerde kwaliteit<\/strong> : Al onze producten worden in het laboratorium getest om hun zuiverheid te garanderen.<\/li>\n<li><strong>Snelle, discrete levering<\/strong> Bestel met vertrouwen.<\/li>\n<li><strong>Toegewijde klantenondersteuning<\/strong> Een team dat klaarstaat om al je vragen te beantwoorden.<\/li>\n<\/ul>\n<hr \/>\n<h3><strong>Bestel nu Gelato Cannabis Shatter<\/strong><\/h3>\n<p>Ontdek waarom <strong>Gelato Cannabis Shatter<\/strong> is de keuze van cannabisliefhebbers in heel Europa. Mis deze uitzonderlijke ervaring niet -... <strong>bestel vandaag<\/strong> op <a href=\"https:\/\/pressurezone.shop\/nl\/\" target=\"_new\" rel=\"noopener\">Drukzone winkel<\/a> en voel de ultieme euforie.<\/p>","protected":false},"excerpt":{"rendered":"<p>Commandez Gelato Cannabis Shatter en Ligne en Europe Gelato Cannabis Shatter, \u00e9galement connu sous le nom de \u00ab\u00a0Larry Bird\u00a0\u00bb, est un concentr\u00e9 hybride embl\u00e9matique qui a \u00e9t\u00e9 \u00e9lu vari\u00e9t\u00e9 de l\u2019ann\u00e9e 2018 par Leafly. Originaire de la r\u00e9gion de la Baie de San Francisco, ce shatter est c\u00e9l\u00e8bre pour ses effets euphoriques et cr\u00e9atifs, tout [&hellip;]<\/p>","protected":false},"featured_media":3439,"comment_status":"closed","ping_status":"closed","template":"","meta":{"_uag_custom_page_level_css":"","site-sidebar-layout":"default","site-content-layout":"","ast-site-content-layout":"default","site-content-style":"default","site-sidebar-style":"default","ast-global-header-display":"","ast-banner-title-visibility":"","ast-main-header-display":"","ast-hfb-above-header-display":"","ast-hfb-below-header-display":"","ast-hfb-mobile-header-display":"","site-post-title":"","ast-breadcrumbs-content":"","ast-featured-img":"","footer-sml-layout":"","theme-transparent-header-meta":"default","adv-header-id-meta":"","stick-header-meta":"","header-above-stick-meta":"","header-main-stick-meta":"","header-below-stick-meta":"","astra-migrate-meta-layouts":"set","ast-page-background-enabled":"default","ast-page-background-meta":{"desktop":{"background-color":"","background-image":"","background-repeat":"repeat","background-position":"center center","background-size":"auto","background-attachment":"scroll","background-type":"","background-media":"","overlay-type":"","overlay-color":"","overlay-opacity":"","overlay-gradient":""},"tablet":{"background-color":"","background-image":"","background-repeat":"repeat","background-position":"center center","background-size":"auto","background-attachment":"scroll","background-type":"","background-media":"","overlay-type":"","overlay-color":"","overlay-opacity":"","overlay-gradient":""},"mobile":{"background-color":"","background-image":"","background-repeat":"repeat","background-position":"center center","background-size":"auto","background-attachment":"scroll","background-type":"","background-media":"","overlay-type":"","overlay-color":"","overlay-opacity":"","overlay-gradient":""}},"ast-content-background-meta":{"desktop":{"background-color":"var(--ast-global-color-5)","background-image":"","background-repeat":"repeat","background-position":"center center","background-size":"auto","background-attachment":"scroll","background-type":"","background-media":"","overlay-type":"","overlay-color":"","overlay-opacity":"","overlay-gradient":""},"tablet":{"background-color":"var(--ast-global-color-5)","background-image":"","background-repeat":"repeat","background-position":"center center","background-size":"auto","background-attachment":"scroll","background-type":"","background-media":"","overlay-type":"","overlay-color":"","overlay-opacity":"","overlay-gradient":""},"mobile":{"background-color":"var(--ast-global-color-5)","background-image":"","background-repeat":"repeat","background-position":"center center","background-size":"auto","background-attachment":"scroll","background-type":"","background-media":"","overlay-type":"","overlay-color":"","overlay-opacity":"","overlay-gradient":""}}},"product_brand":[],"product_cat":[334,436],"product_tag":[456],"class_list":{"0":"post-3351","1":"product","2":"type-product","3":"status-publish","4":"has-post-thumbnail","6":"product_cat-concentres-de-marijuana","7":"product_cat-achetez-du-shatter-dab-wax","8":"product_tag-order-gelato-cannabis-shatter-europe","9":"desktop-align-left","10":"tablet-align-left","11":"mobile-align-left","13":"first","14":"instock","15":"shipping-taxable","16":"purchasable","17":"product-type-variable"},"uagb_featured_image_src":{"full":["https:\/\/pressurezone.shop\/wp-content\/uploads\/2024\/10\/Order-Gelato-Cannabis-Shatter.jpg",1000,1000,false],"thumbnail":["https:\/\/pressurezone.shop\/wp-content\/uploads\/2024\/10\/Order-Gelato-Cannabis-Shatter-150x150.jpg",150,150,true],"medium":["https:\/\/pressurezone.shop\/wp-content\/uploads\/2024\/10\/Order-Gelato-Cannabis-Shatter-300x300.jpg",300,300,true],"medium_large":["https:\/\/pressurezone.shop\/wp-content\/uploads\/2024\/10\/Order-Gelato-Cannabis-Shatter-768x768.jpg",768,768,true],"large":["https:\/\/pressurezone.shop\/wp-content\/uploads\/2024\/10\/Order-Gelato-Cannabis-Shatter.jpg",1000,1000,false],"1536x1536":["https:\/\/pressurezone.shop\/wp-content\/uploads\/2024\/10\/Order-Gelato-Cannabis-Shatter.jpg",1000,1000,false],"2048x2048":["https:\/\/pressurezone.shop\/wp-content\/uploads\/2024\/10\/Order-Gelato-Cannabis-Shatter.jpg",1000,1000,false],"trp-custom-language-flag":["https:\/\/pressurezone.shop\/wp-content\/uploads\/2024\/10\/Order-Gelato-Cannabis-Shatter-12x12.jpg",12,12,true],"woocommerce_thumbnail":["https:\/\/pressurezone.shop\/wp-content\/uploads\/2024\/10\/Order-Gelato-Cannabis-Shatter-300x300.jpg",300,300,true],"woocommerce_single":["https:\/\/pressurezone.shop\/wp-content\/uploads\/2024\/10\/Order-Gelato-Cannabis-Shatter-600x600.jpg",600,600,true],"woocommerce_gallery_thumbnail":["https:\/\/pressurezone.shop\/wp-content\/uploads\/2024\/10\/Order-Gelato-Cannabis-Shatter-100x100.jpg",100,100,true]},"uagb_author_info":{"display_name":"pressurezone.shop","author_link":"https:\/\/pressurezone.shop\/nl\/author\/"},"uagb_comment_info":0,"uagb_excerpt":"Commandez Gelato Cannabis Shatter en Ligne en Europe Gelato Cannabis Shatter, \u00e9galement connu sous le nom de \u00ab\u00a0Larry Bird\u00a0\u00bb, est un concentr\u00e9 hybride embl\u00e9matique qui a \u00e9t\u00e9 \u00e9lu vari\u00e9t\u00e9 de l\u2019ann\u00e9e 2018 par Leafly. Originaire de la r\u00e9gion de la Baie de San Francisco, ce shatter est c\u00e9l\u00e8bre pour ses effets euphoriques et cr\u00e9atifs, tout&hellip;","_links":{"self":[{"href":"https:\/\/pressurezone.shop\/nl\/wp-json\/wp\/v2\/product\/3351"}],"collection":[{"href":"https:\/\/pressurezone.shop\/nl\/wp-json\/wp\/v2\/product"}],"about":[{"href":"https:\/\/pressurezone.shop\/nl\/wp-json\/wp\/v2\/types\/product"}],"replies":[{"embeddable":true,"href":"https:\/\/pressurezone.shop\/nl\/wp-json\/wp\/v2\/comments?post=3351"}],"version-history":[{"count":3,"href":"https:\/\/pressurezone.shop\/nl\/wp-json\/wp\/v2\/product\/3351\/revisions"}],"predecessor-version":[{"id":4497,"href":"https:\/\/pressurezone.shop\/nl\/wp-json\/wp\/v2\/product\/3351\/revisions\/4497"}],"wp:featuredmedia":[{"embeddable":true,"href":"https:\/\/pressurezone.shop\/nl\/wp-json\/wp\/v2\/media\/3439"}],"wp:attachment":[{"href":"https:\/\/pressurezone.shop\/nl\/wp-json\/wp\/v2\/media?parent=3351"}],"wp:term":[{"taxonomy":"product_brand","embeddable":true,"href":"https:\/\/pressurezone.shop\/nl\/wp-json\/wp\/v2\/product_brand?post=3351"},{"taxonomy":"product_cat","embeddable":true,"href":"https:\/\/pressurezone.shop\/nl\/wp-json\/wp\/v2\/product_cat?post=3351"},{"taxonomy":"product_tag","embeddable":true,"href":"https:\/\/pressurezone.shop\/nl\/wp-json\/wp\/v2\/product_tag?post=3351"}],"curies":[{"name":"wp","href":"https:\/\/api.w.org\/{rel}","templated":true}]}}