{"id":3371,"date":"2024-10-11T01:01:29","date_gmt":"2024-10-10T23:01:29","guid":{"rendered":"https:\/\/pressurezone.shop\/?post_type=product&#038;p=3371"},"modified":"2024-11-15T20:38:07","modified_gmt":"2024-11-15T19:38:07","slug":"shatter-apple-fritter","status":"publish","type":"product","link":"https:\/\/pressurezone.shop\/nl\/product\/appelbeignet-strooien\/","title":{"rendered":"Versplinterde appelbeignets"},"content":{"rendered":"<div class=\"flex-shrink-0 flex flex-col relative items-end\">\n<div>\n<div class=\"pt-0\">\n<div class=\"gizmo-bot-avatar flex h-8 w-8 items-center justify-center overflow-hidden rounded-full\">\n<div class=\"relative p-1 rounded-sm flex items-center justify-center bg-token-main-surface-primary text-token-text-primary h-8 w-8\"><\/div>\n<\/div>\n<\/div>\n<\/div>\n<\/div>\n<div class=\"group\/conversation-turn relative flex w-full min-w-0 flex-col agent-turn\">\n<div class=\"flex-col gap-1 md:gap-3\">\n<div class=\"flex max-w-full flex-col flex-grow\">\n<div class=\"min-h-8 text-message flex w-full flex-col items-end gap-2 whitespace-normal break-words [.text-message+&amp;]:mt-5\" dir=\"auto\" data-message-author-role=\"assistant\" data-message-id=\"fbcb2cd4-eba2-4492-867f-e68ffa1ade6f\" data-message-model-slug=\"gpt-4o\">\n<div class=\"flex w-full flex-col gap-1 empty:hidden first:pt-[3px]\">\n<div class=\"markdown prose w-full break-words dark:prose-invert light\">\n<h3><strong>Online Apple Fritter Shatter kopen in Europa<\/strong><\/h3>\n<p>Ontdek de uitzonderlijke <strong>Versplinterde appelbeignets<\/strong>een zeldzame en perfect uitgebalanceerde hybride vari\u00ebteit (<strong>50 % Indica \/ 50 % Sativa<\/strong>). Deze hoogwaardige shatter is afkomstig van de beroemde <strong>Zure appel en Animal Cookies cannabissoorten<\/strong>biedt een harmonieuze mix van stimulerende cerebrale effecten en diepe fysieke ontspanning. Met krachtige THC-gehaltes vari\u00ebrend van <strong>22 tot 28 %<\/strong>Apple Fritter Shatter is ideaal voor recreatieve en therapeutische cannabis liefhebbers.<a href=\"https:\/\/fuelpackz.com\/\" target=\"_blank\" rel=\"noopener\">.<\/a><\/p>\n<hr \/>\n<h3><strong>Waarom kiezen voor Apple Fritter Shatter?<\/strong><\/h3>\n<p>Shatter Apple Fritter valt op door zijn unieke combinatie van kracht, smaak en therapeutische voordelen. Of je nu een ervaren kenner bent of een beginner, deze shatter is een perfecte keuze voor een superieure ervaring.<\/p>\n<ul>\n<li><strong>Perfect evenwicht<\/strong> Harmonieuze Indica en Sativa effecten.<\/li>\n<li><strong>Uitzonderlijk vermogen<\/strong> Hoog THC-gehalte voor een langdurig effect.<\/li>\n<li><strong>Premium Kwaliteit<\/strong> Gemaakt van AAA+ cannabisbloemen voor maximale smaak en potentie.<\/li>\n<\/ul>\n<hr \/>\n<h3><strong>Effecten van Apple Shatter Fritter<\/strong><\/h3>\n<p>De effecten van <strong>Versplinterde appelbeignets<\/strong> begint met een opwindende cerebrale high die de stemming en creativiteit verbetert. Dit wordt gevolgd door een kalmerende lichamelijke ontspanning, die spanning wegneemt en je achterlaat in een staat van absolute kalmte.<\/p>\n<ul>\n<li><strong>Hersenboost<\/strong> Een gevoel van euforie en energie.<\/li>\n<li><strong>Lichaamsontspanning<\/strong> Ontspant de spieren en elimineert spanningen.<\/li>\n<li><strong>Stressvrij<\/strong> Dompelt je onder in totale sereniteit.<\/li>\n<\/ul>\n<hr \/>\n<h3><strong>Kan verlichten:<\/strong><\/h3>\n<p>Shatter Apple Fritter wordt zeer gewaardeerd om zijn therapeutische eigenschappen. De uitgebalanceerde effecten maken het ideaal voor het verlichten van een verscheidenheid aan lichamelijke en geestelijke aandoeningen, waaronder :<\/p>\n<ul>\n<li><strong>Chronische pijn<\/strong> Verzacht pijn en ongemak.<\/li>\n<li><strong>Slapeloosheid<\/strong> Bevordert een rustige slaap.<\/li>\n<li><strong>Depressie en stemmingswisselingen<\/strong> Stemmingsverbetering en vermindering van negatieve gedachten.<\/li>\n<li><strong>Chronische stress<\/strong> Vermindert angst en spanning.<\/li>\n<\/ul>\n<hr \/>\n<h3><strong>Smaak- en aromaprofiel<\/strong><\/h3>\n<p>Shatter Apple Fritter is even aangenaam om te proeven als effectief. Het smaakprofiel combineert tonen van <strong>zoete en zure appels<\/strong> met een vleugje<strong>kruiden en gebak<\/strong> die in de mond blijven hangen.<\/p>\n<ul>\n<li><strong>Smaken<\/strong> Zoet, wrange appel, kruidig.<\/li>\n<li><strong>Smaken<\/strong> Fruitig, aards, zoet.<\/li>\n<\/ul>\n<hr \/>\n<h3><strong>Uiterlijk en textuur<\/strong><\/h3>\n<p>Deze shatter heeft een kwaliteit die de beste concentraten waardig is. De <strong>donker olijfgroene spadevormige klompjes<\/strong> worden versterkt met <strong>Dieppaarse ondertonen<\/strong>van <strong>fel oranje haren<\/strong> en een dun laagje <strong>fonkelende witte kristallen<\/strong>.<\/p>\n<hr \/>\n<h3><strong>Hoe gebruik ik Apple Fritter Shatter?<\/strong><\/h3>\n<ol>\n<li><strong>Deppen<\/strong> Perfect voor maximale kracht en snelle effecten.<\/li>\n<li><strong>Verdamping<\/strong> Profiteer optimaal van het terpeenprofiel en de smaken.<\/li>\n<li><strong>Mix met bloemen<\/strong> Verrijk je gewrichten of kommen voor een intensere ervaring.<\/li>\n<\/ol>\n<hr \/>\n<h3><strong>Bestel Apple Shatter Fritter nu online<\/strong><\/h3>\n<p>Ontdek de uitgebalanceerde effecten en eersteklas kwaliteit van <strong>Versplinterde appelbeignets<\/strong>. Ideaal om te ontspannen na een lange dag of om chronische pijn en stress te verlichten. Deze shatter is een must-have voor elke cannabisliefhebber.<\/p>\n<p>Koop vandaag op <strong><a href=\"https:\/\/pressurezone.shop\/nl\/\" target=\"_new\" rel=\"noopener\">Drukzone winkel<\/a><\/strong> en verbeter je ervaring met deze uitzonderlijke hybride shatter.<\/p>\n<\/div>\n<\/div>\n<\/div>\n<\/div>\n<\/div>\n<\/div>","protected":false},"excerpt":{"rendered":"<p>Achetez du Shatter Apple Fritter en Ligne en Europe D\u00e9couvrez l&rsquo;exceptionnel Shatter Apple Fritter, une vari\u00e9t\u00e9 hybride rare et parfaitement \u00e9quilibr\u00e9e (50 % Indica \/ 50 % Sativa). Ce shatter premium est issu des c\u00e9l\u00e8bres vari\u00e9t\u00e9s Sour Apple et Animal Cookies Cannabis, offrant un m\u00e9lange harmonieux d&rsquo;effets c\u00e9r\u00e9braux stimulants et de relaxation physique profonde. Avec [&hellip;]<\/p>","protected":false},"featured_media":3456,"comment_status":"closed","ping_status":"closed","template":"","meta":{"_uag_custom_page_level_css":"","site-sidebar-layout":"default","site-content-layout":"","ast-site-content-layout":"default","site-content-style":"default","site-sidebar-style":"default","ast-global-header-display":"","ast-banner-title-visibility":"","ast-main-header-display":"","ast-hfb-above-header-display":"","ast-hfb-below-header-display":"","ast-hfb-mobile-header-display":"","site-post-title":"","ast-breadcrumbs-content":"","ast-featured-img":"","footer-sml-layout":"","theme-transparent-header-meta":"default","adv-header-id-meta":"","stick-header-meta":"","header-above-stick-meta":"","header-main-stick-meta":"","header-below-stick-meta":"","astra-migrate-meta-layouts":"set","ast-page-background-enabled":"default","ast-page-background-meta":{"desktop":{"background-color":"","background-image":"","background-repeat":"repeat","background-position":"center center","background-size":"auto","background-attachment":"scroll","background-type":"","background-media":"","overlay-type":"","overlay-color":"","overlay-opacity":"","overlay-gradient":""},"tablet":{"background-color":"","background-image":"","background-repeat":"repeat","background-position":"center center","background-size":"auto","background-attachment":"scroll","background-type":"","background-media":"","overlay-type":"","overlay-color":"","overlay-opacity":"","overlay-gradient":""},"mobile":{"background-color":"","background-image":"","background-repeat":"repeat","background-position":"center center","background-size":"auto","background-attachment":"scroll","background-type":"","background-media":"","overlay-type":"","overlay-color":"","overlay-opacity":"","overlay-gradient":""}},"ast-content-background-meta":{"desktop":{"background-color":"var(--ast-global-color-5)","background-image":"","background-repeat":"repeat","background-position":"center center","background-size":"auto","background-attachment":"scroll","background-type":"","background-media":"","overlay-type":"","overlay-color":"","overlay-opacity":"","overlay-gradient":""},"tablet":{"background-color":"var(--ast-global-color-5)","background-image":"","background-repeat":"repeat","background-position":"center center","background-size":"auto","background-attachment":"scroll","background-type":"","background-media":"","overlay-type":"","overlay-color":"","overlay-opacity":"","overlay-gradient":""},"mobile":{"background-color":"var(--ast-global-color-5)","background-image":"","background-repeat":"repeat","background-position":"center center","background-size":"auto","background-attachment":"scroll","background-type":"","background-media":"","overlay-type":"","overlay-color":"","overlay-opacity":"","overlay-gradient":""}}},"product_brand":[],"product_cat":[334,436],"product_tag":[463],"class_list":{"0":"post-3371","1":"product","2":"type-product","3":"status-publish","4":"has-post-thumbnail","6":"product_cat-concentres-de-marijuana","7":"product_cat-achetez-du-shatter-dab-wax","8":"product_tag-buy-apple-fritter-shatter-online-europe","9":"desktop-align-left","10":"tablet-align-left","11":"mobile-align-left","13":"first","14":"instock","15":"shipping-taxable","16":"purchasable","17":"product-type-variable"},"uagb_featured_image_src":{"full":["https:\/\/pressurezone.shop\/wp-content\/uploads\/2024\/10\/Buy-Apple-Fritter-Shatter.jpg",1000,1000,false],"thumbnail":["https:\/\/pressurezone.shop\/wp-content\/uploads\/2024\/10\/Buy-Apple-Fritter-Shatter-150x150.jpg",150,150,true],"medium":["https:\/\/pressurezone.shop\/wp-content\/uploads\/2024\/10\/Buy-Apple-Fritter-Shatter-300x300.jpg",300,300,true],"medium_large":["https:\/\/pressurezone.shop\/wp-content\/uploads\/2024\/10\/Buy-Apple-Fritter-Shatter-768x768.jpg",768,768,true],"large":["https:\/\/pressurezone.shop\/wp-content\/uploads\/2024\/10\/Buy-Apple-Fritter-Shatter.jpg",1000,1000,false],"1536x1536":["https:\/\/pressurezone.shop\/wp-content\/uploads\/2024\/10\/Buy-Apple-Fritter-Shatter.jpg",1000,1000,false],"2048x2048":["https:\/\/pressurezone.shop\/wp-content\/uploads\/2024\/10\/Buy-Apple-Fritter-Shatter.jpg",1000,1000,false],"trp-custom-language-flag":["https:\/\/pressurezone.shop\/wp-content\/uploads\/2024\/10\/Buy-Apple-Fritter-Shatter-12x12.jpg",12,12,true],"woocommerce_thumbnail":["https:\/\/pressurezone.shop\/wp-content\/uploads\/2024\/10\/Buy-Apple-Fritter-Shatter-300x300.jpg",300,300,true],"woocommerce_single":["https:\/\/pressurezone.shop\/wp-content\/uploads\/2024\/10\/Buy-Apple-Fritter-Shatter-600x600.jpg",600,600,true],"woocommerce_gallery_thumbnail":["https:\/\/pressurezone.shop\/wp-content\/uploads\/2024\/10\/Buy-Apple-Fritter-Shatter-100x100.jpg",100,100,true]},"uagb_author_info":{"display_name":"pressurezone.shop","author_link":"https:\/\/pressurezone.shop\/nl\/author\/"},"uagb_comment_info":0,"uagb_excerpt":"Achetez du Shatter Apple Fritter en Ligne en Europe D\u00e9couvrez l&rsquo;exceptionnel Shatter Apple Fritter, une vari\u00e9t\u00e9 hybride rare et parfaitement \u00e9quilibr\u00e9e (50 % Indica \/ 50 % Sativa). Ce shatter premium est issu des c\u00e9l\u00e8bres vari\u00e9t\u00e9s Sour Apple et Animal Cookies Cannabis, offrant un m\u00e9lange harmonieux d&rsquo;effets c\u00e9r\u00e9braux stimulants et de relaxation physique profonde. Avec&hellip;","_links":{"self":[{"href":"https:\/\/pressurezone.shop\/nl\/wp-json\/wp\/v2\/product\/3371"}],"collection":[{"href":"https:\/\/pressurezone.shop\/nl\/wp-json\/wp\/v2\/product"}],"about":[{"href":"https:\/\/pressurezone.shop\/nl\/wp-json\/wp\/v2\/types\/product"}],"replies":[{"embeddable":true,"href":"https:\/\/pressurezone.shop\/nl\/wp-json\/wp\/v2\/comments?post=3371"}],"version-history":[{"count":3,"href":"https:\/\/pressurezone.shop\/nl\/wp-json\/wp\/v2\/product\/3371\/revisions"}],"predecessor-version":[{"id":4401,"href":"https:\/\/pressurezone.shop\/nl\/wp-json\/wp\/v2\/product\/3371\/revisions\/4401"}],"wp:featuredmedia":[{"embeddable":true,"href":"https:\/\/pressurezone.shop\/nl\/wp-json\/wp\/v2\/media\/3456"}],"wp:attachment":[{"href":"https:\/\/pressurezone.shop\/nl\/wp-json\/wp\/v2\/media?parent=3371"}],"wp:term":[{"taxonomy":"product_brand","embeddable":true,"href":"https:\/\/pressurezone.shop\/nl\/wp-json\/wp\/v2\/product_brand?post=3371"},{"taxonomy":"product_cat","embeddable":true,"href":"https:\/\/pressurezone.shop\/nl\/wp-json\/wp\/v2\/product_cat?post=3371"},{"taxonomy":"product_tag","embeddable":true,"href":"https:\/\/pressurezone.shop\/nl\/wp-json\/wp\/v2\/product_tag?post=3371"}],"curies":[{"name":"wp","href":"https:\/\/api.w.org\/{rel}","templated":true}]}}