{"id":3433,"date":"2024-10-11T01:03:04","date_gmt":"2024-10-10T23:03:04","guid":{"rendered":"https:\/\/pressurezone.shop\/?post_type=product&#038;p=3433"},"modified":"2024-11-04T02:24:02","modified_gmt":"2024-11-04T01:24:02","slug":"haschisch-blueberry-marijuana","status":"publish","type":"product","link":"https:\/\/pressurezone.shop\/nl\/product\/hasjiesj-bosbes-marihuana\/","title":{"rendered":"Hasj Blueberry Marihuana"},"content":{"rendered":"<div class=\"flex-shrink-0 flex flex-col relative items-end\">\n<div>\n<div class=\"pt-0\">\n<div class=\"gizmo-bot-avatar flex h-8 w-8 items-center justify-center overflow-hidden rounded-full\">\n<div class=\"relative p-1 rounded-sm flex items-center justify-center bg-token-main-surface-primary text-token-text-primary h-8 w-8\"><\/div>\n<\/div>\n<\/div>\n<\/div>\n<\/div>\n<div class=\"group\/conversation-turn relative flex w-full min-w-0 flex-col agent-turn\">\n<div class=\"flex-col gap-1 md:gap-3\">\n<div class=\"flex max-w-full flex-col flex-grow\">\n<div class=\"min-h-8 text-message flex w-full flex-col items-end gap-2 whitespace-normal break-words [.text-message+&amp;]:mt-5\" dir=\"auto\" data-message-author-role=\"assistant\" data-message-id=\"92374b25-683d-4e26-a76f-c0f7f2ce54ee\" data-message-model-slug=\"gpt-4o\">\n<div class=\"flex w-full flex-col gap-1 empty:hidden first:pt-[3px]\">\n<div class=\"markdown prose w-full break-words dark:prose-invert light\">\n<h3><strong>Koop Hashish Blueberry Marihuana Online in Europa op <a href=\"https:\/\/pressurezone.shop\/nl\/\" target=\"_new\" rel=\"noopener\">Drukzone winkel<\/a><\/strong><\/h3>\n<p>Ontdek de <strong>Hasj Blueberry Marihuana<\/strong>een verfijnde binnenlandse hasjiesj die met zorg is geproduceerd in het hart van British Columbia. Dit unieke en prikkelende concentraat is gemaakt van echte hasjbloemen. <strong>Bosbes Kush<\/strong>die een heerlijk, fruitig terpenenprofiel toevoegen aan een toch al uitzonderlijke hasj.<\/p>\n<h3>Authentieke, fruitige hasj<\/h3>\n<p>Le <strong>Hasj Blueberry Marihuana<\/strong> wordt gemaakt met nauwgezette aandacht voor detail. De Blueberry Kush trichomen worden zorgvuldig gezeefd om alle plantenresten te verwijderen, waardoor de zuiverheid van het eindproduct wordt gegarandeerd. Eenmaal geoogst worden de harsachtige trichomen in een flash-frozen toestand geperst, waardoor de delicatesse van de natuurlijke terpenen van Blueberry Kush behouden blijft. Het resultaat is een hasj die zacht en smaakvol is en trouw aan de uitmuntendheid die British Columbia te bieden heeft.<\/p>\n<ul>\n<li><strong>Type<\/strong> Blueberry Kush Premium Hasjiesj<\/li>\n<li><strong>Oorsprong<\/strong> Brits Columbia, Canada<\/li>\n<\/ul>\n<h3>Waarom kiezen voor Hashish Blueberry Marihuana?<\/h3>\n<p>Le <strong>Hasj Blueberry Marihuana<\/strong> is de perfecte keuze voor cannabisliefhebbers die op zoek zijn naar een krachtige, ambachtelijke hasjiesj met een uitgesproken smaakprofiel. Deze hasj levert een explosie van fruitige smaken en een langdurige high, perfect om te ontspannen en tot rust te komen.<a href=\"https:\/\/fuelpackz.com\/\" target=\"_blank\" rel=\"noopener\">.<\/a><\/p>\n<ul>\n<li><strong>Smaken<\/strong> Fruitige en aardse zoetheid, met hints van bosbes<\/li>\n<li><strong>Effecten<\/strong> Ontspanning, Geluk, Kalmeren<\/li>\n<li><strong>Perfect voor<\/strong> Stressverlichting, avondontspanning, ontspanningsmomenten<\/li>\n<\/ul>\n<h3>Bosbessen Hasjiesj productieproces<\/h3>\n<p>Onze <strong>Hasj Blueberry Marihuana<\/strong> volgt een zorgvuldig, traditioneel productieproces. Door alleen de harsachtige trichomen te bewaren en deze voor het persen in te vriezen, garanderen we een puur product, rijk aan terpenen en smaak.<\/p>\n<h3>Smaken en aroma's van Hashish Blueberry marihuana<\/h3>\n<p>Le <strong>Hasj Blueberry Marihuana<\/strong> biedt een rijk, fruitig smaakprofiel, gedomineerd door tonen van bosbes en aardse zoetheid. Naast een heerlijke smaak maken de intense aroma's elke inhalatie tot een complete zintuiglijke ervaring.<\/p>\n<ul>\n<li><strong>Smaken<\/strong> Fruitig, Bosbessen, Aardse zoetheid<\/li>\n<li><strong>Smaken<\/strong> Bes, Aards, Zoet<\/li>\n<\/ul>\n<h3>Gebruik en ervaring<\/h3>\n<p>Dankzij de zachte textuur <strong>Hasj Blueberry Marihuana<\/strong> is eenvoudig te gebruiken en is geschikt voor diverse consumptiemethoden:<\/p>\n<ul>\n<li><strong>Roken in een pijp of waterpijp<\/strong> voor een snelle opbouw van effecten.<\/li>\n<li><strong>Spuit<\/strong> voor een zachtere, meer gecontroleerde smaakervaring.<\/li>\n<li><strong>Ge\u00efntegreerd in een gezamenlijke<\/strong> voor extra intensiteit en smaak.<\/li>\n<\/ul>\n<h3>Bestel Hashish Blueberry Marihuana Online bij Pressure Zone Shop<\/h3>\n<p>Klaar om de uitzonderlijke smaken en krachtige werking van <strong>Hasj Blueberry Marihuana<\/strong> ? Bestel nu op <a href=\"https:\/\/pressurezone.shop\/nl\/\" target=\"_new\" rel=\"noopener\">Drukzone winkel<\/a> om te genieten van deze hoogwaardige ambachtelijke hasj. Of je nu een kenner bent of een nieuwe liefhebber, de <strong>Hasjiesj Bosbes<\/strong> is de ideale keuze voor een authentieke, fruitige cannabiservaring.<\/p>\n<\/div>\n<\/div>\n<\/div>\n<\/div>\n<\/div>\n<\/div>","protected":false},"excerpt":{"rendered":"<p>Achetez du Haschisch Blueberry Marijuana en Ligne en Europe sur Pressure Zone Shop D\u00e9couvrez le Haschisch Blueberry Marijuana, un haschisch domestique raffin\u00e9, produit avec soin dans le c\u0153ur de la Colombie-Britannique. Ce concentr\u00e9 unique et all\u00e9chant est fabriqu\u00e9 \u00e0 partir de v\u00e9ritables fleurs de Blueberry Kush, qui ajoutent un profil de terp\u00e8nes fruit\u00e9 et d\u00e9licieux [&hellip;]<\/p>","protected":false},"featured_media":3494,"comment_status":"closed","ping_status":"closed","template":"","meta":{"_uag_custom_page_level_css":"","site-sidebar-layout":"default","site-content-layout":"","ast-site-content-layout":"default","site-content-style":"default","site-sidebar-style":"default","ast-global-header-display":"","ast-banner-title-visibility":"","ast-main-header-display":"","ast-hfb-above-header-display":"","ast-hfb-below-header-display":"","ast-hfb-mobile-header-display":"","site-post-title":"","ast-breadcrumbs-content":"","ast-featured-img":"","footer-sml-layout":"","theme-transparent-header-meta":"default","adv-header-id-meta":"","stick-header-meta":"","header-above-stick-meta":"","header-main-stick-meta":"","header-below-stick-meta":"","astra-migrate-meta-layouts":"set","ast-page-background-enabled":"default","ast-page-background-meta":{"desktop":{"background-color":"","background-image":"","background-repeat":"repeat","background-position":"center center","background-size":"auto","background-attachment":"scroll","background-type":"","background-media":"","overlay-type":"","overlay-color":"","overlay-opacity":"","overlay-gradient":""},"tablet":{"background-color":"","background-image":"","background-repeat":"repeat","background-position":"center center","background-size":"auto","background-attachment":"scroll","background-type":"","background-media":"","overlay-type":"","overlay-color":"","overlay-opacity":"","overlay-gradient":""},"mobile":{"background-color":"","background-image":"","background-repeat":"repeat","background-position":"center center","background-size":"auto","background-attachment":"scroll","background-type":"","background-media":"","overlay-type":"","overlay-color":"","overlay-opacity":"","overlay-gradient":""}},"ast-content-background-meta":{"desktop":{"background-color":"var(--ast-global-color-5)","background-image":"","background-repeat":"repeat","background-position":"center center","background-size":"auto","background-attachment":"scroll","background-type":"","background-media":"","overlay-type":"","overlay-color":"","overlay-opacity":"","overlay-gradient":""},"tablet":{"background-color":"var(--ast-global-color-5)","background-image":"","background-repeat":"repeat","background-position":"center center","background-size":"auto","background-attachment":"scroll","background-type":"","background-media":"","overlay-type":"","overlay-color":"","overlay-opacity":"","overlay-gradient":""},"mobile":{"background-color":"var(--ast-global-color-5)","background-image":"","background-repeat":"repeat","background-position":"center center","background-size":"auto","background-attachment":"scroll","background-type":"","background-media":"","overlay-type":"","overlay-color":"","overlay-opacity":"","overlay-gradient":""}}},"product_brand":[],"product_cat":[334,29],"product_tag":[151,502,482],"class_list":{"0":"post-3433","1":"product","2":"type-product","3":"status-publish","4":"has-post-thumbnail","6":"product_cat-concentres-de-marijuana","7":"product_cat-haschisch","8":"product_tag-haschisch","9":"product_tag-haschisch-blueberry-marijuana","10":"product_tag-order-blueberry-marijuana-hash-europe","11":"desktop-align-left","12":"tablet-align-left","13":"mobile-align-left","15":"first","16":"instock","17":"shipping-taxable","18":"purchasable","19":"product-type-variable"},"uagb_featured_image_src":{"full":["https:\/\/pressurezone.shop\/wp-content\/uploads\/2024\/10\/Blueberry-Marijuana-Hash-Europe.jpg",768,768,false],"thumbnail":["https:\/\/pressurezone.shop\/wp-content\/uploads\/2024\/10\/Blueberry-Marijuana-Hash-Europe-150x150.jpg",150,150,true],"medium":["https:\/\/pressurezone.shop\/wp-content\/uploads\/2024\/10\/Blueberry-Marijuana-Hash-Europe-300x300.jpg",300,300,true],"medium_large":["https:\/\/pressurezone.shop\/wp-content\/uploads\/2024\/10\/Blueberry-Marijuana-Hash-Europe.jpg",768,768,false],"large":["https:\/\/pressurezone.shop\/wp-content\/uploads\/2024\/10\/Blueberry-Marijuana-Hash-Europe.jpg",768,768,false],"1536x1536":["https:\/\/pressurezone.shop\/wp-content\/uploads\/2024\/10\/Blueberry-Marijuana-Hash-Europe.jpg",768,768,false],"2048x2048":["https:\/\/pressurezone.shop\/wp-content\/uploads\/2024\/10\/Blueberry-Marijuana-Hash-Europe.jpg",768,768,false],"trp-custom-language-flag":["https:\/\/pressurezone.shop\/wp-content\/uploads\/2024\/10\/Blueberry-Marijuana-Hash-Europe-12x12.jpg",12,12,true],"woocommerce_thumbnail":["https:\/\/pressurezone.shop\/wp-content\/uploads\/2024\/10\/Blueberry-Marijuana-Hash-Europe-300x300.jpg",300,300,true],"woocommerce_single":["https:\/\/pressurezone.shop\/wp-content\/uploads\/2024\/10\/Blueberry-Marijuana-Hash-Europe-600x600.jpg",600,600,true],"woocommerce_gallery_thumbnail":["https:\/\/pressurezone.shop\/wp-content\/uploads\/2024\/10\/Blueberry-Marijuana-Hash-Europe-100x100.jpg",100,100,true]},"uagb_author_info":{"display_name":"pressurezone.shop","author_link":"https:\/\/pressurezone.shop\/nl\/author\/"},"uagb_comment_info":0,"uagb_excerpt":"Achetez du Haschisch Blueberry Marijuana en Ligne en Europe sur Pressure Zone Shop D\u00e9couvrez le Haschisch Blueberry Marijuana, un haschisch domestique raffin\u00e9, produit avec soin dans le c\u0153ur de la Colombie-Britannique. Ce concentr\u00e9 unique et all\u00e9chant est fabriqu\u00e9 \u00e0 partir de v\u00e9ritables fleurs de Blueberry Kush, qui ajoutent un profil de terp\u00e8nes fruit\u00e9 et d\u00e9licieux&hellip;","_links":{"self":[{"href":"https:\/\/pressurezone.shop\/nl\/wp-json\/wp\/v2\/product\/3433"}],"collection":[{"href":"https:\/\/pressurezone.shop\/nl\/wp-json\/wp\/v2\/product"}],"about":[{"href":"https:\/\/pressurezone.shop\/nl\/wp-json\/wp\/v2\/types\/product"}],"replies":[{"embeddable":true,"href":"https:\/\/pressurezone.shop\/nl\/wp-json\/wp\/v2\/comments?post=3433"}],"version-history":[{"count":3,"href":"https:\/\/pressurezone.shop\/nl\/wp-json\/wp\/v2\/product\/3433\/revisions"}],"predecessor-version":[{"id":4126,"href":"https:\/\/pressurezone.shop\/nl\/wp-json\/wp\/v2\/product\/3433\/revisions\/4126"}],"wp:featuredmedia":[{"embeddable":true,"href":"https:\/\/pressurezone.shop\/nl\/wp-json\/wp\/v2\/media\/3494"}],"wp:attachment":[{"href":"https:\/\/pressurezone.shop\/nl\/wp-json\/wp\/v2\/media?parent=3433"}],"wp:term":[{"taxonomy":"product_brand","embeddable":true,"href":"https:\/\/pressurezone.shop\/nl\/wp-json\/wp\/v2\/product_brand?post=3433"},{"taxonomy":"product_cat","embeddable":true,"href":"https:\/\/pressurezone.shop\/nl\/wp-json\/wp\/v2\/product_cat?post=3433"},{"taxonomy":"product_tag","embeddable":true,"href":"https:\/\/pressurezone.shop\/nl\/wp-json\/wp\/v2\/product_tag?post=3433"}],"curies":[{"name":"wp","href":"https:\/\/api.w.org\/{rel}","templated":true}]}}