{"id":3449,"date":"2024-10-11T01:03:29","date_gmt":"2024-10-10T23:03:29","guid":{"rendered":"https:\/\/pressurezone.shop\/?post_type=product&#038;p=3449"},"modified":"2024-11-04T19:31:53","modified_gmt":"2024-11-04T18:31:53","slug":"haschisch-chanel-marijuana","status":"publish","type":"product","link":"https:\/\/pressurezone.shop\/nl\/product\/hasjiesj-chanel-marihuana\/","title":{"rendered":"Hasjiesj Chanel Marihuana"},"content":{"rendered":"<h3><strong>Koop Hasj Chanel Marihuana Online in Europa op <a href=\"https:\/\/pressurezone.shop\/nl\/\" target=\"_new\" rel=\"noopener\">Drukzone winkel<\/a><\/strong><\/h3>\n<p>Ontdek de <strong>Hasjiesj Chanel Marihuana<\/strong>een luxe hasjiesj die met zorg is gemaakt in British Columbia. Deze binnenlandse hasjiesj van AAA+ kwaliteit wordt uitsluitend gemaakt van krachtige indica cannabissoorten zoals Death Bubba, OG Kush en Pink Kush, geselecteerd vanwege hun harsachtige, sapachtige trichomen. Deze vari\u00ebteiten worden gekweekt, geoogst en in een flits ingevroren om hun versheid te behouden, en vervolgens geperst om een hasjiesj van uitzonderlijke kwaliteit te produceren.<a href=\"https:\/\/fuelpackz.com\/\" target=\"_blank\" rel=\"noopener\">.<\/a><\/p>\n<h3>Waarom kiezen voor Chanel Marihuana Hashish?<\/h3>\n<p>Le <strong>Hasjiesj Chanel Marihuana<\/strong> is ontworpen om een unieke en verfijnde ervaring te bieden. Het nauwgezette productieproces behoudt de integriteit van de terpenen en de potentie van elke vari\u00ebteit, waardoor een eindproduct ontstaat dat rijk is aan smaak en effect. Perfect voor kenners en mensen die op zoek zijn naar diepe ontspanning en een gevoel van luxe, is Chanel Hash een uitzonderlijke keuze voor high-end ontspanning.<a href=\"https:\/\/fuelpackz.com\/\" target=\"_blank\" rel=\"noopener\">.<\/a><\/p>\n<ul>\n<li><strong>Type<\/strong> : Indica Premium Hasjiesj<\/li>\n<li><strong>Oorsprong<\/strong> Gemaakt in British Columbia, Canada<\/li>\n<\/ul>\n<h3>Smaken en aroma's van Chanel marihuana hasjiesj<\/h3>\n<p>Le <strong>Hasjiesj Chanel Marihuana<\/strong> onderscheidt zich door een complex smaakprofiel, waarbij kruidige, aardse tonen worden gecombineerd met een kruidige zoetheid. Door verschillende krachtige vari\u00ebteiten te combineren, biedt het een complete zintuiglijke ervaring, verrijkt door diepe aroma's en een rijkdom aan terpenen.<\/p>\n<ul>\n<li><strong>Smaken<\/strong> Kruidig, Aards, Kruidachtig<\/li>\n<li><strong>Smaken<\/strong> Rijk, aards, dennentonen<\/li>\n<\/ul>\n<h3>Effecten en voordelen van hasj Chanel marihuana<\/h3>\n<p>Dankzij de mix van Indica-vari\u00ebteiten is de <strong>Hasjiesj Chanel Marihuana<\/strong> zorgt voor een intense, langdurige high, perfect voor ontspanning en stressverlichting. Deze hasj biedt een kalmerende lichaamservaring, ideaal voor een ontspannen avond of een sereen einde van de dag.<\/p>\n<ul>\n<li><strong>Effecten<\/strong> Ontspanning, Euforie, Kalmerend<\/li>\n<li><strong>Perfect voor<\/strong> Stressverlichting, lichaamsontspanning, avondontspanning<\/li>\n<\/ul>\n<h3>Chanel Marihuana Hasjiesj productieproces<\/h3>\n<p>Geproduceerd in kleine hoeveelheden om kwaliteit te garanderen. <strong>Hasjiesj Chanel Marihuana<\/strong> wordt geperst uit trichomen die geoogst zijn van vari\u00ebteiten van hoge kwaliteit en die in de vriezer zijn ingevroren om hun potentie te behouden. Elke fase van het proces is ontworpen om de zuiverheid en smaak te maximaliseren, waardoor deze hasjiesj een echt topproduct is.<\/p>\n<h3>Gebruik en ervaring<\/h3>\n<p>Le <strong>Hasjiesj Chanel Marihuana<\/strong> is veelzijdig en kan op verschillende manieren gegeten worden, afhankelijk van je voorkeuren:<\/p>\n<ul>\n<li><strong>Roken in een pijp of waterpijp<\/strong> voor snelle, krachtige effecten.<\/li>\n<li><strong>Spuit<\/strong> voor een pure smaakervaring en een gecontroleerde high.<\/li>\n<li><strong>Opnemen in een gezamenlijke<\/strong> voor extra intensiteit en smaak.<\/li>\n<\/ul>\n<h3>Bestel Chanel marihuana hasjiesj online bij Pressure Zone Shop<\/h3>\n<p>Klaar voor een luxe ervaring met de <strong>Hasjiesj Chanel Marihuana<\/strong> ? Bestel nu op <a href=\"https:\/\/pressurezone.shop\/nl\/\" target=\"_new\" rel=\"noopener\">Drukzone winkel<\/a> om deze verfijnde en krachtige hasj te ontdekken, perfect voor wie op zoek is naar eersteklas ontspanning. Met <strong>Chanel marihuana hasj<\/strong>Profiteer van onvergelijkbare kwaliteit en expertise.<\/p>","protected":false},"excerpt":{"rendered":"<p>Achetez le Haschisch Chanel Marijuana en Ligne en Europe sur Pressure Zone Shop D\u00e9couvrez le Haschisch Chanel Marijuana, un haschisch de luxe fabriqu\u00e9 avec soin en Colombie-Britannique. Ce haschisch domestique de qualit\u00e9 AAA+ est \u00e9labor\u00e9 exclusivement \u00e0 partir de vari\u00e9t\u00e9s de cannabis indica puissantes comme Death Bubba, OG Kush et Pink Kush, s\u00e9lectionn\u00e9es pour leurs [&hellip;]<\/p>","protected":false},"featured_media":3506,"comment_status":"closed","ping_status":"closed","template":"","meta":{"_uag_custom_page_level_css":"","site-sidebar-layout":"default","site-content-layout":"","ast-site-content-layout":"default","site-content-style":"default","site-sidebar-style":"default","ast-global-header-display":"","ast-banner-title-visibility":"","ast-main-header-display":"","ast-hfb-above-header-display":"","ast-hfb-below-header-display":"","ast-hfb-mobile-header-display":"","site-post-title":"","ast-breadcrumbs-content":"","ast-featured-img":"","footer-sml-layout":"","theme-transparent-header-meta":"default","adv-header-id-meta":"","stick-header-meta":"","header-above-stick-meta":"","header-main-stick-meta":"","header-below-stick-meta":"","astra-migrate-meta-layouts":"set","ast-page-background-enabled":"default","ast-page-background-meta":{"desktop":{"background-color":"","background-image":"","background-repeat":"repeat","background-position":"center center","background-size":"auto","background-attachment":"scroll","background-type":"","background-media":"","overlay-type":"","overlay-color":"","overlay-opacity":"","overlay-gradient":""},"tablet":{"background-color":"","background-image":"","background-repeat":"repeat","background-position":"center center","background-size":"auto","background-attachment":"scroll","background-type":"","background-media":"","overlay-type":"","overlay-color":"","overlay-opacity":"","overlay-gradient":""},"mobile":{"background-color":"","background-image":"","background-repeat":"repeat","background-position":"center center","background-size":"auto","background-attachment":"scroll","background-type":"","background-media":"","overlay-type":"","overlay-color":"","overlay-opacity":"","overlay-gradient":""}},"ast-content-background-meta":{"desktop":{"background-color":"var(--ast-global-color-5)","background-image":"","background-repeat":"repeat","background-position":"center center","background-size":"auto","background-attachment":"scroll","background-type":"","background-media":"","overlay-type":"","overlay-color":"","overlay-opacity":"","overlay-gradient":""},"tablet":{"background-color":"var(--ast-global-color-5)","background-image":"","background-repeat":"repeat","background-position":"center center","background-size":"auto","background-attachment":"scroll","background-type":"","background-media":"","overlay-type":"","overlay-color":"","overlay-opacity":"","overlay-gradient":""},"mobile":{"background-color":"var(--ast-global-color-5)","background-image":"","background-repeat":"repeat","background-position":"center center","background-size":"auto","background-attachment":"scroll","background-type":"","background-media":"","overlay-type":"","overlay-color":"","overlay-opacity":"","overlay-gradient":""}}},"product_brand":[],"product_cat":[334,29],"product_tag":[488],"class_list":{"0":"post-3449","1":"product","2":"type-product","3":"status-publish","4":"has-post-thumbnail","6":"product_cat-concentres-de-marijuana","7":"product_cat-haschisch","8":"product_tag-chanel-marijuana-hash-eu","9":"desktop-align-left","10":"tablet-align-left","11":"mobile-align-left","13":"first","14":"instock","15":"shipping-taxable","16":"purchasable","17":"product-type-variable"},"uagb_featured_image_src":{"full":["https:\/\/pressurezone.shop\/wp-content\/uploads\/2024\/10\/Chanel-Marijuana-Hash-EU.jpg",768,768,false],"thumbnail":["https:\/\/pressurezone.shop\/wp-content\/uploads\/2024\/10\/Chanel-Marijuana-Hash-EU-150x150.jpg",150,150,true],"medium":["https:\/\/pressurezone.shop\/wp-content\/uploads\/2024\/10\/Chanel-Marijuana-Hash-EU-300x300.jpg",300,300,true],"medium_large":["https:\/\/pressurezone.shop\/wp-content\/uploads\/2024\/10\/Chanel-Marijuana-Hash-EU.jpg",768,768,false],"large":["https:\/\/pressurezone.shop\/wp-content\/uploads\/2024\/10\/Chanel-Marijuana-Hash-EU.jpg",768,768,false],"1536x1536":["https:\/\/pressurezone.shop\/wp-content\/uploads\/2024\/10\/Chanel-Marijuana-Hash-EU.jpg",768,768,false],"2048x2048":["https:\/\/pressurezone.shop\/wp-content\/uploads\/2024\/10\/Chanel-Marijuana-Hash-EU.jpg",768,768,false],"trp-custom-language-flag":["https:\/\/pressurezone.shop\/wp-content\/uploads\/2024\/10\/Chanel-Marijuana-Hash-EU-12x12.jpg",12,12,true],"woocommerce_thumbnail":["https:\/\/pressurezone.shop\/wp-content\/uploads\/2024\/10\/Chanel-Marijuana-Hash-EU-300x300.jpg",300,300,true],"woocommerce_single":["https:\/\/pressurezone.shop\/wp-content\/uploads\/2024\/10\/Chanel-Marijuana-Hash-EU-600x600.jpg",600,600,true],"woocommerce_gallery_thumbnail":["https:\/\/pressurezone.shop\/wp-content\/uploads\/2024\/10\/Chanel-Marijuana-Hash-EU-100x100.jpg",100,100,true]},"uagb_author_info":{"display_name":"pressurezone.shop","author_link":"https:\/\/pressurezone.shop\/nl\/author\/"},"uagb_comment_info":0,"uagb_excerpt":"Achetez le Haschisch Chanel Marijuana en Ligne en Europe sur Pressure Zone Shop D\u00e9couvrez le Haschisch Chanel Marijuana, un haschisch de luxe fabriqu\u00e9 avec soin en Colombie-Britannique. Ce haschisch domestique de qualit\u00e9 AAA+ est \u00e9labor\u00e9 exclusivement \u00e0 partir de vari\u00e9t\u00e9s de cannabis indica puissantes comme Death Bubba, OG Kush et Pink Kush, s\u00e9lectionn\u00e9es pour leurs&hellip;","_links":{"self":[{"href":"https:\/\/pressurezone.shop\/nl\/wp-json\/wp\/v2\/product\/3449"}],"collection":[{"href":"https:\/\/pressurezone.shop\/nl\/wp-json\/wp\/v2\/product"}],"about":[{"href":"https:\/\/pressurezone.shop\/nl\/wp-json\/wp\/v2\/types\/product"}],"replies":[{"embeddable":true,"href":"https:\/\/pressurezone.shop\/nl\/wp-json\/wp\/v2\/comments?post=3449"}],"version-history":[{"count":4,"href":"https:\/\/pressurezone.shop\/nl\/wp-json\/wp\/v2\/product\/3449\/revisions"}],"predecessor-version":[{"id":4167,"href":"https:\/\/pressurezone.shop\/nl\/wp-json\/wp\/v2\/product\/3449\/revisions\/4167"}],"wp:featuredmedia":[{"embeddable":true,"href":"https:\/\/pressurezone.shop\/nl\/wp-json\/wp\/v2\/media\/3506"}],"wp:attachment":[{"href":"https:\/\/pressurezone.shop\/nl\/wp-json\/wp\/v2\/media?parent=3449"}],"wp:term":[{"taxonomy":"product_brand","embeddable":true,"href":"https:\/\/pressurezone.shop\/nl\/wp-json\/wp\/v2\/product_brand?post=3449"},{"taxonomy":"product_cat","embeddable":true,"href":"https:\/\/pressurezone.shop\/nl\/wp-json\/wp\/v2\/product_cat?post=3449"},{"taxonomy":"product_tag","embeddable":true,"href":"https:\/\/pressurezone.shop\/nl\/wp-json\/wp\/v2\/product_tag?post=3449"}],"curies":[{"name":"wp","href":"https:\/\/api.w.org\/{rel}","templated":true}]}}