{"id":3450,"date":"2024-10-11T01:03:29","date_gmt":"2024-10-10T23:03:29","guid":{"rendered":"https:\/\/pressurezone.shop\/?post_type=product&#038;p=3450"},"modified":"2024-11-04T19:17:03","modified_gmt":"2024-11-04T18:17:03","slug":"haschisch-marocain-phoenix","status":"publish","type":"product","link":"https:\/\/pressurezone.shop\/nl\/product\/marokkaanse-hasj-feniks\/","title":{"rendered":"Phoenix Marokkaanse hasj"},"content":{"rendered":"<h3><strong>Koop Phoenix Marokkaanse Hasjiesj online in Frankrijk op <a href=\"https:\/\/pressurezone.shop\/nl\/\" target=\"_new\" rel=\"noopener\">Drukzone winkel<\/a><\/strong><\/h3>\n<p>Ontdek de <strong>Phoenix Marokkaanse hasj<\/strong>een uitzonderlijk THC-concentraat dat verkrijgbaar is in Frankrijk, gemaakt van pure kief van de hoogste kwaliteit. Deze topklasse hasj is afkomstig van de harsklieren, of trichomen, van de cannabisplant, zorgvuldig gescheiden van al het plantmateriaal om een onge\u00ebvenaarde zuiverheid en potentie te leveren.<\/p>\n<h3>Authentieke hasj van topkwaliteit<\/h3>\n<p>Le <strong>Phoenix Marokkaanse hasj<\/strong> wordt op traditionele wijze gemaakt, waarbij pure kief, bestaande uit THC-rijke trichomen, onder hitte wordt geperst tot hasjstenen. Dit proces vangt alle essentie en potentie van de cannabisharsklieren. Onze <strong>AAA+ kwaliteit hasj<\/strong> garandeert een eersteklas ervaring, perfect voor veeleisende hasjliefhebbers<a href=\"https:\/\/fuelpackz.com\/\" target=\"_blank\" rel=\"noopener\">.<\/a><\/p>\n<ul>\n<li><strong>Type<\/strong> Premium Marokkaanse hasj<\/li>\n<li><strong>Oorsprong<\/strong> Marokko, topkwaliteit<\/li>\n<\/ul>\n<h3>Waarom kiezen voor Phoenix Marokkaanse hasj?<\/h3>\n<p>Le <strong>Phoenix Marokkaanse hasj<\/strong> is de perfecte keuze voor wie op zoek is naar een hoogwaardige, rijk gearomatiseerde en krachtige hasjiesj. Deze hasj is ontworpen om een ervaring van diepe ontspanning en euforie te leveren, en brengt je een onge\u00ebvenaarde zuiverheid en kwaliteit.<\/p>\n<ul>\n<li><strong>Smaken<\/strong> Diep, aards, met kruidige noten<\/li>\n<li><strong>Effecten<\/strong> Ontspanning, Euforie, Kalmerend<\/li>\n<li><strong>Perfect voor<\/strong> Ontspanning, stressverlichting en ontspanning 's avonds<\/li>\n<\/ul>\n<h3>Handgemaakt en authentiek<\/h3>\n<p>Onze <strong>Phoenix Marokkaanse hasj<\/strong> wordt geproduceerd volgens traditionele Marokkaanse methoden, waarbij alleen de zuiverste kief wordt gebruikt om een product van superieure kwaliteit te garanderen. Dit proces behoudt de intense aroma's en krachtige effecten van traditionele Marokkaanse hasj, en biedt een authentieke ervaring.<\/p>\n<h3>Smaken en aroma's van Phoenix Marokkaanse hasj<\/h3>\n<p>Met een aards smaakprofiel en subtiele kruidige noten is de <strong>Phoenix Marokkaanse hasj<\/strong> is een ware viering van de authentieke smaken van hasj. Deze harmonieuze mix van aroma's cre\u00ebert een complete zintuiglijke ervaring, perfect voor hasjliefhebbers die kwaliteit en een rijke smaak waarderen.<\/p>\n<ul>\n<li><strong>Smaken<\/strong> Aards, Kruidig<\/li>\n<li><strong>Smaken<\/strong> Diep, Houtachtig, Kruidig<\/li>\n<\/ul>\n<h3>Gebruik en ervaring<\/h3>\n<p>Le <strong>Phoenix Marokkaanse hasj<\/strong> is veelzijdig en kan op veel verschillende manieren worden geconsumeerd, waardoor voor elke consument een persoonlijke ervaring wordt gecre\u00eberd:<\/p>\n<ul>\n<li><strong>Roken in een pijp of waterpijp<\/strong> voor een snelle opbouw van effecten.<\/li>\n<li><strong>Spuit<\/strong> voor pure smaak en een gecontroleerde high.<\/li>\n<li><strong>Opnemen in een gezamenlijke<\/strong> voor een verrijkte smaak en verbeterde effecten.<\/li>\n<\/ul>\n<h3>Bestel Phoenix Moroccan Hash online bij Pressure Zone Shop<\/h3>\n<p>Klaar om de intensiteit en zuiverheid van <strong>Phoenix Marokkaanse hasj<\/strong> ? Bestel nu op <a href=\"https:\/\/pressurezone.shop\/nl\/\" target=\"_new\" rel=\"noopener\">Drukzone winkel<\/a> voor een authentieke hasjervaring van hoge kwaliteit. <strong>Phoenix Marokkaanse hasj<\/strong> is de ideale optie voor fijnproevers en mensen die op zoek zijn naar diepe, langdurige ontspanning.<\/p>","protected":false},"excerpt":{"rendered":"<p>Achetez le Haschisch Marocain Phoenix en Ligne en France sur Pressure Zone Shop D\u00e9couvrez le Haschisch Marocain Phoenix, un concentr\u00e9 exceptionnel de THC disponible en France, produit \u00e0 partir de la meilleure qualit\u00e9 de kief pur. Ce haschisch haut de gamme est issu des glandes r\u00e9sineuses ou trichomes de la plante de cannabis, s\u00e9par\u00e9es soigneusement [&hellip;]<\/p>","protected":false},"featured_media":3508,"comment_status":"closed","ping_status":"closed","template":"","meta":{"_uag_custom_page_level_css":"","site-sidebar-layout":"default","site-content-layout":"","ast-site-content-layout":"default","site-content-style":"default","site-sidebar-style":"default","ast-global-header-display":"","ast-banner-title-visibility":"","ast-main-header-display":"","ast-hfb-above-header-display":"","ast-hfb-below-header-display":"","ast-hfb-mobile-header-display":"","site-post-title":"","ast-breadcrumbs-content":"","ast-featured-img":"","footer-sml-layout":"","theme-transparent-header-meta":"default","adv-header-id-meta":"","stick-header-meta":"","header-above-stick-meta":"","header-main-stick-meta":"","header-below-stick-meta":"","astra-migrate-meta-layouts":"set","ast-page-background-enabled":"default","ast-page-background-meta":{"desktop":{"background-color":"","background-image":"","background-repeat":"repeat","background-position":"center center","background-size":"auto","background-attachment":"scroll","background-type":"","background-media":"","overlay-type":"","overlay-color":"","overlay-opacity":"","overlay-gradient":""},"tablet":{"background-color":"","background-image":"","background-repeat":"repeat","background-position":"center center","background-size":"auto","background-attachment":"scroll","background-type":"","background-media":"","overlay-type":"","overlay-color":"","overlay-opacity":"","overlay-gradient":""},"mobile":{"background-color":"","background-image":"","background-repeat":"repeat","background-position":"center center","background-size":"auto","background-attachment":"scroll","background-type":"","background-media":"","overlay-type":"","overlay-color":"","overlay-opacity":"","overlay-gradient":""}},"ast-content-background-meta":{"desktop":{"background-color":"var(--ast-global-color-5)","background-image":"","background-repeat":"repeat","background-position":"center center","background-size":"auto","background-attachment":"scroll","background-type":"","background-media":"","overlay-type":"","overlay-color":"","overlay-opacity":"","overlay-gradient":""},"tablet":{"background-color":"var(--ast-global-color-5)","background-image":"","background-repeat":"repeat","background-position":"center center","background-size":"auto","background-attachment":"scroll","background-type":"","background-media":"","overlay-type":"","overlay-color":"","overlay-opacity":"","overlay-gradient":""},"mobile":{"background-color":"var(--ast-global-color-5)","background-image":"","background-repeat":"repeat","background-position":"center center","background-size":"auto","background-attachment":"scroll","background-type":"","background-media":"","overlay-type":"","overlay-color":"","overlay-opacity":"","overlay-gradient":""}}},"product_brand":[],"product_cat":[334,29],"product_tag":[489],"class_list":{"0":"post-3450","1":"product","2":"type-product","3":"status-publish","4":"has-post-thumbnail","6":"product_cat-concentres-de-marijuana","7":"product_cat-haschisch","8":"product_tag-buy-moroccan-phoenix-hash-online-france","9":"desktop-align-left","10":"tablet-align-left","11":"mobile-align-left","13":"first","14":"instock","15":"shipping-taxable","16":"purchasable","17":"product-type-variable"},"uagb_featured_image_src":{"full":["https:\/\/pressurezone.shop\/wp-content\/uploads\/2024\/10\/Buy-Moroccan-Phoenix-Hash-Online.jpg",768,768,false],"thumbnail":["https:\/\/pressurezone.shop\/wp-content\/uploads\/2024\/10\/Buy-Moroccan-Phoenix-Hash-Online-150x150.jpg",150,150,true],"medium":["https:\/\/pressurezone.shop\/wp-content\/uploads\/2024\/10\/Buy-Moroccan-Phoenix-Hash-Online-300x300.jpg",300,300,true],"medium_large":["https:\/\/pressurezone.shop\/wp-content\/uploads\/2024\/10\/Buy-Moroccan-Phoenix-Hash-Online.jpg",768,768,false],"large":["https:\/\/pressurezone.shop\/wp-content\/uploads\/2024\/10\/Buy-Moroccan-Phoenix-Hash-Online.jpg",768,768,false],"1536x1536":["https:\/\/pressurezone.shop\/wp-content\/uploads\/2024\/10\/Buy-Moroccan-Phoenix-Hash-Online.jpg",768,768,false],"2048x2048":["https:\/\/pressurezone.shop\/wp-content\/uploads\/2024\/10\/Buy-Moroccan-Phoenix-Hash-Online.jpg",768,768,false],"trp-custom-language-flag":["https:\/\/pressurezone.shop\/wp-content\/uploads\/2024\/10\/Buy-Moroccan-Phoenix-Hash-Online-12x12.jpg",12,12,true],"woocommerce_thumbnail":["https:\/\/pressurezone.shop\/wp-content\/uploads\/2024\/10\/Buy-Moroccan-Phoenix-Hash-Online-300x300.jpg",300,300,true],"woocommerce_single":["https:\/\/pressurezone.shop\/wp-content\/uploads\/2024\/10\/Buy-Moroccan-Phoenix-Hash-Online-600x600.jpg",600,600,true],"woocommerce_gallery_thumbnail":["https:\/\/pressurezone.shop\/wp-content\/uploads\/2024\/10\/Buy-Moroccan-Phoenix-Hash-Online-100x100.jpg",100,100,true]},"uagb_author_info":{"display_name":"pressurezone.shop","author_link":"https:\/\/pressurezone.shop\/nl\/author\/"},"uagb_comment_info":0,"uagb_excerpt":"Achetez le Haschisch Marocain Phoenix en Ligne en France sur Pressure Zone Shop D\u00e9couvrez le Haschisch Marocain Phoenix, un concentr\u00e9 exceptionnel de THC disponible en France, produit \u00e0 partir de la meilleure qualit\u00e9 de kief pur. Ce haschisch haut de gamme est issu des glandes r\u00e9sineuses ou trichomes de la plante de cannabis, s\u00e9par\u00e9es soigneusement&hellip;","_links":{"self":[{"href":"https:\/\/pressurezone.shop\/nl\/wp-json\/wp\/v2\/product\/3450"}],"collection":[{"href":"https:\/\/pressurezone.shop\/nl\/wp-json\/wp\/v2\/product"}],"about":[{"href":"https:\/\/pressurezone.shop\/nl\/wp-json\/wp\/v2\/types\/product"}],"replies":[{"embeddable":true,"href":"https:\/\/pressurezone.shop\/nl\/wp-json\/wp\/v2\/comments?post=3450"}],"version-history":[{"count":3,"href":"https:\/\/pressurezone.shop\/nl\/wp-json\/wp\/v2\/product\/3450\/revisions"}],"predecessor-version":[{"id":4150,"href":"https:\/\/pressurezone.shop\/nl\/wp-json\/wp\/v2\/product\/3450\/revisions\/4150"}],"wp:featuredmedia":[{"embeddable":true,"href":"https:\/\/pressurezone.shop\/nl\/wp-json\/wp\/v2\/media\/3508"}],"wp:attachment":[{"href":"https:\/\/pressurezone.shop\/nl\/wp-json\/wp\/v2\/media?parent=3450"}],"wp:term":[{"taxonomy":"product_brand","embeddable":true,"href":"https:\/\/pressurezone.shop\/nl\/wp-json\/wp\/v2\/product_brand?post=3450"},{"taxonomy":"product_cat","embeddable":true,"href":"https:\/\/pressurezone.shop\/nl\/wp-json\/wp\/v2\/product_cat?post=3450"},{"taxonomy":"product_tag","embeddable":true,"href":"https:\/\/pressurezone.shop\/nl\/wp-json\/wp\/v2\/product_tag?post=3450"}],"curies":[{"name":"wp","href":"https:\/\/api.w.org\/{rel}","templated":true}]}}