{"id":7,"date":"2024-03-29T02:06:57","date_gmt":"2024-03-29T02:06:57","guid":{"rendered":"http:\/\/pressurezone.shop\/index.php\/cart\/"},"modified":"2024-03-29T02:06:57","modified_gmt":"2024-03-29T02:06:57","slug":"cart","status":"publish","type":"page","link":"https:\/\/pressurezone.shop\/pl\/wozek-3\/","title":{"rendered":"W\u00f3zek"},"content":{"rendered":"<div data-block-name=\"woocommerce\/cart\" class=\"wp-block-woocommerce-cart alignwide is-loading\"><div data-block-name=\"woocommerce\/filled-cart-block\" class=\"wp-block-woocommerce-filled-cart-block\"><div data-block-name=\"woocommerce\/cart-items-block\" class=\"wp-block-woocommerce-cart-items-block\"><div data-block-name=\"woocommerce\/cart-line-items-block\" class=\"wp-block-woocommerce-cart-line-items-block\"><\/div>\n\n<div data-block-name=\"woocommerce\/cart-cross-sells-block\" class=\"wp-block-woocommerce-cart-cross-sells-block\"><h2 class=\"wp-block-heading has-large-font-size\">Mo\u017cesz by\u0107 zainteresowany...<\/h2>\n\n<div data-block-name=\"woocommerce\/cart-cross-sells-products-block\" class=\"wp-block-woocommerce-cart-cross-sells-products-block\"><\/div><\/div><\/div>\n\n<div data-block-name=\"woocommerce\/cart-totals-block\" class=\"wp-block-woocommerce-cart-totals-block\"><div data-block-name=\"woocommerce\/cart-order-summary-block\" class=\"wp-block-woocommerce-cart-order-summary-block\"><div data-block-name=\"woocommerce\/cart-order-summary-heading-block\" class=\"wp-block-woocommerce-cart-order-summary-heading-block\"><\/div><div data-block-name=\"woocommerce\/cart-order-summary-coupon-form-block\" class=\"wp-block-woocommerce-cart-order-summary-coupon-form-block\"><\/div><div data-block-name=\"woocommerce\/cart-order-summary-totals-block\" class=\"wp-block-woocommerce-cart-order-summary-totals-block\">\n<div data-block-name=\"woocommerce\/cart-order-summary-subtotal-block\" class=\"wp-block-woocommerce-cart-order-summary-subtotal-block\"><\/div>\n<div data-block-name=\"woocommerce\/cart-order-summary-discount-block\" class=\"wp-block-woocommerce-cart-order-summary-discount-block\"><\/div>\n<div data-block-name=\"woocommerce\/cart-order-summary-fee-block\" class=\"wp-block-woocommerce-cart-order-summary-fee-block\"><\/div>\n<div data-block-name=\"woocommerce\/cart-order-summary-shipping-block\" class=\"wp-block-woocommerce-cart-order-summary-shipping-block\"><\/div>\n<div data-block-name=\"woocommerce\/cart-order-summary-taxes-block\" class=\"wp-block-woocommerce-cart-order-summary-taxes-block\"><\/div><\/div><\/div>\n\n<div data-block-name=\"woocommerce\/cart-express-payment-block\" class=\"wp-block-woocommerce-cart-express-payment-block\"><\/div>\n\n<div data-block-name=\"woocommerce\/proceed-to-checkout-block\" class=\"wp-block-woocommerce-proceed-to-checkout-block\"><\/div>\n\n<div data-block-name=\"woocommerce\/cart-accepted-payment-methods-block\" class=\"wp-block-woocommerce-cart-accepted-payment-methods-block\"><\/div><\/div><\/div>\n\n<div data-block-name=\"woocommerce\/empty-cart-block\" class=\"wp-block-woocommerce-empty-cart-block\"><h2 class=\"wp-block-heading has-text-align-center with-empty-cart-icon wc-block-cart__empty-cart__title\">Tw\u00f3j koszyk jest obecnie pusty!<\/h2>\n\n<hr class=\"wp-block-separator has-alpha-channel-opacity is-style-dots\"\/>\n\n<h2 class=\"wp-block-heading has-text-align-center\">Nowo\u015b\u0107 w sklepie<\/h2>\n\n<div data-block-name=\"woocommerce\/product-new\" data-columns=\"4\" data-rows=\"1\" class=\"wc-block-grid wp-block-product-new wp-block-woocommerce-product-new wc-block-product-new has-4-columns\"><ul class=\"wc-block-grid__products\"><li class=\"wc-block-grid__product\">\n\t\t\t\t<a href=\"https:\/\/pressurezone.shop\/pl\/produkt\/libanski-czerwony-haszysz\/\" class=\"wc-block-grid__product-link\">\n\t\t\t\t\t\n\t\t\t\t\t<div class=\"wc-block-grid__product-image\"><img fetchpriority=\"high\" decoding=\"async\" width=\"300\" height=\"300\" src=\"https:\/\/pressurezone.shop\/wp-content\/uploads\/2024\/10\/Buy-Red-Lebanese-Hash-300x300.jpg\" class=\"attachment-woocommerce_thumbnail size-woocommerce_thumbnail\" alt=\"Kup najlepszy haszysz online\" srcset=\"https:\/\/pressurezone.shop\/wp-content\/uploads\/2024\/10\/Buy-Red-Lebanese-Hash-300x300.jpg 300w, https:\/\/pressurezone.shop\/wp-content\/uploads\/2024\/10\/Buy-Red-Lebanese-Hash-150x150.jpg 150w, https:\/\/pressurezone.shop\/wp-content\/uploads\/2024\/10\/Buy-Red-Lebanese-Hash-12x12.jpg 12w, https:\/\/pressurezone.shop\/wp-content\/uploads\/2024\/10\/Buy-Red-Lebanese-Hash-600x600.jpg 600w, https:\/\/pressurezone.shop\/wp-content\/uploads\/2024\/10\/Buy-Red-Lebanese-Hash-100x100.jpg 100w, https:\/\/pressurezone.shop\/wp-content\/uploads\/2024\/10\/Buy-Red-Lebanese-Hash.jpg 768w\" sizes=\"(max-width: 300px) 100vw, 300px\" title=\"\"><\/div>\n\t\t\t\t\t<div class=\"wc-block-grid__product-title\">Czerwony liba\u0144ski haszysz<\/div>\n\t\t\t\t<\/a>\n\t\t\t\t<div class=\"wc-block-grid__product-price price\" data-no-translation=\"\" data-trp-gettext=\"\"><span class=\"woocommerce-Price-amount amount\">299.00<span class=\"woocommerce-Price-currencySymbol\">&euro;<\/span><\/span> &ndash; <span class=\"woocommerce-Price-amount amount\">44,999.00<span class=\"woocommerce-Price-currencySymbol\">&euro;<\/span><\/span><\/div>\n\t\t\t\t\n\t\t\t\t<div class=\"wp-block-button wc-block-grid__product-add-to-cart\"><a href=\"https:\/\/pressurezone.shop\/pl\/produkt\/libanski-czerwony-haszysz\/\" aria-label=\"Wybierz opcje dla \u201eHaschisch Rouge Libanais\u201d\" data-quantity=\"1\" data-product_id=\"3473\" data-product_sku=\"\" data-price=\"299\" rel=\"nofollow\" class=\"wp-block-button__link  add_to_cart_button\" data-no-translation=\"\" data-trp-gettext=\"\" data-no-translation-aria-label=\"\">Wybierz opcje<\/a><\/div>\n\t\t\t<\/li><li class=\"wc-block-grid__product\">\n\t\t\t\t<a href=\"https:\/\/pressurezone.shop\/pl\/produkt\/haszysz-smiejacy-sie-budda\/\" class=\"wc-block-grid__product-link\">\n\t\t\t\t\t\n\t\t\t\t\t<div class=\"wc-block-grid__product-image\"><img decoding=\"async\" width=\"300\" height=\"300\" src=\"https:\/\/pressurezone.shop\/wp-content\/uploads\/2024\/10\/Laughing-Buddha-Hash-EU-300x300.jpg\" class=\"attachment-woocommerce_thumbnail size-woocommerce_thumbnail\" alt=\"Haschisch \u015amiej\u0105cy si\u0119 Budda\" srcset=\"https:\/\/pressurezone.shop\/wp-content\/uploads\/2024\/10\/Laughing-Buddha-Hash-EU-300x300.jpg 300w, https:\/\/pressurezone.shop\/wp-content\/uploads\/2024\/10\/Laughing-Buddha-Hash-EU-150x150.jpg 150w, https:\/\/pressurezone.shop\/wp-content\/uploads\/2024\/10\/Laughing-Buddha-Hash-EU-12x12.jpg 12w, https:\/\/pressurezone.shop\/wp-content\/uploads\/2024\/10\/Laughing-Buddha-Hash-EU-600x600.jpg 600w, https:\/\/pressurezone.shop\/wp-content\/uploads\/2024\/10\/Laughing-Buddha-Hash-EU-100x100.jpg 100w, https:\/\/pressurezone.shop\/wp-content\/uploads\/2024\/10\/Laughing-Buddha-Hash-EU.jpg 768w\" sizes=\"(max-width: 300px) 100vw, 300px\" title=\"\"><\/div>\n\t\t\t\t\t<div class=\"wc-block-grid__product-title\">Haschisch \u015amiej\u0105cy si\u0119 Budda<\/div>\n\t\t\t\t<\/a>\n\t\t\t\t<div class=\"wc-block-grid__product-price price\" data-no-translation=\"\" data-trp-gettext=\"\"><span class=\"woocommerce-Price-amount amount\">199.00<span class=\"woocommerce-Price-currencySymbol\">&euro;<\/span><\/span> &ndash; <span class=\"woocommerce-Price-amount amount\">14,999.00<span class=\"woocommerce-Price-currencySymbol\">&euro;<\/span><\/span><\/div>\n\t\t\t\t\n\t\t\t\t<div class=\"wp-block-button wc-block-grid__product-add-to-cart\"><a href=\"https:\/\/pressurezone.shop\/pl\/produkt\/haszysz-smiejacy-sie-budda\/\" aria-label=\"Wybierz opcje dla \u201eHaschisch Laughing Buddha\u201d\" data-quantity=\"1\" data-product_id=\"3472\" data-product_sku=\"\" data-price=\"199\" rel=\"nofollow\" class=\"wp-block-button__link  add_to_cart_button\" data-no-translation=\"\" data-trp-gettext=\"\" data-no-translation-aria-label=\"\">Wybierz opcje<\/a><\/div>\n\t\t\t<\/li><li class=\"wc-block-grid__product\">\n\t\t\t\t<a href=\"https:\/\/pressurezone.shop\/pl\/produkt\/haszysz-malana-ziolo-slonia\/\" class=\"wc-block-grid__product-link\">\n\t\t\t\t\t\n\t\t\t\t\t<div class=\"wc-block-grid__product-image\"><img decoding=\"async\" width=\"300\" height=\"300\" src=\"https:\/\/pressurezone.shop\/wp-content\/uploads\/2024\/10\/Malana-Elephant-Weed-Hash-300x300.jpg\" class=\"attachment-woocommerce_thumbnail size-woocommerce_thumbnail\" alt=\"Hashish Malana Elephant Weed\" srcset=\"https:\/\/pressurezone.shop\/wp-content\/uploads\/2024\/10\/Malana-Elephant-Weed-Hash-300x300.jpg 300w, https:\/\/pressurezone.shop\/wp-content\/uploads\/2024\/10\/Malana-Elephant-Weed-Hash-150x150.jpg 150w, https:\/\/pressurezone.shop\/wp-content\/uploads\/2024\/10\/Malana-Elephant-Weed-Hash-12x12.jpg 12w, https:\/\/pressurezone.shop\/wp-content\/uploads\/2024\/10\/Malana-Elephant-Weed-Hash-600x600.jpg 600w, https:\/\/pressurezone.shop\/wp-content\/uploads\/2024\/10\/Malana-Elephant-Weed-Hash-100x100.jpg 100w, https:\/\/pressurezone.shop\/wp-content\/uploads\/2024\/10\/Malana-Elephant-Weed-Hash.jpg 768w\" sizes=\"(max-width: 300px) 100vw, 300px\" title=\"\"><\/div>\n\t\t\t\t\t<div class=\"wc-block-grid__product-title\">Hashish Malana Elephant Weed<\/div>\n\t\t\t\t<\/a>\n\t\t\t\t<div class=\"wc-block-grid__product-price price\" data-no-translation=\"\" data-trp-gettext=\"\"><span class=\"woocommerce-Price-amount amount\">199.00<span class=\"woocommerce-Price-currencySymbol\">&euro;<\/span><\/span> &ndash; <span class=\"woocommerce-Price-amount amount\">14,999.00<span class=\"woocommerce-Price-currencySymbol\">&euro;<\/span><\/span><\/div>\n\t\t\t\t\n\t\t\t\t<div class=\"wp-block-button wc-block-grid__product-add-to-cart\"><a href=\"https:\/\/pressurezone.shop\/pl\/produkt\/haszysz-malana-ziolo-slonia\/\" aria-label=\"Wybierz opcje dla \u201eHaschisch Malana Elephant Weed\u201d\" data-quantity=\"1\" data-product_id=\"3453\" data-product_sku=\"\" data-price=\"199\" rel=\"nofollow\" class=\"wp-block-button__link  add_to_cart_button\" data-no-translation=\"\" data-trp-gettext=\"\" data-no-translation-aria-label=\"\">Wybierz opcje<\/a><\/div>\n\t\t\t<\/li><li class=\"wc-block-grid__product\">\n\t\t\t\t<a href=\"https:\/\/pressurezone.shop\/pl\/produkt\/czarny-nepalski-haszysz\/\" class=\"wc-block-grid__product-link\">\n\t\t\t\t\t\n\t\t\t\t\t<div class=\"wc-block-grid__product-image\"><img loading=\"lazy\" decoding=\"async\" width=\"300\" height=\"300\" src=\"https:\/\/pressurezone.shop\/wp-content\/uploads\/2024\/10\/Black-Nepalese-Hash-300x300.jpg\" class=\"attachment-woocommerce_thumbnail size-woocommerce_thumbnail\" alt=\"Czarny nepalski haszysz\" srcset=\"https:\/\/pressurezone.shop\/wp-content\/uploads\/2024\/10\/Black-Nepalese-Hash-300x300.jpg 300w, https:\/\/pressurezone.shop\/wp-content\/uploads\/2024\/10\/Black-Nepalese-Hash-150x150.jpg 150w, https:\/\/pressurezone.shop\/wp-content\/uploads\/2024\/10\/Black-Nepalese-Hash-12x12.jpg 12w, https:\/\/pressurezone.shop\/wp-content\/uploads\/2024\/10\/Black-Nepalese-Hash-600x600.jpg 600w, https:\/\/pressurezone.shop\/wp-content\/uploads\/2024\/10\/Black-Nepalese-Hash-100x100.jpg 100w, https:\/\/pressurezone.shop\/wp-content\/uploads\/2024\/10\/Black-Nepalese-Hash.jpg 768w\" sizes=\"(max-width: 300px) 100vw, 300px\" title=\"\"><\/div>\n\t\t\t\t\t<div class=\"wc-block-grid__product-title\">Czarny nepalski haszysz<\/div>\n\t\t\t\t<\/a>\n\t\t\t\t<div class=\"wc-block-grid__product-price price\" data-no-translation=\"\" data-trp-gettext=\"\"><span class=\"woocommerce-Price-amount amount\">199.00<span class=\"woocommerce-Price-currencySymbol\">&euro;<\/span><\/span> &ndash; <span class=\"woocommerce-Price-amount amount\">13,999.00<span class=\"woocommerce-Price-currencySymbol\">&euro;<\/span><\/span><\/div>\n\t\t\t\t\n\t\t\t\t<div class=\"wp-block-button wc-block-grid__product-add-to-cart\"><a href=\"https:\/\/pressurezone.shop\/pl\/produkt\/czarny-nepalski-haszysz\/\" aria-label=\"Wybierz opcje dla \u201eBlack Nepalese Haschisch\u201d\" data-quantity=\"1\" data-product_id=\"3451\" data-product_sku=\"\" data-price=\"199\" rel=\"nofollow\" class=\"wp-block-button__link  add_to_cart_button\" data-no-translation=\"\" data-trp-gettext=\"\" data-no-translation-aria-label=\"\">Wybierz opcje<\/a><\/div>\n\t\t\t<\/li><\/ul><\/div><\/div><\/div>","protected":false},"excerpt":{"rendered":"","protected":false},"author":1,"featured_media":0,"parent":0,"menu_order":0,"comment_status":"closed","ping_status":"closed","template":"","meta":{"_uag_custom_page_level_css":"","site-sidebar-layout":"default","site-content-layout":"","ast-site-content-layout":"","site-content-style":"default","site-sidebar-style":"default","ast-global-header-display":"","ast-banner-title-visibility":"","ast-main-header-display":"","ast-hfb-above-header-display":"","ast-hfb-below-header-display":"","ast-hfb-mobile-header-display":"","site-post-title":"","ast-breadcrumbs-content":"","ast-featured-img":"","footer-sml-layout":"","theme-transparent-header-meta":"","adv-header-id-meta":"","stick-header-meta":"","header-above-stick-meta":"","header-main-stick-meta":"","header-below-stick-meta":"","astra-migrate-meta-layouts":"default","ast-page-background-enabled":"default","ast-page-background-meta":{"desktop":{"background-color":"","background-image":"","background-repeat":"repeat","background-position":"center center","background-size":"auto","background-attachment":"scroll","background-type":"","background-media":"","overlay-type":"","overlay-color":"","overlay-opacity":"","overlay-gradient":""},"tablet":{"background-color":"","background-image":"","background-repeat":"repeat","background-position":"center center","background-size":"auto","background-attachment":"scroll","background-type":"","background-media":"","overlay-type":"","overlay-color":"","overlay-opacity":"","overlay-gradient":""},"mobile":{"background-color":"","background-image":"","background-repeat":"repeat","background-position":"center center","background-size":"auto","background-attachment":"scroll","background-type":"","background-media":"","overlay-type":"","overlay-color":"","overlay-opacity":"","overlay-gradient":""}},"ast-content-background-meta":{"desktop":{"background-color":"var(--ast-global-color-5)","background-image":"","background-repeat":"repeat","background-position":"center center","background-size":"auto","background-attachment":"scroll","background-type":"","background-media":"","overlay-type":"","overlay-color":"","overlay-opacity":"","overlay-gradient":""},"tablet":{"background-color":"var(--ast-global-color-5)","background-image":"","background-repeat":"repeat","background-position":"center center","background-size":"auto","background-attachment":"scroll","background-type":"","background-media":"","overlay-type":"","overlay-color":"","overlay-opacity":"","overlay-gradient":""},"mobile":{"background-color":"var(--ast-global-color-5)","background-image":"","background-repeat":"repeat","background-position":"center center","background-size":"auto","background-attachment":"scroll","background-type":"","background-media":"","overlay-type":"","overlay-color":"","overlay-opacity":"","overlay-gradient":""}},"footnotes":""},"class_list":["post-7","page","type-page","status-publish","hentry"],"uagb_featured_image_src":{"full":false,"thumbnail":false,"medium":false,"medium_large":false,"large":false,"1536x1536":false,"2048x2048":false,"trp-custom-language-flag":false,"woocommerce_thumbnail":false,"woocommerce_single":false,"woocommerce_gallery_thumbnail":false},"uagb_author_info":{"display_name":"pressurezone.shop","author_link":"https:\/\/pressurezone.shop\/pl\/author\/pressurezone-shop\/"},"uagb_comment_info":0,"uagb_excerpt":null,"_links":{"self":[{"href":"https:\/\/pressurezone.shop\/pl\/wp-json\/wp\/v2\/pages\/7"}],"collection":[{"href":"https:\/\/pressurezone.shop\/pl\/wp-json\/wp\/v2\/pages"}],"about":[{"href":"https:\/\/pressurezone.shop\/pl\/wp-json\/wp\/v2\/types\/page"}],"author":[{"embeddable":true,"href":"https:\/\/pressurezone.shop\/pl\/wp-json\/wp\/v2\/users\/1"}],"replies":[{"embeddable":true,"href":"https:\/\/pressurezone.shop\/pl\/wp-json\/wp\/v2\/comments?post=7"}],"version-history":[{"count":0,"href":"https:\/\/pressurezone.shop\/pl\/wp-json\/wp\/v2\/pages\/7\/revisions"}],"wp:attachment":[{"href":"https:\/\/pressurezone.shop\/pl\/wp-json\/wp\/v2\/media?parent=7"}],"curies":[{"name":"wp","href":"https:\/\/api.w.org\/{rel}","templated":true}]}}