{"id":1671,"date":"2024-04-07T23:44:49","date_gmt":"2024-04-07T22:44:49","guid":{"rendered":"https:\/\/pressurezone.shop\/?post_type=product&#038;p=1671"},"modified":"2026-03-26T09:40:49","modified_gmt":"2026-03-26T08:40:49","slug":"kaws-slurpee-moonstone","status":"publish","type":"product","link":"https:\/\/pressurezone.shop\/pl\/produkt\/kaws-slurpee-moonstone\/","title":{"rendered":"Kaws Slurpee Moonstone"},"content":{"rendered":"<p>Ulepsz sw\u00f3j rutynowy posi\u0142ek dzi\u0119ki Kaws Slurpee Moonrock! Ten wyj\u0105tkowy mro\u017cony przysmak oferuje pyszne po\u0142\u0105czenie smak\u00f3w i przyci\u0105gaj\u0105cy wzrok design, idealny do napi\u0119tych harmonogram\u00f3w. Kup jeden ju\u017c dzi\u015b i ciesz si\u0119! Odmiana Kaws Slurpee Moonstone<\/p>\n<p><strong>USP :<\/strong><\/p>\n<p>Wyj\u0105tkowe po\u0142\u0105czenie smak\u00f3w: Kaws Slurpee Moonrock \u0142\u0105czy w sobie nostalgi\u0119 za klasycznego drinka z wyj\u0105tkowy i pyszny smak. (Pomy\u015bl: nag\u0142y wir smaku lub specjalny sk\u0142adnik)<br \/>\nPrzyci\u0105gaj\u0105cy wzrok design: Kaws Slurpee Moonrock ma atrakcyjny wizualnie design, kt\u00f3ry wyr\u00f3\u017cnia si\u0119 z t\u0142umu (pomy\u015bl: ciekawe kolory, unikalne opakowanie lub zabawne tekstury).<br \/>\nWygodny rozmiar: idealny dla os\u00f3b prowadz\u0105cych intensywny tryb \u017cycia, Kaws Slurpee Moonrock jest wst\u0119pnie zapakowany i gotowy do spo\u017cycia w podr\u00f3\u017cy.<\/p>\n<p><strong>Zalety:<\/strong><\/p>\n<p>Szybkie i \u0142atwe orze\u017awienie: Pokonaj upa\u0142 i zaspok\u00f3j apetyt na s\u0142odycze dzi\u0119ki temu por\u0119cznemu mro\u017conemu przysmakowi.<br \/>\nPyszne i zabawne: unikalne po\u0142\u0105czenie smak\u00f3w i przyci\u0105gaj\u0105cy wzrok design sprawiaj\u0105, \u017ce Kaws Slurpee Moonrock jest zabawnym i pysznym do\u015bwiadczeniem.<br \/>\nIdealne rozwi\u0105zanie dla zapracowanych: nie trzeba sta\u0107 w kolejce ani samodzielnie miesza\u0107. Chwy\u0107 Kaws Slurpee Moonrock i ciesz si\u0119 \u015bwie\u017cym smako\u0142ykiem zawsze i wsz\u0119dzie.Kaws Slurpee Moonston<a href=\"https:\/\/fuelpackz.com\/\" target=\"_blank\" rel=\"noopener\">e<\/a><\/p>","protected":false},"excerpt":{"rendered":"<h4><a href=\"https:\/\/pressurezone.shop\/pl\/\">Kaws Slurpee Moonstone<\/a><\/h4>\n<p>-Pyszne i wyj\u0105tkowe lody, kt\u00f3re idealnie nadaj\u0105 si\u0119 do zabrania ze sob\u0105!<\/p>","protected":false},"featured_media":1678,"comment_status":"open","ping_status":"closed","template":"","meta":{"_uag_custom_page_level_css":"","site-sidebar-layout":"default","site-content-layout":"","ast-site-content-layout":"default","site-content-style":"default","site-sidebar-style":"default","ast-global-header-display":"","ast-banner-title-visibility":"","ast-main-header-display":"","ast-hfb-above-header-display":"","ast-hfb-below-header-display":"","ast-hfb-mobile-header-display":"","site-post-title":"","ast-breadcrumbs-content":"","ast-featured-img":"","footer-sml-layout":"","theme-transparent-header-meta":"default","adv-header-id-meta":"","stick-header-meta":"","header-above-stick-meta":"","header-main-stick-meta":"","header-below-stick-meta":"","astra-migrate-meta-layouts":"set","ast-page-background-enabled":"default","ast-page-background-meta":{"desktop":{"background-color":"","background-image":"","background-repeat":"repeat","background-position":"center center","background-size":"auto","background-attachment":"scroll","background-type":"","background-media":"","overlay-type":"","overlay-color":"","overlay-opacity":"","overlay-gradient":""},"tablet":{"background-color":"","background-image":"","background-repeat":"repeat","background-position":"center center","background-size":"auto","background-attachment":"scroll","background-type":"","background-media":"","overlay-type":"","overlay-color":"","overlay-opacity":"","overlay-gradient":""},"mobile":{"background-color":"","background-image":"","background-repeat":"repeat","background-position":"center center","background-size":"auto","background-attachment":"scroll","background-type":"","background-media":"","overlay-type":"","overlay-color":"","overlay-opacity":"","overlay-gradient":""}},"ast-content-background-meta":{"desktop":{"background-color":"var(--ast-global-color-5)","background-image":"","background-repeat":"repeat","background-position":"center center","background-size":"auto","background-attachment":"scroll","background-type":"","background-media":"","overlay-type":"","overlay-color":"","overlay-opacity":"","overlay-gradient":""},"tablet":{"background-color":"var(--ast-global-color-5)","background-image":"","background-repeat":"repeat","background-position":"center center","background-size":"auto","background-attachment":"scroll","background-type":"","background-media":"","overlay-type":"","overlay-color":"","overlay-opacity":"","overlay-gradient":""},"mobile":{"background-color":"var(--ast-global-color-5)","background-image":"","background-repeat":"repeat","background-position":"center center","background-size":"auto","background-attachment":"scroll","background-type":"","background-media":"","overlay-type":"","overlay-color":"","overlay-opacity":"","overlay-gradient":""}}},"product_brand":[],"product_cat":[27],"product_tag":[218,217,219,105],"class_list":{"0":"post-1671","1":"product","2":"type-product","3":"status-publish","4":"has-post-thumbnail","6":"product_cat-commandez-vos-moonrocks-en-ligne","7":"product_tag-kaws-cereal-moonstone","8":"product_tag-kaws-slurpee-moonstone","9":"product_tag-moon-rock-a-vendre-en-ligne","10":"product_tag-shruberry-banana-moonrock","11":"desktop-align-left","12":"tablet-align-left","13":"mobile-align-left","15":"first","16":"instock","17":"sale","18":"shipping-taxable","19":"purchasable","20":"product-type-variable"},"uagb_featured_image_src":{"full":["https:\/\/pressurezone.shop\/wp-content\/uploads\/2024\/04\/photo1712374148.jpeg",600,800,false],"thumbnail":["https:\/\/pressurezone.shop\/wp-content\/uploads\/2024\/04\/photo1712374148-150x150.jpeg",150,150,true],"medium":["https:\/\/pressurezone.shop\/wp-content\/uploads\/2024\/04\/photo1712374148-225x300.jpeg",225,300,true],"medium_large":["https:\/\/pressurezone.shop\/wp-content\/uploads\/2024\/04\/photo1712374148.jpeg",600,800,false],"large":["https:\/\/pressurezone.shop\/wp-content\/uploads\/2024\/04\/photo1712374148.jpeg",600,800,false],"1536x1536":["https:\/\/pressurezone.shop\/wp-content\/uploads\/2024\/04\/photo1712374148.jpeg",600,800,false],"2048x2048":["https:\/\/pressurezone.shop\/wp-content\/uploads\/2024\/04\/photo1712374148.jpeg",600,800,false],"trp-custom-language-flag":["https:\/\/pressurezone.shop\/wp-content\/uploads\/2024\/04\/photo1712374148.jpeg",9,12,false],"woocommerce_thumbnail":["https:\/\/pressurezone.shop\/wp-content\/uploads\/2024\/04\/photo1712374148-300x300.jpeg",300,300,true],"woocommerce_single":["https:\/\/pressurezone.shop\/wp-content\/uploads\/2024\/04\/photo1712374148.jpeg",600,800,false],"woocommerce_gallery_thumbnail":["https:\/\/pressurezone.shop\/wp-content\/uploads\/2024\/04\/photo1712374148-100x100.jpeg",100,100,true]},"uagb_author_info":{"display_name":"pressurezone.shop","author_link":"https:\/\/pressurezone.shop\/pl\/author\/"},"uagb_comment_info":11,"uagb_excerpt":"Kaws Slurpee Moonstone -La g\u00e2terie glac\u00e9e d\u00e9licieuse et unique, parfaite \u00e0 emporter\u00a0!","_links":{"self":[{"href":"https:\/\/pressurezone.shop\/pl\/wp-json\/wp\/v2\/product\/1671"}],"collection":[{"href":"https:\/\/pressurezone.shop\/pl\/wp-json\/wp\/v2\/product"}],"about":[{"href":"https:\/\/pressurezone.shop\/pl\/wp-json\/wp\/v2\/types\/product"}],"replies":[{"embeddable":true,"href":"https:\/\/pressurezone.shop\/pl\/wp-json\/wp\/v2\/comments?post=1671"}],"version-history":[{"count":5,"href":"https:\/\/pressurezone.shop\/pl\/wp-json\/wp\/v2\/product\/1671\/revisions"}],"predecessor-version":[{"id":2172,"href":"https:\/\/pressurezone.shop\/pl\/wp-json\/wp\/v2\/product\/1671\/revisions\/2172"}],"wp:featuredmedia":[{"embeddable":true,"href":"https:\/\/pressurezone.shop\/pl\/wp-json\/wp\/v2\/media\/1678"}],"wp:attachment":[{"href":"https:\/\/pressurezone.shop\/pl\/wp-json\/wp\/v2\/media?parent=1671"}],"wp:term":[{"taxonomy":"product_brand","embeddable":true,"href":"https:\/\/pressurezone.shop\/pl\/wp-json\/wp\/v2\/product_brand?post=1671"},{"taxonomy":"product_cat","embeddable":true,"href":"https:\/\/pressurezone.shop\/pl\/wp-json\/wp\/v2\/product_cat?post=1671"},{"taxonomy":"product_tag","embeddable":true,"href":"https:\/\/pressurezone.shop\/pl\/wp-json\/wp\/v2\/product_tag?post=1671"}],"curies":[{"name":"wp","href":"https:\/\/api.w.org\/{rel}","templated":true}]}}