{"id":1719,"date":"2024-04-08T06:53:47","date_gmt":"2024-04-08T05:53:47","guid":{"rendered":"https:\/\/pressurezone.shop\/?post_type=product&#038;p=1719"},"modified":"2025-10-10T14:46:43","modified_gmt":"2025-10-10T12:46:43","slug":"canna-cavi-moonrocks","status":"publish","type":"product","link":"https:\/\/pressurezone.shop\/pl\/produkt\/canna-cavi-moonrocks\/","title":{"rendered":"CANNA CAVI MOONROCKS"},"content":{"rendered":"<h3>CANNA CAVI MOON ROCKS<\/h3>\n<p>Canna Cavi MoonRocks stanowi wysokiej jako\u015bci produkt z konopi, w kt\u00f3rym \u0142\u0105czy si\u0119 kwiaty klasy premium, \u0433\u0430\u0448\u0438\u0448\u043d\u043e\u0435 olej z koncentracj\u0105 konopi, terpeny, aby doda\u0107 smaku i kif-pod\u0142ogowa. Jest to por\u00f3wnywalne z po\u0142\u0105czeniem \u0142ydki i bimbru, oferuj\u0105c unikalne i niezwyk\u0142e wra\u017cenia. Ponadto, Canna Cavi - to wyj\u0105tkowa marka, kt\u00f3ra specjalizuje si\u0119 w tworzeniu tych wyj\u0105tkowych produkt\u00f3w.<\/p>\n<p>Przygotuj si\u0119 do niesamowitego do\u015bwiadczenia, kt\u00f3ra dowiezie was na nowej wysoko\u015bci. Kamienie ksi\u0119\u017cycowe Canna Cavi - najnowszy dodatek do naszego wyszukiwania prawdziwych ksi\u0119\u017cycowych kamieni, a my na pewno je znalaz\u0142e\u015b! Te bry\u0142ki maj\u0105 idealny kszta\u0142t, co pozwala na otwieranie ich, nie czyni\u0105c krzywdy. Oni s\u0105 imponuj\u0105ce wizualnie, maj\u0105 wy\u015bmienity smak i zapewniaj\u0105 g\u0142\u0119boki i mocny efekt. Witamy w nowy standard w \u015bwiecie \u043a\u0430\u043d\u043d\u0430\u0431\u0438\u0441\u043d\u044b\u0445 ras.<\/p>\n<p>Canna Cavi sk\u0142ada si\u0119 z kwiatu klasy premium, kt\u00f3ry mo\u017ce by\u0107 stymuluj\u0105ce \u0441\u0430\u0442\u0438\u0432\u0443, \u0438\u043d\u0434\u0438\u043a\u043e\u0439 lub hybryd\u0105, w zale\u017cno\u015bci od preferencji. Kwiat nasycony \u0433\u0430\u0448\u0438\u0448\u043d\u044b\u043c olejem, skoncentrowany w \u043a\u0430\u043d\u043d\u0430\u0431\u0438\u0441\u0435, doprawione \u0442\u0435\u0440\u043f\u0435\u043d\u0430\u043c\u0438, a nast\u0119pnie pokryta \u043a\u0438\u0444\u043e\u043c. W rzeczywisto\u015bci, to THC-bomba zegarowa, kt\u00f3ra zabierze ci\u0119 w ekscytuj\u0105c\u0105 podr\u00f3\u017c na Ksi\u0119\u017cyc.<\/p>\n<p>Ten konkretny gatunek jest hybryda z przewag\u0105 indica, w kt\u00f3rym \u0142\u0105czy si\u0119 odmiany White Runtz i Jet Fuel Gelato. Nie<a href=\"https:\/\/fuelpackz.com\/\" target=\"_blank\" rel=\"noopener\">s<\/a> niesamowite, co ta kombinacja jest niezwykle pot\u0119\u017cny. Ta odmiana konopi jest klasyfikowany jako hybryda.CANNA CAVI MOONROCKS<\/p>","protected":false},"excerpt":{"rendered":"<h4><a href=\"https:\/\/pressurezone.shop\/pl\/\">CANNA CAVI MOONROCKS<\/a><\/h4>\n<p>Zmierz maksymaln\u0105 przyjemno\u015b\u0107 z u\u017cywania konopi z CANNACAVI Moonrocks. Mieszanka premium dla doskona\u0142ego efektu.<\/p>","protected":false},"featured_media":1720,"comment_status":"open","ping_status":"closed","template":"","meta":{"_uag_custom_page_level_css":"","site-sidebar-layout":"default","site-content-layout":"","ast-site-content-layout":"default","site-content-style":"default","site-sidebar-style":"default","ast-global-header-display":"","ast-banner-title-visibility":"","ast-main-header-display":"","ast-hfb-above-header-display":"","ast-hfb-below-header-display":"","ast-hfb-mobile-header-display":"","site-post-title":"","ast-breadcrumbs-content":"","ast-featured-img":"","footer-sml-layout":"","theme-transparent-header-meta":"default","adv-header-id-meta":"","stick-header-meta":"","header-above-stick-meta":"","header-main-stick-meta":"","header-below-stick-meta":"","astra-migrate-meta-layouts":"set","ast-page-background-enabled":"default","ast-page-background-meta":{"desktop":{"background-color":"","background-image":"","background-repeat":"repeat","background-position":"center center","background-size":"auto","background-attachment":"scroll","background-type":"","background-media":"","overlay-type":"","overlay-color":"","overlay-opacity":"","overlay-gradient":""},"tablet":{"background-color":"","background-image":"","background-repeat":"repeat","background-position":"center center","background-size":"auto","background-attachment":"scroll","background-type":"","background-media":"","overlay-type":"","overlay-color":"","overlay-opacity":"","overlay-gradient":""},"mobile":{"background-color":"","background-image":"","background-repeat":"repeat","background-position":"center center","background-size":"auto","background-attachment":"scroll","background-type":"","background-media":"","overlay-type":"","overlay-color":"","overlay-opacity":"","overlay-gradient":""}},"ast-content-background-meta":{"desktop":{"background-color":"var(--ast-global-color-5)","background-image":"","background-repeat":"repeat","background-position":"center center","background-size":"auto","background-attachment":"scroll","background-type":"","background-media":"","overlay-type":"","overlay-color":"","overlay-opacity":"","overlay-gradient":""},"tablet":{"background-color":"var(--ast-global-color-5)","background-image":"","background-repeat":"repeat","background-position":"center center","background-size":"auto","background-attachment":"scroll","background-type":"","background-media":"","overlay-type":"","overlay-color":"","overlay-opacity":"","overlay-gradient":""},"mobile":{"background-color":"var(--ast-global-color-5)","background-image":"","background-repeat":"repeat","background-position":"center center","background-size":"auto","background-attachment":"scroll","background-type":"","background-media":"","overlay-type":"","overlay-color":"","overlay-opacity":"","overlay-gradient":""}}},"product_brand":[],"product_cat":[27],"product_tag":[207,208,209,210,211,201,212,213],"class_list":{"0":"post-1719","1":"product","2":"type-product","3":"status-publish","4":"has-post-thumbnail","6":"product_cat-commandez-vos-moonrocks-en-ligne","7":"product_tag-buy-canna-cavi-moonrocks-online","8":"product_tag-canna-cavi","9":"product_tag-canna-cavi-moonrocks","10":"product_tag-canna-cavi-moonrocks-near-me","11":"product_tag-canna-cavi-moonrocks-price","12":"product_tag-cannacavi-moon-rocks","13":"product_tag-order-canna-cavi-moonrock","14":"product_tag-where-to-buy-canna-cavi-moonrocks","15":"desktop-align-left","16":"tablet-align-left","17":"mobile-align-left","19":"first","20":"instock","21":"sale","22":"shipping-taxable","23":"purchasable","24":"product-type-variable"},"uagb_featured_image_src":{"full":["https:\/\/pressurezone.shop\/wp-content\/uploads\/2024\/04\/photo1712373919.jpeg",600,800,false],"thumbnail":["https:\/\/pressurezone.shop\/wp-content\/uploads\/2024\/04\/photo1712373919-150x150.jpeg",150,150,true],"medium":["https:\/\/pressurezone.shop\/wp-content\/uploads\/2024\/04\/photo1712373919-225x300.jpeg",225,300,true],"medium_large":["https:\/\/pressurezone.shop\/wp-content\/uploads\/2024\/04\/photo1712373919.jpeg",600,800,false],"large":["https:\/\/pressurezone.shop\/wp-content\/uploads\/2024\/04\/photo1712373919.jpeg",600,800,false],"1536x1536":["https:\/\/pressurezone.shop\/wp-content\/uploads\/2024\/04\/photo1712373919.jpeg",600,800,false],"2048x2048":["https:\/\/pressurezone.shop\/wp-content\/uploads\/2024\/04\/photo1712373919.jpeg",600,800,false],"trp-custom-language-flag":["https:\/\/pressurezone.shop\/wp-content\/uploads\/2024\/04\/photo1712373919.jpeg",9,12,false],"woocommerce_thumbnail":["https:\/\/pressurezone.shop\/wp-content\/uploads\/2024\/04\/photo1712373919-300x300.jpeg",300,300,true],"woocommerce_single":["https:\/\/pressurezone.shop\/wp-content\/uploads\/2024\/04\/photo1712373919.jpeg",600,800,false],"woocommerce_gallery_thumbnail":["https:\/\/pressurezone.shop\/wp-content\/uploads\/2024\/04\/photo1712373919-100x100.jpeg",100,100,true]},"uagb_author_info":{"display_name":"pressurezone.shop","author_link":"https:\/\/pressurezone.shop\/pl\/author\/"},"uagb_comment_info":12,"uagb_excerpt":"CANNA CAVI MOONROCKS D\u00e9couvrez le summum du plaisir du cannabis avec CANNACAVI Moonrocks. Un m\u00e9lange premium pour un effet sup\u00e9rieur.","_links":{"self":[{"href":"https:\/\/pressurezone.shop\/pl\/wp-json\/wp\/v2\/product\/1719"}],"collection":[{"href":"https:\/\/pressurezone.shop\/pl\/wp-json\/wp\/v2\/product"}],"about":[{"href":"https:\/\/pressurezone.shop\/pl\/wp-json\/wp\/v2\/types\/product"}],"replies":[{"embeddable":true,"href":"https:\/\/pressurezone.shop\/pl\/wp-json\/wp\/v2\/comments?post=1719"}],"version-history":[{"count":4,"href":"https:\/\/pressurezone.shop\/pl\/wp-json\/wp\/v2\/product\/1719\/revisions"}],"predecessor-version":[{"id":2114,"href":"https:\/\/pressurezone.shop\/pl\/wp-json\/wp\/v2\/product\/1719\/revisions\/2114"}],"wp:featuredmedia":[{"embeddable":true,"href":"https:\/\/pressurezone.shop\/pl\/wp-json\/wp\/v2\/media\/1720"}],"wp:attachment":[{"href":"https:\/\/pressurezone.shop\/pl\/wp-json\/wp\/v2\/media?parent=1719"}],"wp:term":[{"taxonomy":"product_brand","embeddable":true,"href":"https:\/\/pressurezone.shop\/pl\/wp-json\/wp\/v2\/product_brand?post=1719"},{"taxonomy":"product_cat","embeddable":true,"href":"https:\/\/pressurezone.shop\/pl\/wp-json\/wp\/v2\/product_cat?post=1719"},{"taxonomy":"product_tag","embeddable":true,"href":"https:\/\/pressurezone.shop\/pl\/wp-json\/wp\/v2\/product_tag?post=1719"}],"curies":[{"name":"wp","href":"https:\/\/api.w.org\/{rel}","templated":true}]}}