{"id":1733,"date":"2024-04-08T09:18:00","date_gmt":"2024-04-08T08:18:00","guid":{"rendered":"https:\/\/pressurezone.shop\/?post_type=product&#038;p=1733"},"modified":"2024-11-09T06:58:04","modified_gmt":"2024-11-09T05:58:04","slug":"cherry-crashers","status":"publish","type":"product","link":"https:\/\/pressurezone.shop\/pl\/produkt\/cherry-crashers\/","title":{"rendered":"Cherry Crashers"},"content":{"rendered":"<h5><a href=\"https:\/\/pressurezone.shop\/pl\/\">Cherry Crasher <\/a><\/h5>\n<p>jest odmian\u0105 konopi, znanej swoimi specyficznymi efektami i sk\u0142adem chemicznym. Gdy poziom THC 20% oferuje konsumentom stosunkowo pot\u0119\u017cne do\u015bwiadczenie. Dominuj\u0105cym \u0442\u0435\u0440\u043f\u0435\u043d\u043e\u043c, obecnych w tej odmianie, jest \u043a\u0430\u0440\u0438\u043e\u0444\u0438\u043b\u043b\u0435\u043d, kt\u00f3ry przyczynia si\u0119 do jego charakterystyczny zapach i potencjalnym leczniczym w\u0142a\u015bciwo\u015bciom.<\/p>\n<p>Wed\u0142ug opinii na Leafly, u\u017cytkownicy zg\u0142aszali, \u017ce czuj\u0105 senno\u015b\u0107, kreatywno\u015b\u0107 i szcz\u0119\u015bcie po spo\u017cyciu Cherry. Uspokajaj\u0105ce dzia\u0142anie tej odmiany mo\u017ce uczyni\u0107 go odpowiednim wyborem dla tych, kt\u00f3rzy chc\u0105 si\u0119 zrelaksowa\u0107 i pozby\u0107 si\u0119 bezsenno\u015bci i problem\u00f3w zwi\u0105zanych ze snem. Ponadto, tw\u00f3rcze i pobudzaj\u0105ce efekty mog\u0105 wzmocni\u0107 artystyczne wyra\u017canie siebie i poprawi\u0107 nastr\u00f3j.<\/p>\n<p>Podobnie jak w przypadku innych szczep konopi, indywidualne do\u015bwiadczenie mo\u017ce si\u0119 r\u00f3\u017cni\u0107, i zawsze nale\u017cy rozpocz\u0105\u0107 od ma\u0142ej dawki i stopniowo zwi\u0119ksza\u0107 j\u0105 w razie potrzeby. Je\u015bli kiedykolwiek pr\u00f3bowa\u0142e\u015b Cherry Crasher, to, dziel\u0105c si\u0119 swoimi osobistymi pogl\u0105dami, mo\u017cna uzyska\u0107 cenne informacje dla ka\u017cdego, kto rozwa\u017ca t\u0119 opcj\u0119<a href=\"https:\/\/fuelpackz.com\/\" target=\"_blank\" rel=\"noopener\">herbat\u0119.<\/a><\/p>","protected":false},"excerpt":{"rendered":"<p>Cherry Crasher to odmiana konopi. Recenzenci Leafly twierdz\u0105, \u017ce gatunek ten sprawia, \u017ce czuj\u0105 si\u0119 senne, tw\u00f3rczych i szcz\u0119\u015bliwi. Poziom THC w Cherry Crasher wynosi 20%. Dominuj\u0105cym \u0442\u0435\u0440\u043f\u0435\u043d\u043e\u043c w tej odmianie jest \u043a\u0430\u0440\u0438\u043e\u0444\u0438\u043b\u043b\u0435\u043d. Je\u015bli kiedykolwiek palili, palili lub cieszyli\u015bmy si\u0119, \u017ce szczep Cherry Crasher, daj nam zna\u0107! Zostaw komentarz.<\/p>","protected":false},"featured_media":1734,"comment_status":"open","ping_status":"closed","template":"","meta":{"_uag_custom_page_level_css":"","site-sidebar-layout":"default","site-content-layout":"","ast-site-content-layout":"default","site-content-style":"default","site-sidebar-style":"default","ast-global-header-display":"","ast-banner-title-visibility":"","ast-main-header-display":"","ast-hfb-above-header-display":"","ast-hfb-below-header-display":"","ast-hfb-mobile-header-display":"","site-post-title":"","ast-breadcrumbs-content":"","ast-featured-img":"","footer-sml-layout":"","theme-transparent-header-meta":"default","adv-header-id-meta":"","stick-header-meta":"","header-above-stick-meta":"","header-main-stick-meta":"","header-below-stick-meta":"","astra-migrate-meta-layouts":"set","ast-page-background-enabled":"default","ast-page-background-meta":{"desktop":{"background-color":"","background-image":"","background-repeat":"repeat","background-position":"center center","background-size":"auto","background-attachment":"scroll","background-type":"","background-media":"","overlay-type":"","overlay-color":"","overlay-opacity":"","overlay-gradient":""},"tablet":{"background-color":"","background-image":"","background-repeat":"repeat","background-position":"center center","background-size":"auto","background-attachment":"scroll","background-type":"","background-media":"","overlay-type":"","overlay-color":"","overlay-opacity":"","overlay-gradient":""},"mobile":{"background-color":"","background-image":"","background-repeat":"repeat","background-position":"center center","background-size":"auto","background-attachment":"scroll","background-type":"","background-media":"","overlay-type":"","overlay-color":"","overlay-opacity":"","overlay-gradient":""}},"ast-content-background-meta":{"desktop":{"background-color":"var(--ast-global-color-5)","background-image":"","background-repeat":"repeat","background-position":"center center","background-size":"auto","background-attachment":"scroll","background-type":"","background-media":"","overlay-type":"","overlay-color":"","overlay-opacity":"","overlay-gradient":""},"tablet":{"background-color":"var(--ast-global-color-5)","background-image":"","background-repeat":"repeat","background-position":"center center","background-size":"auto","background-attachment":"scroll","background-type":"","background-media":"","overlay-type":"","overlay-color":"","overlay-opacity":"","overlay-gradient":""},"mobile":{"background-color":"var(--ast-global-color-5)","background-image":"","background-repeat":"repeat","background-position":"center center","background-size":"auto","background-attachment":"scroll","background-type":"","background-media":"","overlay-type":"","overlay-color":"","overlay-opacity":"","overlay-gradient":""}}},"product_brand":[],"product_cat":[28],"product_tag":[],"class_list":{"0":"post-1733","1":"product","2":"type-product","3":"status-publish","4":"has-post-thumbnail","6":"product_cat-varietes-de-cannabis","7":"desktop-align-left","8":"tablet-align-left","9":"mobile-align-left","11":"first","12":"instock","13":"sale","14":"shipping-taxable","15":"purchasable","16":"product-type-variable"},"uagb_featured_image_src":{"full":["https:\/\/pressurezone.shop\/wp-content\/uploads\/2024\/04\/photo1712356437.jpeg",800,617,false],"thumbnail":["https:\/\/pressurezone.shop\/wp-content\/uploads\/2024\/04\/photo1712356437-150x150.jpeg",150,150,true],"medium":["https:\/\/pressurezone.shop\/wp-content\/uploads\/2024\/04\/photo1712356437-300x231.jpeg",300,231,true],"medium_large":["https:\/\/pressurezone.shop\/wp-content\/uploads\/2024\/04\/photo1712356437-768x592.jpeg",768,592,true],"large":["https:\/\/pressurezone.shop\/wp-content\/uploads\/2024\/04\/photo1712356437.jpeg",800,617,false],"1536x1536":["https:\/\/pressurezone.shop\/wp-content\/uploads\/2024\/04\/photo1712356437.jpeg",800,617,false],"2048x2048":["https:\/\/pressurezone.shop\/wp-content\/uploads\/2024\/04\/photo1712356437.jpeg",800,617,false],"trp-custom-language-flag":["https:\/\/pressurezone.shop\/wp-content\/uploads\/2024\/04\/photo1712356437.jpeg",16,12,false],"woocommerce_thumbnail":["https:\/\/pressurezone.shop\/wp-content\/uploads\/2024\/04\/photo1712356437-300x300.jpeg",300,300,true],"woocommerce_single":["https:\/\/pressurezone.shop\/wp-content\/uploads\/2024\/04\/photo1712356437-600x463.jpeg",600,463,true],"woocommerce_gallery_thumbnail":["https:\/\/pressurezone.shop\/wp-content\/uploads\/2024\/04\/photo1712356437-100x100.jpeg",100,100,true]},"uagb_author_info":{"display_name":"pressurezone.shop","author_link":"https:\/\/pressurezone.shop\/pl\/author\/"},"uagb_comment_info":2,"uagb_excerpt":"Cherry Crasher est une vari\u00e9t\u00e9 de cannabis. Les critiques sur Leafly affirment que cette vari\u00e9t\u00e9 les fait se sentir somnolents, cr\u00e9atifs et heureux. Cherry Crasher a un taux de THC de 20%. Le terp\u00e8ne dominant de cette vari\u00e9t\u00e9 est le caryophyll\u00e8ne. Si vous avez d\u00e9j\u00e0 fum\u00e9, vaporis\u00e9 ou appr\u00e9ci\u00e9 cette vari\u00e9t\u00e9, Cherry Crasher, faites-le nous&hellip;","_links":{"self":[{"href":"https:\/\/pressurezone.shop\/pl\/wp-json\/wp\/v2\/product\/1733"}],"collection":[{"href":"https:\/\/pressurezone.shop\/pl\/wp-json\/wp\/v2\/product"}],"about":[{"href":"https:\/\/pressurezone.shop\/pl\/wp-json\/wp\/v2\/types\/product"}],"replies":[{"embeddable":true,"href":"https:\/\/pressurezone.shop\/pl\/wp-json\/wp\/v2\/comments?post=1733"}],"version-history":[{"count":4,"href":"https:\/\/pressurezone.shop\/pl\/wp-json\/wp\/v2\/product\/1733\/revisions"}],"predecessor-version":[{"id":2183,"href":"https:\/\/pressurezone.shop\/pl\/wp-json\/wp\/v2\/product\/1733\/revisions\/2183"}],"wp:featuredmedia":[{"embeddable":true,"href":"https:\/\/pressurezone.shop\/pl\/wp-json\/wp\/v2\/media\/1734"}],"wp:attachment":[{"href":"https:\/\/pressurezone.shop\/pl\/wp-json\/wp\/v2\/media?parent=1733"}],"wp:term":[{"taxonomy":"product_brand","embeddable":true,"href":"https:\/\/pressurezone.shop\/pl\/wp-json\/wp\/v2\/product_brand?post=1733"},{"taxonomy":"product_cat","embeddable":true,"href":"https:\/\/pressurezone.shop\/pl\/wp-json\/wp\/v2\/product_cat?post=1733"},{"taxonomy":"product_tag","embeddable":true,"href":"https:\/\/pressurezone.shop\/pl\/wp-json\/wp\/v2\/product_tag?post=1733"}],"curies":[{"name":"wp","href":"https:\/\/api.w.org\/{rel}","templated":true}]}}