{"id":1749,"date":"2024-04-08T09:26:27","date_gmt":"2024-04-08T08:26:27","guid":{"rendered":"https:\/\/pressurezone.shop\/?post_type=product&#038;p=1749"},"modified":"2024-04-10T02:49:05","modified_gmt":"2024-04-10T01:49:05","slug":"gelato-punch","status":"publish","type":"product","link":"https:\/\/pressurezone.shop\/pl\/produkt\/poncz-lodowy\/","title":{"rendered":"Gelato Punch"},"content":{"rendered":"<h2><a href=\"https:\/\/pressurezone.shop\/pl\/\"><strong>Lody z owocowym ponczem<\/strong><\/a><\/h2>\n<p>Gelato Punch <span style=\"font-size: 16px;\">jest umiarkowanie dominuj\u0105cy hybrydowy szczep indica (60% indica \/ 40% sativa lub 70% indica \/ 30% sativa), stworzony przez skrzy\u017cowanie pysznych odmian Purpurowy punch i Lody 33. Ten potomek gwiazd ma wy\u015bmienity smak i uspokajaj\u0105ce, kt\u00f3re pomog\u0105 ci si\u0119 zrelaksowa\u0107 i zasn\u0105\u0107.<\/span><\/p>\n<p>Jak i jego rodzice, Gelato Punch ma bardzo s\u0142odki i owocowy smak z nut\u0105 szorstkich owoc\u00f3w cytrusowych i \u015bmietany. Zapach kwa\u015bny i cytryny, z nut\u0105 pikantnym oleju nap\u0119dowego i \u043f\u0435\u0440\u0435\u0447\u043d\u043e\u0433\u043e winogron. Gelato Punch \u043d\u043e\u043a\u0430\u0443\u0442\u0438\u0440\u0443\u0435\u0442 ciebie w ci\u0105gu kilku minut po wydechu, zadaj\u0105c podw\u00f3jne uderzenie szcz\u0119\u015bcia i spokoju.<\/p>\n<p>Poczujesz, jak tw\u00f3j umys\u0142 przepe\u0142nia uczucie rozkoszy, podczas gdy twoje cia\u0142o stopniowo przechodzi w stan intensywnego fizycznego odpr\u0119\u017cenia i lekko\u015bci. Ta kombinacja mo\u017ce szybko post\u0119powa\u0107 jako \u015brodek uspokajaj\u0105cy, wi\u0119c przygotuj si\u0119 do dobrego i d\u0142ugiego snu z tym p\u0105czkiem! Dzi\u0119ki tym efektom i wysoki \u015bredni poziom THC, przewy\u017cszaj\u0105cej 20%, Gelato Punch cz\u0119sto wybieraj\u0105 do leczenia takich stan\u00f3w, jak bezsenno\u015b\u0107, przewlek\u0142y b\u00f3l, utrata apetytu lub nudno\u015bci, a tak\u017ce przewlek\u0142y stres.<\/p>\n<p>G\u0142owice Gelato Punch ma\u0142e i zaokr\u0105glone, \u0441\u0443\u043f\u0435\u0440\u043f\u043b\u043e\u0442\u043d\u043e\u0433\u043e oliwkowo-zielony kolor z ciemno-fioletowych odcieniach, jasno-\u017c\u00f3\u0142to-pomara\u0144czowymi w\u0142oskami i jasno-ciemno-fioletowe \u043a\u0440\u0438\u0441\u0442\u0430\u043b\u043b\u0438\u0447\u0435\u0441\u043a\u0438\u043c\u0438 w\u0142osk\u00f3w.<\/p>\n<p>Gelato Punch - to odmiany hybrydowe, znany z lekko dominuj\u0105ce cechy indica. Zosta\u0142 on stworzony przez skrzy\u017cowanie dw\u00f3ch popularnych odmian: Purple Punch i Gelato 33. Otrzymany potomek dziedziczy najlepsze cechy swoich rodzic\u00f3w, zapewniaj\u0105c wyj\u0105tkowe i przyjemne do\u015bwiadczenie.<\/p>\n<p>Jednym z istotnych aspekt\u00f3w Gelato Punch jest jego wspania\u0142y smak. Smak jest s\u0142odki, s\u0142odki, przypominaj\u0105cy owoc\u00f3w, jag\u00f3d, z nut\u0105 szorstkich owoc\u00f3w cytrusowych i \u015bmietany. Zapach kwa\u015bny i cytryny, z pikantnymi nutami oleju nap\u0119dowego i nut\u0105 \u043f\u0435\u0440\u0435\u0447\u043d\u043e\u0433\u043e winogron.<\/p>\n<p>Co do efektu, Gelato Punch zapewnia koj\u0105ce i uspokajaj\u0105ce podw\u00f3jne dzia\u0142anie. On ma mo\u017cliwo\u015b\u0107 wywo\u0142ywa\u0107 uczucie relaksu i spokoju, co czyni go idealnym wyborem dla relaksu i przygotowania do snu. R\u00f3\u017cnorodno\u015b\u0107 mo\u017ce zapewni\u0107 b\u0142ogi stan umys\u0142u, powoduj\u0105c przy tym intensywne doznania fizyczne, kt\u00f3re przyczyniaj\u0105 si\u0119 relaksacj\u0119.<\/p>\n<p>Gr\u00e2ce \u00e0 ses effets puissants et \u00e0 sa teneur relativement \u00e9lev\u00e9e en THC (en moyenne sup\u00e9rieure \u00e0 20 %), Gelato Punch est souvent recherch\u00e9e \u00e0 des fins m\u00e9dicinales. Elle est couramment utilis\u00e9e pour soulager des affections telles que l\u2019insomnie, les douleurs chroniques, la perte d\u2019app\u00e9tit, les naus\u00e9es et le stress chronique.<\/p>\n<p>Visuellement, les t\u00eates de Gelato Punch se caract\u00e9risent par leur forme petite et arrondie, leur structure dense et leurs couleurs vives. Elles pr\u00e9sentent des nuances pourpres profondes, des poils jaune-orange vif et des trichomes cristallins pourpres et givr\u00e9s.<\/p>\n<p>Dans l\u2019ensemble, Gelato Punch offre une combinaison d\u00e9licieuse de saveurs, d\u2019effets puissants et de potentiel th\u00e9rapeutique, ce qui en fait un choix privil\u00e9gi\u00e9 parmi les amateurs de cannabis \u00e0 la recherche de d\u00e9tente et de soulagement de divers mau<a href=\"https:\/\/fuelpackz.com\/\" target=\"_blank\" rel=\"noopener\">x.<\/a><\/p>\n<h4>Gelato Punch<\/h4>","protected":false},"excerpt":{"rendered":"<p>W og\u00f3le, Gelato Punch oferuje wspania\u0142e po\u0142\u0105czenie smak\u00f3w, pot\u0119\u017cnego efektu terapeutycznego potencja\u0142u, co czyni go najlepszym wyborem w\u015br\u00f3d mi\u0142o\u015bnik\u00f3w konopi, szukaj\u0105cych relaksu i pozby\u0107 si\u0119 r\u00f3\u017cnych dolegliwo\u015bci.<\/p>","protected":false},"featured_media":1750,"comment_status":"open","ping_status":"closed","template":"","meta":{"_uag_custom_page_level_css":"","site-sidebar-layout":"default","site-content-layout":"","ast-site-content-layout":"default","site-content-style":"default","site-sidebar-style":"default","ast-global-header-display":"","ast-banner-title-visibility":"","ast-main-header-display":"","ast-hfb-above-header-display":"","ast-hfb-below-header-display":"","ast-hfb-mobile-header-display":"","site-post-title":"","ast-breadcrumbs-content":"","ast-featured-img":"","footer-sml-layout":"","theme-transparent-header-meta":"default","adv-header-id-meta":"","stick-header-meta":"","header-above-stick-meta":"","header-main-stick-meta":"","header-below-stick-meta":"","astra-migrate-meta-layouts":"set","ast-page-background-enabled":"default","ast-page-background-meta":{"desktop":{"background-color":"","background-image":"","background-repeat":"repeat","background-position":"center center","background-size":"auto","background-attachment":"scroll","background-type":"","background-media":"","overlay-type":"","overlay-color":"","overlay-opacity":"","overlay-gradient":""},"tablet":{"background-color":"","background-image":"","background-repeat":"repeat","background-position":"center center","background-size":"auto","background-attachment":"scroll","background-type":"","background-media":"","overlay-type":"","overlay-color":"","overlay-opacity":"","overlay-gradient":""},"mobile":{"background-color":"","background-image":"","background-repeat":"repeat","background-position":"center center","background-size":"auto","background-attachment":"scroll","background-type":"","background-media":"","overlay-type":"","overlay-color":"","overlay-opacity":"","overlay-gradient":""}},"ast-content-background-meta":{"desktop":{"background-color":"var(--ast-global-color-5)","background-image":"","background-repeat":"repeat","background-position":"center center","background-size":"auto","background-attachment":"scroll","background-type":"","background-media":"","overlay-type":"","overlay-color":"","overlay-opacity":"","overlay-gradient":""},"tablet":{"background-color":"var(--ast-global-color-5)","background-image":"","background-repeat":"repeat","background-position":"center center","background-size":"auto","background-attachment":"scroll","background-type":"","background-media":"","overlay-type":"","overlay-color":"","overlay-opacity":"","overlay-gradient":""},"mobile":{"background-color":"var(--ast-global-color-5)","background-image":"","background-repeat":"repeat","background-position":"center center","background-size":"auto","background-attachment":"scroll","background-type":"","background-media":"","overlay-type":"","overlay-color":"","overlay-opacity":"","overlay-gradient":""}}},"product_brand":[],"product_cat":[28],"product_tag":[205,72,201,218],"class_list":{"0":"post-1749","1":"product","2":"type-product","3":"status-publish","4":"has-post-thumbnail","6":"product_cat-varietes-de-cannabis","7":"product_tag-berry-blast","8":"product_tag-cannabis","9":"product_tag-cannacavi-moon-rocks","10":"product_tag-kaws-cereal-moonstone","11":"desktop-align-left","12":"tablet-align-left","13":"mobile-align-left","15":"first","16":"instock","17":"sale","18":"shipping-taxable","19":"purchasable","20":"product-type-variable"},"uagb_featured_image_src":{"full":["https:\/\/pressurezone.shop\/wp-content\/uploads\/2024\/04\/photo1712356436.jpeg",1127,1280,false],"thumbnail":["https:\/\/pressurezone.shop\/wp-content\/uploads\/2024\/04\/photo1712356436-150x150.jpeg",150,150,true],"medium":["https:\/\/pressurezone.shop\/wp-content\/uploads\/2024\/04\/photo1712356436-264x300.jpeg",264,300,true],"medium_large":["https:\/\/pressurezone.shop\/wp-content\/uploads\/2024\/04\/photo1712356436-768x872.jpeg",768,872,true],"large":["https:\/\/pressurezone.shop\/wp-content\/uploads\/2024\/04\/photo1712356436-902x1024.jpeg",902,1024,true],"1536x1536":["https:\/\/pressurezone.shop\/wp-content\/uploads\/2024\/04\/photo1712356436.jpeg",1127,1280,false],"2048x2048":["https:\/\/pressurezone.shop\/wp-content\/uploads\/2024\/04\/photo1712356436.jpeg",1127,1280,false],"trp-custom-language-flag":["https:\/\/pressurezone.shop\/wp-content\/uploads\/2024\/04\/photo1712356436.jpeg",11,12,false],"woocommerce_thumbnail":["https:\/\/pressurezone.shop\/wp-content\/uploads\/2024\/04\/photo1712356436-300x300.jpeg",300,300,true],"woocommerce_single":["https:\/\/pressurezone.shop\/wp-content\/uploads\/2024\/04\/photo1712356436-600x681.jpeg",600,681,true],"woocommerce_gallery_thumbnail":["https:\/\/pressurezone.shop\/wp-content\/uploads\/2024\/04\/photo1712356436-100x100.jpeg",100,100,true]},"uagb_author_info":{"display_name":"pressurezone.shop","author_link":"https:\/\/pressurezone.shop\/pl\/author\/"},"uagb_comment_info":0,"uagb_excerpt":"Dans l'ensemble, Gelato Punch offre une combinaison d\u00e9licieuse de saveurs, d'effets puissants et de potentiel th\u00e9rapeutique, ce qui en fait un choix privil\u00e9gi\u00e9 parmi les amateurs de cannabis \u00e0 la recherche de d\u00e9tente et de soulagement de divers maux.","_links":{"self":[{"href":"https:\/\/pressurezone.shop\/pl\/wp-json\/wp\/v2\/product\/1749"}],"collection":[{"href":"https:\/\/pressurezone.shop\/pl\/wp-json\/wp\/v2\/product"}],"about":[{"href":"https:\/\/pressurezone.shop\/pl\/wp-json\/wp\/v2\/types\/product"}],"replies":[{"embeddable":true,"href":"https:\/\/pressurezone.shop\/pl\/wp-json\/wp\/v2\/comments?post=1749"}],"version-history":[{"count":5,"href":"https:\/\/pressurezone.shop\/pl\/wp-json\/wp\/v2\/product\/1749\/revisions"}],"predecessor-version":[{"id":2185,"href":"https:\/\/pressurezone.shop\/pl\/wp-json\/wp\/v2\/product\/1749\/revisions\/2185"}],"wp:featuredmedia":[{"embeddable":true,"href":"https:\/\/pressurezone.shop\/pl\/wp-json\/wp\/v2\/media\/1750"}],"wp:attachment":[{"href":"https:\/\/pressurezone.shop\/pl\/wp-json\/wp\/v2\/media?parent=1749"}],"wp:term":[{"taxonomy":"product_brand","embeddable":true,"href":"https:\/\/pressurezone.shop\/pl\/wp-json\/wp\/v2\/product_brand?post=1749"},{"taxonomy":"product_cat","embeddable":true,"href":"https:\/\/pressurezone.shop\/pl\/wp-json\/wp\/v2\/product_cat?post=1749"},{"taxonomy":"product_tag","embeddable":true,"href":"https:\/\/pressurezone.shop\/pl\/wp-json\/wp\/v2\/product_tag?post=1749"}],"curies":[{"name":"wp","href":"https:\/\/api.w.org\/{rel}","templated":true}]}}