{"id":1757,"date":"2024-04-08T09:29:57","date_gmt":"2024-04-08T08:29:57","guid":{"rendered":"https:\/\/pressurezone.shop\/?post_type=product&#038;p=1757"},"modified":"2024-04-10T02:25:19","modified_gmt":"2024-04-10T01:25:19","slug":"white-berry-cannabis-strain","status":"publish","type":"product","link":"https:\/\/pressurezone.shop\/pl\/produkt\/odmiana-konopi-white-berry\/","title":{"rendered":"white Berry cannabis strain"},"content":{"rendered":"<p>Odmiana bia\u0142ej jagody konopi, tak\u017ce powszechnie znany jako &#034;Niebieska&#034; wdowa &#034; i &#034;Bia\u0142a jagoda&#034;, jest umiarkowanie dominuj\u0105c\u0105 \u0433\u0438\u0431\u0440\u0438\u0434\u0438\u0437\u0430\u0446\u0438\u044e indica (65% indica \/ 35% sativa), uzyskanych w wyniku krzy\u017cowania bardzo popularnych odmian White Widow i DJ Short Blueberry.<\/p>\n<p>white Berry cannabis strain<\/p>\n<p>Ten pachn\u0105cy bud harmonijnie \u0142\u0105czy w sobie smaki i efekty obu swych wsp\u00f3\u0142braci, tworz\u0105c wspania\u0142y dym, kt\u00f3ry chcesz powtarza\u0107 w k\u00f3\u0142ko. Jego silny zapach przyjemny s\u0142odkawo-jagodowym zapachu i \u0442\u0435\u0440\u043f\u043a\u043e\u0439 owocow\u0105 nut\u0105, kt\u00f3ra wyr\u00f3\u017cnia si\u0119 w \u043a\u043e\u043f\u0447\u0435\u043d\u0438\u0438 g\u0142\u00f3wek. Smak jest s\u0142odki, jak bor\u00f3wka czarna, z cierpkim ziemisty smak na wydechu, kt\u00f3ry nasila si\u0119 w miar\u0119 tego, jak mo\u017cna nadal pali\u0107.<\/p>\n<p>Te ma\u0142e powietrzne g\u0142owicy maj\u0105 posta\u0107 okr\u0105g\u0142ych kamieni le\u015bno-zielone, pokryte grub\u0105 warstw\u0105 bia\u0142ych, krystalicznych w\u0142osk\u00f3w. U nich rzadkie jasny bursztyn w\u0142osy i niebieskie odcienie, kt\u00f3re czasem prze\u015bwituj\u0105 przez matowe wyko\u0144czenie.<\/p>\n<p>Akcja bia\u0142ej jagody o\u017cywia i orze\u017awia, ale przy stosowaniu w du\u017cych ilo\u015bciach mo\u017ce by\u0107 ci\u0119\u017ckie dla organizmu. Od razu poczujesz przyp\u0142yw pozytywnej i koj\u0105cej energii, a tak\u017ce motywacj\u0119, kt\u00f3ra pobudza kreatywno\u015b\u0107 i daje poczucie skupienia. Je\u015bli za\u0142atwimy wystarczy, was ogarnie pot\u0119\u017cne uczucie relaksu, kt\u00f3ra przykuwa ci\u0119 do sofy.<\/p>\n<p>Te efekty w po\u0142\u0105czeniu ze \u015brednim poziomem THC od 16 do 22% robi\u0105 White Berry idealnym wyborem dla leczenia przewlek\u0142ego stresu lub niepokoju, przypadk\u00f3w depresji, \u0142agodne, nudno\u015bci i migreny lub b\u00f3le g\u0142owy.<a href=\"https:\/\/fuelpackz.com\/\" target=\"_blank\" rel=\"noopener\">e<\/a> napi\u0119cie.white Berry cannabis strain<\/p>","protected":false},"excerpt":{"rendered":"<h2><a href=\"https:\/\/pressurezone.shop\/pl\/\">white Berry cannabis strain<\/a><\/h2>\n<p>&#034;Ciesz si\u0119 s\u0142odycz\u0105 White Berry Candy! Podaruj swoje kubki smakowe naszej atrakcyjnej mieszank\u0105 owoc\u00f3w i kremowo-bia\u0142ej czekolady. Podaruj sobie pyszny pocz\u0119stunek, kt\u00f3ry zaspokoi twoje pragnienia. Spr\u00f3buj White Berry Candy ju\u017c teraz i poczuj rozkosz! \ud83c\udf6c\ud83c\udf53 &#034;<\/p>","protected":false},"featured_media":1758,"comment_status":"open","ping_status":"closed","template":"","meta":{"_uag_custom_page_level_css":"","site-sidebar-layout":"default","site-content-layout":"","ast-site-content-layout":"default","site-content-style":"default","site-sidebar-style":"default","ast-global-header-display":"","ast-banner-title-visibility":"","ast-main-header-display":"","ast-hfb-above-header-display":"","ast-hfb-below-header-display":"","ast-hfb-mobile-header-display":"","site-post-title":"","ast-breadcrumbs-content":"","ast-featured-img":"","footer-sml-layout":"","theme-transparent-header-meta":"default","adv-header-id-meta":"","stick-header-meta":"","header-above-stick-meta":"","header-main-stick-meta":"","header-below-stick-meta":"","astra-migrate-meta-layouts":"set","ast-page-background-enabled":"default","ast-page-background-meta":{"desktop":{"background-color":"","background-image":"","background-repeat":"repeat","background-position":"center center","background-size":"auto","background-attachment":"scroll","background-type":"","background-media":"","overlay-type":"","overlay-color":"","overlay-opacity":"","overlay-gradient":""},"tablet":{"background-color":"","background-image":"","background-repeat":"repeat","background-position":"center center","background-size":"auto","background-attachment":"scroll","background-type":"","background-media":"","overlay-type":"","overlay-color":"","overlay-opacity":"","overlay-gradient":""},"mobile":{"background-color":"","background-image":"","background-repeat":"repeat","background-position":"center center","background-size":"auto","background-attachment":"scroll","background-type":"","background-media":"","overlay-type":"","overlay-color":"","overlay-opacity":"","overlay-gradient":""}},"ast-content-background-meta":{"desktop":{"background-color":"var(--ast-global-color-5)","background-image":"","background-repeat":"repeat","background-position":"center center","background-size":"auto","background-attachment":"scroll","background-type":"","background-media":"","overlay-type":"","overlay-color":"","overlay-opacity":"","overlay-gradient":""},"tablet":{"background-color":"var(--ast-global-color-5)","background-image":"","background-repeat":"repeat","background-position":"center center","background-size":"auto","background-attachment":"scroll","background-type":"","background-media":"","overlay-type":"","overlay-color":"","overlay-opacity":"","overlay-gradient":""},"mobile":{"background-color":"var(--ast-global-color-5)","background-image":"","background-repeat":"repeat","background-position":"center center","background-size":"auto","background-attachment":"scroll","background-type":"","background-media":"","overlay-type":"","overlay-color":"","overlay-opacity":"","overlay-gradient":""}}},"product_brand":[],"product_cat":[28],"product_tag":[],"class_list":{"0":"post-1757","1":"product","2":"type-product","3":"status-publish","4":"has-post-thumbnail","6":"product_cat-varietes-de-cannabis","7":"desktop-align-left","8":"tablet-align-left","9":"mobile-align-left","11":"first","12":"instock","13":"sale","14":"shipping-taxable","15":"purchasable","16":"product-type-variable"},"uagb_featured_image_src":{"full":["https:\/\/pressurezone.shop\/wp-content\/uploads\/2024\/04\/photo1712356436-1.jpeg",1280,1205,false],"thumbnail":["https:\/\/pressurezone.shop\/wp-content\/uploads\/2024\/04\/photo1712356436-1-150x150.jpeg",150,150,true],"medium":["https:\/\/pressurezone.shop\/wp-content\/uploads\/2024\/04\/photo1712356436-1-300x282.jpeg",300,282,true],"medium_large":["https:\/\/pressurezone.shop\/wp-content\/uploads\/2024\/04\/photo1712356436-1-768x723.jpeg",768,723,true],"large":["https:\/\/pressurezone.shop\/wp-content\/uploads\/2024\/04\/photo1712356436-1-1024x964.jpeg",1024,964,true],"1536x1536":["https:\/\/pressurezone.shop\/wp-content\/uploads\/2024\/04\/photo1712356436-1.jpeg",1280,1205,false],"2048x2048":["https:\/\/pressurezone.shop\/wp-content\/uploads\/2024\/04\/photo1712356436-1.jpeg",1280,1205,false],"trp-custom-language-flag":["https:\/\/pressurezone.shop\/wp-content\/uploads\/2024\/04\/photo1712356436-1.jpeg",13,12,false],"woocommerce_thumbnail":["https:\/\/pressurezone.shop\/wp-content\/uploads\/2024\/04\/photo1712356436-1-300x300.jpeg",300,300,true],"woocommerce_single":["https:\/\/pressurezone.shop\/wp-content\/uploads\/2024\/04\/photo1712356436-1-600x565.jpeg",600,565,true],"woocommerce_gallery_thumbnail":["https:\/\/pressurezone.shop\/wp-content\/uploads\/2024\/04\/photo1712356436-1-100x100.jpeg",100,100,true]},"uagb_author_info":{"display_name":"pressurezone.shop","author_link":"https:\/\/pressurezone.shop\/pl\/author\/"},"uagb_comment_info":0,"uagb_excerpt":"white Berry cannabis strain \"Savourez la douceur des White Berry Candy ! R\u00e9galez vos papilles gustatives avec notre irr\u00e9sistible m\u00e9lange de baies et de chocolat blanc cr\u00e9meux. Offrez-vous une d\u00e9licieuse g\u00e2terie qui satisfera vos envies. Essayez White Berry Candy maintenant et vivez un pur bonheur ! \ud83c\udf6c\ud83c\udf53\"","_links":{"self":[{"href":"https:\/\/pressurezone.shop\/pl\/wp-json\/wp\/v2\/product\/1757"}],"collection":[{"href":"https:\/\/pressurezone.shop\/pl\/wp-json\/wp\/v2\/product"}],"about":[{"href":"https:\/\/pressurezone.shop\/pl\/wp-json\/wp\/v2\/types\/product"}],"replies":[{"embeddable":true,"href":"https:\/\/pressurezone.shop\/pl\/wp-json\/wp\/v2\/comments?post=1757"}],"version-history":[{"count":5,"href":"https:\/\/pressurezone.shop\/pl\/wp-json\/wp\/v2\/product\/1757\/revisions"}],"predecessor-version":[{"id":2180,"href":"https:\/\/pressurezone.shop\/pl\/wp-json\/wp\/v2\/product\/1757\/revisions\/2180"}],"wp:featuredmedia":[{"embeddable":true,"href":"https:\/\/pressurezone.shop\/pl\/wp-json\/wp\/v2\/media\/1758"}],"wp:attachment":[{"href":"https:\/\/pressurezone.shop\/pl\/wp-json\/wp\/v2\/media?parent=1757"}],"wp:term":[{"taxonomy":"product_brand","embeddable":true,"href":"https:\/\/pressurezone.shop\/pl\/wp-json\/wp\/v2\/product_brand?post=1757"},{"taxonomy":"product_cat","embeddable":true,"href":"https:\/\/pressurezone.shop\/pl\/wp-json\/wp\/v2\/product_cat?post=1757"},{"taxonomy":"product_tag","embeddable":true,"href":"https:\/\/pressurezone.shop\/pl\/wp-json\/wp\/v2\/product_tag?post=1757"}],"curies":[{"name":"wp","href":"https:\/\/api.w.org\/{rel}","templated":true}]}}