{"id":1797,"date":"2024-04-08T16:01:34","date_gmt":"2024-04-08T15:01:34","guid":{"rendered":"https:\/\/pressurezone.shop\/?post_type=product&#038;p=1797"},"modified":"2025-10-10T14:47:44","modified_gmt":"2025-10-10T12:47:44","slug":"flavorx-moon-rocks","status":"publish","type":"product","link":"https:\/\/pressurezone.shop\/pl\/produkt\/skaly-ksiezycowe-flavorx\/","title":{"rendered":"FLAVORX MOON ROCKS"},"content":{"rendered":"<p>Moonrocks Flavorxs wykonane s\u0105 z przyjaznych dla \u015brodowiska projektowych egzotycznych kwiat\u00f3w, natchn\u0105cy na \u017cywo \u017cywicy i \u043a\u0438\u0444\u0435. 100% organiczny. Przetestowano w laboratorium.<br \/>\n*Nale\u017cy pami\u0119ta\u0107, \u017ce mo\u017cna uzyska\u0107 cz\u0119\u015bciowe kawa\u0142ki Moonrocks, tak jak ten przedmiot sprzedawany na wag\u0119.<\/p>\n<p>Flavorx Moonrocks bardzo silne i mog\u0105 mie\u0107 intensywne i d\u0142ugotrwa\u0142e dzia\u0142anie. S\u0105 one wykonane z nerek, nas\u0105czonych \u0433\u0430\u0448\u0438\u0448\u043d\u043e\u043c oleju lub innych cieczy \u043a\u043e\u043d\u0446\u0435\u043d\u0442\u0440\u0430\u0442\u0430\u0445 konopi, a nast\u0119pnie \u043e\u0431\u0432\u0430\u043b\u044f\u043d\u043d\u044b\u0445 w \u043a\u0438\u0444\u0435, kt\u00f3re stanowi\u0105 \u017cywicznych krokowego (tzw. w\u0142osk\u00f3w), kt\u00f3re zosta\u0142y usuni\u0119te z p\u0105k\u00f3w konopi.<\/p>\n<p>Jak stosowa\u0107 kamienie ksi\u0119\u017cycowe: Po pierwsze, kamienie ksi\u0119\u017cycowe, nale\u017cy zerwa\u0107, aby umie\u015bci\u0107 w uszczelk\u0119, atomizer, s\u0142uchawk\u0119, lub dowolny inny instrument, u\u017cywany do palenia marihuany. Zaleca si\u0119 stosowanie no\u017cyczki, bo g\u0119ste kamienie ksi\u0119\u017cycowe, zwykle zape\u0142niaj\u0105 szlifierki. Kamienie ksi\u0119\u017cycowe trudno zapali\u0107, i trudno jest pozosta\u0107 zapalonymi, dlatego niekt\u00f3rzy konsumenci wol\u0105 grzywka lub szklane rurki. Inni konsumenci lubi\u0105 korzysta\u0107 z kwiat\u00f3w konopi z umieszczonymi na nich \u043b\u0443\u043d\u043d\u044b\u043c\u0438 kamieniami, uwa\u017caj\u0105, \u017ce \u0142atwiej je zapali\u0107, i twierdz\u0105, \u017ce oni nadal si\u0119 \u015bwieci\u0107.<a href=\"https:\/\/fuelpackz.com\/\" target=\"_blank\" rel=\"noopener\">er<\/a> bardziej efektywny spos\u00f3b. Ksi\u0119\u017cycowe ska\u0142y cz\u0119sto nazywany \u041b\u0423\u041d\u041d\u042b\u041c\u0418 SKA\u0141AMI Reco FLAVORX<\/p>","protected":false},"excerpt":{"rendered":"<h2><a href=\"https:\/\/pressurezone.shop\/pl\/\">FLAVORX MOON ROCKS<\/a><\/h2>\n<p>Rozwi\u0144 ciekawo\u015b\u0107 swoich kubk\u00f3w smakowych za pomoc\u0105 FlavorX Moonrocks! Te innowacyjne mro\u017cone smako\u0142yki oferuj\u0105 niepowtarzalne wra\u017cenia smakowe z ka\u017cdym kawa\u0142kiem. Udaj si\u0119 w zachwycaj\u0105c\u0105 podr\u00f3\u017c \u2013 dowiedz si\u0119 wi\u0119cej!<\/p>","protected":false},"featured_media":1798,"comment_status":"open","ping_status":"closed","template":"","meta":{"_uag_custom_page_level_css":"","site-sidebar-layout":"default","site-content-layout":"","ast-site-content-layout":"default","site-content-style":"default","site-sidebar-style":"default","ast-global-header-display":"","ast-banner-title-visibility":"","ast-main-header-display":"","ast-hfb-above-header-display":"","ast-hfb-below-header-display":"","ast-hfb-mobile-header-display":"","site-post-title":"","ast-breadcrumbs-content":"","ast-featured-img":"","footer-sml-layout":"","theme-transparent-header-meta":"default","adv-header-id-meta":"","stick-header-meta":"","header-above-stick-meta":"","header-main-stick-meta":"","header-below-stick-meta":"","astra-migrate-meta-layouts":"set","ast-page-background-enabled":"default","ast-page-background-meta":{"desktop":{"background-color":"","background-image":"","background-repeat":"repeat","background-position":"center center","background-size":"auto","background-attachment":"scroll","background-type":"","background-media":"","overlay-type":"","overlay-color":"","overlay-opacity":"","overlay-gradient":""},"tablet":{"background-color":"","background-image":"","background-repeat":"repeat","background-position":"center center","background-size":"auto","background-attachment":"scroll","background-type":"","background-media":"","overlay-type":"","overlay-color":"","overlay-opacity":"","overlay-gradient":""},"mobile":{"background-color":"","background-image":"","background-repeat":"repeat","background-position":"center center","background-size":"auto","background-attachment":"scroll","background-type":"","background-media":"","overlay-type":"","overlay-color":"","overlay-opacity":"","overlay-gradient":""}},"ast-content-background-meta":{"desktop":{"background-color":"var(--ast-global-color-5)","background-image":"","background-repeat":"repeat","background-position":"center center","background-size":"auto","background-attachment":"scroll","background-type":"","background-media":"","overlay-type":"","overlay-color":"","overlay-opacity":"","overlay-gradient":""},"tablet":{"background-color":"var(--ast-global-color-5)","background-image":"","background-repeat":"repeat","background-position":"center center","background-size":"auto","background-attachment":"scroll","background-type":"","background-media":"","overlay-type":"","overlay-color":"","overlay-opacity":"","overlay-gradient":""},"mobile":{"background-color":"var(--ast-global-color-5)","background-image":"","background-repeat":"repeat","background-position":"center center","background-size":"auto","background-attachment":"scroll","background-type":"","background-media":"","overlay-type":"","overlay-color":"","overlay-opacity":"","overlay-gradient":""}}},"product_brand":[],"product_cat":[27],"product_tag":[117],"class_list":{"0":"post-1797","1":"product","2":"type-product","3":"status-publish","4":"has-post-thumbnail","6":"product_cat-commandez-vos-moonrocks-en-ligne","7":"product_tag-flavorx-moonrocks","8":"desktop-align-left","9":"tablet-align-left","10":"mobile-align-left","12":"first","13":"instock","14":"shipping-taxable","15":"purchasable","16":"product-type-variable"},"uagb_featured_image_src":{"full":["https:\/\/pressurezone.shop\/wp-content\/uploads\/2024\/04\/photo1712373097.jpeg",1280,960,false],"thumbnail":["https:\/\/pressurezone.shop\/wp-content\/uploads\/2024\/04\/photo1712373097-150x150.jpeg",150,150,true],"medium":["https:\/\/pressurezone.shop\/wp-content\/uploads\/2024\/04\/photo1712373097-300x225.jpeg",300,225,true],"medium_large":["https:\/\/pressurezone.shop\/wp-content\/uploads\/2024\/04\/photo1712373097-768x576.jpeg",768,576,true],"large":["https:\/\/pressurezone.shop\/wp-content\/uploads\/2024\/04\/photo1712373097-1024x768.jpeg",1024,768,true],"1536x1536":["https:\/\/pressurezone.shop\/wp-content\/uploads\/2024\/04\/photo1712373097.jpeg",1280,960,false],"2048x2048":["https:\/\/pressurezone.shop\/wp-content\/uploads\/2024\/04\/photo1712373097.jpeg",1280,960,false],"trp-custom-language-flag":["https:\/\/pressurezone.shop\/wp-content\/uploads\/2024\/04\/photo1712373097.jpeg",16,12,false],"woocommerce_thumbnail":["https:\/\/pressurezone.shop\/wp-content\/uploads\/2024\/04\/photo1712373097-300x300.jpeg",300,300,true],"woocommerce_single":["https:\/\/pressurezone.shop\/wp-content\/uploads\/2024\/04\/photo1712373097-600x450.jpeg",600,450,true],"woocommerce_gallery_thumbnail":["https:\/\/pressurezone.shop\/wp-content\/uploads\/2024\/04\/photo1712373097-100x100.jpeg",100,100,true]},"uagb_author_info":{"display_name":"pressurezone.shop","author_link":"https:\/\/pressurezone.shop\/pl\/author\/"},"uagb_comment_info":15,"uagb_excerpt":"FLAVORX MOON ROCKS Lib\u00e9rez la curiosit\u00e9 de vos papilles gustatives avec FlavorX Moonrocks\u00a0! Ces friandises glac\u00e9es innovantes offrent une aventure gustative unique \u00e0 chaque bouch\u00e9e. Embarquez pour un d\u00e9licieux voyage - En savoir plus\u00a0!","_links":{"self":[{"href":"https:\/\/pressurezone.shop\/pl\/wp-json\/wp\/v2\/product\/1797"}],"collection":[{"href":"https:\/\/pressurezone.shop\/pl\/wp-json\/wp\/v2\/product"}],"about":[{"href":"https:\/\/pressurezone.shop\/pl\/wp-json\/wp\/v2\/types\/product"}],"replies":[{"embeddable":true,"href":"https:\/\/pressurezone.shop\/pl\/wp-json\/wp\/v2\/comments?post=1797"}],"version-history":[{"count":4,"href":"https:\/\/pressurezone.shop\/pl\/wp-json\/wp\/v2\/product\/1797\/revisions"}],"predecessor-version":[{"id":2116,"href":"https:\/\/pressurezone.shop\/pl\/wp-json\/wp\/v2\/product\/1797\/revisions\/2116"}],"wp:featuredmedia":[{"embeddable":true,"href":"https:\/\/pressurezone.shop\/pl\/wp-json\/wp\/v2\/media\/1798"}],"wp:attachment":[{"href":"https:\/\/pressurezone.shop\/pl\/wp-json\/wp\/v2\/media?parent=1797"}],"wp:term":[{"taxonomy":"product_brand","embeddable":true,"href":"https:\/\/pressurezone.shop\/pl\/wp-json\/wp\/v2\/product_brand?post=1797"},{"taxonomy":"product_cat","embeddable":true,"href":"https:\/\/pressurezone.shop\/pl\/wp-json\/wp\/v2\/product_cat?post=1797"},{"taxonomy":"product_tag","embeddable":true,"href":"https:\/\/pressurezone.shop\/pl\/wp-json\/wp\/v2\/product_tag?post=1797"}],"curies":[{"name":"wp","href":"https:\/\/api.w.org\/{rel}","templated":true}]}}