{"id":1808,"date":"2024-04-08T16:18:55","date_gmt":"2024-04-08T15:18:55","guid":{"rendered":"https:\/\/pressurezone.shop\/?post_type=product&#038;p=1808"},"modified":"2025-10-16T18:19:59","modified_gmt":"2025-10-16T16:19:59","slug":"drysift-haschisch","status":"publish","type":"product","link":"https:\/\/pressurezone.shop\/pl\/produkt\/drysift-haschisch\/","title":{"rendered":"drysift haschisch"},"content":{"rendered":"<p>Prosto z Amsterdamu odkryj najlepszy hiszpa\u0144ski importowany mieszania, s\u0142ynie z wyj\u0105tkowej jako\u015bci i niespotykanym smaku. Podnie\u015b sw\u00f3j poziom u\u017cywania konopi z tego produktu klasy premium. Zam\u00f3w teraz i ciesz si\u0119 esencj\u0105 dw\u00f3ch stolic konopi indyjskich w jednym!<\/p>\n<p><strong>Zalety<a href=\"https:\/\/fuelpackz.com\/\" target=\"_blank\" rel=\"noopener\">:<\/a><\/strong><br \/>\nCiesz si\u0119 wyj\u0105tkow\u0105 mieszank\u0119 amsterdam rzemios\u0142a i hiszpa\u0144skiego umiej\u0119tno\u015bci z naszym hiszpa\u0144skim importu \u0445\u0435\u0448\u0435\u043c. Ciesz si\u0119 jego bogatym smaku i najwy\u017cszej jako\u015bci, aby uzyska\u0107 wyj\u0105tkowy smak konopi.<\/p>","protected":false},"excerpt":{"rendered":"<h3><a href=\"https:\/\/pressurezone.shop\/pl\/\">drysift haschisch<\/a><\/h3>\n<p>Poczuj prawdziw\u0105 przyjemno\u015b\u0107 z konopi z hiszpa\u0144skiego importu z, kt\u00f3ry odbywa si\u0119 w Amsterdamie i doskonalony w Hiszpanii. Zanurz si\u0119 w jego najwy\u017cszej jako\u015bci i wyszukanym smakiem, uzyskanym bezpo\u015brednio z dw\u00f3ch stolic konopi.suche ziele<\/p>","protected":false},"featured_media":1811,"comment_status":"open","ping_status":"closed","template":"","meta":{"_uag_custom_page_level_css":"","site-sidebar-layout":"default","site-content-layout":"","ast-site-content-layout":"default","site-content-style":"default","site-sidebar-style":"default","ast-global-header-display":"","ast-banner-title-visibility":"","ast-main-header-display":"","ast-hfb-above-header-display":"","ast-hfb-below-header-display":"","ast-hfb-mobile-header-display":"","site-post-title":"","ast-breadcrumbs-content":"","ast-featured-img":"","footer-sml-layout":"","theme-transparent-header-meta":"default","adv-header-id-meta":"","stick-header-meta":"","header-above-stick-meta":"","header-main-stick-meta":"","header-below-stick-meta":"","astra-migrate-meta-layouts":"set","ast-page-background-enabled":"default","ast-page-background-meta":{"desktop":{"background-color":"","background-image":"","background-repeat":"repeat","background-position":"center center","background-size":"auto","background-attachment":"scroll","background-type":"","background-media":"","overlay-type":"","overlay-color":"","overlay-opacity":"","overlay-gradient":""},"tablet":{"background-color":"","background-image":"","background-repeat":"repeat","background-position":"center center","background-size":"auto","background-attachment":"scroll","background-type":"","background-media":"","overlay-type":"","overlay-color":"","overlay-opacity":"","overlay-gradient":""},"mobile":{"background-color":"","background-image":"","background-repeat":"repeat","background-position":"center center","background-size":"auto","background-attachment":"scroll","background-type":"","background-media":"","overlay-type":"","overlay-color":"","overlay-opacity":"","overlay-gradient":""}},"ast-content-background-meta":{"desktop":{"background-color":"var(--ast-global-color-5)","background-image":"","background-repeat":"repeat","background-position":"center center","background-size":"auto","background-attachment":"scroll","background-type":"","background-media":"","overlay-type":"","overlay-color":"","overlay-opacity":"","overlay-gradient":""},"tablet":{"background-color":"var(--ast-global-color-5)","background-image":"","background-repeat":"repeat","background-position":"center center","background-size":"auto","background-attachment":"scroll","background-type":"","background-media":"","overlay-type":"","overlay-color":"","overlay-opacity":"","overlay-gradient":""},"mobile":{"background-color":"var(--ast-global-color-5)","background-image":"","background-repeat":"repeat","background-position":"center center","background-size":"auto","background-attachment":"scroll","background-type":"","background-media":"","overlay-type":"","overlay-color":"","overlay-opacity":"","overlay-gradient":""}}},"product_brand":[],"product_cat":[29],"product_tag":[125,72,149,151,153,152,150],"class_list":{"0":"post-1808","1":"product","2":"type-product","3":"status-publish","4":"has-post-thumbnail","6":"product_cat-haschisch","7":"product_tag-amsterdam","8":"product_tag-cannabis","9":"product_tag-concentre-de-cannabis","10":"product_tag-haschisch","11":"product_tag-importation-espagnole","12":"product_tag-qualite-superieure","13":"product_tag-saveur-exquise","14":"desktop-align-left","15":"tablet-align-left","16":"mobile-align-left","18":"first","19":"instock","20":"shipping-taxable","21":"purchasable","22":"product-type-variable"},"uagb_featured_image_src":{"full":["https:\/\/pressurezone.shop\/wp-content\/uploads\/2024\/04\/photo1712355274.jpeg",600,800,false],"thumbnail":["https:\/\/pressurezone.shop\/wp-content\/uploads\/2024\/04\/photo1712355274-150x150.jpeg",150,150,true],"medium":["https:\/\/pressurezone.shop\/wp-content\/uploads\/2024\/04\/photo1712355274-225x300.jpeg",225,300,true],"medium_large":["https:\/\/pressurezone.shop\/wp-content\/uploads\/2024\/04\/photo1712355274.jpeg",600,800,false],"large":["https:\/\/pressurezone.shop\/wp-content\/uploads\/2024\/04\/photo1712355274.jpeg",600,800,false],"1536x1536":["https:\/\/pressurezone.shop\/wp-content\/uploads\/2024\/04\/photo1712355274.jpeg",600,800,false],"2048x2048":["https:\/\/pressurezone.shop\/wp-content\/uploads\/2024\/04\/photo1712355274.jpeg",600,800,false],"trp-custom-language-flag":["https:\/\/pressurezone.shop\/wp-content\/uploads\/2024\/04\/photo1712355274.jpeg",9,12,false],"woocommerce_thumbnail":["https:\/\/pressurezone.shop\/wp-content\/uploads\/2024\/04\/photo1712355274-300x300.jpeg",300,300,true],"woocommerce_single":["https:\/\/pressurezone.shop\/wp-content\/uploads\/2024\/04\/photo1712355274.jpeg",600,800,false],"woocommerce_gallery_thumbnail":["https:\/\/pressurezone.shop\/wp-content\/uploads\/2024\/04\/photo1712355274-100x100.jpeg",100,100,true]},"uagb_author_info":{"display_name":"pressurezone.shop","author_link":"https:\/\/pressurezone.shop\/pl\/author\/"},"uagb_comment_info":15,"uagb_excerpt":"drysift haschisch D\u00e9couvrez le d\u00e9lice ultime du cannabis avec le Spanish Import Hash, fabriqu\u00e9 \u00e0 Amsterdam et perfectionn\u00e9 en Espagne. Offrez-vous sa qualit\u00e9 sup\u00e9rieure et sa saveur exquise provenant directement de deux capitales du cannabis.drysift haschisch","_links":{"self":[{"href":"https:\/\/pressurezone.shop\/pl\/wp-json\/wp\/v2\/product\/1808"}],"collection":[{"href":"https:\/\/pressurezone.shop\/pl\/wp-json\/wp\/v2\/product"}],"about":[{"href":"https:\/\/pressurezone.shop\/pl\/wp-json\/wp\/v2\/types\/product"}],"replies":[{"embeddable":true,"href":"https:\/\/pressurezone.shop\/pl\/wp-json\/wp\/v2\/comments?post=1808"}],"version-history":[{"count":4,"href":"https:\/\/pressurezone.shop\/pl\/wp-json\/wp\/v2\/product\/1808\/revisions"}],"predecessor-version":[{"id":2198,"href":"https:\/\/pressurezone.shop\/pl\/wp-json\/wp\/v2\/product\/1808\/revisions\/2198"}],"wp:featuredmedia":[{"embeddable":true,"href":"https:\/\/pressurezone.shop\/pl\/wp-json\/wp\/v2\/media\/1811"}],"wp:attachment":[{"href":"https:\/\/pressurezone.shop\/pl\/wp-json\/wp\/v2\/media?parent=1808"}],"wp:term":[{"taxonomy":"product_brand","embeddable":true,"href":"https:\/\/pressurezone.shop\/pl\/wp-json\/wp\/v2\/product_brand?post=1808"},{"taxonomy":"product_cat","embeddable":true,"href":"https:\/\/pressurezone.shop\/pl\/wp-json\/wp\/v2\/product_cat?post=1808"},{"taxonomy":"product_tag","embeddable":true,"href":"https:\/\/pressurezone.shop\/pl\/wp-json\/wp\/v2\/product_tag?post=1808"}],"curies":[{"name":"wp","href":"https:\/\/api.w.org\/{rel}","templated":true}]}}