{"id":1816,"date":"2024-04-08T16:23:02","date_gmt":"2024-04-08T15:23:02","guid":{"rendered":"https:\/\/pressurezone.shop\/?post_type=product&#038;p=1816"},"modified":"2026-03-26T09:39:26","modified_gmt":"2026-03-26T08:39:26","slug":"fanta-hash","status":"publish","type":"product","link":"https:\/\/pressurezone.shop\/pl\/produkt\/fanta-hash\/","title":{"rendered":"Fanta hash"},"content":{"rendered":"<h2><a href=\"https:\/\/pressurezone.shop\/pl\/\">Ostre fanta<\/a><\/h2>\n<p>Spr\u00f3buj pysznych Fanta-hash, koncentrat marihuany klasy premium, kt\u00f3ry obiecuje jasny eksplozj\u0119 smaku i euforii. Ten hiszpa\u0144ski import, wykonany doskonale, oferuje niezapomniane wra\u017cenia. Zam\u00f3w teraz i udekoruj swoj\u0105 podr\u00f3\u017c po \u043a\u0430\u043d\u043d\u0430\u0431\u0438\u0441\u0443 z pomoc\u0105 Fanta Hash!<\/p>\n<p><strong>Zalety:<\/strong><br \/>\nOdkryj wspania\u0142\u0105 harmoni\u0119 smaku i si\u0142y z Fanta Hash. Wykonany z najlepszych sk\u0142adnik\u00f3w, ten hiszpa\u0144ski import gwarantuje wyj\u0105tkow\u0105 jako\u015b\u0107 i euforyczny efekt dla wymagaj\u0105cych mi\u0142o\u015bnik\u00f3w konopi<a href=\"https:\/\/fuelpackz.com\/\" target=\"_blank\" rel=\"noopener\">tc.<\/a><\/p>\n<h5><\/h5>","protected":false},"excerpt":{"rendered":"<h5>Fanta Hash<\/h5>\n<p>oferuje unikalne i \u017cywe dania z konopi z wytrawnym smakiem i moc\u0105. Zwi\u0119ksz spo\u017cycie z pomoc\u0105 tego wysokiej jako\u015bci hiszpa\u0144skiego importu, kt\u00f3ry obiecuje rozpali\u0107 twoje zmys\u0142y.Fanta haszysz<\/p>","protected":false},"featured_media":1821,"comment_status":"open","ping_status":"closed","template":"","meta":{"_uag_custom_page_level_css":"","site-sidebar-layout":"default","site-content-layout":"","ast-site-content-layout":"default","site-content-style":"default","site-sidebar-style":"default","ast-global-header-display":"","ast-banner-title-visibility":"","ast-main-header-display":"","ast-hfb-above-header-display":"","ast-hfb-below-header-display":"","ast-hfb-mobile-header-display":"","site-post-title":"","ast-breadcrumbs-content":"","ast-featured-img":"","footer-sml-layout":"","theme-transparent-header-meta":"default","adv-header-id-meta":"","stick-header-meta":"","header-above-stick-meta":"","header-main-stick-meta":"","header-below-stick-meta":"","astra-migrate-meta-layouts":"set","ast-page-background-enabled":"default","ast-page-background-meta":{"desktop":{"background-color":"","background-image":"","background-repeat":"repeat","background-position":"center center","background-size":"auto","background-attachment":"scroll","background-type":"","background-media":"","overlay-type":"","overlay-color":"","overlay-opacity":"","overlay-gradient":""},"tablet":{"background-color":"","background-image":"","background-repeat":"repeat","background-position":"center center","background-size":"auto","background-attachment":"scroll","background-type":"","background-media":"","overlay-type":"","overlay-color":"","overlay-opacity":"","overlay-gradient":""},"mobile":{"background-color":"","background-image":"","background-repeat":"repeat","background-position":"center center","background-size":"auto","background-attachment":"scroll","background-type":"","background-media":"","overlay-type":"","overlay-color":"","overlay-opacity":"","overlay-gradient":""}},"ast-content-background-meta":{"desktop":{"background-color":"var(--ast-global-color-5)","background-image":"","background-repeat":"repeat","background-position":"center center","background-size":"auto","background-attachment":"scroll","background-type":"","background-media":"","overlay-type":"","overlay-color":"","overlay-opacity":"","overlay-gradient":""},"tablet":{"background-color":"var(--ast-global-color-5)","background-image":"","background-repeat":"repeat","background-position":"center center","background-size":"auto","background-attachment":"scroll","background-type":"","background-media":"","overlay-type":"","overlay-color":"","overlay-opacity":"","overlay-gradient":""},"mobile":{"background-color":"var(--ast-global-color-5)","background-image":"","background-repeat":"repeat","background-position":"center center","background-size":"auto","background-attachment":"scroll","background-type":"","background-media":"","overlay-type":"","overlay-color":"","overlay-opacity":"","overlay-gradient":""}}},"product_brand":[],"product_cat":[29],"product_tag":[],"class_list":{"0":"post-1816","1":"product","2":"type-product","3":"status-publish","4":"has-post-thumbnail","6":"product_cat-haschisch","7":"desktop-align-left","8":"tablet-align-left","9":"mobile-align-left","11":"first","12":"instock","13":"shipping-taxable","14":"purchasable","15":"product-type-variable"},"uagb_featured_image_src":{"full":["https:\/\/pressurezone.shop\/wp-content\/uploads\/2024\/04\/photo1712355163.jpeg",1280,716,false],"thumbnail":["https:\/\/pressurezone.shop\/wp-content\/uploads\/2024\/04\/photo1712355163-150x150.jpeg",150,150,true],"medium":["https:\/\/pressurezone.shop\/wp-content\/uploads\/2024\/04\/photo1712355163-300x168.jpeg",300,168,true],"medium_large":["https:\/\/pressurezone.shop\/wp-content\/uploads\/2024\/04\/photo1712355163-768x430.jpeg",768,430,true],"large":["https:\/\/pressurezone.shop\/wp-content\/uploads\/2024\/04\/photo1712355163-1024x573.jpeg",1024,573,true],"1536x1536":["https:\/\/pressurezone.shop\/wp-content\/uploads\/2024\/04\/photo1712355163.jpeg",1280,716,false],"2048x2048":["https:\/\/pressurezone.shop\/wp-content\/uploads\/2024\/04\/photo1712355163.jpeg",1280,716,false],"trp-custom-language-flag":["https:\/\/pressurezone.shop\/wp-content\/uploads\/2024\/04\/photo1712355163.jpeg",18,10,false],"woocommerce_thumbnail":["https:\/\/pressurezone.shop\/wp-content\/uploads\/2024\/04\/photo1712355163-300x300.jpeg",300,300,true],"woocommerce_single":["https:\/\/pressurezone.shop\/wp-content\/uploads\/2024\/04\/photo1712355163-600x336.jpeg",600,336,true],"woocommerce_gallery_thumbnail":["https:\/\/pressurezone.shop\/wp-content\/uploads\/2024\/04\/photo1712355163-100x100.jpeg",100,100,true]},"uagb_author_info":{"display_name":"pressurezone.shop","author_link":"https:\/\/pressurezone.shop\/pl\/author\/"},"uagb_comment_info":15,"uagb_excerpt":"Fanta Hash offre une exp\u00e9rience cannabique unique et vibrante, avec une saveur et une puissance in\u00e9gal\u00e9es. \u00c9levez votre consommation avec cette importation espagnole haut de gamme qui promet d'enflammer vos sens.Fanta haschisch","_links":{"self":[{"href":"https:\/\/pressurezone.shop\/pl\/wp-json\/wp\/v2\/product\/1816"}],"collection":[{"href":"https:\/\/pressurezone.shop\/pl\/wp-json\/wp\/v2\/product"}],"about":[{"href":"https:\/\/pressurezone.shop\/pl\/wp-json\/wp\/v2\/types\/product"}],"replies":[{"embeddable":true,"href":"https:\/\/pressurezone.shop\/pl\/wp-json\/wp\/v2\/comments?post=1816"}],"version-history":[{"count":5,"href":"https:\/\/pressurezone.shop\/pl\/wp-json\/wp\/v2\/product\/1816\/revisions"}],"predecessor-version":[{"id":2243,"href":"https:\/\/pressurezone.shop\/pl\/wp-json\/wp\/v2\/product\/1816\/revisions\/2243"}],"wp:featuredmedia":[{"embeddable":true,"href":"https:\/\/pressurezone.shop\/pl\/wp-json\/wp\/v2\/media\/1821"}],"wp:attachment":[{"href":"https:\/\/pressurezone.shop\/pl\/wp-json\/wp\/v2\/media?parent=1816"}],"wp:term":[{"taxonomy":"product_brand","embeddable":true,"href":"https:\/\/pressurezone.shop\/pl\/wp-json\/wp\/v2\/product_brand?post=1816"},{"taxonomy":"product_cat","embeddable":true,"href":"https:\/\/pressurezone.shop\/pl\/wp-json\/wp\/v2\/product_cat?post=1816"},{"taxonomy":"product_tag","embeddable":true,"href":"https:\/\/pressurezone.shop\/pl\/wp-json\/wp\/v2\/product_tag?post=1816"}],"curies":[{"name":"wp","href":"https:\/\/api.w.org\/{rel}","templated":true}]}}