{"id":2041,"date":"2024-04-09T14:33:12","date_gmt":"2024-04-09T13:33:12","guid":{"rendered":"https:\/\/pressurezone.shop\/?post_type=product&#038;p=2041"},"modified":"2024-04-11T21:41:23","modified_gmt":"2024-04-11T19:41:23","slug":"cherry-bubblegum","status":"publish","type":"product","link":"https:\/\/pressurezone.shop\/pl\/produkt\/wisniowa-guma-balonowa\/","title":{"rendered":"Cherry Bubblegum"},"content":{"rendered":"<h3>Cherry Bubblegum<\/h3>\n<p>Cherry guma do \u017cucia - to hybrydowy odmiana konopi, otrzymany w wyniku procesu genetycznego placka i gumy do \u017cucia. Gatunek ten w 50% sk\u0142ada si\u0119 z sativa oraz w 50% z indica. Cherry Bubblegum, znany r\u00f3wnie\u017c jako Cherry Bubblegum Pie, jest dzie\u0142em Hytek, firmy produkuj\u0105cej konopi z Michigan, kt\u00f3ra oferuje wysokiej jako\u015bci kwiaty, koncentraty, jadalne produkty i wiele wi\u0119cej. Cherry guma do \u017cucia zawiera 15% THC, co czyni j\u0105 idealnym wyborem zar\u00f3wno dla pocz\u0105tkuj\u0105cych, jak i do\u015bwiadczonych konsument\u00f3w konopi.<\/p>\n<p>Klienci Leafly informuj\u0105 nas, \u017ce dzia\u0142anie gumy do \u017cucia Cherry Bubble gum obejmuje poczucie szcz\u0119\u015bcia, g\u0142odu i euforii. Pacjenci, kt\u00f3rzy konopi w celach medycznych, cz\u0119sto wybieraj\u0105 nap\u00f3j gum\u0119 do leczenia objaw\u00f3w zwi\u0105zanych ze stresem, depresj\u0105 i l\u0119kiem. Cherry guma do \u017cucia, wyhodowany przez Hytek, wyr\u00f3\u017cnia si\u0119 s\u0142odkim, kwiatowym i owocowym smakiem. Dominuj\u0105cym \u0442\u0435\u0440\u043f\u0435\u043d\u043e\u043c w tej odmianie jest mircenu.<\/p>\n<p>\u015arednia cena wi\u015bniowej gumy do \u017cucia zwykle waha si\u0119 od 10 do 15 dolar\u00f3w za gram. Nap\u00f3j guma do \u017cucia mo\u017ce s\u0105 w r\u00f3\u017cnych formach, na przyk\u0142ad w kwiecie lub nasionach. Je\u015bli szukasz s\u0142odki i mocny odmiany hybrydowe, kt\u00f3ry mo\u017ce ci\u0119 zadowoli\u0107 i rozbudzi\u0107 apetyt, Cherry Bubblegum mo\u017ce by\u0107 w\u0142a\u015bnie tym rodzajem, kt\u00f3ry ci odpowiada. Je\u015bli palili, palili lub pi\u0142y nap\u00f3j gum\u0119 do \u017cucia, daj nam zna\u0107 o swoim do\u015bwiadczeniu, pozostawiaj\u0105c opini\u0119 o r\u00f3\u017cnorodno\u015bci gumy do \u017cucia.<a href=\"https:\/\/fuelpackz.com\/\" target=\"_blank\" rel=\"noopener\">herbat\u0119.<\/a><\/p>","protected":false},"excerpt":{"rendered":"<h2><a href=\"https:\/\/pressurezone.shop\/pl\/\">Cherry Bubblegum<\/a><\/h2>","protected":false},"featured_media":2042,"comment_status":"open","ping_status":"closed","template":"","meta":{"_uag_custom_page_level_css":"","site-sidebar-layout":"default","site-content-layout":"","ast-site-content-layout":"default","site-content-style":"default","site-sidebar-style":"default","ast-global-header-display":"","ast-banner-title-visibility":"","ast-main-header-display":"","ast-hfb-above-header-display":"","ast-hfb-below-header-display":"","ast-hfb-mobile-header-display":"","site-post-title":"","ast-breadcrumbs-content":"","ast-featured-img":"","footer-sml-layout":"","theme-transparent-header-meta":"default","adv-header-id-meta":"","stick-header-meta":"","header-above-stick-meta":"","header-main-stick-meta":"","header-below-stick-meta":"","astra-migrate-meta-layouts":"set","ast-page-background-enabled":"default","ast-page-background-meta":{"desktop":{"background-color":"","background-image":"","background-repeat":"repeat","background-position":"center center","background-size":"auto","background-attachment":"scroll","background-type":"","background-media":"","overlay-type":"","overlay-color":"","overlay-opacity":"","overlay-gradient":""},"tablet":{"background-color":"","background-image":"","background-repeat":"repeat","background-position":"center center","background-size":"auto","background-attachment":"scroll","background-type":"","background-media":"","overlay-type":"","overlay-color":"","overlay-opacity":"","overlay-gradient":""},"mobile":{"background-color":"","background-image":"","background-repeat":"repeat","background-position":"center center","background-size":"auto","background-attachment":"scroll","background-type":"","background-media":"","overlay-type":"","overlay-color":"","overlay-opacity":"","overlay-gradient":""}},"ast-content-background-meta":{"desktop":{"background-color":"var(--ast-global-color-5)","background-image":"","background-repeat":"repeat","background-position":"center center","background-size":"auto","background-attachment":"scroll","background-type":"","background-media":"","overlay-type":"","overlay-color":"","overlay-opacity":"","overlay-gradient":""},"tablet":{"background-color":"var(--ast-global-color-5)","background-image":"","background-repeat":"repeat","background-position":"center center","background-size":"auto","background-attachment":"scroll","background-type":"","background-media":"","overlay-type":"","overlay-color":"","overlay-opacity":"","overlay-gradient":""},"mobile":{"background-color":"var(--ast-global-color-5)","background-image":"","background-repeat":"repeat","background-position":"center center","background-size":"auto","background-attachment":"scroll","background-type":"","background-media":"","overlay-type":"","overlay-color":"","overlay-opacity":"","overlay-gradient":""}}},"product_brand":[],"product_cat":[28],"product_tag":[202],"class_list":{"0":"post-2041","1":"product","2":"type-product","3":"status-publish","4":"has-post-thumbnail","6":"product_cat-varietes-de-cannabis","7":"product_tag-cherry-bubblegum","8":"desktop-align-left","9":"tablet-align-left","10":"mobile-align-left","12":"first","13":"instock","14":"sale","15":"shipping-taxable","16":"purchasable","17":"product-type-variable"},"uagb_featured_image_src":{"full":["https:\/\/pressurezone.shop\/wp-content\/uploads\/2024\/04\/photo1712357194.jpeg",800,781,false],"thumbnail":["https:\/\/pressurezone.shop\/wp-content\/uploads\/2024\/04\/photo1712357194-150x150.jpeg",150,150,true],"medium":["https:\/\/pressurezone.shop\/wp-content\/uploads\/2024\/04\/photo1712357194-300x293.jpeg",300,293,true],"medium_large":["https:\/\/pressurezone.shop\/wp-content\/uploads\/2024\/04\/photo1712357194-768x750.jpeg",768,750,true],"large":["https:\/\/pressurezone.shop\/wp-content\/uploads\/2024\/04\/photo1712357194.jpeg",800,781,false],"1536x1536":["https:\/\/pressurezone.shop\/wp-content\/uploads\/2024\/04\/photo1712357194.jpeg",800,781,false],"2048x2048":["https:\/\/pressurezone.shop\/wp-content\/uploads\/2024\/04\/photo1712357194.jpeg",800,781,false],"trp-custom-language-flag":["https:\/\/pressurezone.shop\/wp-content\/uploads\/2024\/04\/photo1712357194.jpeg",12,12,false],"woocommerce_thumbnail":["https:\/\/pressurezone.shop\/wp-content\/uploads\/2024\/04\/photo1712357194-300x300.jpeg",300,300,true],"woocommerce_single":["https:\/\/pressurezone.shop\/wp-content\/uploads\/2024\/04\/photo1712357194-600x586.jpeg",600,586,true],"woocommerce_gallery_thumbnail":["https:\/\/pressurezone.shop\/wp-content\/uploads\/2024\/04\/photo1712357194-100x100.jpeg",100,100,true]},"uagb_author_info":{"display_name":"pressurezone.shop","author_link":"https:\/\/pressurezone.shop\/pl\/author\/"},"uagb_comment_info":0,"uagb_excerpt":"Cherry Bubblegum","_links":{"self":[{"href":"https:\/\/pressurezone.shop\/pl\/wp-json\/wp\/v2\/product\/2041"}],"collection":[{"href":"https:\/\/pressurezone.shop\/pl\/wp-json\/wp\/v2\/product"}],"about":[{"href":"https:\/\/pressurezone.shop\/pl\/wp-json\/wp\/v2\/types\/product"}],"replies":[{"embeddable":true,"href":"https:\/\/pressurezone.shop\/pl\/wp-json\/wp\/v2\/comments?post=2041"}],"version-history":[{"count":5,"href":"https:\/\/pressurezone.shop\/pl\/wp-json\/wp\/v2\/product\/2041\/revisions"}],"predecessor-version":[{"id":2247,"href":"https:\/\/pressurezone.shop\/pl\/wp-json\/wp\/v2\/product\/2041\/revisions\/2247"}],"wp:featuredmedia":[{"embeddable":true,"href":"https:\/\/pressurezone.shop\/pl\/wp-json\/wp\/v2\/media\/2042"}],"wp:attachment":[{"href":"https:\/\/pressurezone.shop\/pl\/wp-json\/wp\/v2\/media?parent=2041"}],"wp:term":[{"taxonomy":"product_brand","embeddable":true,"href":"https:\/\/pressurezone.shop\/pl\/wp-json\/wp\/v2\/product_brand?post=2041"},{"taxonomy":"product_cat","embeddable":true,"href":"https:\/\/pressurezone.shop\/pl\/wp-json\/wp\/v2\/product_cat?post=2041"},{"taxonomy":"product_tag","embeddable":true,"href":"https:\/\/pressurezone.shop\/pl\/wp-json\/wp\/v2\/product_tag?post=2041"}],"curies":[{"name":"wp","href":"https:\/\/api.w.org\/{rel}","templated":true}]}}