{"id":2080,"date":"2024-04-09T15:03:26","date_gmt":"2024-04-09T14:03:26","guid":{"rendered":"https:\/\/pressurezone.shop\/?post_type=product&#038;p=2080"},"modified":"2026-03-26T09:34:40","modified_gmt":"2026-03-26T08:34:40","slug":"814-firework-candy","status":"publish","type":"product","link":"https:\/\/pressurezone.shop\/pl\/produkt\/814-cukierki-fajerwerki\/","title":{"rendered":"814 Firework Candy"},"content":{"rendered":"<h6><span style=\"font-size: 16px;\"><a href=\"https:\/\/pressurezone.shop\/pl\/\">814 Firework Candy<\/a> <\/span><\/h6>\n<p><span style=\"font-size: 16px;\">stanowi odmian\u0119 z zawarto\u015bci\u0105 50% sativa 50% indica, otrzymany w wyniku procesu genetycznego maku i lod\u00f3w (Fenol 7). Ta odmiana jest kolorowe i pot\u0119\u017cny hybrydowy, kt\u00f3ry zapewnia zr\u00f3wnowa\u017cony i motywacyjnego kopa. Firework Candy ma s\u0142odki kremowy smak z nut\u0105 owoc\u00f3w cytrusowych i oleju nap\u0119dowego. Sa\u0142aty g\u0119ste i matowe, z ciemno-zielonymi i fioletowymi odcieniami. 814 Firework Candy zawiera 23% THC, co czyni go idealnym wyborem dla do\u015bwiadczonych konsument\u00f3w konopi. <\/span><\/p>\n<p><span style=\"font-size: 16px;\">Klienci Leafly informuj\u0105 nas, \u017ce efekty Firework Candy zawieraj\u0105 kreatywno\u015b\u0107, koncentracj\u0119 i relaks. Pacjenci, kt\u00f3rzy konopi w celach medycznych, cz\u0119sto wybieraj\u0105 814 Firework Candy do \u0142agodzenia objaw\u00f3w zwi\u0105zanych z depresj\u0105, zm\u0119czeniem i utrat\u0105 apetytu.<\/span><\/p>\n<p><span style=\"font-size: 16px;\"> 814 Firework Candy, wyhodowany przez Cresco, r\u00f3\u017cni si\u0119 s\u0142odki, cytrusowy i diesla smaku. Dominuj\u0105cym \u0442\u0435\u0440\u043f\u0435\u043d\u043e\u043c w tej odmianie jest limonen. Je\u015bli szukasz kolorowe i pot\u0119\u017cny hybrydowy, kt\u00f3ry poprawi tw\u00f3j nastr\u00f3j i energi\u0119, to 814 Firework Candy mo\u017ce by\u0107 w\u0142a\u015bnie tym rodzajem, kt\u00f3ry ci odpowiada. Je\u015bli palili, palili lub jedli s\u0142odycze, podziel si\u0119 swoim do\u015bwiadczeniem, pozostawiaj\u0105c komentarz na temat r\u00f3\u017cnorodno\u015bci.ten uroczysty i relaksuj\u0105cy smak dzi\u0119ki po\u0142\u0105czeniu smaku i gustu.<a href=\"https:\/\/fuelpackz.com\/\" target=\"_blank\" rel=\"noopener\">n<\/a> niepowtarzalny smak i CBD.<\/span><\/p>\n<p>814 Firework Candy - to hybrydowy szczep, kt\u00f3ry oferuje jasne i pot\u0119\u017cne wra\u017cenie. Ona jest wynikiem skrzy\u017cowania MAC (Miracle Alien Cookies) oraz Lody (Fenol 7), co tworzy wywa\u017cone po\u0142\u0105czenie genetyki sativa i indica. Ta kombinacja sprawia, \u017ce jego wyj\u0105tkowe efekty i w\u0142a\u015bciwo\u015bci.<\/p>\n<p>Charakterystyczn\u0105 cech\u0105 814 Firework Candy jest jej kolorowy wygl\u0105d. G\u0142owice maj\u0105 zwart\u0105 struktur\u0119 z ciemno-zielonymi i fioletowymi odcieniami, uzupe\u0142nion\u0105 wersj\u0105 matow\u0105 warstw\u0105 w\u0142osk\u00f3w. Ta wizualna atrakcyjno\u015b\u0107 dodaje r\u00f3\u017cnorodno\u015bci w og\u00f3le.<\/p>\n<p>Co do smaku, 814 Firework Candy cieszy oko s\u0142odkim, kremowym zapachu. Mo\u017cna r\u00f3wnie\u017c wykry\u0107 nuty owoc\u00f3w cytrusowych i oleju nap\u0119dowego, tworz\u0105c intryguj\u0105ce i trudne w\u0119chowy profil.<\/p>\n<p>814 Firework Candy z zawarto\u015bci\u0105 THC 23% uwa\u017ca \u0441\u0438\u043b\u044c\u043d\u043e\u0434\u0435\u0439\u0441\u0442\u0432\u0443\u044e\u0449\u0435\u0439 i nadaje si\u0119 dla do\u015bwiadczonych konsument\u00f3w konopi. Poinformowano, \u017ce dzia\u0142anie tej odmiany jest stymulowanie i zr\u00f3wnowa\u017cone. To mo\u017ce przyczyni\u0107 si\u0119 do rozwoju poczucia kreatywno\u015bci, pozwalaj\u0105c lepiej si\u0119 skupi\u0107. Ponadto, wielu u\u017cytkownik\u00f3w uwa\u017ca go relaksuj\u0105ce, co mo\u017ce by\u0107 przydatne, aby z\u0142agodzi\u0107 objawy depresji, zm\u0119czenie i utrata apetytu.<\/p>\n<p>Cresco, znana firma uprawy konopi, jest odpowiedzialny za rozw\u00f3j 814 Firework Candy. Profil genetyczny odmiany i dominuj\u0105cy \u0442\u0435\u0440\u043f\u0435\u043d, limonen, przyczyniaj\u0105 si\u0119 do jego \u043e\u0442\u0447\u0435\u0442\u043b\u0438\u0432\u043e\u043c\u0443 s\u0142odycze, \u0446\u0438\u0442\u0440\u0443\u0441\u043e\u0432\u043e\u043c\u0443 i \u0434\u0438\u0437\u0435\u043b\u044c\u043d\u043e\u043c\u0443 smaku.<\/p>\n<p>Je\u015bli szukasz odmiana konopi, kt\u00f3ra oferuje zar\u00f3wno wizualn\u0105, jak i pot\u0119\u017cny i pobudzaj\u0105cy smak, mo\u017ce warto pomy\u015ble\u0107 o 814 Firework Candy. Jak zawsze, wa\u017cne jest, aby wzi\u0105\u0107 pod uwag\u0119 danych osobowych, tolerancji i preferencje przy wyborze i stosowaniu odmian konopi<\/p>","protected":false},"excerpt":{"rendered":"<h3><span style=\"font-size: 16px;\">814 Firework Candy cannabis\u00a0<\/span><\/h3>\n<p>&nbsp;<\/p>","protected":false},"featured_media":2081,"comment_status":"open","ping_status":"closed","template":"","meta":{"_uag_custom_page_level_css":"","site-sidebar-layout":"default","site-content-layout":"","ast-site-content-layout":"default","site-content-style":"default","site-sidebar-style":"default","ast-global-header-display":"","ast-banner-title-visibility":"","ast-main-header-display":"","ast-hfb-above-header-display":"","ast-hfb-below-header-display":"","ast-hfb-mobile-header-display":"","site-post-title":"","ast-breadcrumbs-content":"","ast-featured-img":"","footer-sml-layout":"","theme-transparent-header-meta":"default","adv-header-id-meta":"","stick-header-meta":"","header-above-stick-meta":"","header-main-stick-meta":"","header-below-stick-meta":"","astra-migrate-meta-layouts":"set","ast-page-background-enabled":"default","ast-page-background-meta":{"desktop":{"background-color":"","background-image":"","background-repeat":"repeat","background-position":"center center","background-size":"auto","background-attachment":"scroll","background-type":"","background-media":"","overlay-type":"","overlay-color":"","overlay-opacity":"","overlay-gradient":""},"tablet":{"background-color":"","background-image":"","background-repeat":"repeat","background-position":"center center","background-size":"auto","background-attachment":"scroll","background-type":"","background-media":"","overlay-type":"","overlay-color":"","overlay-opacity":"","overlay-gradient":""},"mobile":{"background-color":"","background-image":"","background-repeat":"repeat","background-position":"center center","background-size":"auto","background-attachment":"scroll","background-type":"","background-media":"","overlay-type":"","overlay-color":"","overlay-opacity":"","overlay-gradient":""}},"ast-content-background-meta":{"desktop":{"background-color":"var(--ast-global-color-5)","background-image":"","background-repeat":"repeat","background-position":"center center","background-size":"auto","background-attachment":"scroll","background-type":"","background-media":"","overlay-type":"","overlay-color":"","overlay-opacity":"","overlay-gradient":""},"tablet":{"background-color":"var(--ast-global-color-5)","background-image":"","background-repeat":"repeat","background-position":"center center","background-size":"auto","background-attachment":"scroll","background-type":"","background-media":"","overlay-type":"","overlay-color":"","overlay-opacity":"","overlay-gradient":""},"mobile":{"background-color":"var(--ast-global-color-5)","background-image":"","background-repeat":"repeat","background-position":"center center","background-size":"auto","background-attachment":"scroll","background-type":"","background-media":"","overlay-type":"","overlay-color":"","overlay-opacity":"","overlay-gradient":""}}},"product_brand":[],"product_cat":[28],"product_tag":[],"class_list":{"0":"post-2080","1":"product","2":"type-product","3":"status-publish","4":"has-post-thumbnail","6":"product_cat-varietes-de-cannabis","7":"desktop-align-left","8":"tablet-align-left","9":"mobile-align-left","11":"first","12":"instock","13":"sale","14":"shipping-taxable","15":"purchasable","16":"product-type-variable"},"uagb_featured_image_src":{"full":["https:\/\/pressurezone.shop\/wp-content\/uploads\/2024\/04\/photo1712356437-3.jpeg",780,800,false],"thumbnail":["https:\/\/pressurezone.shop\/wp-content\/uploads\/2024\/04\/photo1712356437-3-150x150.jpeg",150,150,true],"medium":["https:\/\/pressurezone.shop\/wp-content\/uploads\/2024\/04\/photo1712356437-3-293x300.jpeg",293,300,true],"medium_large":["https:\/\/pressurezone.shop\/wp-content\/uploads\/2024\/04\/photo1712356437-3-768x788.jpeg",768,788,true],"large":["https:\/\/pressurezone.shop\/wp-content\/uploads\/2024\/04\/photo1712356437-3.jpeg",780,800,false],"1536x1536":["https:\/\/pressurezone.shop\/wp-content\/uploads\/2024\/04\/photo1712356437-3.jpeg",780,800,false],"2048x2048":["https:\/\/pressurezone.shop\/wp-content\/uploads\/2024\/04\/photo1712356437-3.jpeg",780,800,false],"trp-custom-language-flag":["https:\/\/pressurezone.shop\/wp-content\/uploads\/2024\/04\/photo1712356437-3.jpeg",12,12,false],"woocommerce_thumbnail":["https:\/\/pressurezone.shop\/wp-content\/uploads\/2024\/04\/photo1712356437-3-300x300.jpeg",300,300,true],"woocommerce_single":["https:\/\/pressurezone.shop\/wp-content\/uploads\/2024\/04\/photo1712356437-3-600x615.jpeg",600,615,true],"woocommerce_gallery_thumbnail":["https:\/\/pressurezone.shop\/wp-content\/uploads\/2024\/04\/photo1712356437-3-100x100.jpeg",100,100,true]},"uagb_author_info":{"display_name":"pressurezone.shop","author_link":"https:\/\/pressurezone.shop\/pl\/author\/"},"uagb_comment_info":24,"uagb_excerpt":"814 Firework Candy cannabis\u00a0 &nbsp;","_links":{"self":[{"href":"https:\/\/pressurezone.shop\/pl\/wp-json\/wp\/v2\/product\/2080"}],"collection":[{"href":"https:\/\/pressurezone.shop\/pl\/wp-json\/wp\/v2\/product"}],"about":[{"href":"https:\/\/pressurezone.shop\/pl\/wp-json\/wp\/v2\/types\/product"}],"replies":[{"embeddable":true,"href":"https:\/\/pressurezone.shop\/pl\/wp-json\/wp\/v2\/comments?post=2080"}],"version-history":[{"count":5,"href":"https:\/\/pressurezone.shop\/pl\/wp-json\/wp\/v2\/product\/2080\/revisions"}],"predecessor-version":[{"id":2246,"href":"https:\/\/pressurezone.shop\/pl\/wp-json\/wp\/v2\/product\/2080\/revisions\/2246"}],"wp:featuredmedia":[{"embeddable":true,"href":"https:\/\/pressurezone.shop\/pl\/wp-json\/wp\/v2\/media\/2081"}],"wp:attachment":[{"href":"https:\/\/pressurezone.shop\/pl\/wp-json\/wp\/v2\/media?parent=2080"}],"wp:term":[{"taxonomy":"product_brand","embeddable":true,"href":"https:\/\/pressurezone.shop\/pl\/wp-json\/wp\/v2\/product_brand?post=2080"},{"taxonomy":"product_cat","embeddable":true,"href":"https:\/\/pressurezone.shop\/pl\/wp-json\/wp\/v2\/product_cat?post=2080"},{"taxonomy":"product_tag","embeddable":true,"href":"https:\/\/pressurezone.shop\/pl\/wp-json\/wp\/v2\/product_tag?post=2080"}],"curies":[{"name":"wp","href":"https:\/\/api.w.org\/{rel}","templated":true}]}}