{"id":2090,"date":"2024-04-09T15:07:54","date_gmt":"2024-04-09T14:07:54","guid":{"rendered":"https:\/\/pressurezone.shop\/?post_type=product&#038;p=2090"},"modified":"2024-04-10T22:56:52","modified_gmt":"2024-04-10T20:56:52","slug":"lemon-push-pop","status":"publish","type":"product","link":"https:\/\/pressurezone.shop\/pl\/produkt\/cytrynowy-push-pop\/","title":{"rendered":"Lemon Push Pop"},"content":{"rendered":"<p>Lemon Push Pop - to zr\u00f3wnowa\u017cony odmiany hybrydowe (50% indica \/ 50% sativa), stworzony przez skrzy\u017cowanie pysznych odmian Cookie &amp; Cream i Temple Flo. Nazwany na cze\u015b\u0107 swojego wspania\u0142ego smaku, Push Pop - doskona\u0142y wyb\u00f3r dla ka\u017cdego mi\u0142o\u015bnika mocnych hybryd. Jak sama nazwa wskazuje, Push Pop ma \u0441\u0443\u043f\u0435\u0440\u0441\u043b\u0430\u0434\u043a\u0438\u043c owocowo-\u043b\u0435\u0434\u0435\u043d\u0446\u043e\u0432\u044b\u043c smaku z nut\u0105 kremowej wanilii i nut\u0105 pieprzu. Zapach pasuje do tego samego profilu, chocia\u017c ostra nuta bierze g\u00f3r\u0119 z bardzo ostrym nak\u0142adki.<\/p>\n<p>Efekt Push Pop sprawi, \u017ce chcie\u0107 wi\u0119cej, z pobudzaj\u0105ce i \u0449\u0435\u043a\u043e\u0447\u0443\u0449\u0438\u043c\u0438 efekt\u00f3w, kt\u00f3re wp\u0142ywaj\u0105 zar\u00f3wno na umys\u0142 jak i na cia\u0142o. Tw\u00f3j stan psychiczny szybko si\u0119 poprawi, wype\u0142nione lekkim przyjemnym \u043f\u043e\u043a\u0430\u043b\u044b\u0432\u0430\u043d\u0438\u0435\u043c, kt\u00f3ra jest osza\u0142amiaj\u0105ca m\u00f3zg i wype\u0142nia ci\u0119 szcz\u0119\u015bcie. W tym stanie b\u0119dziesz kreatywny i komunikatywny, \u0142atwo komunikujesz si\u0119 z innymi, chocia\u017c czasami mo\u017cna by\u0107 zaskoczeni \u015bmiechem. To mentalne wyniesienie towarzyszy relaksuj\u0105cy fizycznych \u043f\u043e\u043a\u0430\u043b\u044b\u0432\u0430\u043d\u0438\u0435\u043c, kt\u00f3ry tak\u017ce stymuluje organizm.<\/p>\n<p>W po\u0142\u0105czeniu ze \u015brednim wysokim poziomem THC, stanowi\u0105cym 12-25%, te efekty sprawiaj\u0105, \u017ce Push Pop doskona\u0142ym wyborem dla leczenia takich stan\u00f3w, jak przewlek\u0142y stres lub l\u0119k, zesp\u00f3\u0142 stresu pourazowego, depresja, b\u00f3le g\u0142owy lub migreny. Ten p\u0105czek ma jasny neon-zielone g\u0142\u00f3wki w kszta\u0142cie winogron z g\u0119stymi pomara\u0144czowymi w\u0142oskami i warstw\u0105 z\u0142oto-krystalicznych w\u0142osk\u00f3w<a href=\"https:\/\/fuelpackz.com\/\" target=\"_blank\" rel=\"noopener\">\u00e9<\/a>s i bia\u0142e.<a href=\"https:\/\/pressurezone.shop\/pl\/\">Lemon Push Pop<\/a><\/p>","protected":false},"excerpt":{"rendered":"<h4>Lemon Push Pop cannabis<\/h4>","protected":false},"featured_media":2091,"comment_status":"open","ping_status":"closed","template":"","meta":{"_uag_custom_page_level_css":"","site-sidebar-layout":"default","site-content-layout":"","ast-site-content-layout":"default","site-content-style":"default","site-sidebar-style":"default","ast-global-header-display":"","ast-banner-title-visibility":"","ast-main-header-display":"","ast-hfb-above-header-display":"","ast-hfb-below-header-display":"","ast-hfb-mobile-header-display":"","site-post-title":"","ast-breadcrumbs-content":"","ast-featured-img":"","footer-sml-layout":"","theme-transparent-header-meta":"default","adv-header-id-meta":"","stick-header-meta":"","header-above-stick-meta":"","header-main-stick-meta":"","header-below-stick-meta":"","astra-migrate-meta-layouts":"set","ast-page-background-enabled":"default","ast-page-background-meta":{"desktop":{"background-color":"","background-image":"","background-repeat":"repeat","background-position":"center center","background-size":"auto","background-attachment":"scroll","background-type":"","background-media":"","overlay-type":"","overlay-color":"","overlay-opacity":"","overlay-gradient":""},"tablet":{"background-color":"","background-image":"","background-repeat":"repeat","background-position":"center center","background-size":"auto","background-attachment":"scroll","background-type":"","background-media":"","overlay-type":"","overlay-color":"","overlay-opacity":"","overlay-gradient":""},"mobile":{"background-color":"","background-image":"","background-repeat":"repeat","background-position":"center center","background-size":"auto","background-attachment":"scroll","background-type":"","background-media":"","overlay-type":"","overlay-color":"","overlay-opacity":"","overlay-gradient":""}},"ast-content-background-meta":{"desktop":{"background-color":"var(--ast-global-color-5)","background-image":"","background-repeat":"repeat","background-position":"center center","background-size":"auto","background-attachment":"scroll","background-type":"","background-media":"","overlay-type":"","overlay-color":"","overlay-opacity":"","overlay-gradient":""},"tablet":{"background-color":"var(--ast-global-color-5)","background-image":"","background-repeat":"repeat","background-position":"center center","background-size":"auto","background-attachment":"scroll","background-type":"","background-media":"","overlay-type":"","overlay-color":"","overlay-opacity":"","overlay-gradient":""},"mobile":{"background-color":"var(--ast-global-color-5)","background-image":"","background-repeat":"repeat","background-position":"center center","background-size":"auto","background-attachment":"scroll","background-type":"","background-media":"","overlay-type":"","overlay-color":"","overlay-opacity":"","overlay-gradient":""}}},"product_brand":[],"product_cat":[28],"product_tag":[],"class_list":{"0":"post-2090","1":"product","2":"type-product","3":"status-publish","4":"has-post-thumbnail","6":"product_cat-varietes-de-cannabis","7":"desktop-align-left","8":"tablet-align-left","9":"mobile-align-left","11":"first","12":"instock","13":"sale","14":"shipping-taxable","15":"purchasable","16":"product-type-variable"},"uagb_featured_image_src":{"full":["https:\/\/pressurezone.shop\/wp-content\/uploads\/2024\/04\/photo1712356437-4.jpeg",800,751,false],"thumbnail":["https:\/\/pressurezone.shop\/wp-content\/uploads\/2024\/04\/photo1712356437-4-150x150.jpeg",150,150,true],"medium":["https:\/\/pressurezone.shop\/wp-content\/uploads\/2024\/04\/photo1712356437-4-300x282.jpeg",300,282,true],"medium_large":["https:\/\/pressurezone.shop\/wp-content\/uploads\/2024\/04\/photo1712356437-4-768x721.jpeg",768,721,true],"large":["https:\/\/pressurezone.shop\/wp-content\/uploads\/2024\/04\/photo1712356437-4.jpeg",800,751,false],"1536x1536":["https:\/\/pressurezone.shop\/wp-content\/uploads\/2024\/04\/photo1712356437-4.jpeg",800,751,false],"2048x2048":["https:\/\/pressurezone.shop\/wp-content\/uploads\/2024\/04\/photo1712356437-4.jpeg",800,751,false],"trp-custom-language-flag":["https:\/\/pressurezone.shop\/wp-content\/uploads\/2024\/04\/photo1712356437-4.jpeg",13,12,false],"woocommerce_thumbnail":["https:\/\/pressurezone.shop\/wp-content\/uploads\/2024\/04\/photo1712356437-4-300x300.jpeg",300,300,true],"woocommerce_single":["https:\/\/pressurezone.shop\/wp-content\/uploads\/2024\/04\/photo1712356437-4-600x563.jpeg",600,563,true],"woocommerce_gallery_thumbnail":["https:\/\/pressurezone.shop\/wp-content\/uploads\/2024\/04\/photo1712356437-4-100x100.jpeg",100,100,true]},"uagb_author_info":{"display_name":"pressurezone.shop","author_link":"https:\/\/pressurezone.shop\/pl\/author\/"},"uagb_comment_info":0,"uagb_excerpt":"Lemon Push Pop cannabis","_links":{"self":[{"href":"https:\/\/pressurezone.shop\/pl\/wp-json\/wp\/v2\/product\/2090"}],"collection":[{"href":"https:\/\/pressurezone.shop\/pl\/wp-json\/wp\/v2\/product"}],"about":[{"href":"https:\/\/pressurezone.shop\/pl\/wp-json\/wp\/v2\/types\/product"}],"replies":[{"embeddable":true,"href":"https:\/\/pressurezone.shop\/pl\/wp-json\/wp\/v2\/comments?post=2090"}],"version-history":[{"count":4,"href":"https:\/\/pressurezone.shop\/pl\/wp-json\/wp\/v2\/product\/2090\/revisions"}],"predecessor-version":[{"id":2191,"href":"https:\/\/pressurezone.shop\/pl\/wp-json\/wp\/v2\/product\/2090\/revisions\/2191"}],"wp:featuredmedia":[{"embeddable":true,"href":"https:\/\/pressurezone.shop\/pl\/wp-json\/wp\/v2\/media\/2091"}],"wp:attachment":[{"href":"https:\/\/pressurezone.shop\/pl\/wp-json\/wp\/v2\/media?parent=2090"}],"wp:term":[{"taxonomy":"product_brand","embeddable":true,"href":"https:\/\/pressurezone.shop\/pl\/wp-json\/wp\/v2\/product_brand?post=2090"},{"taxonomy":"product_cat","embeddable":true,"href":"https:\/\/pressurezone.shop\/pl\/wp-json\/wp\/v2\/product_cat?post=2090"},{"taxonomy":"product_tag","embeddable":true,"href":"https:\/\/pressurezone.shop\/pl\/wp-json\/wp\/v2\/product_tag?post=2090"}],"curies":[{"name":"wp","href":"https:\/\/api.w.org\/{rel}","templated":true}]}}