{"id":2110,"date":"2024-04-09T17:06:37","date_gmt":"2024-04-09T16:06:37","guid":{"rendered":"https:\/\/pressurezone.shop\/?post_type=product&#038;p=2110"},"modified":"2024-04-10T22:29:37","modified_gmt":"2024-04-10T20:29:37","slug":"runtz-cake","status":"publish","type":"product","link":"https:\/\/pressurezone.shop\/pl\/produkt\/ciasto-runtz\/","title":{"rendered":"Runtz Cake"},"content":{"rendered":"<p>Runtz Cake - to zr\u00f3wnowa\u017cony odmiany hybrydowe (50% indica \/ 50% sativa), stworzony przez skrzy\u017cowanie pysznych odmian White Runtz i Wedding Cake. Nazwany na cze\u015b\u0107 swojego niesamowitego smaku, Runtz Cake - idealny dla ka\u017cdego mi\u0142o\u015bnika hybryd. Ten p\u0105czek ma \u0441\u0443\u043f\u0435\u0440\u0441\u043b\u0430\u0434\u043a\u0438\u043c owocowo-jagodowym smakiem, jak lizak, z lekko kwa\u015bny i s\u0142odki smak wanilii i cytrus\u00f3w. Zapach bardzo podobny, z jasnym \u0446\u0438\u0442\u0440\u0443\u0441\u043e\u0432\u043e-\u0442\u0435\u0440\u043f\u043a\u043e\u0439 nut\u0105, wyra\u017ana s\u0142odycz \u015bwie\u017cych owoc\u00f3w i s\u0142odkich owoc\u00f3w, kt\u00f3re wzmacniaj\u0105 s\u0142odycz w miar\u0119 dojrzewania p\u0105k\u00f3w.<\/p>\n<p>Efekt Runtz Cake odczuwalne w ci\u0105gu kilku minut po ostatnim wydechu, wype\u0142niaj\u0105c sw\u00f3j m\u00f3zg uczucie energii i kreatywno\u015bci, towarzyszy stymuluj\u0105ce \u043f\u043e\u043a\u0430\u043b\u044b\u0432\u0430\u043d\u0438\u0435\u043c w karku i szyi.<\/p>\n<p>To mrowienie wkr\u00f3tce rozprzestrzeni si\u0119 po ca\u0142ym ciele, zostawiaj\u0105c was w pe\u0142nej relaksu od st\u00f3p do g\u0142owy, a czasami nawet w pewnej sprawie. Efekt ten mo\u017ce czasem przej\u015b\u0107 w uspokajaj\u0105co, dlatego nale\u017cy uwa\u017ca\u0107 z dozowaniem, je\u015bli masz sprawy. W po\u0142\u0105czeniu ze \u015brednim wysokim poziomem THC, stanowi\u0105cym 22-24%, te efekty sprawiaj\u0105, \u017ce Runtz Cake doskona\u0142ym wyborem dla leczenia przewlek\u0142ego stresu, b\u00f3le g\u0142owy lub migreny, depresja, przewlek\u0142y b\u00f3l, bezsenno\u015b\u0107 i chroniczne zm\u0119czenie.<\/p>\n<p>Ten p\u0105czek ma kszta\u0142t ma\u0142ych g\u0119stych g\u0142owic w postaci popcornu, le\u015bnej zieleni z bursztynu odcieniach, cienkich bursztynu w\u0142osk\u00f3w i warstwy drobnych krystalicznych bursztynu w\u0142osk\u00f3w<a href=\"https:\/\/fuelpackz.com\/\" target=\"_blank\" rel=\"noopener\">.<\/a><\/p>","protected":false},"excerpt":{"rendered":"<h4><a href=\"https:\/\/pressurezone.shop\/pl\/\">Runtz Cake cannabis<\/a><\/h4>","protected":false},"featured_media":2120,"comment_status":"open","ping_status":"closed","template":"","meta":{"_uag_custom_page_level_css":"","site-sidebar-layout":"default","site-content-layout":"","ast-site-content-layout":"default","site-content-style":"default","site-sidebar-style":"default","ast-global-header-display":"","ast-banner-title-visibility":"","ast-main-header-display":"","ast-hfb-above-header-display":"","ast-hfb-below-header-display":"","ast-hfb-mobile-header-display":"","site-post-title":"","ast-breadcrumbs-content":"","ast-featured-img":"","footer-sml-layout":"","theme-transparent-header-meta":"default","adv-header-id-meta":"","stick-header-meta":"","header-above-stick-meta":"","header-main-stick-meta":"","header-below-stick-meta":"","astra-migrate-meta-layouts":"set","ast-page-background-enabled":"default","ast-page-background-meta":{"desktop":{"background-color":"","background-image":"","background-repeat":"repeat","background-position":"center center","background-size":"auto","background-attachment":"scroll","background-type":"","background-media":"","overlay-type":"","overlay-color":"","overlay-opacity":"","overlay-gradient":""},"tablet":{"background-color":"","background-image":"","background-repeat":"repeat","background-position":"center center","background-size":"auto","background-attachment":"scroll","background-type":"","background-media":"","overlay-type":"","overlay-color":"","overlay-opacity":"","overlay-gradient":""},"mobile":{"background-color":"","background-image":"","background-repeat":"repeat","background-position":"center center","background-size":"auto","background-attachment":"scroll","background-type":"","background-media":"","overlay-type":"","overlay-color":"","overlay-opacity":"","overlay-gradient":""}},"ast-content-background-meta":{"desktop":{"background-color":"var(--ast-global-color-5)","background-image":"","background-repeat":"repeat","background-position":"center center","background-size":"auto","background-attachment":"scroll","background-type":"","background-media":"","overlay-type":"","overlay-color":"","overlay-opacity":"","overlay-gradient":""},"tablet":{"background-color":"var(--ast-global-color-5)","background-image":"","background-repeat":"repeat","background-position":"center center","background-size":"auto","background-attachment":"scroll","background-type":"","background-media":"","overlay-type":"","overlay-color":"","overlay-opacity":"","overlay-gradient":""},"mobile":{"background-color":"var(--ast-global-color-5)","background-image":"","background-repeat":"repeat","background-position":"center center","background-size":"auto","background-attachment":"scroll","background-type":"","background-media":"","overlay-type":"","overlay-color":"","overlay-opacity":"","overlay-gradient":""}}},"product_brand":[],"product_cat":[28],"product_tag":[183,203,214],"class_list":{"0":"post-2110","1":"product","2":"type-product","3":"status-publish","4":"has-post-thumbnail","6":"product_cat-varietes-de-cannabis","7":"product_tag-baies","8":"product_tag-barres-de-cereales","9":"product_tag-runtz-cake","10":"desktop-align-left","11":"tablet-align-left","12":"mobile-align-left","14":"first","15":"instock","16":"sale","17":"shipping-taxable","18":"purchasable","19":"product-type-variable"},"uagb_featured_image_src":{"full":["https:\/\/pressurezone.shop\/wp-content\/uploads\/2024\/04\/photo1712356436-2.jpeg",800,752,false],"thumbnail":["https:\/\/pressurezone.shop\/wp-content\/uploads\/2024\/04\/photo1712356436-2-150x150.jpeg",150,150,true],"medium":["https:\/\/pressurezone.shop\/wp-content\/uploads\/2024\/04\/photo1712356436-2-300x282.jpeg",300,282,true],"medium_large":["https:\/\/pressurezone.shop\/wp-content\/uploads\/2024\/04\/photo1712356436-2-768x722.jpeg",768,722,true],"large":["https:\/\/pressurezone.shop\/wp-content\/uploads\/2024\/04\/photo1712356436-2.jpeg",800,752,false],"1536x1536":["https:\/\/pressurezone.shop\/wp-content\/uploads\/2024\/04\/photo1712356436-2.jpeg",800,752,false],"2048x2048":["https:\/\/pressurezone.shop\/wp-content\/uploads\/2024\/04\/photo1712356436-2.jpeg",800,752,false],"trp-custom-language-flag":["https:\/\/pressurezone.shop\/wp-content\/uploads\/2024\/04\/photo1712356436-2.jpeg",13,12,false],"woocommerce_thumbnail":["https:\/\/pressurezone.shop\/wp-content\/uploads\/2024\/04\/photo1712356436-2-300x300.jpeg",300,300,true],"woocommerce_single":["https:\/\/pressurezone.shop\/wp-content\/uploads\/2024\/04\/photo1712356436-2-600x564.jpeg",600,564,true],"woocommerce_gallery_thumbnail":["https:\/\/pressurezone.shop\/wp-content\/uploads\/2024\/04\/photo1712356436-2-100x100.jpeg",100,100,true]},"uagb_author_info":{"display_name":"pressurezone.shop","author_link":"https:\/\/pressurezone.shop\/pl\/author\/"},"uagb_comment_info":0,"uagb_excerpt":"Runtz Cake cannabis","_links":{"self":[{"href":"https:\/\/pressurezone.shop\/pl\/wp-json\/wp\/v2\/product\/2110"}],"collection":[{"href":"https:\/\/pressurezone.shop\/pl\/wp-json\/wp\/v2\/product"}],"about":[{"href":"https:\/\/pressurezone.shop\/pl\/wp-json\/wp\/v2\/types\/product"}],"replies":[{"embeddable":true,"href":"https:\/\/pressurezone.shop\/pl\/wp-json\/wp\/v2\/comments?post=2110"}],"version-history":[{"count":4,"href":"https:\/\/pressurezone.shop\/pl\/wp-json\/wp\/v2\/product\/2110\/revisions"}],"predecessor-version":[{"id":2187,"href":"https:\/\/pressurezone.shop\/pl\/wp-json\/wp\/v2\/product\/2110\/revisions\/2187"}],"wp:featuredmedia":[{"embeddable":true,"href":"https:\/\/pressurezone.shop\/pl\/wp-json\/wp\/v2\/media\/2120"}],"wp:attachment":[{"href":"https:\/\/pressurezone.shop\/pl\/wp-json\/wp\/v2\/media?parent=2110"}],"wp:term":[{"taxonomy":"product_brand","embeddable":true,"href":"https:\/\/pressurezone.shop\/pl\/wp-json\/wp\/v2\/product_brand?post=2110"},{"taxonomy":"product_cat","embeddable":true,"href":"https:\/\/pressurezone.shop\/pl\/wp-json\/wp\/v2\/product_cat?post=2110"},{"taxonomy":"product_tag","embeddable":true,"href":"https:\/\/pressurezone.shop\/pl\/wp-json\/wp\/v2\/product_tag?post=2110"}],"curies":[{"name":"wp","href":"https:\/\/api.w.org\/{rel}","templated":true}]}}