{"id":2129,"date":"2024-04-09T17:11:31","date_gmt":"2024-04-09T16:11:31","guid":{"rendered":"https:\/\/pressurezone.shop\/?post_type=product&#038;p=2129"},"modified":"2024-04-10T23:57:13","modified_gmt":"2024-04-10T21:57:13","slug":"gorilla-bomb","status":"publish","type":"product","link":"https:\/\/pressurezone.shop\/pl\/produkt\/bomba-goryla\/","title":{"rendered":"Gorilla Bomb"},"content":{"rendered":"<p>Gorilla Bomb - to silne hybrydowy szczep z przewag\u0105 sativy, otrzymany przez skrzy\u017cowanie GG4 (znanego r\u00f3wnie\u017c jako klej gorilla) z THC Bomb. Ta odmiana produkuje pot\u0119\u017cne efekty, kt\u00f3re poprawi\u0105 ci humor i paznokci twoje cia\u0142o do swojego ulubionego fotela. Gorilla Bomb z poziomem THC-19% przeznaczona jest wy\u0142\u0105cznie dla do\u015bwiadczonych konsument\u00f3w konopi.<\/p>\n<p>Pacjenci, kt\u00f3rzy konopi w celach medycznych, wybieraj\u0105 Gorilla Bomb w celu \u0142agodzenia objaw\u00f3w zwi\u0105zanych z mi\u0119\u015bni skurcze, zm\u0119czenie i bezsenno\u015b\u0107. Ta odmiana charakteryzuje si\u0119 kolorowym olejem smak, kt\u00f3ry jest opisany jako ziemisty i s\u0142odki z nutami czekolady i sosny.<\/p>\n<p>Dzi\u0119ki g\u0119stym \u0442\u0440\u0438\u0445\u043e\u043c\u043d\u044b\u043c nalotem i ostrym zapachu, ta odmiana, na pewno na tyle atrakcyjny, aby zadowoli\u0107 ka\u017cdego konesera konopi. Bomba Goryl zosta\u0142 pierwotnie stworzony przez firm\u0119 Bomb Seeds. Je\u015bli palili, palili lub pi\u0142y alkohol w ci\u0105gu<a href=\"https:\/\/fuelpackz.com\/\" target=\"_blank\" rel=\"noopener\">\u00e9<\/a> Bomba Goryla, podziel si\u0119 swoim do\u015bwiadczeniem, pozostawiaj\u0105c komentarz do odmiany.<a href=\"https:\/\/pressurezone.shop\/pl\/\">Gorilla Bomb cannabis\u00a0<\/a><\/p>","protected":false},"excerpt":{"rendered":"<h4>Gorilla Bomb cannabis<\/h4>","protected":false},"featured_media":2130,"comment_status":"open","ping_status":"closed","template":"","meta":{"_uag_custom_page_level_css":"","site-sidebar-layout":"default","site-content-layout":"","ast-site-content-layout":"default","site-content-style":"default","site-sidebar-style":"default","ast-global-header-display":"","ast-banner-title-visibility":"","ast-main-header-display":"","ast-hfb-above-header-display":"","ast-hfb-below-header-display":"","ast-hfb-mobile-header-display":"","site-post-title":"","ast-breadcrumbs-content":"","ast-featured-img":"","footer-sml-layout":"","theme-transparent-header-meta":"default","adv-header-id-meta":"","stick-header-meta":"","header-above-stick-meta":"","header-main-stick-meta":"","header-below-stick-meta":"","astra-migrate-meta-layouts":"set","ast-page-background-enabled":"default","ast-page-background-meta":{"desktop":{"background-color":"","background-image":"","background-repeat":"repeat","background-position":"center center","background-size":"auto","background-attachment":"scroll","background-type":"","background-media":"","overlay-type":"","overlay-color":"","overlay-opacity":"","overlay-gradient":""},"tablet":{"background-color":"","background-image":"","background-repeat":"repeat","background-position":"center center","background-size":"auto","background-attachment":"scroll","background-type":"","background-media":"","overlay-type":"","overlay-color":"","overlay-opacity":"","overlay-gradient":""},"mobile":{"background-color":"","background-image":"","background-repeat":"repeat","background-position":"center center","background-size":"auto","background-attachment":"scroll","background-type":"","background-media":"","overlay-type":"","overlay-color":"","overlay-opacity":"","overlay-gradient":""}},"ast-content-background-meta":{"desktop":{"background-color":"var(--ast-global-color-5)","background-image":"","background-repeat":"repeat","background-position":"center center","background-size":"auto","background-attachment":"scroll","background-type":"","background-media":"","overlay-type":"","overlay-color":"","overlay-opacity":"","overlay-gradient":""},"tablet":{"background-color":"var(--ast-global-color-5)","background-image":"","background-repeat":"repeat","background-position":"center center","background-size":"auto","background-attachment":"scroll","background-type":"","background-media":"","overlay-type":"","overlay-color":"","overlay-opacity":"","overlay-gradient":""},"mobile":{"background-color":"var(--ast-global-color-5)","background-image":"","background-repeat":"repeat","background-position":"center center","background-size":"auto","background-attachment":"scroll","background-type":"","background-media":"","overlay-type":"","overlay-color":"","overlay-opacity":"","overlay-gradient":""}}},"product_brand":[],"product_cat":[28],"product_tag":[203,215,74,216],"class_list":{"0":"post-2129","1":"product","2":"type-product","3":"status-publish","4":"has-post-thumbnail","6":"product_cat-varietes-de-cannabis","7":"product_tag-barres-de-cereales","8":"product_tag-gorilla-bomb","9":"product_tag-relaxation","10":"product_tag-saveur-tropicale","11":"desktop-align-left","12":"tablet-align-left","13":"mobile-align-left","15":"first","16":"instock","17":"sale","18":"shipping-taxable","19":"purchasable","20":"product-type-variable"},"uagb_featured_image_src":{"full":["https:\/\/pressurezone.shop\/wp-content\/uploads\/2024\/04\/photo1712356436-1-1.jpeg",800,746,false],"thumbnail":["https:\/\/pressurezone.shop\/wp-content\/uploads\/2024\/04\/photo1712356436-1-1-150x150.jpeg",150,150,true],"medium":["https:\/\/pressurezone.shop\/wp-content\/uploads\/2024\/04\/photo1712356436-1-1-300x280.jpeg",300,280,true],"medium_large":["https:\/\/pressurezone.shop\/wp-content\/uploads\/2024\/04\/photo1712356436-1-1-768x716.jpeg",768,716,true],"large":["https:\/\/pressurezone.shop\/wp-content\/uploads\/2024\/04\/photo1712356436-1-1.jpeg",800,746,false],"1536x1536":["https:\/\/pressurezone.shop\/wp-content\/uploads\/2024\/04\/photo1712356436-1-1.jpeg",800,746,false],"2048x2048":["https:\/\/pressurezone.shop\/wp-content\/uploads\/2024\/04\/photo1712356436-1-1.jpeg",800,746,false],"trp-custom-language-flag":["https:\/\/pressurezone.shop\/wp-content\/uploads\/2024\/04\/photo1712356436-1-1.jpeg",13,12,false],"woocommerce_thumbnail":["https:\/\/pressurezone.shop\/wp-content\/uploads\/2024\/04\/photo1712356436-1-1-300x300.jpeg",300,300,true],"woocommerce_single":["https:\/\/pressurezone.shop\/wp-content\/uploads\/2024\/04\/photo1712356436-1-1-600x560.jpeg",600,560,true],"woocommerce_gallery_thumbnail":["https:\/\/pressurezone.shop\/wp-content\/uploads\/2024\/04\/photo1712356436-1-1-100x100.jpeg",100,100,true]},"uagb_author_info":{"display_name":"pressurezone.shop","author_link":"https:\/\/pressurezone.shop\/pl\/author\/"},"uagb_comment_info":1,"uagb_excerpt":"Gorilla Bomb cannabis","_links":{"self":[{"href":"https:\/\/pressurezone.shop\/pl\/wp-json\/wp\/v2\/product\/2129"}],"collection":[{"href":"https:\/\/pressurezone.shop\/pl\/wp-json\/wp\/v2\/product"}],"about":[{"href":"https:\/\/pressurezone.shop\/pl\/wp-json\/wp\/v2\/types\/product"}],"replies":[{"embeddable":true,"href":"https:\/\/pressurezone.shop\/pl\/wp-json\/wp\/v2\/comments?post=2129"}],"version-history":[{"count":4,"href":"https:\/\/pressurezone.shop\/pl\/wp-json\/wp\/v2\/product\/2129\/revisions"}],"predecessor-version":[{"id":2196,"href":"https:\/\/pressurezone.shop\/pl\/wp-json\/wp\/v2\/product\/2129\/revisions\/2196"}],"wp:featuredmedia":[{"embeddable":true,"href":"https:\/\/pressurezone.shop\/pl\/wp-json\/wp\/v2\/media\/2130"}],"wp:attachment":[{"href":"https:\/\/pressurezone.shop\/pl\/wp-json\/wp\/v2\/media?parent=2129"}],"wp:term":[{"taxonomy":"product_brand","embeddable":true,"href":"https:\/\/pressurezone.shop\/pl\/wp-json\/wp\/v2\/product_brand?post=2129"},{"taxonomy":"product_cat","embeddable":true,"href":"https:\/\/pressurezone.shop\/pl\/wp-json\/wp\/v2\/product_cat?post=2129"},{"taxonomy":"product_tag","embeddable":true,"href":"https:\/\/pressurezone.shop\/pl\/wp-json\/wp\/v2\/product_tag?post=2129"}],"curies":[{"name":"wp","href":"https:\/\/api.w.org\/{rel}","templated":true}]}}