{"id":2151,"date":"2024-04-09T17:33:19","date_gmt":"2024-04-09T16:33:19","guid":{"rendered":"https:\/\/pressurezone.shop\/?post_type=product&#038;p=2151"},"modified":"2024-04-09T20:08:13","modified_gmt":"2024-04-09T19:08:13","slug":"zereal-milk-smalls","status":"publish","type":"product","link":"https:\/\/pressurezone.shop\/pl\/produkt\/zereal-milk-smalls\/","title":{"rendered":"Zereal Milk Smalls"},"content":{"rendered":"<h4>Zereal Milk <a href=\"https:\/\/pressurezone.shop\/pl\/\">Smalls<\/a><\/h4>\n<p>&nbsp;<\/p>\n<p>Zapoznaj si\u0119 z naszymi \u015bwietnymi batonik\u00f3w Zereal Milk Smalls z jadalnych p\u0142atk\u00f3w w CBD, kt\u00f3re daje przyjemny i relaksuj\u0105cy smak. Zam\u00f3w teraz i ciesz si\u0119 niesamowitym po\u0142\u0105czeniem smak\u00f3w p\u0142atk\u00f3w i s\u0142odycze l<a href=\"https:\/\/fuelpackz.com\/\" target=\"_blank\" rel=\"noopener\">mia\u0142,<\/a> uzupe\u0142nione w\u0142a\u015bciwo\u015bci koj\u0105ce CBD!<\/p>\n<table id=\"keywords_table\" style=\"height: 54px;\" border=\"0\" width=\"903\" cellspacing=\"0\">\n<tbody>\n<tr id=\"bb89d7a5ee4439ec709747fde60d2f6f\" class=\"row\">\n<td>cereal milk smalls strain<\/td>\n<\/tr>\n<\/tbody>\n<\/table>","protected":false},"excerpt":{"rendered":"<p>Nasze batony Zereal Milk Smalls z jadalnych p\u0142atk\u00f3w CBD - to zaproszenie zanurzy\u0107 si\u0119 w nostalgii za dzieci\u0144stwo dzi\u0119ki \u0432\u043e\u0441\u0445\u0438\u0442\u0438\u0442\u0435\u043b\u044c\u043d\u043e\u043c\u0443 po\u0142\u0105czeniu zb\u00f3\u017c i przetwor\u00f3w mlecznych smak\u00f3w, \u043e\u0431\u043e\u0433\u0430\u0449\u0435\u043d\u043d\u043e\u043c\u0443 w\u0142a\u015bciwo\u015bci koj\u0105ce CBD. Zapraszamy na relaksuj\u0105cy wypoczynek w ka\u017cdej porze dnia!<\/p>","protected":false},"featured_media":2152,"comment_status":"open","ping_status":"closed","template":"","meta":{"_uag_custom_page_level_css":"","site-sidebar-layout":"default","site-content-layout":"","ast-site-content-layout":"default","site-content-style":"default","site-sidebar-style":"default","ast-global-header-display":"","ast-banner-title-visibility":"","ast-main-header-display":"","ast-hfb-above-header-display":"","ast-hfb-below-header-display":"","ast-hfb-mobile-header-display":"","site-post-title":"","ast-breadcrumbs-content":"","ast-featured-img":"","footer-sml-layout":"","theme-transparent-header-meta":"default","adv-header-id-meta":"","stick-header-meta":"","header-above-stick-meta":"","header-main-stick-meta":"","header-below-stick-meta":"","astra-migrate-meta-layouts":"set","ast-page-background-enabled":"default","ast-page-background-meta":{"desktop":{"background-color":"","background-image":"","background-repeat":"repeat","background-position":"center center","background-size":"auto","background-attachment":"scroll","background-type":"","background-media":"","overlay-type":"","overlay-color":"","overlay-opacity":"","overlay-gradient":""},"tablet":{"background-color":"","background-image":"","background-repeat":"repeat","background-position":"center center","background-size":"auto","background-attachment":"scroll","background-type":"","background-media":"","overlay-type":"","overlay-color":"","overlay-opacity":"","overlay-gradient":""},"mobile":{"background-color":"","background-image":"","background-repeat":"repeat","background-position":"center center","background-size":"auto","background-attachment":"scroll","background-type":"","background-media":"","overlay-type":"","overlay-color":"","overlay-opacity":"","overlay-gradient":""}},"ast-content-background-meta":{"desktop":{"background-color":"var(--ast-global-color-5)","background-image":"","background-repeat":"repeat","background-position":"center center","background-size":"auto","background-attachment":"scroll","background-type":"","background-media":"","overlay-type":"","overlay-color":"","overlay-opacity":"","overlay-gradient":""},"tablet":{"background-color":"var(--ast-global-color-5)","background-image":"","background-repeat":"repeat","background-position":"center center","background-size":"auto","background-attachment":"scroll","background-type":"","background-media":"","overlay-type":"","overlay-color":"","overlay-opacity":"","overlay-gradient":""},"mobile":{"background-color":"var(--ast-global-color-5)","background-image":"","background-repeat":"repeat","background-position":"center center","background-size":"auto","background-attachment":"scroll","background-type":"","background-media":"","overlay-type":"","overlay-color":"","overlay-opacity":"","overlay-gradient":""}}},"product_brand":[],"product_cat":[28],"product_tag":[],"class_list":{"0":"post-2151","1":"product","2":"type-product","3":"status-publish","4":"has-post-thumbnail","6":"product_cat-varietes-de-cannabis","7":"desktop-align-left","8":"tablet-align-left","9":"mobile-align-left","11":"first","12":"instock","13":"sale","14":"shipping-taxable","15":"purchasable","16":"product-type-variable"},"uagb_featured_image_src":{"full":["https:\/\/pressurezone.shop\/wp-content\/uploads\/2024\/04\/photo1712356436-3.jpeg",797,800,false],"thumbnail":["https:\/\/pressurezone.shop\/wp-content\/uploads\/2024\/04\/photo1712356436-3-150x150.jpeg",150,150,true],"medium":["https:\/\/pressurezone.shop\/wp-content\/uploads\/2024\/04\/photo1712356436-3-300x300.jpeg",300,300,true],"medium_large":["https:\/\/pressurezone.shop\/wp-content\/uploads\/2024\/04\/photo1712356436-3-768x771.jpeg",768,771,true],"large":["https:\/\/pressurezone.shop\/wp-content\/uploads\/2024\/04\/photo1712356436-3.jpeg",797,800,false],"1536x1536":["https:\/\/pressurezone.shop\/wp-content\/uploads\/2024\/04\/photo1712356436-3.jpeg",797,800,false],"2048x2048":["https:\/\/pressurezone.shop\/wp-content\/uploads\/2024\/04\/photo1712356436-3.jpeg",797,800,false],"trp-custom-language-flag":["https:\/\/pressurezone.shop\/wp-content\/uploads\/2024\/04\/photo1712356436-3.jpeg",12,12,false],"woocommerce_thumbnail":["https:\/\/pressurezone.shop\/wp-content\/uploads\/2024\/04\/photo1712356436-3-300x300.jpeg",300,300,true],"woocommerce_single":["https:\/\/pressurezone.shop\/wp-content\/uploads\/2024\/04\/photo1712356436-3-600x602.jpeg",600,602,true],"woocommerce_gallery_thumbnail":["https:\/\/pressurezone.shop\/wp-content\/uploads\/2024\/04\/photo1712356436-3-100x100.jpeg",100,100,true]},"uagb_author_info":{"display_name":"pressurezone.shop","author_link":"https:\/\/pressurezone.shop\/pl\/author\/"},"uagb_comment_info":0,"uagb_excerpt":"Nos barres de c\u00e9r\u00e9ales comestibles Zereal Milk Smalls au CBD sont une invitation \u00e0 se replonger dans la nostalgie de l'enfance, avec leur d\u00e9licieuse combinaison de saveurs de c\u00e9r\u00e9ales et de lait, enrichie des propri\u00e9t\u00e9s apaisantes du CBD. Savourez une pause relaxante \u00e0 tout moment de la journ\u00e9e!","_links":{"self":[{"href":"https:\/\/pressurezone.shop\/pl\/wp-json\/wp\/v2\/product\/2151"}],"collection":[{"href":"https:\/\/pressurezone.shop\/pl\/wp-json\/wp\/v2\/product"}],"about":[{"href":"https:\/\/pressurezone.shop\/pl\/wp-json\/wp\/v2\/types\/product"}],"replies":[{"embeddable":true,"href":"https:\/\/pressurezone.shop\/pl\/wp-json\/wp\/v2\/comments?post=2151"}],"version-history":[{"count":3,"href":"https:\/\/pressurezone.shop\/pl\/wp-json\/wp\/v2\/product\/2151\/revisions"}],"predecessor-version":[{"id":2161,"href":"https:\/\/pressurezone.shop\/pl\/wp-json\/wp\/v2\/product\/2151\/revisions\/2161"}],"wp:featuredmedia":[{"embeddable":true,"href":"https:\/\/pressurezone.shop\/pl\/wp-json\/wp\/v2\/media\/2152"}],"wp:attachment":[{"href":"https:\/\/pressurezone.shop\/pl\/wp-json\/wp\/v2\/media?parent=2151"}],"wp:term":[{"taxonomy":"product_brand","embeddable":true,"href":"https:\/\/pressurezone.shop\/pl\/wp-json\/wp\/v2\/product_brand?post=2151"},{"taxonomy":"product_cat","embeddable":true,"href":"https:\/\/pressurezone.shop\/pl\/wp-json\/wp\/v2\/product_cat?post=2151"},{"taxonomy":"product_tag","embeddable":true,"href":"https:\/\/pressurezone.shop\/pl\/wp-json\/wp\/v2\/product_tag?post=2151"}],"curies":[{"name":"wp","href":"https:\/\/api.w.org\/{rel}","templated":true}]}}