{"id":2220,"date":"2024-04-11T01:25:20","date_gmt":"2024-04-10T23:25:20","guid":{"rendered":"https:\/\/pressurezone.shop\/?post_type=product&#038;p=2220"},"modified":"2024-10-12T22:05:31","modified_gmt":"2024-10-12T20:05:31","slug":"afghan-black-hash","status":"publish","type":"product","link":"https:\/\/pressurezone.shop\/pl\/produkt\/afganski-czarny-haszysz\/","title":{"rendered":"Afga\u0144ski Black Hash"},"content":{"rendered":"<p>Dowiedz si\u0119, jak je\u015b\u0107 traw\u0119.<\/p>\n<p>Zawarto\u015b\u0107 THC: 42 %<\/p>\n<p>Zawarto\u015b\u0107 CBD: 2,8 %<\/p>\n<p>Afga\u0144ski czarny hash - to skomplikowany odmiana z przewag\u0105 indica, znana \u044d\u0439\u0444\u043e\u0440\u0438\u0447\u0435\u0441\u043a\u0438\u043c i odpr\u0119\u017caj\u0105co. Kwiaty rozwijaj\u0105 si\u0119 w jadeitowa zielone p\u0105ki w formie s\u0142owa z prawie czarnymi cukrzycy li\u015bci. Black Afga\u0144ski ma \u0442\u0435\u0440\u043f\u0435\u043d\u043e\u0432\u044b\u043c sk\u0142adem, \u0142\u0105cz\u0105c w sobie aromaty pieprzu, ziemi i sza\u0142wii z nutami czarnych owoc\u00f3w, co ma zar\u00f3wno psychiczne, jak i fizyczne. Odmiana ta zapewnia zmys\u0142owy i radosny przyp\u0142yw, podczas gdy <a href=\"https:\/\/fuelpackz.com\/\" target=\"_blank\" rel=\"noopener\">w<\/a><\/p>","protected":false},"excerpt":{"rendered":"<h5 class=\"product_title entry-title\"><a href=\"https:\/\/pressurezone.shop\/pl\/\">Afga\u0144ski Black Hash<\/a><\/h5>","protected":false},"featured_media":2221,"comment_status":"open","ping_status":"closed","template":"","meta":{"_uag_custom_page_level_css":"","site-sidebar-layout":"default","site-content-layout":"","ast-site-content-layout":"default","site-content-style":"default","site-sidebar-style":"default","ast-global-header-display":"","ast-banner-title-visibility":"","ast-main-header-display":"","ast-hfb-above-header-display":"","ast-hfb-below-header-display":"","ast-hfb-mobile-header-display":"","site-post-title":"","ast-breadcrumbs-content":"","ast-featured-img":"","footer-sml-layout":"","theme-transparent-header-meta":"default","adv-header-id-meta":"","stick-header-meta":"","header-above-stick-meta":"","header-main-stick-meta":"","header-below-stick-meta":"","astra-migrate-meta-layouts":"set","ast-page-background-enabled":"default","ast-page-background-meta":{"desktop":{"background-color":"","background-image":"","background-repeat":"repeat","background-position":"center center","background-size":"auto","background-attachment":"scroll","background-type":"","background-media":"","overlay-type":"","overlay-color":"","overlay-opacity":"","overlay-gradient":""},"tablet":{"background-color":"","background-image":"","background-repeat":"repeat","background-position":"center center","background-size":"auto","background-attachment":"scroll","background-type":"","background-media":"","overlay-type":"","overlay-color":"","overlay-opacity":"","overlay-gradient":""},"mobile":{"background-color":"","background-image":"","background-repeat":"repeat","background-position":"center center","background-size":"auto","background-attachment":"scroll","background-type":"","background-media":"","overlay-type":"","overlay-color":"","overlay-opacity":"","overlay-gradient":""}},"ast-content-background-meta":{"desktop":{"background-color":"var(--ast-global-color-5)","background-image":"","background-repeat":"repeat","background-position":"center center","background-size":"auto","background-attachment":"scroll","background-type":"","background-media":"","overlay-type":"","overlay-color":"","overlay-opacity":"","overlay-gradient":""},"tablet":{"background-color":"var(--ast-global-color-5)","background-image":"","background-repeat":"repeat","background-position":"center center","background-size":"auto","background-attachment":"scroll","background-type":"","background-media":"","overlay-type":"","overlay-color":"","overlay-opacity":"","overlay-gradient":""},"mobile":{"background-color":"var(--ast-global-color-5)","background-image":"","background-repeat":"repeat","background-position":"center center","background-size":"auto","background-attachment":"scroll","background-type":"","background-media":"","overlay-type":"","overlay-color":"","overlay-opacity":"","overlay-gradient":""}}},"product_brand":[],"product_cat":[29],"product_tag":[],"class_list":{"0":"post-2220","1":"product","2":"type-product","3":"status-publish","4":"has-post-thumbnail","6":"product_cat-haschisch","7":"desktop-align-left","8":"tablet-align-left","9":"mobile-align-left","11":"first","12":"instock","13":"shipping-taxable","14":"purchasable","15":"product-type-variable"},"uagb_featured_image_src":{"full":["https:\/\/pressurezone.shop\/wp-content\/uploads\/2024\/04\/Afghan-Black-Hash-600x600-1.jpg",600,600,false],"thumbnail":["https:\/\/pressurezone.shop\/wp-content\/uploads\/2024\/04\/Afghan-Black-Hash-600x600-1-150x150.jpg",150,150,true],"medium":["https:\/\/pressurezone.shop\/wp-content\/uploads\/2024\/04\/Afghan-Black-Hash-600x600-1-300x300.jpg",300,300,true],"medium_large":["https:\/\/pressurezone.shop\/wp-content\/uploads\/2024\/04\/Afghan-Black-Hash-600x600-1.jpg",600,600,false],"large":["https:\/\/pressurezone.shop\/wp-content\/uploads\/2024\/04\/Afghan-Black-Hash-600x600-1.jpg",600,600,false],"1536x1536":["https:\/\/pressurezone.shop\/wp-content\/uploads\/2024\/04\/Afghan-Black-Hash-600x600-1.jpg",600,600,false],"2048x2048":["https:\/\/pressurezone.shop\/wp-content\/uploads\/2024\/04\/Afghan-Black-Hash-600x600-1.jpg",600,600,false],"trp-custom-language-flag":["https:\/\/pressurezone.shop\/wp-content\/uploads\/2024\/04\/Afghan-Black-Hash-600x600-1.jpg",12,12,false],"woocommerce_thumbnail":["https:\/\/pressurezone.shop\/wp-content\/uploads\/2024\/04\/Afghan-Black-Hash-600x600-1-300x300.jpg",300,300,true],"woocommerce_single":["https:\/\/pressurezone.shop\/wp-content\/uploads\/2024\/04\/Afghan-Black-Hash-600x600-1.jpg",600,600,false],"woocommerce_gallery_thumbnail":["https:\/\/pressurezone.shop\/wp-content\/uploads\/2024\/04\/Afghan-Black-Hash-600x600-1-100x100.jpg",100,100,true]},"uagb_author_info":{"display_name":"pressurezone.shop","author_link":"https:\/\/pressurezone.shop\/pl\/author\/"},"uagb_comment_info":9,"uagb_excerpt":"Afghan Black Hash","_links":{"self":[{"href":"https:\/\/pressurezone.shop\/pl\/wp-json\/wp\/v2\/product\/2220"}],"collection":[{"href":"https:\/\/pressurezone.shop\/pl\/wp-json\/wp\/v2\/product"}],"about":[{"href":"https:\/\/pressurezone.shop\/pl\/wp-json\/wp\/v2\/types\/product"}],"replies":[{"embeddable":true,"href":"https:\/\/pressurezone.shop\/pl\/wp-json\/wp\/v2\/comments?post=2220"}],"version-history":[{"count":2,"href":"https:\/\/pressurezone.shop\/pl\/wp-json\/wp\/v2\/product\/2220\/revisions"}],"predecessor-version":[{"id":2223,"href":"https:\/\/pressurezone.shop\/pl\/wp-json\/wp\/v2\/product\/2220\/revisions\/2223"}],"wp:featuredmedia":[{"embeddable":true,"href":"https:\/\/pressurezone.shop\/pl\/wp-json\/wp\/v2\/media\/2221"}],"wp:attachment":[{"href":"https:\/\/pressurezone.shop\/pl\/wp-json\/wp\/v2\/media?parent=2220"}],"wp:term":[{"taxonomy":"product_brand","embeddable":true,"href":"https:\/\/pressurezone.shop\/pl\/wp-json\/wp\/v2\/product_brand?post=2220"},{"taxonomy":"product_cat","embeddable":true,"href":"https:\/\/pressurezone.shop\/pl\/wp-json\/wp\/v2\/product_cat?post=2220"},{"taxonomy":"product_tag","embeddable":true,"href":"https:\/\/pressurezone.shop\/pl\/wp-json\/wp\/v2\/product_tag?post=2220"}],"curies":[{"name":"wp","href":"https:\/\/api.w.org\/{rel}","templated":true}]}}