{"id":2262,"date":"2024-04-14T01:52:38","date_gmt":"2024-04-13T23:52:38","guid":{"rendered":"https:\/\/pressurezone.shop\/?post_type=product&#038;p=2262"},"modified":"2026-02-27T04:05:54","modified_gmt":"2026-02-27T03:05:54","slug":"atomic-candy","status":"publish","type":"product","link":"https:\/\/pressurezone.shop\/pl\/produkt\/atomowe-cukierki\/","title":{"rendered":"Atomic Candy"},"content":{"rendered":"<p>Atomic Candy - to hybrydowy odmiana z przewag\u0105 indica (70% indica \/ 30% sativa), stworzony przez skrzy\u017cowanie klasycznych szczep\u00f3w (OG Kush X Chemdawg) i THC Bomb. Ta silnie trawa ma bardzo silny efekt dzi\u0119ki \u015bredniej wysoki poziom THC, \u0434\u043e\u0441\u0442\u0438\u0433\u0430\u044e\u0449\u0435\u043c\u0443 26-30%.<\/p>\n<p>Efekt zaczyna si\u0119 od pot\u0119\u017cnej fali m\u00f3zgowych efekt\u00f3w, kt\u00f3re wywo\u0142uj\u0105 u ciebie silne uczucie euforii. Wtedy poczujesz przyp\u0142yw kreatywno\u015bci, wype\u0142niaj\u0105c sw\u00f3j umys\u0142 bogatymi artystyczne wizje i spokojny szcz\u0119\u015bcia. Kiedy tw\u00f3j umys\u0142 odparuje, twoje cia\u0142o zacznie si\u0119 g\u0142\u0119boko zrelaksowa\u0107 si\u0119, pozostawiaj\u0105c lekko \u015bciszonym i zupe\u0142nie \u043e\u043d\u0435\u043c\u0435\u0432\u0448\u0438\u043c na kanapie w ci\u0105gu kilku godzin.<\/p>\n<p>Stopniowo efekty te b\u0119d\u0105 si\u0119 nasila\u0107, a b\u0119dziesz czasami zasn\u0105\u0107, zanim zag\u0142\u0119bimy si\u0119 w g\u0142\u0119boki sen. Z powodu tych efekt\u00f3w i silnej aktywno\u015bci gatunek ten cz\u0119sto wybieraj\u0105 do leczenia takich stan\u00f3w, jak depresja, bezsenno\u015b\u0107, przewlek\u0142y stres, b\u00f3le g\u0142owy i stany zapalne. Ta trawa ma bardzo drzewno-korzenny smak z nut\u0105 oleju nap\u0119dowego skunksa na ko\u0144cu. Zapach bardzo ziemisty i pikantne, z silnym zapachu skunksa z nut\u0105 paliwa i sosny. G\u0142owice Atomic Candy puszyste, oliwkowo-zielone z ciemno-pomara\u0144czowymi w\u0142oskami i warstw\u0105 bursztynowo-matowych w\u0142osk\u00f3w<a href=\"https:\/\/fuelpackz.com\/\" target=\"_blank\" rel=\"noopener\">.<\/a><\/p>","protected":false},"excerpt":{"rendered":"<h4><a href=\"https:\/\/pressurezone.shop\/pl\/\">Atomic Candy<\/a><\/h4>","protected":false},"featured_media":2263,"comment_status":"open","ping_status":"closed","template":"","meta":{"_uag_custom_page_level_css":"","site-sidebar-layout":"default","site-content-layout":"","ast-site-content-layout":"default","site-content-style":"default","site-sidebar-style":"default","ast-global-header-display":"","ast-banner-title-visibility":"","ast-main-header-display":"","ast-hfb-above-header-display":"","ast-hfb-below-header-display":"","ast-hfb-mobile-header-display":"","site-post-title":"","ast-breadcrumbs-content":"","ast-featured-img":"","footer-sml-layout":"","theme-transparent-header-meta":"default","adv-header-id-meta":"","stick-header-meta":"","header-above-stick-meta":"","header-main-stick-meta":"","header-below-stick-meta":"","astra-migrate-meta-layouts":"set","ast-page-background-enabled":"default","ast-page-background-meta":{"desktop":{"background-color":"","background-image":"","background-repeat":"repeat","background-position":"center center","background-size":"auto","background-attachment":"scroll","background-type":"","background-media":"","overlay-type":"","overlay-color":"","overlay-opacity":"","overlay-gradient":""},"tablet":{"background-color":"","background-image":"","background-repeat":"repeat","background-position":"center center","background-size":"auto","background-attachment":"scroll","background-type":"","background-media":"","overlay-type":"","overlay-color":"","overlay-opacity":"","overlay-gradient":""},"mobile":{"background-color":"","background-image":"","background-repeat":"repeat","background-position":"center center","background-size":"auto","background-attachment":"scroll","background-type":"","background-media":"","overlay-type":"","overlay-color":"","overlay-opacity":"","overlay-gradient":""}},"ast-content-background-meta":{"desktop":{"background-color":"var(--ast-global-color-5)","background-image":"","background-repeat":"repeat","background-position":"center center","background-size":"auto","background-attachment":"scroll","background-type":"","background-media":"","overlay-type":"","overlay-color":"","overlay-opacity":"","overlay-gradient":""},"tablet":{"background-color":"var(--ast-global-color-5)","background-image":"","background-repeat":"repeat","background-position":"center center","background-size":"auto","background-attachment":"scroll","background-type":"","background-media":"","overlay-type":"","overlay-color":"","overlay-opacity":"","overlay-gradient":""},"mobile":{"background-color":"var(--ast-global-color-5)","background-image":"","background-repeat":"repeat","background-position":"center center","background-size":"auto","background-attachment":"scroll","background-type":"","background-media":"","overlay-type":"","overlay-color":"","overlay-opacity":"","overlay-gradient":""}}},"product_brand":[],"product_cat":[28],"product_tag":[220,203,204,74,221],"class_list":{"0":"post-2262","1":"product","2":"type-product","3":"status-publish","4":"has-post-thumbnail","6":"product_cat-varietes-de-cannabis","7":"product_tag-atomic-candy","8":"product_tag-barres-de-cereales","9":"product_tag-cbd","10":"product_tag-relaxation","11":"product_tag-saveur-sucree","12":"desktop-align-left","13":"tablet-align-left","14":"mobile-align-left","16":"first","17":"instock","18":"sale","19":"shipping-taxable","20":"purchasable","21":"product-type-variable"},"uagb_featured_image_src":{"full":["https:\/\/pressurezone.shop\/wp-content\/uploads\/2024\/04\/photo17123564361.jpeg",800,741,false],"thumbnail":["https:\/\/pressurezone.shop\/wp-content\/uploads\/2024\/04\/photo17123564361-150x150.jpeg",150,150,true],"medium":["https:\/\/pressurezone.shop\/wp-content\/uploads\/2024\/04\/photo17123564361-300x278.jpeg",300,278,true],"medium_large":["https:\/\/pressurezone.shop\/wp-content\/uploads\/2024\/04\/photo17123564361-768x711.jpeg",768,711,true],"large":["https:\/\/pressurezone.shop\/wp-content\/uploads\/2024\/04\/photo17123564361.jpeg",800,741,false],"1536x1536":["https:\/\/pressurezone.shop\/wp-content\/uploads\/2024\/04\/photo17123564361.jpeg",800,741,false],"2048x2048":["https:\/\/pressurezone.shop\/wp-content\/uploads\/2024\/04\/photo17123564361.jpeg",800,741,false],"trp-custom-language-flag":["https:\/\/pressurezone.shop\/wp-content\/uploads\/2024\/04\/photo17123564361-13x12.jpeg",13,12,true],"woocommerce_thumbnail":["https:\/\/pressurezone.shop\/wp-content\/uploads\/2024\/04\/photo17123564361-300x300.jpeg",300,300,true],"woocommerce_single":["https:\/\/pressurezone.shop\/wp-content\/uploads\/2024\/04\/photo17123564361-600x556.jpeg",600,556,true],"woocommerce_gallery_thumbnail":["https:\/\/pressurezone.shop\/wp-content\/uploads\/2024\/04\/photo17123564361-100x100.jpeg",100,100,true]},"uagb_author_info":{"display_name":"pressurezone.shop","author_link":"https:\/\/pressurezone.shop\/pl\/author\/"},"uagb_comment_info":14,"uagb_excerpt":"Atomic Candy","_links":{"self":[{"href":"https:\/\/pressurezone.shop\/pl\/wp-json\/wp\/v2\/product\/2262"}],"collection":[{"href":"https:\/\/pressurezone.shop\/pl\/wp-json\/wp\/v2\/product"}],"about":[{"href":"https:\/\/pressurezone.shop\/pl\/wp-json\/wp\/v2\/types\/product"}],"replies":[{"embeddable":true,"href":"https:\/\/pressurezone.shop\/pl\/wp-json\/wp\/v2\/comments?post=2262"}],"version-history":[{"count":4,"href":"https:\/\/pressurezone.shop\/pl\/wp-json\/wp\/v2\/product\/2262\/revisions"}],"predecessor-version":[{"id":2537,"href":"https:\/\/pressurezone.shop\/pl\/wp-json\/wp\/v2\/product\/2262\/revisions\/2537"}],"wp:featuredmedia":[{"embeddable":true,"href":"https:\/\/pressurezone.shop\/pl\/wp-json\/wp\/v2\/media\/2263"}],"wp:attachment":[{"href":"https:\/\/pressurezone.shop\/pl\/wp-json\/wp\/v2\/media?parent=2262"}],"wp:term":[{"taxonomy":"product_brand","embeddable":true,"href":"https:\/\/pressurezone.shop\/pl\/wp-json\/wp\/v2\/product_brand?post=2262"},{"taxonomy":"product_cat","embeddable":true,"href":"https:\/\/pressurezone.shop\/pl\/wp-json\/wp\/v2\/product_cat?post=2262"},{"taxonomy":"product_tag","embeddable":true,"href":"https:\/\/pressurezone.shop\/pl\/wp-json\/wp\/v2\/product_tag?post=2262"}],"curies":[{"name":"wp","href":"https:\/\/api.w.org\/{rel}","templated":true}]}}