{"id":2331,"date":"2024-04-14T02:22:35","date_gmt":"2024-04-14T00:22:35","guid":{"rendered":"https:\/\/pressurezone.shop\/?post_type=product&#038;p=2331"},"modified":"2024-04-17T23:38:03","modified_gmt":"2024-04-17T21:38:03","slug":"lucky-charmz","status":"publish","type":"product","link":"https:\/\/pressurezone.shop\/pl\/produkt\/lucky-charmz\/","title":{"rendered":"Lucky Charmz"},"content":{"rendered":"<p>Odkryj magi\u0119 Lucky Charmz, odmiany konopi, r\u00f3wnie fascynuj\u0105cym, jak i szcz\u0119\u015bliwy. Zanurz si\u0119 w wyj\u0105tkowe do\u015bwiadczenie z \u043f\u044c\u044f\u043d\u044f\u0449\u0438\u043c\u0438 zapachami i \u044d\u0439\u0444\u043e\u0440\u0438\u0447\u0435\u0441\u043a\u0438\u043c\u0438 efekt\u00f3w. Zam\u00f3w teraz i zanurz si\u0119 w szcz\u0119\u015bcie z Lucky Cz!<\/p>\n<p>USP :<br \/>\n\u2013 Magia powodzenia w ka\u017cdym \u0142yku<\/p>\n<p>Zalety :<br \/>\nLucky Cz oferuje niezr\u00f3wnane wra\u017cenia dzi\u0119ki swoim spektakularnym zapach\u00f3w i \u044d\u0439\u0444\u043e\u0440\u0438\u0447\u0435\u0441\u043a\u043e\u043c\u0443 efektu. Ta odmiana konopi - doskona\u0142y wyb\u00f3r dla tych, kt\u00f3rzy szukaj\u0105 odrobin\u0119 magii w codziennym \u017cyciu, oferuj\u0105c jednocze\u015bnie relaks i inspiracji<a href=\"https:\/\/fuelpackz.com\/\" target=\"_blank\" rel=\"noopener\">.<\/a><\/p>","protected":false},"excerpt":{"rendered":"<h4><a href=\"https:\/\/pressurezone.shop\/pl\/\">Lucky Charmz <\/a><\/h4>\n<p>jest to odmiana konopi, kt\u00f3ra przenosi ci\u0119 w \u015bwiat szcz\u0119\u015bcia i euforii z ka\u017cdym haustem. Odkryj magi\u0119 Lucky Charmz ju\u017c teraz i pozw\u00f3l sobie zanurzy\u0107 si\u0119 w to wyj\u0105tkowe do\u015bwiadczenie!<\/p>","protected":false},"featured_media":2332,"comment_status":"open","ping_status":"closed","template":"","meta":{"_uag_custom_page_level_css":"","site-sidebar-layout":"default","site-content-layout":"","ast-site-content-layout":"default","site-content-style":"default","site-sidebar-style":"default","ast-global-header-display":"","ast-banner-title-visibility":"","ast-main-header-display":"","ast-hfb-above-header-display":"","ast-hfb-below-header-display":"","ast-hfb-mobile-header-display":"","site-post-title":"","ast-breadcrumbs-content":"","ast-featured-img":"","footer-sml-layout":"","theme-transparent-header-meta":"default","adv-header-id-meta":"","stick-header-meta":"","header-above-stick-meta":"","header-main-stick-meta":"","header-below-stick-meta":"","astra-migrate-meta-layouts":"set","ast-page-background-enabled":"default","ast-page-background-meta":{"desktop":{"background-color":"","background-image":"","background-repeat":"repeat","background-position":"center center","background-size":"auto","background-attachment":"scroll","background-type":"","background-media":"","overlay-type":"","overlay-color":"","overlay-opacity":"","overlay-gradient":""},"tablet":{"background-color":"","background-image":"","background-repeat":"repeat","background-position":"center center","background-size":"auto","background-attachment":"scroll","background-type":"","background-media":"","overlay-type":"","overlay-color":"","overlay-opacity":"","overlay-gradient":""},"mobile":{"background-color":"","background-image":"","background-repeat":"repeat","background-position":"center center","background-size":"auto","background-attachment":"scroll","background-type":"","background-media":"","overlay-type":"","overlay-color":"","overlay-opacity":"","overlay-gradient":""}},"ast-content-background-meta":{"desktop":{"background-color":"var(--ast-global-color-5)","background-image":"","background-repeat":"repeat","background-position":"center center","background-size":"auto","background-attachment":"scroll","background-type":"","background-media":"","overlay-type":"","overlay-color":"","overlay-opacity":"","overlay-gradient":""},"tablet":{"background-color":"var(--ast-global-color-5)","background-image":"","background-repeat":"repeat","background-position":"center center","background-size":"auto","background-attachment":"scroll","background-type":"","background-media":"","overlay-type":"","overlay-color":"","overlay-opacity":"","overlay-gradient":""},"mobile":{"background-color":"var(--ast-global-color-5)","background-image":"","background-repeat":"repeat","background-position":"center center","background-size":"auto","background-attachment":"scroll","background-type":"","background-media":"","overlay-type":"","overlay-color":"","overlay-opacity":"","overlay-gradient":""}}},"product_brand":[],"product_cat":[28],"product_tag":[],"class_list":{"0":"post-2331","1":"product","2":"type-product","3":"status-publish","4":"has-post-thumbnail","6":"product_cat-varietes-de-cannabis","7":"desktop-align-left","8":"tablet-align-left","9":"mobile-align-left","11":"first","12":"instock","13":"sale","14":"shipping-taxable","15":"purchasable","16":"product-type-variable"},"uagb_featured_image_src":{"full":["https:\/\/pressurezone.shop\/wp-content\/uploads\/2024\/04\/photo1712356435-7.jpeg",800,694,false],"thumbnail":["https:\/\/pressurezone.shop\/wp-content\/uploads\/2024\/04\/photo1712356435-7-150x150.jpeg",150,150,true],"medium":["https:\/\/pressurezone.shop\/wp-content\/uploads\/2024\/04\/photo1712356435-7-300x260.jpeg",300,260,true],"medium_large":["https:\/\/pressurezone.shop\/wp-content\/uploads\/2024\/04\/photo1712356435-7-768x666.jpeg",768,666,true],"large":["https:\/\/pressurezone.shop\/wp-content\/uploads\/2024\/04\/photo1712356435-7.jpeg",800,694,false],"1536x1536":["https:\/\/pressurezone.shop\/wp-content\/uploads\/2024\/04\/photo1712356435-7.jpeg",800,694,false],"2048x2048":["https:\/\/pressurezone.shop\/wp-content\/uploads\/2024\/04\/photo1712356435-7.jpeg",800,694,false],"trp-custom-language-flag":["https:\/\/pressurezone.shop\/wp-content\/uploads\/2024\/04\/photo1712356435-7-14x12.jpeg",14,12,true],"woocommerce_thumbnail":["https:\/\/pressurezone.shop\/wp-content\/uploads\/2024\/04\/photo1712356435-7-300x300.jpeg",300,300,true],"woocommerce_single":["https:\/\/pressurezone.shop\/wp-content\/uploads\/2024\/04\/photo1712356435-7-600x521.jpeg",600,521,true],"woocommerce_gallery_thumbnail":["https:\/\/pressurezone.shop\/wp-content\/uploads\/2024\/04\/photo1712356435-7-100x100.jpeg",100,100,true]},"uagb_author_info":{"display_name":"pressurezone.shop","author_link":"https:\/\/pressurezone.shop\/pl\/author\/"},"uagb_comment_info":0,"uagb_excerpt":"Lucky Charmz est une vari\u00e9t\u00e9 de cannabis qui vous transporte vers un monde de chance et d'euphorie \u00e0 chaque bouff\u00e9e. D\u00e9couvrez la magie de Lucky Charmz d\u00e8s maintenant et laissez-vous emporter par cette exp\u00e9rience unique !","_links":{"self":[{"href":"https:\/\/pressurezone.shop\/pl\/wp-json\/wp\/v2\/product\/2331"}],"collection":[{"href":"https:\/\/pressurezone.shop\/pl\/wp-json\/wp\/v2\/product"}],"about":[{"href":"https:\/\/pressurezone.shop\/pl\/wp-json\/wp\/v2\/types\/product"}],"replies":[{"embeddable":true,"href":"https:\/\/pressurezone.shop\/pl\/wp-json\/wp\/v2\/comments?post=2331"}],"version-history":[{"count":4,"href":"https:\/\/pressurezone.shop\/pl\/wp-json\/wp\/v2\/product\/2331\/revisions"}],"predecessor-version":[{"id":2541,"href":"https:\/\/pressurezone.shop\/pl\/wp-json\/wp\/v2\/product\/2331\/revisions\/2541"}],"wp:featuredmedia":[{"embeddable":true,"href":"https:\/\/pressurezone.shop\/pl\/wp-json\/wp\/v2\/media\/2332"}],"wp:attachment":[{"href":"https:\/\/pressurezone.shop\/pl\/wp-json\/wp\/v2\/media?parent=2331"}],"wp:term":[{"taxonomy":"product_brand","embeddable":true,"href":"https:\/\/pressurezone.shop\/pl\/wp-json\/wp\/v2\/product_brand?post=2331"},{"taxonomy":"product_cat","embeddable":true,"href":"https:\/\/pressurezone.shop\/pl\/wp-json\/wp\/v2\/product_cat?post=2331"},{"taxonomy":"product_tag","embeddable":true,"href":"https:\/\/pressurezone.shop\/pl\/wp-json\/wp\/v2\/product_tag?post=2331"}],"curies":[{"name":"wp","href":"https:\/\/api.w.org\/{rel}","templated":true}]}}