{"id":2361,"date":"2024-04-14T02:34:28","date_gmt":"2024-04-14T00:34:28","guid":{"rendered":"https:\/\/pressurezone.shop\/?post_type=product&#038;p=2361"},"modified":"2024-04-14T02:34:29","modified_gmt":"2024-04-14T00:34:29","slug":"double-blended-lemonade","status":"publish","type":"product","link":"https:\/\/pressurezone.shop\/pl\/produkt\/podwojnie-mieszana-lemoniada\/","title":{"rendered":"Double Blended Lemonade"},"content":{"rendered":"<p>Od\u015bwie\u017c si\u0119 dzi\u0119ki Double Blended Lemonade, podw\u00f3jnie pysznemu i orze\u017awiaj\u0105cemu napojowi cytrynowemu. Odkryj doskona\u0142e po\u0142\u0105czenie s\u0142odyczy i orze\u017awienia, idealne do ugaszenia pragnienia. Zam\u00f3w teraz i ciesz si\u0119 ka\u017cdym \u0142ykiem Double Blended Lemonade!<\/p>\n<p><strong>USP :<\/strong><br \/>\nDouble Blended Lemonade - podw\u00f3jna orze\u017awiaj\u0105ca cytrynowa przyjemno\u015b\u0107<\/p>\n<p><strong>Zalety :<\/strong><br \/>\nDouble Blended Lemonade oferuje orze\u017awiaj\u0105ce i o\u017cywcze doznania dzi\u0119ki unikalnej mieszance pikantnej cytryny i s\u0142odkiej s\u0142odyczy. Nap\u00f3j ten doskonale gasi pragnienie i orze\u017awia o ka\u017cdej porze dnia.<\/p>","protected":false},"excerpt":{"rendered":"<p>Double Blended Lemonade to podw\u00f3jnie pyszny nap\u00f3j cytrynowy, oferuj\u0105cy eksplozj\u0119 \u015bwie\u017co\u015bci i smaku z ka\u017cdym \u0142ykiem. Odkryj orze\u017awiaj\u0105c\u0105 przyjemno\u015b\u0107 Double Blended Lemonade ju\u017c dzi\u015b!<\/p>","protected":false},"featured_media":2362,"comment_status":"open","ping_status":"closed","template":"","meta":{"_uag_custom_page_level_css":"","site-sidebar-layout":"default","site-content-layout":"","ast-site-content-layout":"default","site-content-style":"default","site-sidebar-style":"default","ast-global-header-display":"","ast-banner-title-visibility":"","ast-main-header-display":"","ast-hfb-above-header-display":"","ast-hfb-below-header-display":"","ast-hfb-mobile-header-display":"","site-post-title":"","ast-breadcrumbs-content":"","ast-featured-img":"","footer-sml-layout":"","theme-transparent-header-meta":"default","adv-header-id-meta":"","stick-header-meta":"","header-above-stick-meta":"","header-main-stick-meta":"","header-below-stick-meta":"","astra-migrate-meta-layouts":"set","ast-page-background-enabled":"default","ast-page-background-meta":{"desktop":{"background-color":"","background-image":"","background-repeat":"repeat","background-position":"center center","background-size":"auto","background-attachment":"scroll","background-type":"","background-media":"","overlay-type":"","overlay-color":"","overlay-opacity":"","overlay-gradient":""},"tablet":{"background-color":"","background-image":"","background-repeat":"repeat","background-position":"center center","background-size":"auto","background-attachment":"scroll","background-type":"","background-media":"","overlay-type":"","overlay-color":"","overlay-opacity":"","overlay-gradient":""},"mobile":{"background-color":"","background-image":"","background-repeat":"repeat","background-position":"center center","background-size":"auto","background-attachment":"scroll","background-type":"","background-media":"","overlay-type":"","overlay-color":"","overlay-opacity":"","overlay-gradient":""}},"ast-content-background-meta":{"desktop":{"background-color":"var(--ast-global-color-5)","background-image":"","background-repeat":"repeat","background-position":"center center","background-size":"auto","background-attachment":"scroll","background-type":"","background-media":"","overlay-type":"","overlay-color":"","overlay-opacity":"","overlay-gradient":""},"tablet":{"background-color":"var(--ast-global-color-5)","background-image":"","background-repeat":"repeat","background-position":"center center","background-size":"auto","background-attachment":"scroll","background-type":"","background-media":"","overlay-type":"","overlay-color":"","overlay-opacity":"","overlay-gradient":""},"mobile":{"background-color":"var(--ast-global-color-5)","background-image":"","background-repeat":"repeat","background-position":"center center","background-size":"auto","background-attachment":"scroll","background-type":"","background-media":"","overlay-type":"","overlay-color":"","overlay-opacity":"","overlay-gradient":""}}},"product_brand":[],"product_cat":[28],"product_tag":[232],"class_list":{"0":"post-2361","1":"product","2":"type-product","3":"status-publish","4":"has-post-thumbnail","6":"product_cat-varietes-de-cannabis","7":"product_tag-double-blended-lemonade","8":"desktop-align-left","9":"tablet-align-left","10":"mobile-align-left","12":"first","13":"instock","14":"sale","15":"shipping-taxable","16":"purchasable","17":"product-type-variable"},"uagb_featured_image_src":{"full":["https:\/\/pressurezone.shop\/wp-content\/uploads\/2024\/04\/photo1712356435-9-1.jpeg",800,760,false],"thumbnail":["https:\/\/pressurezone.shop\/wp-content\/uploads\/2024\/04\/photo1712356435-9-1-150x150.jpeg",150,150,true],"medium":["https:\/\/pressurezone.shop\/wp-content\/uploads\/2024\/04\/photo1712356435-9-1-300x285.jpeg",300,285,true],"medium_large":["https:\/\/pressurezone.shop\/wp-content\/uploads\/2024\/04\/photo1712356435-9-1-768x730.jpeg",768,730,true],"large":["https:\/\/pressurezone.shop\/wp-content\/uploads\/2024\/04\/photo1712356435-9-1.jpeg",800,760,false],"1536x1536":["https:\/\/pressurezone.shop\/wp-content\/uploads\/2024\/04\/photo1712356435-9-1.jpeg",800,760,false],"2048x2048":["https:\/\/pressurezone.shop\/wp-content\/uploads\/2024\/04\/photo1712356435-9-1.jpeg",800,760,false],"trp-custom-language-flag":["https:\/\/pressurezone.shop\/wp-content\/uploads\/2024\/04\/photo1712356435-9-1-13x12.jpeg",13,12,true],"woocommerce_thumbnail":["https:\/\/pressurezone.shop\/wp-content\/uploads\/2024\/04\/photo1712356435-9-1-300x300.jpeg",300,300,true],"woocommerce_single":["https:\/\/pressurezone.shop\/wp-content\/uploads\/2024\/04\/photo1712356435-9-1-600x570.jpeg",600,570,true],"woocommerce_gallery_thumbnail":["https:\/\/pressurezone.shop\/wp-content\/uploads\/2024\/04\/photo1712356435-9-1-100x100.jpeg",100,100,true]},"uagb_author_info":{"display_name":"pressurezone.shop","author_link":"https:\/\/pressurezone.shop\/pl\/author\/"},"uagb_comment_info":1,"uagb_excerpt":"Double Blended Lemonade est une boisson au citron doublement d\u00e9licieuse, offrant une explosion de fra\u00eecheur et de saveurs \u00e0 chaque gorg\u00e9e. D\u00e9couvrez le plaisir rafra\u00eechissant de Double Blended Lemonade d\u00e8s maintenant !","_links":{"self":[{"href":"https:\/\/pressurezone.shop\/pl\/wp-json\/wp\/v2\/product\/2361"}],"collection":[{"href":"https:\/\/pressurezone.shop\/pl\/wp-json\/wp\/v2\/product"}],"about":[{"href":"https:\/\/pressurezone.shop\/pl\/wp-json\/wp\/v2\/types\/product"}],"replies":[{"embeddable":true,"href":"https:\/\/pressurezone.shop\/pl\/wp-json\/wp\/v2\/comments?post=2361"}],"version-history":[{"count":2,"href":"https:\/\/pressurezone.shop\/pl\/wp-json\/wp\/v2\/product\/2361\/revisions"}],"predecessor-version":[{"id":2370,"href":"https:\/\/pressurezone.shop\/pl\/wp-json\/wp\/v2\/product\/2361\/revisions\/2370"}],"wp:featuredmedia":[{"embeddable":true,"href":"https:\/\/pressurezone.shop\/pl\/wp-json\/wp\/v2\/media\/2362"}],"wp:attachment":[{"href":"https:\/\/pressurezone.shop\/pl\/wp-json\/wp\/v2\/media?parent=2361"}],"wp:term":[{"taxonomy":"product_brand","embeddable":true,"href":"https:\/\/pressurezone.shop\/pl\/wp-json\/wp\/v2\/product_brand?post=2361"},{"taxonomy":"product_cat","embeddable":true,"href":"https:\/\/pressurezone.shop\/pl\/wp-json\/wp\/v2\/product_cat?post=2361"},{"taxonomy":"product_tag","embeddable":true,"href":"https:\/\/pressurezone.shop\/pl\/wp-json\/wp\/v2\/product_tag?post=2361"}],"curies":[{"name":"wp","href":"https:\/\/api.w.org\/{rel}","templated":true}]}}