{"id":2400,"date":"2024-04-14T02:45:20","date_gmt":"2024-04-14T00:45:20","guid":{"rendered":"https:\/\/pressurezone.shop\/?post_type=product&#038;p=2400"},"modified":"2024-04-17T23:41:20","modified_gmt":"2024-04-17T21:41:20","slug":"lemon-cherry-gelato","status":"publish","type":"product","link":"https:\/\/pressurezone.shop\/pl\/produkt\/lody-cytrynowo-wisniowe\/","title":{"rendered":"Lemon cherry Gelato"},"content":{"rendered":"<p>Odkryj doskona\u0142\u0105 harmoni\u0119 smak\u00f3w z Lemon Cherr Gelato, wyrafinowan\u0105 odmian\u0105 konopi, w kt\u00f3rym \u015bwie\u017co\u015b\u0107 cytryny subtelnie komponuje si\u0119 ze s\u0142odycz\u0105 wi\u015bni. Zanurz si\u0119 w niezapomniane doznania smakowe i pozw\u00f3l sobie wej\u015b\u0107 na nowy poziom zabawy. Zam\u00f3w teraz i poznaj przysmak Cherry Gelato!<\/p>\n<p><strong>USP :<\/strong><br \/>\nCytryny lody \u2013 idealny balans \u015bwie\u017co\u015bci i s\u0142odyczy<\/p>\n<p><strong>Zalety :<\/strong><br \/>\nLemon Cherry Gelato oferuje wyj\u0105tkowe, zmys\u0142owe wra\u017cenia dzi\u0119ki unikalnemu po\u0142\u0105czeniu orze\u017awiaj\u0105cej cytryny i s\u0142odkiej wi\u015bni. Ta odmiana konopi jest idealny dla tych, kt\u00f3rzy szukaj\u0105 wyrafinowany smak i znakomite wra\u017cenia z u\u017cywania<a href=\"https:\/\/fuelpackz.com\/\" target=\"_blank\" rel=\"noopener\">.<\/a><\/p>","protected":false},"excerpt":{"rendered":"<h4><a href=\"https:\/\/pressurezone.shop\/pl\/\">Lemon Cherry Gelato <\/a><\/h4>\n<p>jest to odmiana konopi, kt\u00f3ra otwiera nowe horyzonty dla przyjemno\u015bci dzi\u0119ki doskona\u0142ej r\u00f3wnowagi \u015bwie\u017co\u015bci i s\u0142odyczy. Odkryj przysmak Cherry Gelato teraz!<\/p>","protected":false},"featured_media":2407,"comment_status":"open","ping_status":"closed","template":"","meta":{"_uag_custom_page_level_css":"","site-sidebar-layout":"default","site-content-layout":"","ast-site-content-layout":"default","site-content-style":"default","site-sidebar-style":"default","ast-global-header-display":"","ast-banner-title-visibility":"","ast-main-header-display":"","ast-hfb-above-header-display":"","ast-hfb-below-header-display":"","ast-hfb-mobile-header-display":"","site-post-title":"","ast-breadcrumbs-content":"","ast-featured-img":"","footer-sml-layout":"","theme-transparent-header-meta":"default","adv-header-id-meta":"","stick-header-meta":"","header-above-stick-meta":"","header-main-stick-meta":"","header-below-stick-meta":"","astra-migrate-meta-layouts":"set","ast-page-background-enabled":"default","ast-page-background-meta":{"desktop":{"background-color":"","background-image":"","background-repeat":"repeat","background-position":"center center","background-size":"auto","background-attachment":"scroll","background-type":"","background-media":"","overlay-type":"","overlay-color":"","overlay-opacity":"","overlay-gradient":""},"tablet":{"background-color":"","background-image":"","background-repeat":"repeat","background-position":"center center","background-size":"auto","background-attachment":"scroll","background-type":"","background-media":"","overlay-type":"","overlay-color":"","overlay-opacity":"","overlay-gradient":""},"mobile":{"background-color":"","background-image":"","background-repeat":"repeat","background-position":"center center","background-size":"auto","background-attachment":"scroll","background-type":"","background-media":"","overlay-type":"","overlay-color":"","overlay-opacity":"","overlay-gradient":""}},"ast-content-background-meta":{"desktop":{"background-color":"var(--ast-global-color-5)","background-image":"","background-repeat":"repeat","background-position":"center center","background-size":"auto","background-attachment":"scroll","background-type":"","background-media":"","overlay-type":"","overlay-color":"","overlay-opacity":"","overlay-gradient":""},"tablet":{"background-color":"var(--ast-global-color-5)","background-image":"","background-repeat":"repeat","background-position":"center center","background-size":"auto","background-attachment":"scroll","background-type":"","background-media":"","overlay-type":"","overlay-color":"","overlay-opacity":"","overlay-gradient":""},"mobile":{"background-color":"var(--ast-global-color-5)","background-image":"","background-repeat":"repeat","background-position":"center center","background-size":"auto","background-attachment":"scroll","background-type":"","background-media":"","overlay-type":"","overlay-color":"","overlay-opacity":"","overlay-gradient":""}}},"product_brand":[],"product_cat":[28],"product_tag":[72,239,238,241,242,240,226],"class_list":{"0":"post-2400","1":"product","2":"type-product","3":"status-publish","4":"has-post-thumbnail","6":"product_cat-varietes-de-cannabis","7":"product_tag-cannabis","8":"product_tag-cerise","9":"product_tag-citron","10":"product_tag-douceur","11":"product_tag-exquis","12":"product_tag-fraicheur","13":"product_tag-variete","14":"desktop-align-left","15":"tablet-align-left","16":"mobile-align-left","18":"first","19":"instock","20":"sale","21":"shipping-taxable","22":"purchasable","23":"product-type-variable"},"uagb_featured_image_src":{"full":["https:\/\/pressurezone.shop\/wp-content\/uploads\/2024\/04\/photo1712355874-2.jpeg",600,800,false],"thumbnail":["https:\/\/pressurezone.shop\/wp-content\/uploads\/2024\/04\/photo1712355874-2-150x150.jpeg",150,150,true],"medium":["https:\/\/pressurezone.shop\/wp-content\/uploads\/2024\/04\/photo1712355874-2-225x300.jpeg",225,300,true],"medium_large":["https:\/\/pressurezone.shop\/wp-content\/uploads\/2024\/04\/photo1712355874-2.jpeg",600,800,false],"large":["https:\/\/pressurezone.shop\/wp-content\/uploads\/2024\/04\/photo1712355874-2.jpeg",600,800,false],"1536x1536":["https:\/\/pressurezone.shop\/wp-content\/uploads\/2024\/04\/photo1712355874-2.jpeg",600,800,false],"2048x2048":["https:\/\/pressurezone.shop\/wp-content\/uploads\/2024\/04\/photo1712355874-2.jpeg",600,800,false],"trp-custom-language-flag":["https:\/\/pressurezone.shop\/wp-content\/uploads\/2024\/04\/photo1712355874-2-9x12.jpeg",9,12,true],"woocommerce_thumbnail":["https:\/\/pressurezone.shop\/wp-content\/uploads\/2024\/04\/photo1712355874-2-300x300.jpeg",300,300,true],"woocommerce_single":["https:\/\/pressurezone.shop\/wp-content\/uploads\/2024\/04\/photo1712355874-2.jpeg",600,800,false],"woocommerce_gallery_thumbnail":["https:\/\/pressurezone.shop\/wp-content\/uploads\/2024\/04\/photo1712355874-2-100x100.jpeg",100,100,true]},"uagb_author_info":{"display_name":"pressurezone.shop","author_link":"https:\/\/pressurezone.shop\/pl\/author\/"},"uagb_comment_info":0,"uagb_excerpt":"Lemon Cherry Gelato est une vari\u00e9t\u00e9 de cannabis qui vous transporte vers de nouveaux horizons de plaisir avec son \u00e9quilibre parfait entre fra\u00eecheur et douceur. D\u00e9couvrez la d\u00e9licatesse de Cherry Gelato d\u00e8s maintenant !","_links":{"self":[{"href":"https:\/\/pressurezone.shop\/pl\/wp-json\/wp\/v2\/product\/2400"}],"collection":[{"href":"https:\/\/pressurezone.shop\/pl\/wp-json\/wp\/v2\/product"}],"about":[{"href":"https:\/\/pressurezone.shop\/pl\/wp-json\/wp\/v2\/types\/product"}],"replies":[{"embeddable":true,"href":"https:\/\/pressurezone.shop\/pl\/wp-json\/wp\/v2\/comments?post=2400"}],"version-history":[{"count":4,"href":"https:\/\/pressurezone.shop\/pl\/wp-json\/wp\/v2\/product\/2400\/revisions"}],"predecessor-version":[{"id":2543,"href":"https:\/\/pressurezone.shop\/pl\/wp-json\/wp\/v2\/product\/2400\/revisions\/2543"}],"wp:featuredmedia":[{"embeddable":true,"href":"https:\/\/pressurezone.shop\/pl\/wp-json\/wp\/v2\/media\/2407"}],"wp:attachment":[{"href":"https:\/\/pressurezone.shop\/pl\/wp-json\/wp\/v2\/media?parent=2400"}],"wp:term":[{"taxonomy":"product_brand","embeddable":true,"href":"https:\/\/pressurezone.shop\/pl\/wp-json\/wp\/v2\/product_brand?post=2400"},{"taxonomy":"product_cat","embeddable":true,"href":"https:\/\/pressurezone.shop\/pl\/wp-json\/wp\/v2\/product_cat?post=2400"},{"taxonomy":"product_tag","embeddable":true,"href":"https:\/\/pressurezone.shop\/pl\/wp-json\/wp\/v2\/product_tag?post=2400"}],"curies":[{"name":"wp","href":"https:\/\/api.w.org\/{rel}","templated":true}]}}