{"id":2509,"date":"2024-04-14T04:37:57","date_gmt":"2024-04-14T02:37:57","guid":{"rendered":"https:\/\/pressurezone.shop\/?post_type=product&#038;p=2509"},"modified":"2024-04-14T04:44:00","modified_gmt":"2024-04-14T02:44:00","slug":"sweeter-high-choclate-nugz","status":"publish","type":"product","link":"https:\/\/pressurezone.shop\/pl\/produkt\/slodsze-wysokie-czekoladowe-nugz\/","title":{"rendered":"Sweeter high choclate nugz"},"content":{"rendered":"<p>Zmierz nieodpart\u0105 przyjemno\u015b\u0107 z Sweeter High Chocolate Nugz, smako\u0142yki z dodatkiem konopi indyjskich, kt\u00f3ra subtelnie \u0142\u0105czy w sobie s\u0142odycz czekolady z \u044d\u0439\u0444\u043e\u0440\u0438\u0447\u0435\u0441\u043a\u0438\u043c wp\u0142ywem marihuany. Ciesz si\u0119 ka\u017cdym kawa\u0142kiem tego pyszne smako\u0142yki. Zam\u00f3w teraz i zanurz si\u0119 w ekstaz\u0119 od Sweeter High Chocolate Nugz!<\/p>\n<p><strong>USP :<\/strong><br \/>\nSweeter High Chocolate Nugz \u2013 idealna harmonia s\u0142odyczy i euforii<\/p>\n<p><strong>Zalety :<\/strong><br \/>\nSweeter High Chocolate Nugz oferuj\u0105 niezr\u00f3wnan\u0105 przyjemno\u015b\u0107 dla smakoszy dzi\u0119ki swojemu \u0432\u043a\u0443\u0441\u043d\u043e\u043c\u0443 czekolady i efekt euforii. To przysmak z konopi idealny dla tych, kt\u00f3rzy szukaj\u0105 pyszny spos\u00f3b skorzysta\u0107 z konopi.<\/p>","protected":false},"excerpt":{"rendered":"<p>Sweeter High Chocolate Nugz daje rado\u015b\u0107 i eufori\u0119 na jeden k\u0119s. Poczuj rado\u015b\u0107 z Sweeter High Chocolate Nugz teraz!<\/p>","protected":false},"featured_media":2517,"comment_status":"open","ping_status":"closed","template":"","meta":{"_uag_custom_page_level_css":"","site-sidebar-layout":"default","site-content-layout":"","ast-site-content-layout":"default","site-content-style":"default","site-sidebar-style":"default","ast-global-header-display":"","ast-banner-title-visibility":"","ast-main-header-display":"","ast-hfb-above-header-display":"","ast-hfb-below-header-display":"","ast-hfb-mobile-header-display":"","site-post-title":"","ast-breadcrumbs-content":"","ast-featured-img":"","footer-sml-layout":"","theme-transparent-header-meta":"default","adv-header-id-meta":"","stick-header-meta":"","header-above-stick-meta":"","header-main-stick-meta":"","header-below-stick-meta":"","astra-migrate-meta-layouts":"set","ast-page-background-enabled":"default","ast-page-background-meta":{"desktop":{"background-color":"","background-image":"","background-repeat":"repeat","background-position":"center center","background-size":"auto","background-attachment":"scroll","background-type":"","background-media":"","overlay-type":"","overlay-color":"","overlay-opacity":"","overlay-gradient":""},"tablet":{"background-color":"","background-image":"","background-repeat":"repeat","background-position":"center center","background-size":"auto","background-attachment":"scroll","background-type":"","background-media":"","overlay-type":"","overlay-color":"","overlay-opacity":"","overlay-gradient":""},"mobile":{"background-color":"","background-image":"","background-repeat":"repeat","background-position":"center center","background-size":"auto","background-attachment":"scroll","background-type":"","background-media":"","overlay-type":"","overlay-color":"","overlay-opacity":"","overlay-gradient":""}},"ast-content-background-meta":{"desktop":{"background-color":"var(--ast-global-color-5)","background-image":"","background-repeat":"repeat","background-position":"center center","background-size":"auto","background-attachment":"scroll","background-type":"","background-media":"","overlay-type":"","overlay-color":"","overlay-opacity":"","overlay-gradient":""},"tablet":{"background-color":"var(--ast-global-color-5)","background-image":"","background-repeat":"repeat","background-position":"center center","background-size":"auto","background-attachment":"scroll","background-type":"","background-media":"","overlay-type":"","overlay-color":"","overlay-opacity":"","overlay-gradient":""},"mobile":{"background-color":"var(--ast-global-color-5)","background-image":"","background-repeat":"repeat","background-position":"center center","background-size":"auto","background-attachment":"scroll","background-type":"","background-media":"","overlay-type":"","overlay-color":"","overlay-opacity":"","overlay-gradient":""}}},"product_brand":[],"product_cat":[28],"product_tag":[],"class_list":{"0":"post-2509","1":"product","2":"type-product","3":"status-publish","4":"has-post-thumbnail","6":"product_cat-varietes-de-cannabis","7":"desktop-align-left","8":"tablet-align-left","9":"mobile-align-left","11":"first","12":"instock","13":"sale","14":"shipping-taxable","15":"purchasable","16":"product-type-variable"},"uagb_featured_image_src":{"full":["https:\/\/pressurezone.shop\/wp-content\/uploads\/2024\/04\/photo1712355873-10.jpeg",1280,960,false],"thumbnail":["https:\/\/pressurezone.shop\/wp-content\/uploads\/2024\/04\/photo1712355873-10-150x150.jpeg",150,150,true],"medium":["https:\/\/pressurezone.shop\/wp-content\/uploads\/2024\/04\/photo1712355873-10-300x225.jpeg",300,225,true],"medium_large":["https:\/\/pressurezone.shop\/wp-content\/uploads\/2024\/04\/photo1712355873-10-768x576.jpeg",768,576,true],"large":["https:\/\/pressurezone.shop\/wp-content\/uploads\/2024\/04\/photo1712355873-10-1024x768.jpeg",1024,768,true],"1536x1536":["https:\/\/pressurezone.shop\/wp-content\/uploads\/2024\/04\/photo1712355873-10.jpeg",1280,960,false],"2048x2048":["https:\/\/pressurezone.shop\/wp-content\/uploads\/2024\/04\/photo1712355873-10.jpeg",1280,960,false],"trp-custom-language-flag":["https:\/\/pressurezone.shop\/wp-content\/uploads\/2024\/04\/photo1712355873-10-16x12.jpeg",16,12,true],"woocommerce_thumbnail":["https:\/\/pressurezone.shop\/wp-content\/uploads\/2024\/04\/photo1712355873-10-300x300.jpeg",300,300,true],"woocommerce_single":["https:\/\/pressurezone.shop\/wp-content\/uploads\/2024\/04\/photo1712355873-10-600x450.jpeg",600,450,true],"woocommerce_gallery_thumbnail":["https:\/\/pressurezone.shop\/wp-content\/uploads\/2024\/04\/photo1712355873-10-100x100.jpeg",100,100,true]},"uagb_author_info":{"display_name":"pressurezone.shop","author_link":"https:\/\/pressurezone.shop\/pl\/author\/"},"uagb_comment_info":0,"uagb_excerpt":"Les Sweeter High Chocolate Nugz vous offrent une exp\u00e9rience gourmande et euphorique en une seule bouch\u00e9e. D\u00e9couvrez l'extase des Sweeter High Chocolate Nugz d\u00e8s maintenant !","_links":{"self":[{"href":"https:\/\/pressurezone.shop\/pl\/wp-json\/wp\/v2\/product\/2509"}],"collection":[{"href":"https:\/\/pressurezone.shop\/pl\/wp-json\/wp\/v2\/product"}],"about":[{"href":"https:\/\/pressurezone.shop\/pl\/wp-json\/wp\/v2\/types\/product"}],"replies":[{"embeddable":true,"href":"https:\/\/pressurezone.shop\/pl\/wp-json\/wp\/v2\/comments?post=2509"}],"version-history":[{"count":2,"href":"https:\/\/pressurezone.shop\/pl\/wp-json\/wp\/v2\/product\/2509\/revisions"}],"predecessor-version":[{"id":2519,"href":"https:\/\/pressurezone.shop\/pl\/wp-json\/wp\/v2\/product\/2509\/revisions\/2519"}],"wp:featuredmedia":[{"embeddable":true,"href":"https:\/\/pressurezone.shop\/pl\/wp-json\/wp\/v2\/media\/2517"}],"wp:attachment":[{"href":"https:\/\/pressurezone.shop\/pl\/wp-json\/wp\/v2\/media?parent=2509"}],"wp:term":[{"taxonomy":"product_brand","embeddable":true,"href":"https:\/\/pressurezone.shop\/pl\/wp-json\/wp\/v2\/product_brand?post=2509"},{"taxonomy":"product_cat","embeddable":true,"href":"https:\/\/pressurezone.shop\/pl\/wp-json\/wp\/v2\/product_cat?post=2509"},{"taxonomy":"product_tag","embeddable":true,"href":"https:\/\/pressurezone.shop\/pl\/wp-json\/wp\/v2\/product_tag?post=2509"}],"curies":[{"name":"wp","href":"https:\/\/api.w.org\/{rel}","templated":true}]}}