{"id":2555,"date":"2024-04-19T06:09:15","date_gmt":"2024-04-19T04:09:15","guid":{"rendered":"https:\/\/pressurezone.shop\/?post_type=product&#038;p=2555"},"modified":"2024-04-19T06:09:16","modified_gmt":"2024-04-19T04:09:16","slug":"clean-cart-2g-disposables","status":"publish","type":"product","link":"https:\/\/pressurezone.shop\/pl\/produkt\/wozek-clean-cart-2g-jednorazowy\/","title":{"rendered":"Clean Cart 2g disposables"},"content":{"rendered":"<p>Poczuj czysto\u015b\u0107 \u0432\u0435\u0439\u043f\u0438\u043d\u0433\u0430 za pomoc\u0105 Clean Cart 2g Disposables, wysokiej jako\u015bci jednorazowych sprayu, kt\u00f3re zapewniaj\u0105 bezkompromisowe do\u015bwiadczenie \u0432\u0435\u0439\u043f\u0438\u043d\u0433\u0430. Ciesz si\u0119 komfortem i niezawodno\u015bci\u0105 tych dyskretne dozowniki. Zam\u00f3w ju\u017c teraz i dowiedz si\u0119, jak \u015bwie\u017ce jednorazowe Clean Cart 2g!<\/p>\n<p><strong>USP :<\/strong><\/p>\n<p>Clean Cart 2g Disposables \u2013 Czysto\u015b\u0107 \u0432\u0435\u0439\u043f\u0438\u043d\u0433\u0430 bez kompromis\u00f3w<\/p>\n<p><strong>Zalety : <\/strong><\/p>\n<p>Jednorazowe Clean Cart 2g zapewnia wyj\u0105tkow\u0105 jako\u015b\u0107 \u0432\u0435\u0439\u043f\u0438\u043d\u0433\u0430 dzi\u0119ki swojej czysto\u015bci i niezawodno\u015bci. Te jednorazowe spraye s\u0105 idealne dla ka\u017cdego, kto szuka praktyczny i prosty wariant.<\/p>","protected":false},"excerpt":{"rendered":"<p>Jednorazowe Clean Cart 2g gwarantuj\u0105 bezkompromisowe do\u015bwiadczenie \u0432\u0435\u0439\u043f\u0438\u043d\u0433\u0430 dzi\u0119ki swojej niezr\u00f3wnanej czysto\u015bci i niezawodno\u015bci. Poczuj \u015bwie\u017co\u015b\u0107 jednorazowych Clean Cart 2g teraz!<\/p>","protected":false},"featured_media":2556,"comment_status":"open","ping_status":"closed","template":"","meta":{"_uag_custom_page_level_css":"","site-sidebar-layout":"default","site-content-layout":"","ast-site-content-layout":"default","site-content-style":"default","site-sidebar-style":"default","ast-global-header-display":"","ast-banner-title-visibility":"","ast-main-header-display":"","ast-hfb-above-header-display":"","ast-hfb-below-header-display":"","ast-hfb-mobile-header-display":"","site-post-title":"","ast-breadcrumbs-content":"","ast-featured-img":"","footer-sml-layout":"","theme-transparent-header-meta":"default","adv-header-id-meta":"","stick-header-meta":"","header-above-stick-meta":"","header-main-stick-meta":"","header-below-stick-meta":"","astra-migrate-meta-layouts":"set","ast-page-background-enabled":"default","ast-page-background-meta":{"desktop":{"background-color":"","background-image":"","background-repeat":"repeat","background-position":"center center","background-size":"auto","background-attachment":"scroll","background-type":"","background-media":"","overlay-type":"","overlay-color":"","overlay-opacity":"","overlay-gradient":""},"tablet":{"background-color":"","background-image":"","background-repeat":"repeat","background-position":"center center","background-size":"auto","background-attachment":"scroll","background-type":"","background-media":"","overlay-type":"","overlay-color":"","overlay-opacity":"","overlay-gradient":""},"mobile":{"background-color":"","background-image":"","background-repeat":"repeat","background-position":"center center","background-size":"auto","background-attachment":"scroll","background-type":"","background-media":"","overlay-type":"","overlay-color":"","overlay-opacity":"","overlay-gradient":""}},"ast-content-background-meta":{"desktop":{"background-color":"var(--ast-global-color-5)","background-image":"","background-repeat":"repeat","background-position":"center center","background-size":"auto","background-attachment":"scroll","background-type":"","background-media":"","overlay-type":"","overlay-color":"","overlay-opacity":"","overlay-gradient":""},"tablet":{"background-color":"var(--ast-global-color-5)","background-image":"","background-repeat":"repeat","background-position":"center center","background-size":"auto","background-attachment":"scroll","background-type":"","background-media":"","overlay-type":"","overlay-color":"","overlay-opacity":"","overlay-gradient":""},"mobile":{"background-color":"var(--ast-global-color-5)","background-image":"","background-repeat":"repeat","background-position":"center center","background-size":"auto","background-attachment":"scroll","background-type":"","background-media":"","overlay-type":"","overlay-color":"","overlay-opacity":"","overlay-gradient":""}}},"product_brand":[],"product_cat":[31],"product_tag":[],"class_list":{"0":"post-2555","1":"product","2":"type-product","3":"status-publish","4":"has-post-thumbnail","6":"product_cat-thc-disposables","7":"desktop-align-left","8":"tablet-align-left","9":"mobile-align-left","11":"first","12":"instock","13":"shipping-taxable","14":"purchasable","15":"product-type-simple"},"uagb_featured_image_src":{"full":["https:\/\/pressurezone.shop\/wp-content\/uploads\/2024\/04\/photo1712354183-2.jpeg",960,1280,false],"thumbnail":["https:\/\/pressurezone.shop\/wp-content\/uploads\/2024\/04\/photo1712354183-2-150x150.jpeg",150,150,true],"medium":["https:\/\/pressurezone.shop\/wp-content\/uploads\/2024\/04\/photo1712354183-2-225x300.jpeg",225,300,true],"medium_large":["https:\/\/pressurezone.shop\/wp-content\/uploads\/2024\/04\/photo1712354183-2-768x1024.jpeg",768,1024,true],"large":["https:\/\/pressurezone.shop\/wp-content\/uploads\/2024\/04\/photo1712354183-2-768x1024.jpeg",768,1024,true],"1536x1536":["https:\/\/pressurezone.shop\/wp-content\/uploads\/2024\/04\/photo1712354183-2.jpeg",960,1280,false],"2048x2048":["https:\/\/pressurezone.shop\/wp-content\/uploads\/2024\/04\/photo1712354183-2.jpeg",960,1280,false],"trp-custom-language-flag":["https:\/\/pressurezone.shop\/wp-content\/uploads\/2024\/04\/photo1712354183-2-9x12.jpeg",9,12,true],"woocommerce_thumbnail":["https:\/\/pressurezone.shop\/wp-content\/uploads\/2024\/04\/photo1712354183-2-300x300.jpeg",300,300,true],"woocommerce_single":["https:\/\/pressurezone.shop\/wp-content\/uploads\/2024\/04\/photo1712354183-2-600x800.jpeg",600,800,true],"woocommerce_gallery_thumbnail":["https:\/\/pressurezone.shop\/wp-content\/uploads\/2024\/04\/photo1712354183-2-100x100.jpeg",100,100,true]},"uagb_author_info":{"display_name":"pressurezone.shop","author_link":"https:\/\/pressurezone.shop\/pl\/author\/"},"uagb_comment_info":0,"uagb_excerpt":"Les Clean Cart 2g Disposables garantissent une exp\u00e9rience de vapotage sans compromis, avec leur puret\u00e9 et leur fiabilit\u00e9 in\u00e9gal\u00e9es. D\u00e9couvrez la fra\u00eecheur des Clean Cart 2g Disposables d\u00e8s maintenant !","_links":{"self":[{"href":"https:\/\/pressurezone.shop\/pl\/wp-json\/wp\/v2\/product\/2555"}],"collection":[{"href":"https:\/\/pressurezone.shop\/pl\/wp-json\/wp\/v2\/product"}],"about":[{"href":"https:\/\/pressurezone.shop\/pl\/wp-json\/wp\/v2\/types\/product"}],"replies":[{"embeddable":true,"href":"https:\/\/pressurezone.shop\/pl\/wp-json\/wp\/v2\/comments?post=2555"}],"version-history":[{"count":2,"href":"https:\/\/pressurezone.shop\/pl\/wp-json\/wp\/v2\/product\/2555\/revisions"}],"predecessor-version":[{"id":2558,"href":"https:\/\/pressurezone.shop\/pl\/wp-json\/wp\/v2\/product\/2555\/revisions\/2558"}],"wp:featuredmedia":[{"embeddable":true,"href":"https:\/\/pressurezone.shop\/pl\/wp-json\/wp\/v2\/media\/2556"}],"wp:attachment":[{"href":"https:\/\/pressurezone.shop\/pl\/wp-json\/wp\/v2\/media?parent=2555"}],"wp:term":[{"taxonomy":"product_brand","embeddable":true,"href":"https:\/\/pressurezone.shop\/pl\/wp-json\/wp\/v2\/product_brand?post=2555"},{"taxonomy":"product_cat","embeddable":true,"href":"https:\/\/pressurezone.shop\/pl\/wp-json\/wp\/v2\/product_cat?post=2555"},{"taxonomy":"product_tag","embeddable":true,"href":"https:\/\/pressurezone.shop\/pl\/wp-json\/wp\/v2\/product_tag?post=2555"}],"curies":[{"name":"wp","href":"https:\/\/api.w.org\/{rel}","templated":true}]}}