{"id":2563,"date":"2024-04-19T06:14:53","date_gmt":"2024-04-19T04:14:53","guid":{"rendered":"https:\/\/pressurezone.shop\/?post_type=product&#038;p=2563"},"modified":"2024-04-19T06:14:54","modified_gmt":"2024-04-19T04:14:54","slug":"2g-spaceclub-disposable-replica-in-house-filled","status":"publish","type":"product","link":"https:\/\/pressurezone.shop\/pl\/produkt\/jednorazowa-replika-2g-spaceclub-napelniana-w-domu\/","title":{"rendered":"2G SPACECLUB DISPOSABLE | REPLICA | IN HOUSE FILLED"},"content":{"rendered":"<p>Odkryj nowe horyzonty \u0432\u0435\u0439\u043f\u0438\u043d\u0433\u0430 z pomoc\u0105 Spaceclub 2g Disposable, jednorazowych parownik\u00f3w, dok\u0142adnie odtwarzane i wype\u0142nionych w\u0142asnymi si\u0142ami. Zanurz si\u0119 w ekscytuj\u0105ce do\u015bwiadczenie z ka\u017cdej dokr\u0119ceniem. Zam\u00f3w teraz i wyruszy\u0107 na zwiedzanie miejsca za pomoc\u0105 jednorazowych Spaceclub 2g!<\/p>\n<p><strong>USP : <\/strong><\/p>\n<p>Spaceclub 2g Disposables \u2013 Stylowa podr\u00f3\u017c w kosmos<\/p>\n<p><strong>Zalety : <\/strong><\/p>\n<p>Jednorazowe Spaceclub 2g zapewniaj\u0105 prawdziw\u0105 przyjemno\u015b\u0107 z \u0432\u0435\u0439\u043f\u0438\u043d\u0433\u0430, wype\u0142nione pi\u0119knymi zapachami i smakami. Te jednorazowe spraye przeznaczone s\u0105 dla tych, kt\u00f3rzy szukaj\u0105 ekscytuj\u0105cego i praktycznego do\u015bwiadczenia.<\/p>","protected":false},"excerpt":{"rendered":"<p>Jednorazowe Spaceclub 2g daje wyj\u0105tkowe i stylowe podr\u00f3\u017c po \u0432\u0435\u0439\u043f\u0438\u043d\u0433\u0443 z ich dok\u0142adnym wzorem i radosny smaku. Zam\u00f3w teraz i poznaj kosmos za pomoc\u0105 jednorazowych Spaceclub 2g!<\/p>","protected":false},"featured_media":2564,"comment_status":"open","ping_status":"closed","template":"","meta":{"_uag_custom_page_level_css":"","site-sidebar-layout":"default","site-content-layout":"","ast-site-content-layout":"default","site-content-style":"default","site-sidebar-style":"default","ast-global-header-display":"","ast-banner-title-visibility":"","ast-main-header-display":"","ast-hfb-above-header-display":"","ast-hfb-below-header-display":"","ast-hfb-mobile-header-display":"","site-post-title":"","ast-breadcrumbs-content":"","ast-featured-img":"","footer-sml-layout":"","theme-transparent-header-meta":"default","adv-header-id-meta":"","stick-header-meta":"","header-above-stick-meta":"","header-main-stick-meta":"","header-below-stick-meta":"","astra-migrate-meta-layouts":"set","ast-page-background-enabled":"default","ast-page-background-meta":{"desktop":{"background-color":"","background-image":"","background-repeat":"repeat","background-position":"center center","background-size":"auto","background-attachment":"scroll","background-type":"","background-media":"","overlay-type":"","overlay-color":"","overlay-opacity":"","overlay-gradient":""},"tablet":{"background-color":"","background-image":"","background-repeat":"repeat","background-position":"center center","background-size":"auto","background-attachment":"scroll","background-type":"","background-media":"","overlay-type":"","overlay-color":"","overlay-opacity":"","overlay-gradient":""},"mobile":{"background-color":"","background-image":"","background-repeat":"repeat","background-position":"center center","background-size":"auto","background-attachment":"scroll","background-type":"","background-media":"","overlay-type":"","overlay-color":"","overlay-opacity":"","overlay-gradient":""}},"ast-content-background-meta":{"desktop":{"background-color":"var(--ast-global-color-5)","background-image":"","background-repeat":"repeat","background-position":"center center","background-size":"auto","background-attachment":"scroll","background-type":"","background-media":"","overlay-type":"","overlay-color":"","overlay-opacity":"","overlay-gradient":""},"tablet":{"background-color":"var(--ast-global-color-5)","background-image":"","background-repeat":"repeat","background-position":"center center","background-size":"auto","background-attachment":"scroll","background-type":"","background-media":"","overlay-type":"","overlay-color":"","overlay-opacity":"","overlay-gradient":""},"mobile":{"background-color":"var(--ast-global-color-5)","background-image":"","background-repeat":"repeat","background-position":"center center","background-size":"auto","background-attachment":"scroll","background-type":"","background-media":"","overlay-type":"","overlay-color":"","overlay-opacity":"","overlay-gradient":""}}},"product_brand":[],"product_cat":[31],"product_tag":[],"class_list":{"0":"post-2563","1":"product","2":"type-product","3":"status-publish","4":"has-post-thumbnail","6":"product_cat-thc-disposables","7":"desktop-align-left","8":"tablet-align-left","9":"mobile-align-left","11":"first","12":"instock","13":"shipping-taxable","14":"purchasable","15":"product-type-simple"},"uagb_featured_image_src":{"full":["https:\/\/pressurezone.shop\/wp-content\/uploads\/2024\/04\/photo1712354183-4.jpeg",1280,960,false],"thumbnail":["https:\/\/pressurezone.shop\/wp-content\/uploads\/2024\/04\/photo1712354183-4-150x150.jpeg",150,150,true],"medium":["https:\/\/pressurezone.shop\/wp-content\/uploads\/2024\/04\/photo1712354183-4-300x225.jpeg",300,225,true],"medium_large":["https:\/\/pressurezone.shop\/wp-content\/uploads\/2024\/04\/photo1712354183-4-768x576.jpeg",768,576,true],"large":["https:\/\/pressurezone.shop\/wp-content\/uploads\/2024\/04\/photo1712354183-4-1024x768.jpeg",1024,768,true],"1536x1536":["https:\/\/pressurezone.shop\/wp-content\/uploads\/2024\/04\/photo1712354183-4.jpeg",1280,960,false],"2048x2048":["https:\/\/pressurezone.shop\/wp-content\/uploads\/2024\/04\/photo1712354183-4.jpeg",1280,960,false],"trp-custom-language-flag":["https:\/\/pressurezone.shop\/wp-content\/uploads\/2024\/04\/photo1712354183-4-16x12.jpeg",16,12,true],"woocommerce_thumbnail":["https:\/\/pressurezone.shop\/wp-content\/uploads\/2024\/04\/photo1712354183-4-300x300.jpeg",300,300,true],"woocommerce_single":["https:\/\/pressurezone.shop\/wp-content\/uploads\/2024\/04\/photo1712354183-4-600x450.jpeg",600,450,true],"woocommerce_gallery_thumbnail":["https:\/\/pressurezone.shop\/wp-content\/uploads\/2024\/04\/photo1712354183-4-100x100.jpeg",100,100,true]},"uagb_author_info":{"display_name":"pressurezone.shop","author_link":"https:\/\/pressurezone.shop\/pl\/author\/"},"uagb_comment_info":0,"uagb_excerpt":"Les Spaceclub 2g Disposables vous offrent un voyage de vapotage unique et styl\u00e9, avec leur conception de r\u00e9plique et leurs saveurs exaltantes. Commandez d\u00e8s maintenant et explorez l'espace avec les Spaceclub 2g Disposables !","_links":{"self":[{"href":"https:\/\/pressurezone.shop\/pl\/wp-json\/wp\/v2\/product\/2563"}],"collection":[{"href":"https:\/\/pressurezone.shop\/pl\/wp-json\/wp\/v2\/product"}],"about":[{"href":"https:\/\/pressurezone.shop\/pl\/wp-json\/wp\/v2\/types\/product"}],"replies":[{"embeddable":true,"href":"https:\/\/pressurezone.shop\/pl\/wp-json\/wp\/v2\/comments?post=2563"}],"version-history":[{"count":1,"href":"https:\/\/pressurezone.shop\/pl\/wp-json\/wp\/v2\/product\/2563\/revisions"}],"predecessor-version":[{"id":2566,"href":"https:\/\/pressurezone.shop\/pl\/wp-json\/wp\/v2\/product\/2563\/revisions\/2566"}],"wp:featuredmedia":[{"embeddable":true,"href":"https:\/\/pressurezone.shop\/pl\/wp-json\/wp\/v2\/media\/2564"}],"wp:attachment":[{"href":"https:\/\/pressurezone.shop\/pl\/wp-json\/wp\/v2\/media?parent=2563"}],"wp:term":[{"taxonomy":"product_brand","embeddable":true,"href":"https:\/\/pressurezone.shop\/pl\/wp-json\/wp\/v2\/product_brand?post=2563"},{"taxonomy":"product_cat","embeddable":true,"href":"https:\/\/pressurezone.shop\/pl\/wp-json\/wp\/v2\/product_cat?post=2563"},{"taxonomy":"product_tag","embeddable":true,"href":"https:\/\/pressurezone.shop\/pl\/wp-json\/wp\/v2\/product_tag?post=2563"}],"curies":[{"name":"wp","href":"https:\/\/api.w.org\/{rel}","templated":true}]}}