{"id":2655,"date":"2024-04-19T12:07:18","date_gmt":"2024-04-19T10:07:18","guid":{"rendered":"https:\/\/pressurezone.shop\/?post_type=product&#038;p=2655"},"modified":"2024-11-04T21:15:21","modified_gmt":"2024-11-04T20:15:21","slug":"hash-hole-pre-rolls","status":"publish","type":"product","link":"https:\/\/pressurezone.shop\/pl\/produkt\/pre-rolki-z-otworami-do-haszyszu\/","title":{"rendered":"HASH HOLE PRE ROLLS"},"content":{"rendered":"<p>Zanurz si\u0119 w niezapomniane wra\u017cenia z gotowania rolad z mieszania otworami Pre Rolls. Ka\u017cde wst\u0119pnie zminimalizowane po\u0142\u0105czenie zapewnia doskona\u0142e po\u0142\u0105czenie starannie dobranych haszyszu, dostarczaj\u0105c do pobicia wy\u017cyny przyjemno\u015bci. Zam\u00f3w teraz, aby odkry\u0107 raj dla pal\u0105cych!<\/p>\n<p><strong>USP:<\/strong><\/p>\n<p>Hash Hole Pre Rolls \u2013 L &#039; Ultimate en Fusion de Hashish<\/p>\n<p><strong>Zalety:<\/strong><\/p>\n<p>Rolki Hash Hole Pre Rolls zapewniaj\u0105 niezr\u00f3wnan\u0105 jako\u015b\u0107 w\u0119dzenia dzi\u0119ki po\u0142\u0105czeniu haszyszu najwy\u017cszej jako\u015bci. Idealny dla koneser\u00f3w, poszukuj\u0105cych najwy\u017cszej jako\u015bci palenia.<\/p>","protected":false},"excerpt":{"rendered":"<p>Poznaj raj dla pal\u0105cych z Hash Hole Pre Rolls. Topienie haszyszu najwy\u017cszej jako\u015bci dla uzyskania najlepszych wra\u017ce\u0144. Zam\u00f3w teraz!<\/p>","protected":false},"featured_media":2656,"comment_status":"open","ping_status":"closed","template":"","meta":{"_uag_custom_page_level_css":"","site-sidebar-layout":"default","site-content-layout":"","ast-site-content-layout":"default","site-content-style":"default","site-sidebar-style":"default","ast-global-header-display":"","ast-banner-title-visibility":"","ast-main-header-display":"","ast-hfb-above-header-display":"","ast-hfb-below-header-display":"","ast-hfb-mobile-header-display":"","site-post-title":"","ast-breadcrumbs-content":"","ast-featured-img":"","footer-sml-layout":"","theme-transparent-header-meta":"default","adv-header-id-meta":"","stick-header-meta":"","header-above-stick-meta":"","header-main-stick-meta":"","header-below-stick-meta":"","astra-migrate-meta-layouts":"set","ast-page-background-enabled":"default","ast-page-background-meta":{"desktop":{"background-color":"","background-image":"","background-repeat":"repeat","background-position":"center center","background-size":"auto","background-attachment":"scroll","background-type":"","background-media":"","overlay-type":"","overlay-color":"","overlay-opacity":"","overlay-gradient":""},"tablet":{"background-color":"","background-image":"","background-repeat":"repeat","background-position":"center center","background-size":"auto","background-attachment":"scroll","background-type":"","background-media":"","overlay-type":"","overlay-color":"","overlay-opacity":"","overlay-gradient":""},"mobile":{"background-color":"","background-image":"","background-repeat":"repeat","background-position":"center center","background-size":"auto","background-attachment":"scroll","background-type":"","background-media":"","overlay-type":"","overlay-color":"","overlay-opacity":"","overlay-gradient":""}},"ast-content-background-meta":{"desktop":{"background-color":"var(--ast-global-color-5)","background-image":"","background-repeat":"repeat","background-position":"center center","background-size":"auto","background-attachment":"scroll","background-type":"","background-media":"","overlay-type":"","overlay-color":"","overlay-opacity":"","overlay-gradient":""},"tablet":{"background-color":"var(--ast-global-color-5)","background-image":"","background-repeat":"repeat","background-position":"center center","background-size":"auto","background-attachment":"scroll","background-type":"","background-media":"","overlay-type":"","overlay-color":"","overlay-opacity":"","overlay-gradient":""},"mobile":{"background-color":"var(--ast-global-color-5)","background-image":"","background-repeat":"repeat","background-position":"center center","background-size":"auto","background-attachment":"scroll","background-type":"","background-media":"","overlay-type":"","overlay-color":"","overlay-opacity":"","overlay-gradient":""}}},"product_brand":[],"product_cat":[262],"product_tag":[255,254,253,256],"class_list":{"0":"post-2655","1":"product","2":"type-product","3":"status-publish","4":"has-post-thumbnail","6":"product_cat-preprolls","7":"product_tag-fusion-de-hashish","8":"product_tag-hash-hole","9":"product_tag-pre-rolls","10":"product_tag-qualite-superieure-experience-de-fumage-connaisseurs-commande","11":"desktop-align-left","12":"tablet-align-left","13":"mobile-align-left","15":"first","16":"instock","17":"shipping-taxable","18":"purchasable","19":"product-type-simple"},"uagb_featured_image_src":{"full":["https:\/\/pressurezone.shop\/wp-content\/uploads\/2024\/04\/photo1712352615.jpeg",960,1280,false],"thumbnail":["https:\/\/pressurezone.shop\/wp-content\/uploads\/2024\/04\/photo1712352615-150x150.jpeg",150,150,true],"medium":["https:\/\/pressurezone.shop\/wp-content\/uploads\/2024\/04\/photo1712352615-225x300.jpeg",225,300,true],"medium_large":["https:\/\/pressurezone.shop\/wp-content\/uploads\/2024\/04\/photo1712352615-768x1024.jpeg",768,1024,true],"large":["https:\/\/pressurezone.shop\/wp-content\/uploads\/2024\/04\/photo1712352615-768x1024.jpeg",768,1024,true],"1536x1536":["https:\/\/pressurezone.shop\/wp-content\/uploads\/2024\/04\/photo1712352615.jpeg",960,1280,false],"2048x2048":["https:\/\/pressurezone.shop\/wp-content\/uploads\/2024\/04\/photo1712352615.jpeg",960,1280,false],"trp-custom-language-flag":["https:\/\/pressurezone.shop\/wp-content\/uploads\/2024\/04\/photo1712352615-9x12.jpeg",9,12,true],"woocommerce_thumbnail":["https:\/\/pressurezone.shop\/wp-content\/uploads\/2024\/04\/photo1712352615-300x300.jpeg",300,300,true],"woocommerce_single":["https:\/\/pressurezone.shop\/wp-content\/uploads\/2024\/04\/photo1712352615-600x800.jpeg",600,800,true],"woocommerce_gallery_thumbnail":["https:\/\/pressurezone.shop\/wp-content\/uploads\/2024\/04\/photo1712352615-100x100.jpeg",100,100,true]},"uagb_author_info":{"display_name":"pressurezone.shop","author_link":"https:\/\/pressurezone.shop\/pl\/author\/"},"uagb_comment_info":0,"uagb_excerpt":"Explorez le paradis du fumage avec les Hash Hole Pre Rolls. Fusion de hashish de qualit\u00e9 sup\u00e9rieure pour une exp\u00e9rience in\u00e9gal\u00e9e. Commandez maintenant !","_links":{"self":[{"href":"https:\/\/pressurezone.shop\/pl\/wp-json\/wp\/v2\/product\/2655"}],"collection":[{"href":"https:\/\/pressurezone.shop\/pl\/wp-json\/wp\/v2\/product"}],"about":[{"href":"https:\/\/pressurezone.shop\/pl\/wp-json\/wp\/v2\/types\/product"}],"replies":[{"embeddable":true,"href":"https:\/\/pressurezone.shop\/pl\/wp-json\/wp\/v2\/comments?post=2655"}],"version-history":[{"count":1,"href":"https:\/\/pressurezone.shop\/pl\/wp-json\/wp\/v2\/product\/2655\/revisions"}],"predecessor-version":[{"id":2664,"href":"https:\/\/pressurezone.shop\/pl\/wp-json\/wp\/v2\/product\/2655\/revisions\/2664"}],"wp:featuredmedia":[{"embeddable":true,"href":"https:\/\/pressurezone.shop\/pl\/wp-json\/wp\/v2\/media\/2656"}],"wp:attachment":[{"href":"https:\/\/pressurezone.shop\/pl\/wp-json\/wp\/v2\/media?parent=2655"}],"wp:term":[{"taxonomy":"product_brand","embeddable":true,"href":"https:\/\/pressurezone.shop\/pl\/wp-json\/wp\/v2\/product_brand?post=2655"},{"taxonomy":"product_cat","embeddable":true,"href":"https:\/\/pressurezone.shop\/pl\/wp-json\/wp\/v2\/product_cat?post=2655"},{"taxonomy":"product_tag","embeddable":true,"href":"https:\/\/pressurezone.shop\/pl\/wp-json\/wp\/v2\/product_tag?post=2655"}],"curies":[{"name":"wp","href":"https:\/\/api.w.org\/{rel}","templated":true}]}}