{"id":2726,"date":"2024-04-19T12:44:23","date_gmt":"2024-04-19T10:44:23","guid":{"rendered":"https:\/\/pressurezone.shop\/?post_type=product&#038;p=2726"},"modified":"2024-04-19T12:44:24","modified_gmt":"2024-04-19T10:44:24","slug":"gold-coast-clear-disposabl","status":"publish","type":"product","link":"https:\/\/pressurezone.shop\/pl\/produkt\/gold-coast-clear-disposabl\/","title":{"rendered":"GOLD COAST CLEAR DISPOSABL"},"content":{"rendered":"<p>Poczuj czysto\u015b\u0107 i czysto\u015b\u0107 za pomoc\u0105 jednorazowych sprayu Gold Coast Clear. Oferuj\u0105c doskona\u0142\u0105 jako\u015b\u0107 \u0432\u0435\u0439\u043f\u0438\u043d\u0433\u0430, urz\u0105dzenia te idealnie nadaj\u0105 si\u0119 dla mi\u0142o\u015bnik\u00f3w czystego i wykwintne para. Zam\u00f3w teraz, aby uzyska\u0107 bezkompromisowy do\u015bwiadczenie \u0432\u0435\u0439\u043f\u0438\u043d\u0433\u0430 z Gold Coast Clear!<\/p>","protected":false},"excerpt":{"rendered":"<p>Poczuj czysto\u015b\u0107 i czysto\u015b\u0107 za pomoc\u0105 jednorazowych sprayu Gold Coast Clear. Oferuj\u0105c doskona\u0142\u0105 jako\u015b\u0107 \u0432\u0435\u0439\u043f\u0438\u043d\u0433\u0430, urz\u0105dzenia te idealnie nadaj\u0105 si\u0119 dla mi\u0142o\u015bnik\u00f3w czystego i wykwintne para. Zam\u00f3w teraz, aby uzyska\u0107 bezkompromisowy do\u015bwiadczenie \u0432\u0435\u0439\u043f\u0438\u043d\u0433\u0430 z Gold Coast Clear!<\/p>","protected":false},"featured_media":2727,"comment_status":"open","ping_status":"closed","template":"","meta":{"_uag_custom_page_level_css":"","site-sidebar-layout":"default","site-content-layout":"","ast-site-content-layout":"default","site-content-style":"default","site-sidebar-style":"default","ast-global-header-display":"","ast-banner-title-visibility":"","ast-main-header-display":"","ast-hfb-above-header-display":"","ast-hfb-below-header-display":"","ast-hfb-mobile-header-display":"","site-post-title":"","ast-breadcrumbs-content":"","ast-featured-img":"","footer-sml-layout":"","theme-transparent-header-meta":"default","adv-header-id-meta":"","stick-header-meta":"","header-above-stick-meta":"","header-main-stick-meta":"","header-below-stick-meta":"","astra-migrate-meta-layouts":"set","ast-page-background-enabled":"default","ast-page-background-meta":{"desktop":{"background-color":"","background-image":"","background-repeat":"repeat","background-position":"center center","background-size":"auto","background-attachment":"scroll","background-type":"","background-media":"","overlay-type":"","overlay-color":"","overlay-opacity":"","overlay-gradient":""},"tablet":{"background-color":"","background-image":"","background-repeat":"repeat","background-position":"center center","background-size":"auto","background-attachment":"scroll","background-type":"","background-media":"","overlay-type":"","overlay-color":"","overlay-opacity":"","overlay-gradient":""},"mobile":{"background-color":"","background-image":"","background-repeat":"repeat","background-position":"center center","background-size":"auto","background-attachment":"scroll","background-type":"","background-media":"","overlay-type":"","overlay-color":"","overlay-opacity":"","overlay-gradient":""}},"ast-content-background-meta":{"desktop":{"background-color":"var(--ast-global-color-5)","background-image":"","background-repeat":"repeat","background-position":"center center","background-size":"auto","background-attachment":"scroll","background-type":"","background-media":"","overlay-type":"","overlay-color":"","overlay-opacity":"","overlay-gradient":""},"tablet":{"background-color":"var(--ast-global-color-5)","background-image":"","background-repeat":"repeat","background-position":"center center","background-size":"auto","background-attachment":"scroll","background-type":"","background-media":"","overlay-type":"","overlay-color":"","overlay-opacity":"","overlay-gradient":""},"mobile":{"background-color":"var(--ast-global-color-5)","background-image":"","background-repeat":"repeat","background-position":"center center","background-size":"auto","background-attachment":"scroll","background-type":"","background-media":"","overlay-type":"","overlay-color":"","overlay-opacity":"","overlay-gradient":""}}},"product_brand":[],"product_cat":[31],"product_tag":[],"class_list":{"0":"post-2726","1":"product","2":"type-product","3":"status-publish","4":"has-post-thumbnail","6":"product_cat-thc-disposables","7":"desktop-align-left","8":"tablet-align-left","9":"mobile-align-left","11":"first","12":"instock","13":"shipping-taxable","14":"purchasable","15":"product-type-simple"},"uagb_featured_image_src":{"full":["https:\/\/pressurezone.shop\/wp-content\/uploads\/2024\/04\/photo1712352205-10.jpeg",960,1280,false],"thumbnail":["https:\/\/pressurezone.shop\/wp-content\/uploads\/2024\/04\/photo1712352205-10-150x150.jpeg",150,150,true],"medium":["https:\/\/pressurezone.shop\/wp-content\/uploads\/2024\/04\/photo1712352205-10-225x300.jpeg",225,300,true],"medium_large":["https:\/\/pressurezone.shop\/wp-content\/uploads\/2024\/04\/photo1712352205-10-768x1024.jpeg",768,1024,true],"large":["https:\/\/pressurezone.shop\/wp-content\/uploads\/2024\/04\/photo1712352205-10-768x1024.jpeg",768,1024,true],"1536x1536":["https:\/\/pressurezone.shop\/wp-content\/uploads\/2024\/04\/photo1712352205-10.jpeg",960,1280,false],"2048x2048":["https:\/\/pressurezone.shop\/wp-content\/uploads\/2024\/04\/photo1712352205-10.jpeg",960,1280,false],"trp-custom-language-flag":["https:\/\/pressurezone.shop\/wp-content\/uploads\/2024\/04\/photo1712352205-10-9x12.jpeg",9,12,true],"woocommerce_thumbnail":["https:\/\/pressurezone.shop\/wp-content\/uploads\/2024\/04\/photo1712352205-10-300x300.jpeg",300,300,true],"woocommerce_single":["https:\/\/pressurezone.shop\/wp-content\/uploads\/2024\/04\/photo1712352205-10-600x800.jpeg",600,800,true],"woocommerce_gallery_thumbnail":["https:\/\/pressurezone.shop\/wp-content\/uploads\/2024\/04\/photo1712352205-10-100x100.jpeg",100,100,true]},"uagb_author_info":{"display_name":"pressurezone.shop","author_link":"https:\/\/pressurezone.shop\/pl\/author\/"},"uagb_comment_info":0,"uagb_excerpt":"D\u00e9couvrez la clart\u00e9 et la puret\u00e9 avec les vaporisateurs jetables Gold Coast Clear. Offrant une exp\u00e9rience de vapotage de qualit\u00e9 sup\u00e9rieure, ces dispositifs sont parfaits pour les amateurs de vapeur propre et raffin\u00e9e. Commandez d\u00e8s maintenant pour une exp\u00e9rience de vapotage sans compromis avec Gold Coast Clear !","_links":{"self":[{"href":"https:\/\/pressurezone.shop\/pl\/wp-json\/wp\/v2\/product\/2726"}],"collection":[{"href":"https:\/\/pressurezone.shop\/pl\/wp-json\/wp\/v2\/product"}],"about":[{"href":"https:\/\/pressurezone.shop\/pl\/wp-json\/wp\/v2\/types\/product"}],"replies":[{"embeddable":true,"href":"https:\/\/pressurezone.shop\/pl\/wp-json\/wp\/v2\/comments?post=2726"}],"version-history":[{"count":2,"href":"https:\/\/pressurezone.shop\/pl\/wp-json\/wp\/v2\/product\/2726\/revisions"}],"predecessor-version":[{"id":2729,"href":"https:\/\/pressurezone.shop\/pl\/wp-json\/wp\/v2\/product\/2726\/revisions\/2729"}],"wp:featuredmedia":[{"embeddable":true,"href":"https:\/\/pressurezone.shop\/pl\/wp-json\/wp\/v2\/media\/2727"}],"wp:attachment":[{"href":"https:\/\/pressurezone.shop\/pl\/wp-json\/wp\/v2\/media?parent=2726"}],"wp:term":[{"taxonomy":"product_brand","embeddable":true,"href":"https:\/\/pressurezone.shop\/pl\/wp-json\/wp\/v2\/product_brand?post=2726"},{"taxonomy":"product_cat","embeddable":true,"href":"https:\/\/pressurezone.shop\/pl\/wp-json\/wp\/v2\/product_cat?post=2726"},{"taxonomy":"product_tag","embeddable":true,"href":"https:\/\/pressurezone.shop\/pl\/wp-json\/wp\/v2\/product_tag?post=2726"}],"curies":[{"name":"wp","href":"https:\/\/api.w.org\/{rel}","templated":true}]}}