{"id":2995,"date":"2024-10-11T00:48:46","date_gmt":"2024-10-10T22:48:46","guid":{"rendered":"https:\/\/pressurezone.shop\/?post_type=product&#038;p=2995"},"modified":"2024-11-02T20:29:52","modified_gmt":"2024-11-02T19:29:52","slug":"variete-amnesia-haze-aaa","status":"publish","type":"product","link":"https:\/\/pressurezone.shop\/pl\/produkt\/odmiana-amnezja-zamglenie-aaa\/","title":{"rendered":"Odmiana Amnesia Haze AAA"},"content":{"rendered":"<div class=\"flex-shrink-0 flex flex-col relative items-end\">\n<div>\n<div class=\"pt-0\">\n<div class=\"gizmo-bot-avatar flex h-8 w-8 items-center justify-center overflow-hidden rounded-full\">\n<div class=\"relative p-1 rounded-sm flex items-center justify-center bg-token-main-surface-primary text-token-text-primary h-8 w-8\"><\/div>\n<\/div>\n<\/div>\n<\/div>\n<\/div>\n<div class=\"group\/conversation-turn relative flex w-full min-w-0 flex-col agent-turn\">\n<div class=\"flex-col gap-1 md:gap-3\">\n<div class=\"flex max-w-full flex-col flex-grow\">\n<div class=\"min-h-8 text-message flex w-full flex-col items-end gap-2 whitespace-normal break-words [.text-message+&amp;]:mt-5\" dir=\"auto\" data-message-author-role=\"assistant\" data-message-id=\"c196b9dc-78ca-4eba-b0a0-e89d30d874b9\" data-message-model-slug=\"gpt-4o\">\n<div class=\"flex w-full flex-col gap-1 empty:hidden first:pt-[3px]\">\n<div class=\"markdown prose w-full break-words dark:prose-invert light\">\n<h3><strong>Kup Amnesia Haze AAA online w Europie na <a href=\"https:\/\/pressurezone.shop\/pl\/\" target=\"_new\" rel=\"noopener\">Strefa ci\u015bnienia<\/a><\/strong><\/h3>\n<p>Odkryj moc<strong>Amnesia Haze AAA<\/strong>a <strong>odmiana konopi<\/strong> Wyj\u0105tkowy i jeden z ulubionych wybor\u00f3w mi\u0142o\u015bnik\u00f3w wina. <strong>hybryda z dominacj\u0105 sativy<\/strong>. Odmiana ta, b\u0119d\u0105ca wynikiem genetycznej mieszanki jamajskiej sativy, laota\u0144skiej sativy i afga\u0144skiej indiki hawajskiej, s\u0142ynie z pobudzaj\u0105cych efekt\u00f3w i jasno\u015bci umys\u0142u. Je\u015bli szukasz odmiany na ca\u0142y dzie\u0144, Amnesia Haze AAA jest dla Ciebie idealna.<\/p>\n<h3>Efekty i korzy\u015bci p\u0142yn\u0105ce ze stosowania Amnesia Haze AAA Weed Strain<\/h3>\n<p>Dzi\u0119ki jego <strong>80% sativa \/ 20% indica<\/strong>w <strong>Odmiana konopi Amnesia Haze AAA<\/strong> zosta\u0142 opracowany specjalnie z my\u015bl\u0105 o chwilach jasno\u015bci umys\u0142u i energii. Jest idealny dla tych, kt\u00f3rzy chc\u0105 pozosta\u0107 aktywni, skoncentrowani i pozytywnie nastawieni. Oto g\u0142\u00f3wne efekty:<\/p>\n<ul>\n<li><strong>Kreatywno\u015b\u0107 i euforia<\/strong> Amnesia Haze AAA pobudza umys\u0142 i wywo\u0142uje przyjemny stan euforii.<\/li>\n<li><strong>Wzmocnienie psychoaktywne<\/strong> Idealny do poprawy nastroju i roz\u015bmieszania ludzi.<\/li>\n<li><strong>Zr\u00f3wnowa\u017cona energia<\/strong> Daje zastrzyk energii, idealny, aby z motywacj\u0105 rozpocz\u0105\u0107 dzie\u0144.<\/li>\n<\/ul>\n<p>Ze stawk\u0105 <strong>Wysoka zawarto\u015b\u0107 THC w 22%<\/strong>to <strong>odmiana konopi<\/strong> jest idealna dla tych, kt\u00f3rzy szukaj\u0105 intensywnego efektu bez ci\u0119\u017cko\u015bci Indica.<\/p>\n<h3>Korzy\u015bci terapeutyczne AAA Amnesia Haze<\/h3>\n<p>La <strong>Odmiana Amnesia Haze AAA<\/strong> jest r\u00f3wnie\u017c znana z wielu korzy\u015bci zdrowotnych. Jej stymuluj\u0105cy i euforyczny efekt mo\u017ce pom\u00f3c z\u0142agodzi\u0107 :<\/p>\n<ul>\n<li><strong>L\u0119k i depresja<\/strong> Zmniejsza stres i poprawia nastr\u00f3j.<\/li>\n<li><strong>Zm\u0119czenie i ADHD<\/strong> Zwi\u0119ksza energi\u0119 i koncentracj\u0119, pomagaj\u0105c zwalcza\u0107 zm\u0119czenie i objawy ADHD.<\/li>\n<li><strong>Migrena i b\u00f3le g\u0142owy<\/strong> Skuteczny w \u0142agodzeniu przewlek\u0142ego b\u00f3lu i b\u00f3l\u00f3w g\u0142owy.<\/li>\n<li><strong>B\u00f3l fizyczny<\/strong> Mo\u017ce \u0142agodzi\u0107 \u0142agodne b\u00f3le cia\u0142a bez znieczulenia.<\/li>\n<\/ul>\n<p>Z mniej ni\u017c 1% CBD, Amnesia Haze AAA jest mniej odpowiednia do leczenia wymagaj\u0105cego wysokich st\u0119\u017ce\u0144 CBD, takich jak epilepsja, ale jest idealna dla tych, kt\u00f3rzy chc\u0105 poprawi\u0107 sw\u00f3j nastr\u00f3j i energi\u0119.<a href=\"https:\/\/fuelpackz.com\/\" target=\"_blank\" rel=\"noopener\">.<\/a><\/p>\n<h3>Profil smak\u00f3w i aromat\u00f3w<\/h3>\n<p>L'<strong>Amnesia Haze AAA<\/strong> wyr\u00f3\u017cnia si\u0119 r\u00f3wnie\u017c z\u0142o\u017conym profilem smakowym i bogatym aromatem. Znajdziesz w niej nuty :<\/p>\n<ul>\n<li><strong>Owocowy i cytrynowy<\/strong> Pikantny, \u015bwie\u017cy smak, kt\u00f3ry \u0142askocze kubki smakowe.<\/li>\n<li><strong>Pikantny i ziemisty<\/strong> G\u0142\u0119bia, kt\u00f3ra dodaje odrobin\u0119 z\u0142o\u017cono\u015bci i r\u00f3wnowa\u017cy owocowy smak.<\/li>\n<\/ul>\n<p>Jego wyj\u0105tkowy zapach pozostawia d\u0142ugotrwa\u0142e wra\u017cenie, \u0142\u0105cz\u0105c w sobie aromat <strong>cytrynowy i ziemisty<\/strong> kt\u00f3ry nasila si\u0119 z ka\u017cdym zaci\u0105gni\u0119ciem.<\/p>\n<h3>Dlaczego warto kupi\u0107 AAA Amnesia Haze na <a href=\"https:\/\/pressurezone.shop\/pl\/\" target=\"_new\" rel=\"noopener\">Strefa ci\u015bnienia<\/a>?<\/h3>\n<p>Przy <strong>Strefa ci\u015bnienia<\/strong>jeste\u015bmy zobowi\u0105zani do zapewnienia <strong>odmiany konopi<\/strong> dla naszych klient\u00f3w w Europie. Nasz <strong>Odmiana Amnesia Haze AAA<\/strong> jest dok\u0142adnie testowany, aby zagwarantowa\u0107 moc, czysto\u015b\u0107 i bezpiecze\u0144stwo, co czyni go idealnym wyborem dla mi\u0142o\u015bnik\u00f3w sativy:<\/p>\n<ul>\n<li><strong>Najwy\u017csza jako\u015b\u0107<\/strong> Ka\u017cda partia jest sprawdzana, aby zagwarantowa\u0107 wyj\u0105tkowe wra\u017cenia.<\/li>\n<li><strong>Urozmaicenie dnia<\/strong> Idealny na chwile kreatywno\u015bci i energii.<\/li>\n<li><strong>Dedykowana obs\u0142uga klienta<\/strong> Nasz zesp\u00f3\u0142 jest tutaj, aby pom\u00f3c Ci wybra\u0107 odmian\u0119, kt\u00f3ra spe\u0142nia Twoje potrzeby.<\/li>\n<\/ul>\n<h3>Cz\u0119sto zadawane pytania<\/h3>\n<h4>Jakie s\u0105 g\u0142\u00f3wne efekty Amnesia Haze AAA?<\/h4>\n<p>Amnesia Haze AAA jest energetyzuj\u0105ca i euforyczna, idealna na aktywne dni, stymuluj\u0105ca kreatywno\u015b\u0107 i poprawiaj\u0105ca nastr\u00f3j.<\/p>\n<h4>Czy Amnesia Haze AAA jest odpowiednia na przewlek\u0142y b\u00f3l?<\/h4>\n<p>Tak, ta odmiana jest skuteczna w \u0142agodzeniu \u0142agodnego do umiarkowanego b\u00f3lu, b\u00f3l\u00f3w g\u0142owy i migreny, jednocze\u015bnie dostarczaj\u0105c pozytywnej energii.<\/p>\n<h4>Czy Amnesia Haze AAA mo\u017ce by\u0107 stosowana w leczeniu stan\u00f3w l\u0119kowych?<\/h4>\n<p>Tak, Amnesia Haze AAA pomaga zmniejszy\u0107 niepok\u00f3j i depresj\u0119, promuj\u0105c pozytywny i spokojny stan umys\u0142u.<\/p>\n<h3>Zam\u00f3w Amnesia Haze AAA online w Europie pod adresem <a href=\"https:\/\/pressurezone.shop\/pl\/\" target=\"_new\" rel=\"noopener\">Strefa ci\u015bnienia<\/a><\/h3>\n<p>Gotowy do odkrycia stymuluj\u0105cych korzy\u015bci<strong>Amnesia Haze AAA<\/strong>? <strong>Zam\u00f3w teraz<\/strong> na <a href=\"https:\/\/pressurezone.shop\/pl\/\" target=\"_new\" rel=\"noopener\">Strefa ci\u015bnienia<\/a> dla do\u015bwiadczenia premium <strong>odmiana konopi<\/strong>. Skorzystaj z naszego ekskluzywnego wyboru i naszej szybkiej, niezawodnej us\u0142ugi dyskretnej, skutecznej dostawy.<\/p>\n<\/div>\n<\/div>\n<\/div>\n<\/div>\n<\/div>\n<\/div>","protected":false},"excerpt":{"rendered":"<p>Achetez la Vari\u00e9t\u00e9 Amnesia Haze AAA en Ligne en Europe sur Pressure Zone D\u00e9couvrez la puissance de l&rsquo;Amnesia Haze AAA, une vari\u00e9t\u00e9 de cannabis exceptionnelle et l&rsquo;un des choix pr\u00e9f\u00e9r\u00e9s des amateurs de sativa-dominant hybrid. Issue d\u2019un m\u00e9lange g\u00e9n\u00e9tique entre une sativa jama\u00efcaine, une sativa laotienne, et une indica Afghan Hawaiian, cette vari\u00e9t\u00e9 est c\u00e9l\u00e8bre [&hellip;]<\/p>","protected":false},"featured_media":3025,"comment_status":"closed","ping_status":"closed","template":"","meta":{"_uag_custom_page_level_css":"","site-sidebar-layout":"default","site-content-layout":"","ast-site-content-layout":"default","site-content-style":"default","site-sidebar-style":"default","ast-global-header-display":"","ast-banner-title-visibility":"","ast-main-header-display":"","ast-hfb-above-header-display":"","ast-hfb-below-header-display":"","ast-hfb-mobile-header-display":"","site-post-title":"","ast-breadcrumbs-content":"","ast-featured-img":"","footer-sml-layout":"","theme-transparent-header-meta":"default","adv-header-id-meta":"","stick-header-meta":"","header-above-stick-meta":"","header-main-stick-meta":"","header-below-stick-meta":"","astra-migrate-meta-layouts":"set","ast-page-background-enabled":"default","ast-page-background-meta":{"desktop":{"background-color":"","background-image":"","background-repeat":"repeat","background-position":"center center","background-size":"auto","background-attachment":"scroll","background-type":"","background-media":"","overlay-type":"","overlay-color":"","overlay-opacity":"","overlay-gradient":""},"tablet":{"background-color":"","background-image":"","background-repeat":"repeat","background-position":"center center","background-size":"auto","background-attachment":"scroll","background-type":"","background-media":"","overlay-type":"","overlay-color":"","overlay-opacity":"","overlay-gradient":""},"mobile":{"background-color":"","background-image":"","background-repeat":"repeat","background-position":"center center","background-size":"auto","background-attachment":"scroll","background-type":"","background-media":"","overlay-type":"","overlay-color":"","overlay-opacity":"","overlay-gradient":""}},"ast-content-background-meta":{"desktop":{"background-color":"var(--ast-global-color-5)","background-image":"","background-repeat":"repeat","background-position":"center center","background-size":"auto","background-attachment":"scroll","background-type":"","background-media":"","overlay-type":"","overlay-color":"","overlay-opacity":"","overlay-gradient":""},"tablet":{"background-color":"var(--ast-global-color-5)","background-image":"","background-repeat":"repeat","background-position":"center center","background-size":"auto","background-attachment":"scroll","background-type":"","background-media":"","overlay-type":"","overlay-color":"","overlay-opacity":"","overlay-gradient":""},"mobile":{"background-color":"var(--ast-global-color-5)","background-image":"","background-repeat":"repeat","background-position":"center center","background-size":"auto","background-attachment":"scroll","background-type":"","background-media":"","overlay-type":"","overlay-color":"","overlay-opacity":"","overlay-gradient":""}}},"product_brand":[],"product_cat":[28,273],"product_tag":[274],"class_list":{"0":"post-2995","1":"product","2":"type-product","3":"status-publish","4":"has-post-thumbnail","6":"product_cat-varietes-de-cannabis","7":"product_cat-varietes-de-cannabis-sativa","8":"product_tag-amnesia-haze-aaa-weed-strain-for-sale-poland","9":"desktop-align-left","10":"tablet-align-left","11":"mobile-align-left","13":"first","14":"instock","15":"shipping-taxable","16":"purchasable","17":"product-type-variable"},"uagb_featured_image_src":{"full":["https:\/\/pressurezone.shop\/wp-content\/uploads\/2024\/10\/Amnesia-Haze-AAA-Weed-Strain.jpg",1000,1000,false],"thumbnail":["https:\/\/pressurezone.shop\/wp-content\/uploads\/2024\/10\/Amnesia-Haze-AAA-Weed-Strain-150x150.jpg",150,150,true],"medium":["https:\/\/pressurezone.shop\/wp-content\/uploads\/2024\/10\/Amnesia-Haze-AAA-Weed-Strain-300x300.jpg",300,300,true],"medium_large":["https:\/\/pressurezone.shop\/wp-content\/uploads\/2024\/10\/Amnesia-Haze-AAA-Weed-Strain-768x768.jpg",768,768,true],"large":["https:\/\/pressurezone.shop\/wp-content\/uploads\/2024\/10\/Amnesia-Haze-AAA-Weed-Strain.jpg",1000,1000,false],"1536x1536":["https:\/\/pressurezone.shop\/wp-content\/uploads\/2024\/10\/Amnesia-Haze-AAA-Weed-Strain.jpg",1000,1000,false],"2048x2048":["https:\/\/pressurezone.shop\/wp-content\/uploads\/2024\/10\/Amnesia-Haze-AAA-Weed-Strain.jpg",1000,1000,false],"trp-custom-language-flag":["https:\/\/pressurezone.shop\/wp-content\/uploads\/2024\/10\/Amnesia-Haze-AAA-Weed-Strain-12x12.jpg",12,12,true],"woocommerce_thumbnail":["https:\/\/pressurezone.shop\/wp-content\/uploads\/2024\/10\/Amnesia-Haze-AAA-Weed-Strain-300x300.jpg",300,300,true],"woocommerce_single":["https:\/\/pressurezone.shop\/wp-content\/uploads\/2024\/10\/Amnesia-Haze-AAA-Weed-Strain-600x600.jpg",600,600,true],"woocommerce_gallery_thumbnail":["https:\/\/pressurezone.shop\/wp-content\/uploads\/2024\/10\/Amnesia-Haze-AAA-Weed-Strain-100x100.jpg",100,100,true]},"uagb_author_info":{"display_name":"pressurezone.shop","author_link":"https:\/\/pressurezone.shop\/pl\/author\/"},"uagb_comment_info":0,"uagb_excerpt":"Achetez la Vari\u00e9t\u00e9 Amnesia Haze AAA en Ligne en Europe sur Pressure Zone D\u00e9couvrez la puissance de l&rsquo;Amnesia Haze AAA, une vari\u00e9t\u00e9 de cannabis exceptionnelle et l&rsquo;un des choix pr\u00e9f\u00e9r\u00e9s des amateurs de sativa-dominant hybrid. Issue d\u2019un m\u00e9lange g\u00e9n\u00e9tique entre une sativa jama\u00efcaine, une sativa laotienne, et une indica Afghan Hawaiian, cette vari\u00e9t\u00e9 est c\u00e9l\u00e8bre&hellip;","_links":{"self":[{"href":"https:\/\/pressurezone.shop\/pl\/wp-json\/wp\/v2\/product\/2995"}],"collection":[{"href":"https:\/\/pressurezone.shop\/pl\/wp-json\/wp\/v2\/product"}],"about":[{"href":"https:\/\/pressurezone.shop\/pl\/wp-json\/wp\/v2\/types\/product"}],"replies":[{"embeddable":true,"href":"https:\/\/pressurezone.shop\/pl\/wp-json\/wp\/v2\/comments?post=2995"}],"version-history":[{"count":3,"href":"https:\/\/pressurezone.shop\/pl\/wp-json\/wp\/v2\/product\/2995\/revisions"}],"predecessor-version":[{"id":3625,"href":"https:\/\/pressurezone.shop\/pl\/wp-json\/wp\/v2\/product\/2995\/revisions\/3625"}],"wp:featuredmedia":[{"embeddable":true,"href":"https:\/\/pressurezone.shop\/pl\/wp-json\/wp\/v2\/media\/3025"}],"wp:attachment":[{"href":"https:\/\/pressurezone.shop\/pl\/wp-json\/wp\/v2\/media?parent=2995"}],"wp:term":[{"taxonomy":"product_brand","embeddable":true,"href":"https:\/\/pressurezone.shop\/pl\/wp-json\/wp\/v2\/product_brand?post=2995"},{"taxonomy":"product_cat","embeddable":true,"href":"https:\/\/pressurezone.shop\/pl\/wp-json\/wp\/v2\/product_cat?post=2995"},{"taxonomy":"product_tag","embeddable":true,"href":"https:\/\/pressurezone.shop\/pl\/wp-json\/wp\/v2\/product_tag?post=2995"}],"curies":[{"name":"wp","href":"https:\/\/api.w.org\/{rel}","templated":true}]}}