{"id":2996,"date":"2024-10-11T00:48:46","date_gmt":"2024-10-10T22:48:46","guid":{"rendered":"https:\/\/pressurezone.shop\/?post_type=product&#038;p=2996"},"modified":"2024-11-03T21:36:20","modified_gmt":"2024-11-03T20:36:20","slug":"pine-cone-marijuana-strain","status":"publish","type":"product","link":"https:\/\/pressurezone.shop\/pl\/produkt\/odmiana-marihuany-szyszka-sosny\/","title":{"rendered":"Odmiana marihuany Pine Cone"},"content":{"rendered":"<h3><strong>Kup szczep marihuany Pine Cone online w Europie pod adresem <a href=\"https:\/\/pressurezone.shop\/pl\/\" target=\"_new\" rel=\"noopener\">Sklep ze strefami ci\u015bnieniowymi<\/a><\/strong><\/h3>\n<p>Odkryj <strong>Odmiana marihuany Pine Cone<\/strong>hybryda z dominacj\u0105 Sativy, znana z energetyzuj\u0105cych efekt\u00f3w i charakterystycznego aromatu drewna sosnowego. Dzi\u0119ki unikalnej mieszance smak\u00f3w haszyszu, drewna i oleju nap\u0119dowego, odmiana ta oferuje intensywne doznania smakowe, kt\u00f3re zachwyc\u0105 mi\u0142o\u015bnik\u00f3w sativy.<\/p>\n<h3>Dlaczego warto wybra\u0107 odmian\u0119 marihuany Pine Cone?<\/h3>\n<p>La <strong>Odmiana marihuany Pine Cone<\/strong> jest idealna dla os\u00f3b poszukuj\u0105cych zastrzyku motywacji i jasno\u015bci umys\u0142u w ci\u0105gu dnia. Z poziomem THC wynosz\u0105cym oko\u0142o 18%, ta odmiana z dominacj\u0105 sativy zapewnia przyp\u0142yw energii psychicznej i szcz\u0119\u015bcia, idealny do czynno\u015bci wymagaj\u0105cych koncentracji i kreatywno\u015bci. Jest r\u00f3wnie\u017c skuteczna w \u0142agodzeniu dolegliwo\u015bci psychicznych bez powodowania uspokojenia.<\/p>\n<ul>\n<li><strong>Typ<\/strong> Hybryda z dominacj\u0105 Sativy<\/li>\n<li><strong>THC<\/strong> Oko\u0142o 18%, oferuj\u0105c energetyzuj\u0105cy efekt mentalny<\/li>\n<\/ul>\n<h3>Efekty i korzy\u015bci p\u0142yn\u0105ce ze stosowania odmiany Pine Cone Weed<\/h3>\n<p>La <strong>Odmiana Pine Cone Weed<\/strong> s\u0142ynie z dzia\u0142ania pobudzaj\u0105cego m\u00f3zg, kt\u00f3re poprawia nastr\u00f3j i stymuluje umys\u0142. Jest to idealne rozwi\u0105zanie dla u\u017cytkownik\u00f3w poszukuj\u0105cych zastrzyku szcz\u0119\u015bcia i motywacji, idealnego na rozpocz\u0119cie dnia lub podj\u0119cie kreatywnych zada\u0144.<\/p>\n<ul>\n<li><strong>Efekty<\/strong> Energia, Dobry nastr\u00f3j, Koncentracja, Motywacja<\/li>\n<li><strong>Idealny dla<\/strong> Ci\u015bnienie w oku, jaskra, depresja, przewlek\u0142y stres<\/li>\n<\/ul>\n<h3>Stany \u0142agodzone przez szczep konopi Pine Cone<\/h3>\n<p>Dzi\u0119ki swojemu stymuluj\u0105cemu i zr\u00f3wnowa\u017conemu dzia\u0142aniu <strong>Szyszka sosnowa<\/strong> jest cz\u0119sto wybierana w celu z\u0142agodzenia r\u00f3\u017cnych zaburze\u0144 psychicznych i fizycznych:<\/p>\n<ul>\n<li><strong>Ci\u015bnienie w oku i jaskra<\/strong> Pomaga obni\u017cy\u0107 ci\u015bnienie wewn\u0105trzga\u0142kowe.<\/li>\n<li><strong>Depresja i stres<\/strong> Poprawia nastr\u00f3j i zmniejsza niepok\u00f3j.<\/li>\n<li><strong>Jasno\u015b\u0107 umys\u0142u<\/strong> Idealne skupienie dla produktywnych zada\u0144<a href=\"https:\/\/fuelpackz.com\/\" target=\"_blank\" rel=\"noopener\">.<\/a><\/li>\n<\/ul>\n<h3>Smaki i aromaty odmiany marihuany Pine Cone<\/h3>\n<p>La <strong>Odmiana marihuany Pine Cone<\/strong> oferuje bogaty, intensywny profil smakowy. \u0141\u0105czy w sobie nuty <strong>hash<\/strong> oraz <strong>drewno<\/strong> z akcentami <strong>olej nap\u0119dowy<\/strong>tworz\u0105c mocny smak. Jej aromat jest r\u00f3wnie mocny, \u0142\u0105cz\u0105c w sobie <strong>sosna<\/strong> owocowy i pikantny olej nap\u0119dowy zapewniaj\u0105cy wyj\u0105tkowe doznania zapachowe.<\/p>\n<ul>\n<li><strong>Smaki<\/strong> Hash, drewno, olej nap\u0119dowy<\/li>\n<li><strong>Zapachy<\/strong> : diesel, sosna, korzenny, owocowy<\/li>\n<\/ul>\n<h3>Wygl\u0105d kwiatu konopi Pine Cone<\/h3>\n<p>P\u0105ki <strong>Szyszka sosnowa<\/strong> przypominaj\u0105 prawdziwe szyszki sosnowe, z mi\u0119towo-zielonym zabarwieniem, ciasnymi bursztynowymi w\u0142oskami i du\u017cymi, krystalicznymi trichomami. Ich wytrzyma\u0142y, \u017cywiczny wygl\u0105d spodoba si\u0119 mi\u0142o\u015bnikom konopi poszukuj\u0105cym wysokiej jako\u015bci kwiat\u00f3w.<\/p>\n<h3>Zam\u00f3w szczep marihuany Pine Cone online w sklepie Pressure Zone Shop<\/h3>\n<p>Gotowy, aby odkry\u0107 energetyzuj\u0105cy i motywuj\u0105cy efekt <strong>Odmiana marihuany Pine Cone<\/strong> ? Zam\u00f3w ju\u017c dzi\u015b w <a href=\"https:\/\/pressurezone.shop\/pl\/\" target=\"_new\" rel=\"noopener\">Sklep ze strefami ci\u015bnieniowymi<\/a> dla wyj\u0105tkowego do\u015bwiadczenia sativy. Niezale\u017cnie od tego, czy chcesz z\u0142agodzi\u0107 stres, czy zwi\u0119kszy\u0107 produktywno\u015b\u0107, <strong>Szyszka sosnowa<\/strong> to idealne urozmaicenie inspiruj\u0105cego i produktywnego dnia.<\/p>","protected":false},"excerpt":{"rendered":"<p><strong>Smak:<\/strong>\u00a0Diesel | Pikantny | Sosnowy | Hash | Owocowy<br \/>\n<strong>Zastosowanie medyczne:<\/strong>\u00a0Depresja | Ci\u015bnienie w oku | Wahania nastroju | Stres<br \/>\n<strong>Zawarto\u015b\u0107 THC:<\/strong>\u00a018% Najwy\u017cszy<\/p>","protected":false},"featured_media":3027,"comment_status":"closed","ping_status":"closed","template":"","meta":{"_uag_custom_page_level_css":"","site-sidebar-layout":"default","site-content-layout":"","ast-site-content-layout":"default","site-content-style":"default","site-sidebar-style":"default","ast-global-header-display":"","ast-banner-title-visibility":"","ast-main-header-display":"","ast-hfb-above-header-display":"","ast-hfb-below-header-display":"","ast-hfb-mobile-header-display":"","site-post-title":"","ast-breadcrumbs-content":"","ast-featured-img":"","footer-sml-layout":"","theme-transparent-header-meta":"default","adv-header-id-meta":"","stick-header-meta":"","header-above-stick-meta":"","header-main-stick-meta":"","header-below-stick-meta":"","astra-migrate-meta-layouts":"set","ast-page-background-enabled":"default","ast-page-background-meta":{"desktop":{"background-color":"","background-image":"","background-repeat":"repeat","background-position":"center center","background-size":"auto","background-attachment":"scroll","background-type":"","background-media":"","overlay-type":"","overlay-color":"","overlay-opacity":"","overlay-gradient":""},"tablet":{"background-color":"","background-image":"","background-repeat":"repeat","background-position":"center center","background-size":"auto","background-attachment":"scroll","background-type":"","background-media":"","overlay-type":"","overlay-color":"","overlay-opacity":"","overlay-gradient":""},"mobile":{"background-color":"","background-image":"","background-repeat":"repeat","background-position":"center center","background-size":"auto","background-attachment":"scroll","background-type":"","background-media":"","overlay-type":"","overlay-color":"","overlay-opacity":"","overlay-gradient":""}},"ast-content-background-meta":{"desktop":{"background-color":"var(--ast-global-color-5)","background-image":"","background-repeat":"repeat","background-position":"center center","background-size":"auto","background-attachment":"scroll","background-type":"","background-media":"","overlay-type":"","overlay-color":"","overlay-opacity":"","overlay-gradient":""},"tablet":{"background-color":"var(--ast-global-color-5)","background-image":"","background-repeat":"repeat","background-position":"center center","background-size":"auto","background-attachment":"scroll","background-type":"","background-media":"","overlay-type":"","overlay-color":"","overlay-opacity":"","overlay-gradient":""},"mobile":{"background-color":"var(--ast-global-color-5)","background-image":"","background-repeat":"repeat","background-position":"center center","background-size":"auto","background-attachment":"scroll","background-type":"","background-media":"","overlay-type":"","overlay-color":"","overlay-opacity":"","overlay-gradient":""}}},"product_brand":[],"product_cat":[28,273],"product_tag":[275],"class_list":{"0":"post-2996","1":"product","2":"type-product","3":"status-publish","4":"has-post-thumbnail","6":"product_cat-varietes-de-cannabis","7":"product_cat-varietes-de-cannabis-sativa","8":"product_tag-pine-cone-marijuana-strain-for-sale-europe","9":"desktop-align-left","10":"tablet-align-left","11":"mobile-align-left","13":"first","14":"instock","15":"shipping-taxable","16":"purchasable","17":"product-type-variable"},"uagb_featured_image_src":{"full":["https:\/\/pressurezone.shop\/wp-content\/uploads\/2024\/10\/Pine-Cone-Marijuana-Strain.jpg",983,985,false],"thumbnail":["https:\/\/pressurezone.shop\/wp-content\/uploads\/2024\/10\/Pine-Cone-Marijuana-Strain-150x150.jpg",150,150,true],"medium":["https:\/\/pressurezone.shop\/wp-content\/uploads\/2024\/10\/Pine-Cone-Marijuana-Strain-300x300.jpg",300,300,true],"medium_large":["https:\/\/pressurezone.shop\/wp-content\/uploads\/2024\/10\/Pine-Cone-Marijuana-Strain-768x770.jpg",768,770,true],"large":["https:\/\/pressurezone.shop\/wp-content\/uploads\/2024\/10\/Pine-Cone-Marijuana-Strain.jpg",983,985,false],"1536x1536":["https:\/\/pressurezone.shop\/wp-content\/uploads\/2024\/10\/Pine-Cone-Marijuana-Strain.jpg",983,985,false],"2048x2048":["https:\/\/pressurezone.shop\/wp-content\/uploads\/2024\/10\/Pine-Cone-Marijuana-Strain.jpg",983,985,false],"trp-custom-language-flag":["https:\/\/pressurezone.shop\/wp-content\/uploads\/2024\/10\/Pine-Cone-Marijuana-Strain-12x12.jpg",12,12,true],"woocommerce_thumbnail":["https:\/\/pressurezone.shop\/wp-content\/uploads\/2024\/10\/Pine-Cone-Marijuana-Strain-300x300.jpg",300,300,true],"woocommerce_single":["https:\/\/pressurezone.shop\/wp-content\/uploads\/2024\/10\/Pine-Cone-Marijuana-Strain-600x601.jpg",600,601,true],"woocommerce_gallery_thumbnail":["https:\/\/pressurezone.shop\/wp-content\/uploads\/2024\/10\/Pine-Cone-Marijuana-Strain-100x100.jpg",100,100,true]},"uagb_author_info":{"display_name":"pressurezone.shop","author_link":"https:\/\/pressurezone.shop\/pl\/author\/"},"uagb_comment_info":0,"uagb_excerpt":"Flavour:\u00a0Diesel | Spicy | Pine | Hash | Fruity Medical Usage:\u00a0Depression | Eye Pressure | Mood Swings | Stress THC Content:\u00a018% Highest","_links":{"self":[{"href":"https:\/\/pressurezone.shop\/pl\/wp-json\/wp\/v2\/product\/2996"}],"collection":[{"href":"https:\/\/pressurezone.shop\/pl\/wp-json\/wp\/v2\/product"}],"about":[{"href":"https:\/\/pressurezone.shop\/pl\/wp-json\/wp\/v2\/types\/product"}],"replies":[{"embeddable":true,"href":"https:\/\/pressurezone.shop\/pl\/wp-json\/wp\/v2\/comments?post=2996"}],"version-history":[{"count":3,"href":"https:\/\/pressurezone.shop\/pl\/wp-json\/wp\/v2\/product\/2996\/revisions"}],"predecessor-version":[{"id":3967,"href":"https:\/\/pressurezone.shop\/pl\/wp-json\/wp\/v2\/product\/2996\/revisions\/3967"}],"wp:featuredmedia":[{"embeddable":true,"href":"https:\/\/pressurezone.shop\/pl\/wp-json\/wp\/v2\/media\/3027"}],"wp:attachment":[{"href":"https:\/\/pressurezone.shop\/pl\/wp-json\/wp\/v2\/media?parent=2996"}],"wp:term":[{"taxonomy":"product_brand","embeddable":true,"href":"https:\/\/pressurezone.shop\/pl\/wp-json\/wp\/v2\/product_brand?post=2996"},{"taxonomy":"product_cat","embeddable":true,"href":"https:\/\/pressurezone.shop\/pl\/wp-json\/wp\/v2\/product_cat?post=2996"},{"taxonomy":"product_tag","embeddable":true,"href":"https:\/\/pressurezone.shop\/pl\/wp-json\/wp\/v2\/product_tag?post=2996"}],"curies":[{"name":"wp","href":"https:\/\/api.w.org\/{rel}","templated":true}]}}