{"id":2997,"date":"2024-10-11T00:48:46","date_gmt":"2024-10-10T22:48:46","guid":{"rendered":"https:\/\/pressurezone.shop\/?post_type=product&#038;p=2997"},"modified":"2024-11-02T21:20:18","modified_gmt":"2024-11-02T20:20:18","slug":"cannabis-durban-poison","status":"publish","type":"product","link":"https:\/\/pressurezone.shop\/pl\/produkt\/marihuana-durban-trucizna\/","title":{"rendered":"Cannabis Durban Poison"},"content":{"rendered":"<div class=\"flex-shrink-0 flex flex-col relative items-end\">\n<div>\n<div class=\"pt-0\">\n<div class=\"gizmo-bot-avatar flex h-8 w-8 items-center justify-center overflow-hidden rounded-full\">\n<div class=\"relative p-1 rounded-sm flex items-center justify-center bg-token-main-surface-primary text-token-text-primary h-8 w-8\"><\/div>\n<\/div>\n<\/div>\n<\/div>\n<\/div>\n<div class=\"group\/conversation-turn relative flex w-full min-w-0 flex-col agent-turn\">\n<div class=\"flex-col gap-1 md:gap-3\">\n<div class=\"flex max-w-full flex-col flex-grow\">\n<div class=\"min-h-8 text-message flex w-full flex-col items-end gap-2 whitespace-normal break-words [.text-message+&amp;]:mt-5\" dir=\"auto\" data-message-author-role=\"assistant\" data-message-id=\"61f48bb6-5012-4687-959b-b761f2de1d5e\" data-message-model-slug=\"gpt-4o\">\n<div class=\"flex w-full flex-col gap-1 empty:hidden first:pt-[3px]\">\n<div class=\"markdown prose w-full break-words dark:prose-invert light\">\n<h2><strong>Kup Cannabis Durban Poison online pod adresem <a href=\"https:\/\/pressurezone.shop\/pl\/\" target=\"_new\" rel=\"noopener\">Strefa ci\u015bnienia<\/a><\/strong><\/h2>\n<p>Odkryj <strong>Durban Poison<\/strong>a <strong>odmiana konopi<\/strong> Czysta sativa, znana na ca\u0142ym \u015bwiecie ze swojej wyj\u0105tkowej mocy. Z <strong>Poziom THC do 28%+.<\/strong>Durban Poison to idealna odmiana dla mi\u0142o\u015bnik\u00f3w sativy poszukuj\u0105cych energetyzuj\u0105cego, m\u00f3zgowego haju. Znana ze swojego ziemistego, lekko s\u0142odkiego aromatu z nut\u0105 sosny, odmiana ta jest idealna do aktywno\u015bci w ci\u0105gu dnia, pobudzaj\u0105c kreatywno\u015b\u0107 i motywacj\u0119.<\/p>\n<h3>Efekty i korzy\u015bci p\u0142yn\u0105ce ze stosowania marihuany Durban Poison<\/h3>\n<p>La <strong>Odmiana Durban Poison<\/strong> jest znana ze swoich szybkich i intensywnych efekt\u00f3w, zapewniaj\u0105c zastrzyk jasno\u015bci umys\u0142u i szcz\u0119\u015bcia. Oto, czego mo\u017cna oczekiwa\u0107 od tej pot\u0119\u017cnej odmiany:<\/p>\n<ul>\n<li><strong>Energia i kreatywno\u015b\u0107<\/strong> Idealny na chwile inspiracji i kreatywno\u015bci.<\/li>\n<li><strong>Euforia i skupienie<\/strong> Stymuluje koncentracj\u0119 i promuje pozytywny nastr\u00f3j, idealny do aktywno\u015bci w ci\u0105gu dnia.<\/li>\n<li><strong>Efekt d\u0142ugoterminowy<\/strong> D\u0142ugotrwa\u0142y haj, kt\u00f3ry pozostaje z tob\u0105 przez ca\u0142y dzie\u0144, nie obci\u0105\u017caj\u0105c ci\u0119.<\/li>\n<\/ul>\n<p>Z <strong>wysoka moc<\/strong> i brak efekt\u00f3w uspokajaj\u0105cych, Durban Poison jest idealny dla aktywnych u\u017cytkownik\u00f3w poszukuj\u0105cych stymuluj\u0105cych wra\u017ce\u0144.<\/p>\n<h3>Korzy\u015bci terapeutyczne z konopi Durban Poison<\/h3>\n<p>Jak r\u00f3wnie\u017c jego o\u017cywcze dzia\u0142anie, <strong>Durban Poison<\/strong> jest popularn\u0105 opcj\u0105 ze wzgl\u0119du na wiele korzy\u015bci terapeutycznych:<\/p>\n<ul>\n<li><strong>Ulga od depresji i niepokoju<\/strong> Uspokaja umys\u0142 i redukuje negatywne uczucia, przynosz\u0105c uczucie spokoju i jasno\u015bci umys\u0142u.<\/li>\n<li><strong>Redukcja przewlek\u0142ego b\u00f3lu<\/strong> Skuteczny w \u0142agodzeniu uporczywego b\u00f3lu bez ci\u0119\u017ckich efekt\u00f3w.<\/li>\n<li><strong>Leczenie nudno\u015bci<\/strong> Pomaga zmniejszy\u0107 objawy nudno\u015bci, idealny dla os\u00f3b cierpi\u0105cych na zaburzenia \u017co\u0142\u0105dkowo-jelitowe.<\/li>\n<\/ul>\n<p>Durban Poison s\u0142ynie r\u00f3wnie\u017c z wysokiej zawarto\u015bci trichom\u00f3w, co czyni j\u0105 doskona\u0142ym wyborem do produkcji koncentrat\u00f3w.<\/p>\n<h3>Smaki i aromaty Durban Poison<\/h3>\n<p>Unikalny profil aromatyczny <strong>Durban Poison<\/strong> sprawia, \u017ce jest to niezapomniane do\u015bwiadczenie sensoryczne:<\/p>\n<ul>\n<li><strong>Smaki<\/strong> Ziemisty, s\u0142odki smak, zr\u00f3wnowa\u017cony nut\u0105 sosny, kt\u00f3ra dodaje przyjemnej \u015bwie\u017co\u015bci.<\/li>\n<li><strong>Zapachy<\/strong> S\u0142odki, korzenny zapach, przypominaj\u0105cy sosnowy las, idealny dla tych, kt\u00f3rzy kochaj\u0105 odmiany o naturalnych, orze\u017awiaj\u0105cych zapachach.<a href=\"https:\/\/fuelpackz.com\/\" target=\"_blank\" rel=\"noopener\">.<\/a><\/li>\n<\/ul>\n<p>Te <strong>naturalne smaki i aromaty<\/strong> sprawiaj\u0105, \u017ce ka\u017cdy powiew Durban Poison jest niezapomnianym prze\u017cyciem, idealnym dla mi\u0142o\u015bnik\u00f3w czystej, intensywnej sativy.<\/p>\n<h3>Dlaczego warto kupi\u0107 marihuan\u0119 Durban Poison na <a href=\"https:\/\/pressurezone.shop\/pl\/\" target=\"_new\" rel=\"noopener\">Strefa ci\u015bnienia<\/a>?<\/h3>\n<p>Przy <strong>Strefa ci\u015bnienia<\/strong>wybieramy <strong>odmiany konopi<\/strong> uprawiane i testowane w celu zapewnienia wysokiej jako\u015bci wra\u017ce\u0144 naszym klientom w Europie. <strong>Durban Poison<\/strong> to odmiana ceniona za swoj\u0105 moc i orze\u017awiaj\u0105ce dzia\u0142anie. Oto dlaczego warto kupowa\u0107 u nas:<\/p>\n<ul>\n<li><strong>Wysokiej jako\u015bci<\/strong> Nasze produkty s\u0105 rygorystycznie testowane, aby zagwarantowa\u0107 czysto\u015b\u0107 i moc.<\/li>\n<li><strong>Energetyzuj\u0105ce do\u015bwiadczenie<\/strong> Idealny na chwile koncentracji, kreatywno\u015bci i dobrego samopoczucia w ci\u0105gu dnia.<\/li>\n<li><strong>Dedykowana obs\u0142uga klienta<\/strong> Nasz zesp\u00f3\u0142 jest tutaj, aby poprowadzi\u0107 Ci\u0119 w kierunku <strong>odmiana konopi<\/strong> kt\u00f3ry najlepiej odpowiada Twoim potrzebom.<\/li>\n<\/ul>\n<h3>Cz\u0119sto zadawane pytania<\/h3>\n<h4>Jakie s\u0105 g\u0142\u00f3wne skutki dzia\u0142ania Durban Poison?<\/h4>\n<p>Durban Poison s\u0142ynie z szybkich i silnych efekt\u00f3w m\u00f3zgowych, zapewniaj\u0105c zastrzyk kreatywno\u015bci, szcz\u0119\u015bcia i energii. Jest to idealne urozmaicenie dziennych aktywno\u015bci.<\/p>\n<h4>Czy Durban Poison jest skuteczny w \u0142agodzeniu b\u00f3lu i depresji?<\/h4>\n<p>Tak, Durban Poison jest skuteczny w \u0142agodzeniu przewlek\u0142ego b\u00f3lu i leczeniu stan\u00f3w takich jak depresja i l\u0119k, dzi\u0119ki swoim o\u017cywczym i pozytywnym efektom.<\/p>\n<h4>Jakie s\u0105 dominuj\u0105ce smaki i aromaty Durban Poison?<\/h4>\n<p>Durban Poison oferuje ziemisty, s\u0142odki smak z aromatami sosny i odrobin\u0105 drewna, idealny do naturalnych dozna\u0144.<\/p>\n<h3>Zam\u00f3w odmian\u0119 konopi Durban Poison online pod adresem <a href=\"https:\/\/pressurezone.shop\/pl\/\" target=\"_new\" rel=\"noopener\">Strefa ci\u015bnienia<\/a><\/h3>\n<p>Gotowy, by odkry\u0107 moc i energi\u0119 <strong>Durban Poison<\/strong>? <strong>Zam\u00f3w teraz<\/strong> na <a href=\"https:\/\/pressurezone.shop\/pl\/\" target=\"_new\" rel=\"noopener\">Strefa ci\u015bnienia<\/a> dla do\u015bwiadczenia <strong>odmiana konopi<\/strong> Czysta sativa, idealna na chwile inspiracji i dobrego samopoczucia. Ciesz si\u0119 szybk\u0105, dyskretn\u0105 dostaw\u0105 i daj si\u0119 uwie\u015b\u0107 doskona\u0142o\u015bci naszych wysokiej jako\u015bci produkt\u00f3w.<\/p>\n<\/div>\n<\/div>\n<\/div>\n<\/div>\n<\/div>\n<\/div>","protected":false},"excerpt":{"rendered":"<p><strong>Smak:<\/strong>\u00a0Ziemisty | Sosnowy | S\u0142odki<br \/>\n<strong>Zastosowanie medyczne:<\/strong>\u00a0Przewlek\u0142y b\u00f3l | Depresja | L\u0119k | Stres<br \/>\n<strong>Zawarto\u015b\u0107 THC:<\/strong>\u00a028%+ Najwy\u017cszy<\/p>","protected":false},"featured_media":3029,"comment_status":"closed","ping_status":"closed","template":"","meta":{"_uag_custom_page_level_css":"","site-sidebar-layout":"default","site-content-layout":"","ast-site-content-layout":"default","site-content-style":"default","site-sidebar-style":"default","ast-global-header-display":"","ast-banner-title-visibility":"","ast-main-header-display":"","ast-hfb-above-header-display":"","ast-hfb-below-header-display":"","ast-hfb-mobile-header-display":"","site-post-title":"","ast-breadcrumbs-content":"","ast-featured-img":"","footer-sml-layout":"","theme-transparent-header-meta":"default","adv-header-id-meta":"","stick-header-meta":"","header-above-stick-meta":"","header-main-stick-meta":"","header-below-stick-meta":"","astra-migrate-meta-layouts":"set","ast-page-background-enabled":"default","ast-page-background-meta":{"desktop":{"background-color":"","background-image":"","background-repeat":"repeat","background-position":"center center","background-size":"auto","background-attachment":"scroll","background-type":"","background-media":"","overlay-type":"","overlay-color":"","overlay-opacity":"","overlay-gradient":""},"tablet":{"background-color":"","background-image":"","background-repeat":"repeat","background-position":"center center","background-size":"auto","background-attachment":"scroll","background-type":"","background-media":"","overlay-type":"","overlay-color":"","overlay-opacity":"","overlay-gradient":""},"mobile":{"background-color":"","background-image":"","background-repeat":"repeat","background-position":"center center","background-size":"auto","background-attachment":"scroll","background-type":"","background-media":"","overlay-type":"","overlay-color":"","overlay-opacity":"","overlay-gradient":""}},"ast-content-background-meta":{"desktop":{"background-color":"var(--ast-global-color-5)","background-image":"","background-repeat":"repeat","background-position":"center center","background-size":"auto","background-attachment":"scroll","background-type":"","background-media":"","overlay-type":"","overlay-color":"","overlay-opacity":"","overlay-gradient":""},"tablet":{"background-color":"var(--ast-global-color-5)","background-image":"","background-repeat":"repeat","background-position":"center center","background-size":"auto","background-attachment":"scroll","background-type":"","background-media":"","overlay-type":"","overlay-color":"","overlay-opacity":"","overlay-gradient":""},"mobile":{"background-color":"var(--ast-global-color-5)","background-image":"","background-repeat":"repeat","background-position":"center center","background-size":"auto","background-attachment":"scroll","background-type":"","background-media":"","overlay-type":"","overlay-color":"","overlay-opacity":"","overlay-gradient":""}}},"product_brand":[],"product_cat":[28,273],"product_tag":[],"class_list":{"0":"post-2997","1":"product","2":"type-product","3":"status-publish","4":"has-post-thumbnail","6":"product_cat-varietes-de-cannabis","7":"product_cat-varietes-de-cannabis-sativa","8":"desktop-align-left","9":"tablet-align-left","10":"mobile-align-left","12":"first","13":"instock","14":"shipping-taxable","15":"purchasable","16":"product-type-variable"},"uagb_featured_image_src":{"full":["https:\/\/pressurezone.shop\/wp-content\/uploads\/2024\/10\/Buy-Durban-Poison-Cannabis.png",906,955,false],"thumbnail":["https:\/\/pressurezone.shop\/wp-content\/uploads\/2024\/10\/Buy-Durban-Poison-Cannabis-150x150.png",150,150,true],"medium":["https:\/\/pressurezone.shop\/wp-content\/uploads\/2024\/10\/Buy-Durban-Poison-Cannabis-285x300.png",285,300,true],"medium_large":["https:\/\/pressurezone.shop\/wp-content\/uploads\/2024\/10\/Buy-Durban-Poison-Cannabis-768x810.png",768,810,true],"large":["https:\/\/pressurezone.shop\/wp-content\/uploads\/2024\/10\/Buy-Durban-Poison-Cannabis.png",906,955,false],"1536x1536":["https:\/\/pressurezone.shop\/wp-content\/uploads\/2024\/10\/Buy-Durban-Poison-Cannabis.png",906,955,false],"2048x2048":["https:\/\/pressurezone.shop\/wp-content\/uploads\/2024\/10\/Buy-Durban-Poison-Cannabis.png",906,955,false],"trp-custom-language-flag":["https:\/\/pressurezone.shop\/wp-content\/uploads\/2024\/10\/Buy-Durban-Poison-Cannabis-11x12.png",11,12,true],"woocommerce_thumbnail":["https:\/\/pressurezone.shop\/wp-content\/uploads\/2024\/10\/Buy-Durban-Poison-Cannabis-300x300.png",300,300,true],"woocommerce_single":["https:\/\/pressurezone.shop\/wp-content\/uploads\/2024\/10\/Buy-Durban-Poison-Cannabis-600x632.png",600,632,true],"woocommerce_gallery_thumbnail":["https:\/\/pressurezone.shop\/wp-content\/uploads\/2024\/10\/Buy-Durban-Poison-Cannabis-100x100.png",100,100,true]},"uagb_author_info":{"display_name":"pressurezone.shop","author_link":"https:\/\/pressurezone.shop\/pl\/author\/"},"uagb_comment_info":0,"uagb_excerpt":"Flavour:\u00a0Earthy | Pine | Sweet Medical Usage:\u00a0Chronic Pain | Depression | Anxiety | Stress THC Content:\u00a028%+ Highest","_links":{"self":[{"href":"https:\/\/pressurezone.shop\/pl\/wp-json\/wp\/v2\/product\/2997"}],"collection":[{"href":"https:\/\/pressurezone.shop\/pl\/wp-json\/wp\/v2\/product"}],"about":[{"href":"https:\/\/pressurezone.shop\/pl\/wp-json\/wp\/v2\/types\/product"}],"replies":[{"embeddable":true,"href":"https:\/\/pressurezone.shop\/pl\/wp-json\/wp\/v2\/comments?post=2997"}],"version-history":[{"count":3,"href":"https:\/\/pressurezone.shop\/pl\/wp-json\/wp\/v2\/product\/2997\/revisions"}],"predecessor-version":[{"id":3689,"href":"https:\/\/pressurezone.shop\/pl\/wp-json\/wp\/v2\/product\/2997\/revisions\/3689"}],"wp:featuredmedia":[{"embeddable":true,"href":"https:\/\/pressurezone.shop\/pl\/wp-json\/wp\/v2\/media\/3029"}],"wp:attachment":[{"href":"https:\/\/pressurezone.shop\/pl\/wp-json\/wp\/v2\/media?parent=2997"}],"wp:term":[{"taxonomy":"product_brand","embeddable":true,"href":"https:\/\/pressurezone.shop\/pl\/wp-json\/wp\/v2\/product_brand?post=2997"},{"taxonomy":"product_cat","embeddable":true,"href":"https:\/\/pressurezone.shop\/pl\/wp-json\/wp\/v2\/product_cat?post=2997"},{"taxonomy":"product_tag","embeddable":true,"href":"https:\/\/pressurezone.shop\/pl\/wp-json\/wp\/v2\/product_tag?post=2997"}],"curies":[{"name":"wp","href":"https:\/\/api.w.org\/{rel}","templated":true}]}}