{"id":2998,"date":"2024-10-11T00:48:46","date_gmt":"2024-10-10T22:48:46","guid":{"rendered":"https:\/\/pressurezone.shop\/?post_type=product&#038;p=2998"},"modified":"2024-11-02T21:52:53","modified_gmt":"2024-11-02T20:52:53","slug":"candyland-aaaa-weed-strain","status":"publish","type":"product","link":"https:\/\/pressurezone.shop\/pl\/produkt\/odmiana-chwastow-candyland-aaaa\/","title":{"rendered":"Odmiana zi\u00f3\u0142 Candyland AAAA"},"content":{"rendered":"<h3><strong>Kup odmian\u0119 Candyland AAAA online w Europie pod adresem <a href=\"https:\/\/pressurezone.shop\/pl\/\" target=\"_new\" rel=\"noopener\">Strefa ci\u015bnienia<\/a><\/strong><\/h3>\n<p>Odkryj <strong>Odmiana zi\u00f3\u0142 Candyland AAAA<\/strong>a <strong>odmiana konopi<\/strong> Z dominacj\u0105 sativy, oferuj\u0105ca energetyzuj\u0105cy i radosny haj, idealny na rozja\u015bnienie dnia. Powsta\u0142a w wyniku skrzy\u017cowania legendarnej <strong>Granddaddy Purps<\/strong> i <strong>Platinum Cookies<\/strong>Candyland zosta\u0142 zaprojektowany, aby stymulowa\u0107 umys\u0142 i rozbudza\u0107 kreatywno\u015b\u0107. Z poziomem THC do 24%, ta pot\u0119\u017cna odmiana zapewnia euforyczny zastrzyk i dawk\u0119 dobrego humoru, idealn\u0105 do codziennych zada\u0144.<a href=\"https:\/\/fuelpackz.com\/\" target=\"_blank\" rel=\"noopener\">.<\/a><\/p>\n<h3>Efekty i korzy\u015bci Candyland AAAA Weed Strain<\/h3>\n<p>La <strong>Odmiana zi\u00f3\u0142 Candyland AAAA<\/strong> jest znany ze swoich stymuluj\u0105cych i zr\u00f3wnowa\u017conych efekt\u00f3w, idealnych na aktywne chwile:<\/p>\n<ul>\n<li><strong>Euforia i szcz\u0119\u015bcie<\/strong> Zapewnia radosny, optymistyczny haj, idealny do poprawy nastroju.<\/li>\n<li><strong>Kreatywna stymulacja<\/strong> Pomaga stymulowa\u0107 kreatywno\u015b\u0107 i wyobra\u017ani\u0119, idealny do zada\u0144 artystycznych.<\/li>\n<li><strong>Lekki relaks<\/strong> Przynosi subtelny spok\u00f3j bez ci\u0119\u017cko\u015bci, idealny do utrzymania koncentracji.<\/li>\n<\/ul>\n<p>Z <strong>Wysoka zawarto\u015b\u0107 THC 24%<\/strong>Candyland jest pot\u0119\u017cny i odpowiedni dla u\u017cytkownik\u00f3w poszukuj\u0105cych pozytywnej energii i stymuluj\u0105cego haju.<\/p>\n<h3>Korzy\u015bci terapeutyczne Candyland AAAA Weed Strain<\/h3>\n<p>Dzi\u0119ki zr\u00f3wnowa\u017conemu dzia\u0142aniu, <strong>Candyland<\/strong> jest cz\u0119sto wybierany w celu z\u0142agodzenia r\u00f3\u017cnych objaw\u00f3w i stan\u00f3w:<\/p>\n<ul>\n<li><strong>Zmniejszenie l\u0119ku i depresji<\/strong> Skuteczny w uspokajaniu zestresowanych umys\u0142\u00f3w i promowaniu dobrego samopoczucia.<\/li>\n<li><strong>U\u015bmierzanie przewlek\u0142ego b\u00f3lu<\/strong> \u0141agodzi \u0142agodne i umiarkowane b\u00f3le cia\u0142a.<\/li>\n<li><strong>Leczenie ADHD i choroby afektywnej dwubiegunowej<\/strong> Pomaga poprawi\u0107 koncentracj\u0119 i radzi\u0107 sobie z objawami zaburze\u0144 nastroju.<\/li>\n<\/ul>\n<p>To <strong>odmiana konopi<\/strong> jest idealny dla os\u00f3b poszukuj\u0105cych naturalnego rozwi\u0105zania w celu z\u0142agodzenia stresu i b\u00f3lu, bez nadmiernego uspokojenia.<\/p>\n<h3>Smaki i aromaty Candylandu<\/h3>\n<p>Candyland wyr\u00f3\u017cnia si\u0119 s\u0142odkim i ziemistym profilem smakowym, ze smakiem przypominaj\u0105cym s\u0142odycze:<\/p>\n<ul>\n<li><strong>Smaki<\/strong> S\u0142odki, lekko pikantny smak z odrobin\u0105 ziemisto\u015bci, kt\u00f3ra dope\u0142nia doznania.<\/li>\n<li><strong>Zapachy<\/strong> S\u0142odki, ciep\u0142y zapach z subteln\u0105 pikantn\u0105 nut\u0105, oferuj\u0105cy wyj\u0105tkowe doznania w\u0119chowe.<\/li>\n<\/ul>\n<p>Te <strong>Smaki i aromaty dla smakoszy<\/strong> sprawia, \u017ce Candyland jest niezb\u0119dn\u0105 odmian\u0105 dla mi\u0142o\u015bnik\u00f3w konopi o s\u0142odkim, delikatnym smaku.<\/p>\n<h3>Dlaczego warto kupi\u0107 Candyland AAAA Weed Strain na <a href=\"https:\/\/pressurezone.shop\/pl\/\" target=\"_new\" rel=\"noopener\">Strefa ci\u015bnienia<\/a>?<\/h3>\n<p>Przy <strong>Strefa ci\u015bnienia<\/strong>oferujemy <strong>odmiany konopi<\/strong> najwy\u017cszej jako\u015bci, starannie przetestowane pod k\u0105tem mocy i czysto\u015bci. <strong>Odmiana zi\u00f3\u0142 Candyland AAAA<\/strong> to jedna z naszych najlepszych odmian ze wzgl\u0119du na jej energetyzuj\u0105ce dzia\u0142anie i wyj\u0105tkowy smak. Oto dlaczego warto wybra\u0107 Pressure Zone:<\/p>\n<ul>\n<li><strong>Wysokiej jako\u015bci<\/strong> Nasze produkty s\u0105 rygorystycznie testowane, aby zagwarantowa\u0107 wysok\u0105 jako\u015b\u0107.<\/li>\n<li><strong>Stymuluj\u0105cy i pozytywny efekt<\/strong> Idealny na chwile kreatywno\u015bci i koncentracji.<\/li>\n<li><strong>Dedykowana obs\u0142uga klienta<\/strong> Jeste\u015bmy dost\u0119pni, aby pom\u00f3c Ci znale\u017a\u0107 odpowiedni <strong>odmiana konopi<\/strong> kt\u00f3ry najlepiej odpowiada Twoim potrzebom.<\/li>\n<\/ul>\n<h3>Cz\u0119sto zadawane pytania<\/h3>\n<h4>Jakie s\u0105 g\u0142\u00f3wne efekty Candyland AAAA Weed Strain?<\/h4>\n<p>Candyland znany jest ze swoich euforycznych i stymuluj\u0105cych efekt\u00f3w, oferuj\u0105c popraw\u0119 nastroju i jasno\u015b\u0107 umys\u0142u, idealne na pracowite dni.<\/p>\n<h4>Czy Candyland jest skuteczny w \u0142agodzeniu b\u00f3lu i niepokoju?<\/h4>\n<p>Tak, to <strong>odmiana konopi<\/strong> jest idealny do zmniejszania niepokoju, poprawy nastroju i \u0142agodzenia \u0142agodnego do umiarkowanego przewlek\u0142ego b\u00f3lu.<\/p>\n<h4>Jakie smaki i aromaty dominuj\u0105 w Candyland?<\/h4>\n<p>Candyland oferuje s\u0142odki smak z ziemistymi i pikantnymi nutami, kt\u00f3remu towarzyszy bogaty aromat przypominaj\u0105cy s\u0142odycze.<\/p>\n<h3>Zam\u00f3w odmian\u0119 Candyland AAAA online w Europie pod adresem <a href=\"https:\/\/pressurezone.shop\/pl\/\" target=\"_new\" rel=\"noopener\">Strefa ci\u015bnienia<\/a><\/h3>\n<p>Gotowy do odkrycia radosnych i stymuluj\u0105cych efekt\u00f3w <strong>Odmiana zi\u00f3\u0142 Candyland AAAA<\/strong>? <strong>Zam\u00f3w teraz<\/strong> na <a href=\"https:\/\/pressurezone.shop\/pl\/\" target=\"_new\" rel=\"noopener\">Strefa ci\u015bnienia<\/a> dla do\u015bwiadczenia <strong>odmiana konopi<\/strong> idealny do rozja\u015bnienia dnia i pobudzenia kreatywno\u015bci. Dzi\u0119ki szybkiej i dyskretnej dostawie Pressure Zone gwarantuje bezproblemowe zakupy.<\/p>\n<h4><\/h4>","protected":false},"excerpt":{"rendered":"<p>Achetez la Vari\u00e9t\u00e9 Candyland AAAA Weed Strain en Ligne en Europe sur Pressure Zone D\u00e9couvrez Candyland AAAA Weed Strain, une vari\u00e9t\u00e9 de cannabis sativa-dominante qui offre un high \u00e9nergisant et joyeux, parfait pour illuminer vos journ\u00e9es. R\u00e9sultant d&rsquo;un croisement entre les l\u00e9gendaires Granddaddy Purps et Platinum Cookies, Candyland est con\u00e7ue pour stimuler l\u2019esprit et \u00e9veiller [&hellip;]<\/p>","protected":false},"featured_media":3031,"comment_status":"closed","ping_status":"closed","template":"","meta":{"_uag_custom_page_level_css":"","site-sidebar-layout":"default","site-content-layout":"","ast-site-content-layout":"default","site-content-style":"default","site-sidebar-style":"default","ast-global-header-display":"","ast-banner-title-visibility":"","ast-main-header-display":"","ast-hfb-above-header-display":"","ast-hfb-below-header-display":"","ast-hfb-mobile-header-display":"","site-post-title":"","ast-breadcrumbs-content":"","ast-featured-img":"","footer-sml-layout":"","theme-transparent-header-meta":"default","adv-header-id-meta":"","stick-header-meta":"","header-above-stick-meta":"","header-main-stick-meta":"","header-below-stick-meta":"","astra-migrate-meta-layouts":"set","ast-page-background-enabled":"default","ast-page-background-meta":{"desktop":{"background-color":"","background-image":"","background-repeat":"repeat","background-position":"center center","background-size":"auto","background-attachment":"scroll","background-type":"","background-media":"","overlay-type":"","overlay-color":"","overlay-opacity":"","overlay-gradient":""},"tablet":{"background-color":"","background-image":"","background-repeat":"repeat","background-position":"center center","background-size":"auto","background-attachment":"scroll","background-type":"","background-media":"","overlay-type":"","overlay-color":"","overlay-opacity":"","overlay-gradient":""},"mobile":{"background-color":"","background-image":"","background-repeat":"repeat","background-position":"center center","background-size":"auto","background-attachment":"scroll","background-type":"","background-media":"","overlay-type":"","overlay-color":"","overlay-opacity":"","overlay-gradient":""}},"ast-content-background-meta":{"desktop":{"background-color":"var(--ast-global-color-5)","background-image":"","background-repeat":"repeat","background-position":"center center","background-size":"auto","background-attachment":"scroll","background-type":"","background-media":"","overlay-type":"","overlay-color":"","overlay-opacity":"","overlay-gradient":""},"tablet":{"background-color":"var(--ast-global-color-5)","background-image":"","background-repeat":"repeat","background-position":"center center","background-size":"auto","background-attachment":"scroll","background-type":"","background-media":"","overlay-type":"","overlay-color":"","overlay-opacity":"","overlay-gradient":""},"mobile":{"background-color":"var(--ast-global-color-5)","background-image":"","background-repeat":"repeat","background-position":"center center","background-size":"auto","background-attachment":"scroll","background-type":"","background-media":"","overlay-type":"","overlay-color":"","overlay-opacity":"","overlay-gradient":""}}},"product_brand":[],"product_cat":[28,273],"product_tag":[276],"class_list":{"0":"post-2998","1":"product","2":"type-product","3":"status-publish","4":"has-post-thumbnail","6":"product_cat-varietes-de-cannabis","7":"product_cat-varietes-de-cannabis-sativa","8":"product_tag-buy-candyland-aaaa-weed-strain-europe","9":"desktop-align-left","10":"tablet-align-left","11":"mobile-align-left","13":"first","14":"instock","15":"shipping-taxable","16":"purchasable","17":"product-type-variable"},"uagb_featured_image_src":{"full":["https:\/\/pressurezone.shop\/wp-content\/uploads\/2024\/10\/Candyland-AAAA-Weed-Strain.jpg",1000,1000,false],"thumbnail":["https:\/\/pressurezone.shop\/wp-content\/uploads\/2024\/10\/Candyland-AAAA-Weed-Strain-150x150.jpg",150,150,true],"medium":["https:\/\/pressurezone.shop\/wp-content\/uploads\/2024\/10\/Candyland-AAAA-Weed-Strain-300x300.jpg",300,300,true],"medium_large":["https:\/\/pressurezone.shop\/wp-content\/uploads\/2024\/10\/Candyland-AAAA-Weed-Strain-768x768.jpg",768,768,true],"large":["https:\/\/pressurezone.shop\/wp-content\/uploads\/2024\/10\/Candyland-AAAA-Weed-Strain.jpg",1000,1000,false],"1536x1536":["https:\/\/pressurezone.shop\/wp-content\/uploads\/2024\/10\/Candyland-AAAA-Weed-Strain.jpg",1000,1000,false],"2048x2048":["https:\/\/pressurezone.shop\/wp-content\/uploads\/2024\/10\/Candyland-AAAA-Weed-Strain.jpg",1000,1000,false],"trp-custom-language-flag":["https:\/\/pressurezone.shop\/wp-content\/uploads\/2024\/10\/Candyland-AAAA-Weed-Strain-12x12.jpg",12,12,true],"woocommerce_thumbnail":["https:\/\/pressurezone.shop\/wp-content\/uploads\/2024\/10\/Candyland-AAAA-Weed-Strain-300x300.jpg",300,300,true],"woocommerce_single":["https:\/\/pressurezone.shop\/wp-content\/uploads\/2024\/10\/Candyland-AAAA-Weed-Strain-600x600.jpg",600,600,true],"woocommerce_gallery_thumbnail":["https:\/\/pressurezone.shop\/wp-content\/uploads\/2024\/10\/Candyland-AAAA-Weed-Strain-100x100.jpg",100,100,true]},"uagb_author_info":{"display_name":"pressurezone.shop","author_link":"https:\/\/pressurezone.shop\/pl\/author\/"},"uagb_comment_info":0,"uagb_excerpt":"Achetez la Vari\u00e9t\u00e9 Candyland AAAA Weed Strain en Ligne en Europe sur Pressure Zone D\u00e9couvrez Candyland AAAA Weed Strain, une vari\u00e9t\u00e9 de cannabis sativa-dominante qui offre un high \u00e9nergisant et joyeux, parfait pour illuminer vos journ\u00e9es. R\u00e9sultant d&rsquo;un croisement entre les l\u00e9gendaires Granddaddy Purps et Platinum Cookies, Candyland est con\u00e7ue pour stimuler l\u2019esprit et \u00e9veiller&hellip;","_links":{"self":[{"href":"https:\/\/pressurezone.shop\/pl\/wp-json\/wp\/v2\/product\/2998"}],"collection":[{"href":"https:\/\/pressurezone.shop\/pl\/wp-json\/wp\/v2\/product"}],"about":[{"href":"https:\/\/pressurezone.shop\/pl\/wp-json\/wp\/v2\/types\/product"}],"replies":[{"embeddable":true,"href":"https:\/\/pressurezone.shop\/pl\/wp-json\/wp\/v2\/comments?post=2998"}],"version-history":[{"count":3,"href":"https:\/\/pressurezone.shop\/pl\/wp-json\/wp\/v2\/product\/2998\/revisions"}],"predecessor-version":[{"id":3730,"href":"https:\/\/pressurezone.shop\/pl\/wp-json\/wp\/v2\/product\/2998\/revisions\/3730"}],"wp:featuredmedia":[{"embeddable":true,"href":"https:\/\/pressurezone.shop\/pl\/wp-json\/wp\/v2\/media\/3031"}],"wp:attachment":[{"href":"https:\/\/pressurezone.shop\/pl\/wp-json\/wp\/v2\/media?parent=2998"}],"wp:term":[{"taxonomy":"product_brand","embeddable":true,"href":"https:\/\/pressurezone.shop\/pl\/wp-json\/wp\/v2\/product_brand?post=2998"},{"taxonomy":"product_cat","embeddable":true,"href":"https:\/\/pressurezone.shop\/pl\/wp-json\/wp\/v2\/product_cat?post=2998"},{"taxonomy":"product_tag","embeddable":true,"href":"https:\/\/pressurezone.shop\/pl\/wp-json\/wp\/v2\/product_tag?post=2998"}],"curies":[{"name":"wp","href":"https:\/\/api.w.org\/{rel}","templated":true}]}}