{"id":2999,"date":"2024-10-11T00:48:46","date_gmt":"2024-10-10T22:48:46","guid":{"rendered":"https:\/\/pressurezone.shop\/?post_type=product&#038;p=2999"},"modified":"2024-11-03T22:09:33","modified_gmt":"2024-11-03T21:09:33","slug":"zkittlez-cannabis-strain","status":"publish","type":"product","link":"https:\/\/pressurezone.shop\/pl\/produkt\/odmiana-konopi-zkittlez\/","title":{"rendered":"Odmiana konopi Zkittlez"},"content":{"rendered":"<h3><strong>Kup odmian\u0119 konopi Zkittlez online w Europie pod adresem <a href=\"https:\/\/pressurezone.shop\/pl\/\" target=\"_new\" rel=\"noopener\">Sklep ze strefami ci\u015bnieniowymi<\/a><\/strong><\/h3>\n<p>Odkryj <strong>Odmiana konopi Zkittlez<\/strong>Odmiana hybrydowa z przewag\u0105 Indica, tak \u017cywa i \u015bwi\u0105teczna, jak sugeruje jej nazwa! Wynik pot\u0119\u017cnej, owocowej krzy\u017c\u00f3wki pomi\u0119dzy <strong>Grape Ape<\/strong> i <strong>Grejpfrut<\/strong>Dzi\u0119ki umiarkowanej zawarto\u015bci THC na poziomie 15%, odmiana ta oferuje chwil\u0119 relaksu, idealn\u0105 do cieszenia si\u0119 ni\u0105 bez przyt\u0142oczenia.<a href=\"https:\/\/fuelpackz.com\/\" target=\"_blank\" rel=\"noopener\">.<\/a><\/p>\n<h3>Dlaczego warto wybra\u0107 odmian\u0119 konopi Zkittlez?<\/h3>\n<p><strong>Odmiana konopi Zkittlez<\/strong> to idealna opcja dla os\u00f3b poszukuj\u0105cych mieszanki tropikalnych smak\u00f3w i zr\u00f3wnowa\u017conego haju, kt\u00f3ry pobudza kreatywno\u015b\u0107, jednocze\u015bnie koj\u0105c cia\u0142o. Ju\u017c od pierwszego zaci\u0105gni\u0119cia b\u0119dziesz cieszy\u0107 si\u0119 s\u0142odkim jagodowym smakiem z nut\u0105 cytrus\u00f3w, kt\u00f3ry pozostanie na twoich kubkach smakowych. Aromatyczny profil owoc\u00f3w tropikalnych i s\u0142odkiej ziemi sprawia, \u017ce odmiana ta jest niezb\u0119dna dla bogatych dozna\u0144 sensorycznych.<\/p>\n<ul>\n<li><strong>Typ<\/strong> Hybryda z dominacj\u0105 Indica<\/li>\n<li><strong>THC<\/strong> Oko\u0142o 15%, oferuj\u0105c zr\u00f3wnowa\u017cony, przyjemny efekt<\/li>\n<\/ul>\n<h3>Efekty i korzy\u015bci p\u0142yn\u0105ce ze stosowania Zkittlez Weed Strain<\/h3>\n<p>La <strong>Zkittlez Weed Strain<\/strong> jest idealny dla tych, kt\u00f3rzy chc\u0105 obudzi\u0107 swoj\u0105 kreatywno\u015b\u0107, jednocze\u015bnie ciesz\u0105c si\u0119 delikatnym relaksem cia\u0142a. Rozpoczyna si\u0119 lekk\u0105 eufori\u0105, kt\u00f3ra poprawia nastr\u00f3j i kreatywno\u015b\u0107 bez pobudzenia. Po tym nast\u0119puje uczucie odpr\u0119\u017cenia cia\u0142a, kt\u00f3re rozprasza stres i sprzyja zasypianiu, jest to idealne rozwi\u0105zanie na relaksuj\u0105ce zako\u0144czenie dnia.<\/p>\n<ul>\n<li><strong>Efekty<\/strong> Euforia, kreatywno\u015b\u0107, rozlu\u017anienie cia\u0142a, senno\u015b\u0107<\/li>\n<li><strong>Idealny dla<\/strong> Bezsenno\u015b\u0107, przewlek\u0142y b\u00f3l, \u0142agodna depresja, stres, l\u0119k, stany zapalne<\/li>\n<\/ul>\n<h3>Stany \u0142agodzone przez odmian\u0119 konopi Zkittlez<\/h3>\n<p>Dzi\u0119ki delikatnemu, koj\u0105cemu dzia\u0142aniu, <strong>Zkittlez<\/strong> to doskona\u0142a opcja na z\u0142agodzenie wielu dolegliwo\u015bci:<\/p>\n<ul>\n<li><strong>Bezsenno\u015b\u0107 i przewlek\u0142y b\u00f3l<\/strong> Wspomaga spokojny sen i \u0142agodzi b\u00f3le.<\/li>\n<li><strong>L\u0119k i stres<\/strong> Uspokaja umys\u0142 i zmniejsza napi\u0119cie.<\/li>\n<li><strong>Zapalenie i \u0142agodna depresja<\/strong> \u0141agodzi codzienne b\u00f3le, jednocze\u015bnie poprawiaj\u0105c nastr\u00f3j.<\/li>\n<\/ul>\n<h3>Smaki i aromaty Zkittlez Weed Strain<\/h3>\n<p>La <strong>Zkittlez Weed Strain<\/strong> uwodzi tropikalnym, ziemistym profilem aromatycznym. Odkryjesz w nim nuty <strong>s\u0142odkie jagody<\/strong> oraz <strong>cytrus<\/strong>Jego smak to prawdziwa rozkosz dla mi\u0142o\u015bnik\u00f3w s\u0142odkich i owocowych smak\u00f3w. Jego smak to prawdziwa rozkosz dla mi\u0142o\u015bnik\u00f3w owocowych i s\u0142odkich smak\u00f3w.<\/p>\n<ul>\n<li><strong>Smaki<\/strong> Jagodowy, Cytrusowy, S\u0142odki<\/li>\n<li><strong>Zapachy<\/strong> Ziemisty, tropikalny, zio\u0142owy, owocowy<\/li>\n<\/ul>\n<h3>Wygl\u0105d kwiatu konopi Zkittlez<\/h3>\n<p>P\u0105ki <strong>Zkittlez<\/strong> s\u0105 du\u017ce i g\u0119ste, w kszta\u0142cie pieprzu, o g\u0142\u0119bokim oliwkowo-zielonym kolorze wzmocnionym bursztynowymi w\u0142oskami i grub\u0105 warstw\u0105 oszronionych trichom\u00f3w. Ich \u017cywiczny, \u017cywy wygl\u0105d jest \u015bwiadectwem najwy\u017cszej jako\u015bci tej odmiany.<\/p>\n<h3>Zam\u00f3w odmian\u0119 konopi Zkittlez online w sklepie Pressure Zone Shop<\/h3>\n<p>Gotowy na euforyczne, tropikalne do\u015bwiadczenie z <strong>Odmiana konopi Zkittlez<\/strong> ? Zam\u00f3w ju\u017c dzi\u015b w <a href=\"https:\/\/pressurezone.shop\/pl\/\" target=\"_new\" rel=\"noopener\">Sklep ze strefami ci\u015bnieniowymi<\/a> dla wyj\u0105tkowych dozna\u0144 zwi\u0105zanych z konopiami indyjskimi, idealnych do zr\u00f3wnowa\u017cenia relaksu i stymulacji umys\u0142owej. Niezale\u017cnie od tego, czy szukasz ulgi, czy nieodpartego owocowego smaku, <strong>Zkittlez<\/strong> jest doskona\u0142ym wyborem zapewniaj\u0105cym wysokiej jako\u015bci wra\u017cenia.<\/p>","protected":false},"excerpt":{"rendered":"<p><strong>Zastosowanie medyczne:<\/strong>\u00a0ADD\/ADHD | L\u0119k | Przewlek\u0142y b\u00f3l | Depresja | B\u00f3le g\u0142owy | Bezsenno\u015b\u0107 | Migreny | Stres<br \/>\n<strong>Zawarto\u015b\u0107 THC:<\/strong>\u00a020% Najwy\u017cszy<\/p>","protected":false},"featured_media":3033,"comment_status":"closed","ping_status":"closed","template":"","meta":{"_uag_custom_page_level_css":"","site-sidebar-layout":"default","site-content-layout":"","ast-site-content-layout":"default","site-content-style":"default","site-sidebar-style":"default","ast-global-header-display":"","ast-banner-title-visibility":"","ast-main-header-display":"","ast-hfb-above-header-display":"","ast-hfb-below-header-display":"","ast-hfb-mobile-header-display":"","site-post-title":"","ast-breadcrumbs-content":"","ast-featured-img":"","footer-sml-layout":"","theme-transparent-header-meta":"default","adv-header-id-meta":"","stick-header-meta":"","header-above-stick-meta":"","header-main-stick-meta":"","header-below-stick-meta":"","astra-migrate-meta-layouts":"set","ast-page-background-enabled":"default","ast-page-background-meta":{"desktop":{"background-color":"","background-image":"","background-repeat":"repeat","background-position":"center center","background-size":"auto","background-attachment":"scroll","background-type":"","background-media":"","overlay-type":"","overlay-color":"","overlay-opacity":"","overlay-gradient":""},"tablet":{"background-color":"","background-image":"","background-repeat":"repeat","background-position":"center center","background-size":"auto","background-attachment":"scroll","background-type":"","background-media":"","overlay-type":"","overlay-color":"","overlay-opacity":"","overlay-gradient":""},"mobile":{"background-color":"","background-image":"","background-repeat":"repeat","background-position":"center center","background-size":"auto","background-attachment":"scroll","background-type":"","background-media":"","overlay-type":"","overlay-color":"","overlay-opacity":"","overlay-gradient":""}},"ast-content-background-meta":{"desktop":{"background-color":"var(--ast-global-color-5)","background-image":"","background-repeat":"repeat","background-position":"center center","background-size":"auto","background-attachment":"scroll","background-type":"","background-media":"","overlay-type":"","overlay-color":"","overlay-opacity":"","overlay-gradient":""},"tablet":{"background-color":"var(--ast-global-color-5)","background-image":"","background-repeat":"repeat","background-position":"center center","background-size":"auto","background-attachment":"scroll","background-type":"","background-media":"","overlay-type":"","overlay-color":"","overlay-opacity":"","overlay-gradient":""},"mobile":{"background-color":"var(--ast-global-color-5)","background-image":"","background-repeat":"repeat","background-position":"center center","background-size":"auto","background-attachment":"scroll","background-type":"","background-media":"","overlay-type":"","overlay-color":"","overlay-opacity":"","overlay-gradient":""}}},"product_brand":[],"product_cat":[28,277,278],"product_tag":[279],"class_list":{"0":"post-2999","1":"product","2":"type-product","3":"status-publish","4":"has-post-thumbnail","6":"product_cat-varietes-de-cannabis","7":"product_cat-varietes-de-cannabis-hybrides","8":"product_cat-varietes-de-marijuana-indica","9":"product_tag-order-zkittlez-cannabis-strain-europe","10":"desktop-align-left","11":"tablet-align-left","12":"mobile-align-left","14":"first","15":"instock","16":"shipping-taxable","17":"purchasable","18":"product-type-variable"},"uagb_featured_image_src":{"full":["https:\/\/pressurezone.shop\/wp-content\/uploads\/2024\/10\/Zkittlez-Cannabis-Strain.jpg",961,903,false],"thumbnail":["https:\/\/pressurezone.shop\/wp-content\/uploads\/2024\/10\/Zkittlez-Cannabis-Strain-150x150.jpg",150,150,true],"medium":["https:\/\/pressurezone.shop\/wp-content\/uploads\/2024\/10\/Zkittlez-Cannabis-Strain-300x282.jpg",300,282,true],"medium_large":["https:\/\/pressurezone.shop\/wp-content\/uploads\/2024\/10\/Zkittlez-Cannabis-Strain-768x722.jpg",768,722,true],"large":["https:\/\/pressurezone.shop\/wp-content\/uploads\/2024\/10\/Zkittlez-Cannabis-Strain.jpg",961,903,false],"1536x1536":["https:\/\/pressurezone.shop\/wp-content\/uploads\/2024\/10\/Zkittlez-Cannabis-Strain.jpg",961,903,false],"2048x2048":["https:\/\/pressurezone.shop\/wp-content\/uploads\/2024\/10\/Zkittlez-Cannabis-Strain.jpg",961,903,false],"trp-custom-language-flag":["https:\/\/pressurezone.shop\/wp-content\/uploads\/2024\/10\/Zkittlez-Cannabis-Strain-13x12.jpg",13,12,true],"woocommerce_thumbnail":["https:\/\/pressurezone.shop\/wp-content\/uploads\/2024\/10\/Zkittlez-Cannabis-Strain-300x300.jpg",300,300,true],"woocommerce_single":["https:\/\/pressurezone.shop\/wp-content\/uploads\/2024\/10\/Zkittlez-Cannabis-Strain-600x564.jpg",600,564,true],"woocommerce_gallery_thumbnail":["https:\/\/pressurezone.shop\/wp-content\/uploads\/2024\/10\/Zkittlez-Cannabis-Strain-100x100.jpg",100,100,true]},"uagb_author_info":{"display_name":"pressurezone.shop","author_link":"https:\/\/pressurezone.shop\/pl\/author\/"},"uagb_comment_info":0,"uagb_excerpt":"Medical Usage:\u00a0ADD\/ADHD | Anxiety | Chronic Pain | Depression | Headaches | Insomnia | Migraines | Stress THC Content:\u00a020% Highest","_links":{"self":[{"href":"https:\/\/pressurezone.shop\/pl\/wp-json\/wp\/v2\/product\/2999"}],"collection":[{"href":"https:\/\/pressurezone.shop\/pl\/wp-json\/wp\/v2\/product"}],"about":[{"href":"https:\/\/pressurezone.shop\/pl\/wp-json\/wp\/v2\/types\/product"}],"replies":[{"embeddable":true,"href":"https:\/\/pressurezone.shop\/pl\/wp-json\/wp\/v2\/comments?post=2999"}],"version-history":[{"count":3,"href":"https:\/\/pressurezone.shop\/pl\/wp-json\/wp\/v2\/product\/2999\/revisions"}],"predecessor-version":[{"id":4022,"href":"https:\/\/pressurezone.shop\/pl\/wp-json\/wp\/v2\/product\/2999\/revisions\/4022"}],"wp:featuredmedia":[{"embeddable":true,"href":"https:\/\/pressurezone.shop\/pl\/wp-json\/wp\/v2\/media\/3033"}],"wp:attachment":[{"href":"https:\/\/pressurezone.shop\/pl\/wp-json\/wp\/v2\/media?parent=2999"}],"wp:term":[{"taxonomy":"product_brand","embeddable":true,"href":"https:\/\/pressurezone.shop\/pl\/wp-json\/wp\/v2\/product_brand?post=2999"},{"taxonomy":"product_cat","embeddable":true,"href":"https:\/\/pressurezone.shop\/pl\/wp-json\/wp\/v2\/product_cat?post=2999"},{"taxonomy":"product_tag","embeddable":true,"href":"https:\/\/pressurezone.shop\/pl\/wp-json\/wp\/v2\/product_tag?post=2999"}],"curies":[{"name":"wp","href":"https:\/\/api.w.org\/{rel}","templated":true}]}}