{"id":3000,"date":"2024-10-11T00:48:46","date_gmt":"2024-10-10T22:48:46","guid":{"rendered":"https:\/\/pressurezone.shop\/?post_type=product&#038;p=3000"},"modified":"2024-11-02T21:42:31","modified_gmt":"2024-11-02T20:42:31","slug":"tropic-truffle-weed","status":"publish","type":"product","link":"https:\/\/pressurezone.shop\/pl\/produkt\/tropikalny-chwast-truflowy\/","title":{"rendered":"Tropic Truffle Weed"},"content":{"rendered":"<div class=\"flex-shrink-0 flex flex-col relative items-end\">\n<div>\n<div class=\"pt-0\">\n<div class=\"gizmo-bot-avatar flex h-8 w-8 items-center justify-center overflow-hidden rounded-full\">\n<div class=\"relative p-1 rounded-sm flex items-center justify-center bg-token-main-surface-primary text-token-text-primary h-8 w-8\"><\/div>\n<\/div>\n<\/div>\n<\/div>\n<\/div>\n<div class=\"group\/conversation-turn relative flex w-full min-w-0 flex-col agent-turn\">\n<div class=\"flex-col gap-1 md:gap-3\">\n<div class=\"flex max-w-full flex-col flex-grow\">\n<div class=\"min-h-8 text-message flex w-full flex-col items-end gap-2 whitespace-normal break-words [.text-message+&amp;]:mt-5\" dir=\"auto\" data-message-author-role=\"assistant\" data-message-id=\"decf5806-5b3f-4973-94a7-c02a9406dcce\" data-message-model-slug=\"gpt-4o\">\n<div class=\"flex w-full flex-col gap-1 empty:hidden first:pt-[3px]\">\n<div class=\"markdown prose w-full break-words dark:prose-invert light\">\n<h3><strong>Kup Tropic Truffle Weed online w Europie na <a href=\"https:\/\/pressurezone.shop\/pl\/\" target=\"_new\" rel=\"noopener\">Strefa ci\u015bnienia<\/a><\/strong><\/h3>\n<p>Odkryj <strong>Tropic Truffle Weed<\/strong>znane r\u00f3wnie\u017c jako \"trufle tropikalne\" - to <strong>odmiana konopi<\/strong> lekko dominuj\u0105ca w sativie (60% sativa \/ 40% indica). Wynik rzadkiej krzy\u017c\u00f3wki pomi\u0119dzy <strong>Ciasteczka Tropicana<\/strong> i <strong>Ciasteczka z mi\u0119tow\u0105 czekolad\u0105<\/strong>Ta odmiana to uczta dla kubk\u00f3w smakowych i ducha. Z aromatami s\u0142odkich cytrus\u00f3w i ziemistej sosny, Tropic Truffle oferuje zr\u00f3wnowa\u017cony haj, idealny dla tych, kt\u00f3rzy szukaj\u0105 delikatnego zastrzyku energii i chwili kreatywnego relaksu.<a href=\"https:\/\/fuelpackz.com\/\" target=\"_blank\" rel=\"noopener\">.<\/a><\/p>\n<h3>Efekty i korzy\u015bci stosowania Tropic Truffle Weed<\/h3>\n<p>La <strong>Tropic Truffle Weed<\/strong> wyr\u00f3\u017cnia si\u0119 energetyzuj\u0105cym i stymuluj\u0105cym dzia\u0142aniem, idealnym do kreatywnych i towarzyskich dzia\u0142a\u0144:<\/p>\n<ul>\n<li><strong>Energia i kreatywno\u015b\u0107<\/strong> Idealny na artystyczne chwile, stymuluje koncentracj\u0119 i kreatywno\u015b\u0107.<\/li>\n<li><strong>B\u0142ogo\u015b\u0107 i szcz\u0119\u015bcie<\/strong> Zapewnia dobre samopoczucie i stan euforycznej rado\u015bci.<\/li>\n<li><strong>Delikatny relaks cia\u0142a<\/strong> Tropic Truffle: Relaksuj\u0105cy, ale nie uspokajaj\u0105cy, Tropic Truffle jest idealny do odpr\u0119\u017cenia bez obci\u0105\u017cania umys\u0142u.<\/li>\n<\/ul>\n<p>Z poziomami <strong>THC z 18-20%<\/strong>Tropic Truffle to silna odmiana, kt\u00f3ra r\u00f3wnowa\u017cy energi\u0119 i relaks, idealna na chwile przyjemno\u015bci lub kreatywne projekty.<\/p>\n<h3>Korzy\u015bci terapeutyczne trufli tropikalnej<\/h3>\n<p>Dzi\u0119ki swojemu orze\u017awiaj\u0105cemu i zr\u00f3wnowa\u017conemu dzia\u0142aniu, Tropic Truffle jest cz\u0119sto wybierana do \u0142agodzenia r\u00f3\u017cnych objaw\u00f3w i dolegliwo\u015bci:<\/p>\n<ul>\n<li><strong>Redukcja chronicznego zm\u0119czenia<\/strong> O\u017cywia cia\u0142o i umys\u0142, zwalczaj\u0105c zm\u0119czenie.<\/li>\n<li><strong>Uwolnienie od ADD\/ADHD i stresu<\/strong> Uspokaja umys\u0142 i poprawia koncentracj\u0119.<\/li>\n<li><strong>Leczenie migreny i depresji<\/strong> Skutecznie zwalcza b\u00f3le g\u0142owy i poprawia nastr\u00f3j, oferuj\u0105c naturaln\u0105 ulg\u0119.<\/li>\n<\/ul>\n<p>To <strong>odmiana konopi<\/strong> jest idealna dla os\u00f3b poszukuj\u0105cych korzy\u015bci terapeutycznych bez efektu uspokajaj\u0105cego typowego dla konopi indyjskich, oferuj\u0105c \u0142agodn\u0105, ale skuteczn\u0105 opcj\u0119 do stosowania w ci\u0105gu dnia.<\/p>\n<h3>Smaki i aromaty trufli tropikalnej<\/h3>\n<p>Tropic Truffle oferuje profil smaku i aromatu, kt\u00f3ry jest tak wyj\u0105tkowy, jak niezapomniany:<\/p>\n<ul>\n<li><strong>Smaki<\/strong> Smak s\u0142odkich owoc\u00f3w cytrusowych z subtelnymi nutami sosny i odrobin\u0105 drewna.<\/li>\n<li><strong>Zapachy<\/strong> Ziemisty zapach z akcentami cytryny i pikantnego drewna, tworz\u0105cy bogate, \u017cywe doznania zmys\u0142owe.<\/li>\n<\/ul>\n<p>Te <strong>intensywne smaki i aromaty<\/strong> sprawiaj\u0105, \u017ce Tropic Truffle jest idealn\u0105 odmian\u0105 dla mi\u0142o\u015bnik\u00f3w \u015bwie\u017cych, egzotycznych smak\u00f3w.<\/p>\n<h3>Dlaczego warto kupi\u0107 Tropic Truffle Weed na <a href=\"https:\/\/pressurezone.shop\/pl\/\" target=\"_new\" rel=\"noopener\">Strefa ci\u015bnienia<\/a>?<\/h3>\n<p>Przy <strong>Strefa ci\u015bnienia<\/strong>wybieramy <strong>odmiany konopi<\/strong> Premium, rygorystycznie testowane pod k\u0105tem mocy i czysto\u015bci. <strong>Tropic Truffle Weed<\/strong> jest jedn\u0105 z naszych najlepszych odmian ze wzgl\u0119du na zr\u00f3wnowa\u017cone dzia\u0142anie i unikalny profil smakowy. Oto dlaczego warto wybra\u0107 Pressure Zone:<\/p>\n<ul>\n<li><strong>Wysokiej jako\u015bci<\/strong> Nasze produkty s\u0105 starannie testowane, aby zagwarantowa\u0107 wysok\u0105 jako\u015b\u0107.<\/li>\n<li><strong>Efekt stymuluj\u0105cy i relaksuj\u0105cy<\/strong> Idealny na chwile relaksu bez oci\u0119\u017ca\u0142o\u015bci, doskona\u0142y do utrzymania aktywno\u015bci.<\/li>\n<li><strong>Fachowa obs\u0142uga klienta<\/strong> Jeste\u015bmy dost\u0119pni, aby poprowadzi\u0107 Ci\u0119 w kierunku <strong>odmiana konopi<\/strong> w zale\u017cno\u015bci od potrzeb.<\/li>\n<\/ul>\n<h3>Cz\u0119sto zadawane pytania<\/h3>\n<h4>Jakie s\u0105 g\u0142\u00f3wne skutki stosowania Tropic Truffle Weed?<\/h4>\n<p>Tropic Truffle zapewnia kreatywny, euforyczny haj, idealny do spotka\u0144 towarzyskich lub kreatywnych chwil. Jego dzia\u0142anie jest stymuluj\u0105ce, ale \u0142agodne, oferuj\u0105c idealn\u0105 r\u00f3wnowag\u0119 mi\u0119dzy energi\u0105 a relaksem.<\/p>\n<h4>Czy Tropic Truffle jest skuteczny na zm\u0119czenie i stres?<\/h4>\n<p>Tak, to <strong>odmiana konopi<\/strong> jest szczeg\u00f3lnie skuteczny w zwalczaniu zm\u0119czenia, \u0142agodzeniu stresu i poprawie nastroju, co czyni go doskona\u0142ym wyborem na aktywne dni.<\/p>\n<h4>Jakie smaki i aromaty dominuj\u0105 w Tropic Truffle?<\/h4>\n<p>Tropic Truffle oferuje smaki cytrus\u00f3w i sosny, kt\u00f3rym towarzysz\u0105 ziemiste, drzewne aromaty i odrobina pikantnej cytryny.<\/p>\n<h3>Zam\u00f3w Tropic Truffle Weed online w Europie na <a href=\"https:\/\/pressurezone.shop\/pl\/\" target=\"_new\" rel=\"noopener\">Strefa ci\u015bnienia<\/a><\/h3>\n<p>Gotowy, aby odkry\u0107 idealn\u0105 r\u00f3wnowag\u0119 energii i relaksu od <strong>Tropic Truffle Weed<\/strong>? <strong>Zam\u00f3w teraz<\/strong> na <a href=\"https:\/\/pressurezone.shop\/pl\/\" target=\"_new\" rel=\"noopener\">Strefa ci\u015bnienia<\/a> dla do\u015bwiadczenia <strong>odmiana konopi<\/strong> Idealny do odstresowania i kreatywnej inspiracji. Skorzystaj z naszej szybkiej, dyskretnej us\u0142ugi dostawy, aby zapewni\u0107 sobie bezproblemowe zakupy.<\/p>\n<\/div>\n<\/div>\n<\/div>\n<\/div>\n<\/div>\n<\/div>","protected":false},"excerpt":{"rendered":"<p><strong>Smak:<\/strong>\u00a0Cytrusowy | Owocowy | Sosnowy | Kwa\u015bny | S\u0142odki<br \/>\n<strong>Zastosowanie medyczne:<\/strong>\u00a0ADD\/ADHD | Depresja | Zm\u0119czenie | B\u00f3le g\u0142owy | Stres<br \/>\n<strong>Zawarto\u015b\u0107 THC:<\/strong>\u00a028%+<\/p>","protected":false},"featured_media":3035,"comment_status":"closed","ping_status":"closed","template":"","meta":{"_uag_custom_page_level_css":"","site-sidebar-layout":"default","site-content-layout":"","ast-site-content-layout":"default","site-content-style":"default","site-sidebar-style":"default","ast-global-header-display":"","ast-banner-title-visibility":"","ast-main-header-display":"","ast-hfb-above-header-display":"","ast-hfb-below-header-display":"","ast-hfb-mobile-header-display":"","site-post-title":"","ast-breadcrumbs-content":"","ast-featured-img":"","footer-sml-layout":"","theme-transparent-header-meta":"default","adv-header-id-meta":"","stick-header-meta":"","header-above-stick-meta":"","header-main-stick-meta":"","header-below-stick-meta":"","astra-migrate-meta-layouts":"set","ast-page-background-enabled":"default","ast-page-background-meta":{"desktop":{"background-color":"","background-image":"","background-repeat":"repeat","background-position":"center center","background-size":"auto","background-attachment":"scroll","background-type":"","background-media":"","overlay-type":"","overlay-color":"","overlay-opacity":"","overlay-gradient":""},"tablet":{"background-color":"","background-image":"","background-repeat":"repeat","background-position":"center center","background-size":"auto","background-attachment":"scroll","background-type":"","background-media":"","overlay-type":"","overlay-color":"","overlay-opacity":"","overlay-gradient":""},"mobile":{"background-color":"","background-image":"","background-repeat":"repeat","background-position":"center center","background-size":"auto","background-attachment":"scroll","background-type":"","background-media":"","overlay-type":"","overlay-color":"","overlay-opacity":"","overlay-gradient":""}},"ast-content-background-meta":{"desktop":{"background-color":"var(--ast-global-color-5)","background-image":"","background-repeat":"repeat","background-position":"center center","background-size":"auto","background-attachment":"scroll","background-type":"","background-media":"","overlay-type":"","overlay-color":"","overlay-opacity":"","overlay-gradient":""},"tablet":{"background-color":"var(--ast-global-color-5)","background-image":"","background-repeat":"repeat","background-position":"center center","background-size":"auto","background-attachment":"scroll","background-type":"","background-media":"","overlay-type":"","overlay-color":"","overlay-opacity":"","overlay-gradient":""},"mobile":{"background-color":"var(--ast-global-color-5)","background-image":"","background-repeat":"repeat","background-position":"center center","background-size":"auto","background-attachment":"scroll","background-type":"","background-media":"","overlay-type":"","overlay-color":"","overlay-opacity":"","overlay-gradient":""}}},"product_brand":[],"product_cat":[28,277],"product_tag":[280],"class_list":{"0":"post-3000","1":"product","2":"type-product","3":"status-publish","4":"has-post-thumbnail","6":"product_cat-varietes-de-cannabis","7":"product_cat-varietes-de-cannabis-hybrides","8":"product_tag-buy-tropic-truffle-weed-europe","9":"desktop-align-left","10":"tablet-align-left","11":"mobile-align-left","13":"first","14":"instock","15":"shipping-taxable","16":"purchasable","17":"product-type-variable"},"uagb_featured_image_src":{"full":["https:\/\/pressurezone.shop\/wp-content\/uploads\/2024\/10\/Buy-Tropic-Truffle-Weed.jpg",973,978,false],"thumbnail":["https:\/\/pressurezone.shop\/wp-content\/uploads\/2024\/10\/Buy-Tropic-Truffle-Weed-150x150.jpg",150,150,true],"medium":["https:\/\/pressurezone.shop\/wp-content\/uploads\/2024\/10\/Buy-Tropic-Truffle-Weed-298x300.jpg",298,300,true],"medium_large":["https:\/\/pressurezone.shop\/wp-content\/uploads\/2024\/10\/Buy-Tropic-Truffle-Weed-768x772.jpg",768,772,true],"large":["https:\/\/pressurezone.shop\/wp-content\/uploads\/2024\/10\/Buy-Tropic-Truffle-Weed.jpg",973,978,false],"1536x1536":["https:\/\/pressurezone.shop\/wp-content\/uploads\/2024\/10\/Buy-Tropic-Truffle-Weed.jpg",973,978,false],"2048x2048":["https:\/\/pressurezone.shop\/wp-content\/uploads\/2024\/10\/Buy-Tropic-Truffle-Weed.jpg",973,978,false],"trp-custom-language-flag":["https:\/\/pressurezone.shop\/wp-content\/uploads\/2024\/10\/Buy-Tropic-Truffle-Weed-12x12.jpg",12,12,true],"woocommerce_thumbnail":["https:\/\/pressurezone.shop\/wp-content\/uploads\/2024\/10\/Buy-Tropic-Truffle-Weed-300x300.jpg",300,300,true],"woocommerce_single":["https:\/\/pressurezone.shop\/wp-content\/uploads\/2024\/10\/Buy-Tropic-Truffle-Weed-600x603.jpg",600,603,true],"woocommerce_gallery_thumbnail":["https:\/\/pressurezone.shop\/wp-content\/uploads\/2024\/10\/Buy-Tropic-Truffle-Weed-100x100.jpg",100,100,true]},"uagb_author_info":{"display_name":"pressurezone.shop","author_link":"https:\/\/pressurezone.shop\/pl\/author\/"},"uagb_comment_info":0,"uagb_excerpt":"Flavour:\u00a0Citrus | Fruity | Pine | Sour | Sweet Medical Usage:\u00a0ADD\/ADHD | Depression | Fatigue | Headaches | Stress THC Content:\u00a028%+","_links":{"self":[{"href":"https:\/\/pressurezone.shop\/pl\/wp-json\/wp\/v2\/product\/3000"}],"collection":[{"href":"https:\/\/pressurezone.shop\/pl\/wp-json\/wp\/v2\/product"}],"about":[{"href":"https:\/\/pressurezone.shop\/pl\/wp-json\/wp\/v2\/types\/product"}],"replies":[{"embeddable":true,"href":"https:\/\/pressurezone.shop\/pl\/wp-json\/wp\/v2\/comments?post=3000"}],"version-history":[{"count":3,"href":"https:\/\/pressurezone.shop\/pl\/wp-json\/wp\/v2\/product\/3000\/revisions"}],"predecessor-version":[{"id":3722,"href":"https:\/\/pressurezone.shop\/pl\/wp-json\/wp\/v2\/product\/3000\/revisions\/3722"}],"wp:featuredmedia":[{"embeddable":true,"href":"https:\/\/pressurezone.shop\/pl\/wp-json\/wp\/v2\/media\/3035"}],"wp:attachment":[{"href":"https:\/\/pressurezone.shop\/pl\/wp-json\/wp\/v2\/media?parent=3000"}],"wp:term":[{"taxonomy":"product_brand","embeddable":true,"href":"https:\/\/pressurezone.shop\/pl\/wp-json\/wp\/v2\/product_brand?post=3000"},{"taxonomy":"product_cat","embeddable":true,"href":"https:\/\/pressurezone.shop\/pl\/wp-json\/wp\/v2\/product_cat?post=3000"},{"taxonomy":"product_tag","embeddable":true,"href":"https:\/\/pressurezone.shop\/pl\/wp-json\/wp\/v2\/product_tag?post=3000"}],"curies":[{"name":"wp","href":"https:\/\/api.w.org\/{rel}","templated":true}]}}