{"id":3001,"date":"2024-10-11T00:48:46","date_gmt":"2024-10-10T22:48:46","guid":{"rendered":"https:\/\/pressurezone.shop\/?post_type=product&#038;p=3001"},"modified":"2024-11-03T22:23:42","modified_gmt":"2024-11-03T21:23:42","slug":"strawberry-rockstar-weed-strain","status":"publish","type":"product","link":"https:\/\/pressurezone.shop\/pl\/produkt\/odmiana-chwastow-strawberry-rockstar\/","title":{"rendered":"Odmiana konopi Strawberry Rockstar"},"content":{"rendered":"<div class=\"flex-shrink-0 flex flex-col relative items-end\">\n<div>\n<div class=\"pt-0\">\n<div class=\"gizmo-bot-avatar flex h-8 w-8 items-center justify-center overflow-hidden rounded-full\">\n<div class=\"relative p-1 rounded-sm flex items-center justify-center bg-token-main-surface-primary text-token-text-primary h-8 w-8\"><\/div>\n<\/div>\n<\/div>\n<\/div>\n<\/div>\n<div class=\"group\/conversation-turn relative flex w-full min-w-0 flex-col agent-turn\">\n<div class=\"flex-col gap-1 md:gap-3\">\n<div class=\"flex max-w-full flex-col flex-grow\">\n<div class=\"min-h-8 text-message flex w-full flex-col items-end gap-2 whitespace-normal break-words [.text-message+&amp;]:mt-5\" dir=\"auto\" data-message-author-role=\"assistant\" data-message-id=\"625d937f-c012-496f-844b-db97ba46f6ce\" data-message-model-slug=\"gpt-4o\">\n<div class=\"flex w-full flex-col gap-1 empty:hidden first:pt-[3px]\">\n<div class=\"markdown prose w-full break-words dark:prose-invert light\">\n<h3><strong>Kup Strawberry Rockstar Weed Strain online w Europie pod adresem <a href=\"https:\/\/pressurezone.shop\/pl\/\" target=\"_new\" rel=\"noopener\">Sklep ze strefami ci\u015bnieniowymi<\/a><\/strong><\/h3>\n<p>Odkryj <strong>Odmiana konopi Strawberry Rockstar<\/strong>Odmiana hybrydowa z dominacj\u0105 Indica, zrodzona z silnej krzy\u017c\u00f3wki mi\u0119dzy <strong>Truskawkowy kaszel<\/strong> i <strong>Rockstar<\/strong>. Odmiana ta jest idealna dla tych, kt\u00f3rzy szukaj\u0105 intensywnych dozna\u0144 sensorycznych, zar\u00f3wno relaksuj\u0105cych, jak i ekscytuj\u0105cych, z owocowymi smakami truskawek i odwa\u017cn\u0105 nut\u0105 skunka.<\/p>\n<h3>Dlaczego warto wybra\u0107 Rockstar Weed Strain?<\/h3>\n<p><strong>Odmiana konopi Strawberry Rockstar<\/strong> nie tylko relaksuje, ale i przenosi. Ta hybrydowa odmiana jest idealna dla os\u00f3b poszukuj\u0105cych euforycznego haju, kt\u00f3ry rozja\u015bnia ducha, jednocze\u015bnie koj\u0105c cia\u0142o. Dzi\u0119ki s\u0142odkiemu aromatowi truskawek i odwa\u017cnemu smakowi skunka, ka\u017cde zaci\u0105gni\u0119cie si\u0119 jest wyj\u0105tkowym doznaniem sensorycznym, kt\u00f3re wyr\u00f3\u017cnia si\u0119 g\u0142\u0119bi\u0105 i bogactwem.<\/p>\n<ul>\n<li><strong>Typ<\/strong> Hybryda z dominacj\u0105 Indica<\/li>\n<li><strong>Pochodzenie<\/strong> Krzy\u017c\u00f3wka Strawberry Cough i Rockstar<\/li>\n<\/ul>\n<h3>Efekty i zalety odmiany Strawberry Rockstar Weed Strain<\/h3>\n<p>La <strong>Odmiana konopi Strawberry Rockstar<\/strong> oferuje pot\u0119\u017cny haj, kt\u00f3ry podnosi na duchu, jednocze\u015bnie otulaj\u0105c g\u0142\u0119bokim relaksem cia\u0142a. Idealna do odpr\u0119\u017cenia si\u0119 po d\u0142ugim dniu, odmiana ta jest r\u00f3wnie\u017c znana ze swoich efekt\u00f3w terapeutycznych, idealnych do leczenia r\u00f3\u017cnych zaburze\u0144 nastroju i przewlek\u0142ego b\u00f3lu.<a href=\"https:\/\/fuelpackz.com\/\" target=\"_blank\" rel=\"noopener\">.<\/a><\/p>\n<ul>\n<li><strong>Efekty<\/strong> Euforia, relaks, szcz\u0119\u015bcie, mentalne uniesienie<\/li>\n<li><strong>Idealny dla<\/strong> L\u0119k, bezsenno\u015b\u0107, przewlek\u0142y b\u00f3l, depresja, wahania nastroju<\/li>\n<\/ul>\n<h3>Choroby \u0142agodzone przez odmian\u0119 konopi Strawberry Rockstar<\/h3>\n<p>Dzi\u0119ki pot\u0119\u017cnej kombinacji efekt\u00f3w, <strong>Strawberry Rockstar<\/strong> jest cz\u0119sto stosowany w celu z\u0142agodzenia wielu dolegliwo\u015bci:<\/p>\n<ul>\n<li><strong>Wahania nastroju i depresja<\/strong> R\u00f3wnowa\u017cy nastr\u00f3j i zapewnia dobre samopoczucie.<\/li>\n<li><strong>L\u0119k i bezsenno\u015b\u0107<\/strong> Promuje stan spokoju, kt\u00f3ry u\u0142atwia zasypianie.<\/li>\n<li><strong>Przewlek\u0142y b\u00f3l<\/strong> \u0141agodzi napi\u0119cie i uporczywe b\u00f3le cia\u0142a.<\/li>\n<\/ul>\n<h3>Smaki i aromaty odmiany Strawberry Rockstar Weed Strain<\/h3>\n<p>La <strong>Odmiana konopi Strawberry Rockstar<\/strong> zachwyca zmys\u0142y s\u0142odkimi nutami truskawek i odrobin\u0105 odwa\u017cnego skunksa. Jego aromat wyr\u00f3\u017cnia si\u0119 po\u0142\u0105czeniem jag\u00f3d i skunksa, tworz\u0105c r\u00f3wnie bogate doznania w\u0119chowe, co smakowe, idealne dla mi\u0142o\u015bnik\u00f3w intensywnych, owocowych smak\u00f3w.<\/p>\n<ul>\n<li><strong>Smaki<\/strong> truskawkowy, orze\u017awiaj\u0105cy, s\u0142odki<\/li>\n<li><strong>Zapachy<\/strong> Jagodowy, Skunk, owocowy<\/li>\n<\/ul>\n<h3>Wygl\u0105d kwiatu konopi Strawberry Rockstar<\/h3>\n<p>P\u0105ki <strong>Strawberry Rockstar<\/strong> s\u0105 jasnozielone z odcieniami fioletu, usiane pomara\u0144czowymi w\u0142oskami i pokryte matowymi trichomami. Ich g\u0119sty, \u017cywiczny wygl\u0105d odzwierciedla najwy\u017csz\u0105 jako\u015b\u0107 tej cenionej odmiany.<\/p>\n<h3>Zam\u00f3w Strawberry Rockstar Weed Strain online w sklepie Pressure Zone Shop<\/h3>\n<p>Gotowy do odkrycia owocowej intensywno\u015bci i pot\u0119\u017cnych efekt\u00f3w <strong>Odmiana konopi Strawberry Rockstar<\/strong> ? Zam\u00f3w ju\u017c dzi\u015b w <a href=\"https:\/\/pressurezone.shop\/pl\/\" target=\"_new\" rel=\"noopener\">Sklep ze strefami ci\u015bnieniowymi<\/a> dla dozna\u0144 zwi\u0105zanych z konopiami indyjskimi, kt\u00f3re \u0142\u0105cz\u0105 relaks i eufori\u0119 w unikalnym profilu smakowym. <strong>Strawberry Rockstar<\/strong> to doskona\u0142y wyb\u00f3r zapewniaj\u0105cy doskona\u0142e wra\u017cenia i skuteczn\u0105 ulg\u0119 w codziennych b\u00f3lach.<\/p>\n<\/div>\n<\/div>\n<\/div>\n<\/div>\n<\/div>\n<\/div>","protected":false},"excerpt":{"rendered":"<p><strong>Zastosowanie medyczne:<\/strong>\u00a0Wahania nastroju | Depresja | Niepok\u00f3j | Bezsenno\u015b\u0107 | Brak apetytu<br \/>\n<strong>Zawarto\u015b\u0107 THC:<\/strong>\u00a023% - 27% Najwy\u017cszy<\/p>","protected":false},"featured_media":3037,"comment_status":"closed","ping_status":"closed","template":"","meta":{"_uag_custom_page_level_css":"","site-sidebar-layout":"default","site-content-layout":"","ast-site-content-layout":"default","site-content-style":"default","site-sidebar-style":"default","ast-global-header-display":"","ast-banner-title-visibility":"","ast-main-header-display":"","ast-hfb-above-header-display":"","ast-hfb-below-header-display":"","ast-hfb-mobile-header-display":"","site-post-title":"","ast-breadcrumbs-content":"","ast-featured-img":"","footer-sml-layout":"","theme-transparent-header-meta":"default","adv-header-id-meta":"","stick-header-meta":"","header-above-stick-meta":"","header-main-stick-meta":"","header-below-stick-meta":"","astra-migrate-meta-layouts":"set","ast-page-background-enabled":"default","ast-page-background-meta":{"desktop":{"background-color":"","background-image":"","background-repeat":"repeat","background-position":"center center","background-size":"auto","background-attachment":"scroll","background-type":"","background-media":"","overlay-type":"","overlay-color":"","overlay-opacity":"","overlay-gradient":""},"tablet":{"background-color":"","background-image":"","background-repeat":"repeat","background-position":"center center","background-size":"auto","background-attachment":"scroll","background-type":"","background-media":"","overlay-type":"","overlay-color":"","overlay-opacity":"","overlay-gradient":""},"mobile":{"background-color":"","background-image":"","background-repeat":"repeat","background-position":"center center","background-size":"auto","background-attachment":"scroll","background-type":"","background-media":"","overlay-type":"","overlay-color":"","overlay-opacity":"","overlay-gradient":""}},"ast-content-background-meta":{"desktop":{"background-color":"var(--ast-global-color-5)","background-image":"","background-repeat":"repeat","background-position":"center center","background-size":"auto","background-attachment":"scroll","background-type":"","background-media":"","overlay-type":"","overlay-color":"","overlay-opacity":"","overlay-gradient":""},"tablet":{"background-color":"var(--ast-global-color-5)","background-image":"","background-repeat":"repeat","background-position":"center center","background-size":"auto","background-attachment":"scroll","background-type":"","background-media":"","overlay-type":"","overlay-color":"","overlay-opacity":"","overlay-gradient":""},"mobile":{"background-color":"var(--ast-global-color-5)","background-image":"","background-repeat":"repeat","background-position":"center center","background-size":"auto","background-attachment":"scroll","background-type":"","background-media":"","overlay-type":"","overlay-color":"","overlay-opacity":"","overlay-gradient":""}}},"product_brand":[],"product_cat":[28,277],"product_tag":[281],"class_list":{"0":"post-3001","1":"product","2":"type-product","3":"status-publish","4":"has-post-thumbnail","6":"product_cat-varietes-de-cannabis","7":"product_cat-varietes-de-cannabis-hybrides","8":"product_tag-buy-strawberry-rockstar-weed-strain-spain","9":"desktop-align-left","10":"tablet-align-left","11":"mobile-align-left","13":"first","14":"instock","15":"shipping-taxable","16":"purchasable","17":"product-type-variable"},"uagb_featured_image_src":{"full":["https:\/\/pressurezone.shop\/wp-content\/uploads\/2024\/10\/Strawberry-Rockstar-Weed-Strain.jpg",965,965,false],"thumbnail":["https:\/\/pressurezone.shop\/wp-content\/uploads\/2024\/10\/Strawberry-Rockstar-Weed-Strain-150x150.jpg",150,150,true],"medium":["https:\/\/pressurezone.shop\/wp-content\/uploads\/2024\/10\/Strawberry-Rockstar-Weed-Strain-300x300.jpg",300,300,true],"medium_large":["https:\/\/pressurezone.shop\/wp-content\/uploads\/2024\/10\/Strawberry-Rockstar-Weed-Strain-768x768.jpg",768,768,true],"large":["https:\/\/pressurezone.shop\/wp-content\/uploads\/2024\/10\/Strawberry-Rockstar-Weed-Strain.jpg",965,965,false],"1536x1536":["https:\/\/pressurezone.shop\/wp-content\/uploads\/2024\/10\/Strawberry-Rockstar-Weed-Strain.jpg",965,965,false],"2048x2048":["https:\/\/pressurezone.shop\/wp-content\/uploads\/2024\/10\/Strawberry-Rockstar-Weed-Strain.jpg",965,965,false],"trp-custom-language-flag":["https:\/\/pressurezone.shop\/wp-content\/uploads\/2024\/10\/Strawberry-Rockstar-Weed-Strain-12x12.jpg",12,12,true],"woocommerce_thumbnail":["https:\/\/pressurezone.shop\/wp-content\/uploads\/2024\/10\/Strawberry-Rockstar-Weed-Strain-300x300.jpg",300,300,true],"woocommerce_single":["https:\/\/pressurezone.shop\/wp-content\/uploads\/2024\/10\/Strawberry-Rockstar-Weed-Strain-600x600.jpg",600,600,true],"woocommerce_gallery_thumbnail":["https:\/\/pressurezone.shop\/wp-content\/uploads\/2024\/10\/Strawberry-Rockstar-Weed-Strain-100x100.jpg",100,100,true]},"uagb_author_info":{"display_name":"pressurezone.shop","author_link":"https:\/\/pressurezone.shop\/pl\/author\/"},"uagb_comment_info":0,"uagb_excerpt":"Medical Usage:\u00a0Mood Swings | Depression | Anxiety | Insomnia | Lack of Appetite THC Content:\u00a023% \u2013 27% Highest","_links":{"self":[{"href":"https:\/\/pressurezone.shop\/pl\/wp-json\/wp\/v2\/product\/3001"}],"collection":[{"href":"https:\/\/pressurezone.shop\/pl\/wp-json\/wp\/v2\/product"}],"about":[{"href":"https:\/\/pressurezone.shop\/pl\/wp-json\/wp\/v2\/types\/product"}],"replies":[{"embeddable":true,"href":"https:\/\/pressurezone.shop\/pl\/wp-json\/wp\/v2\/comments?post=3001"}],"version-history":[{"count":3,"href":"https:\/\/pressurezone.shop\/pl\/wp-json\/wp\/v2\/product\/3001\/revisions"}],"predecessor-version":[{"id":4054,"href":"https:\/\/pressurezone.shop\/pl\/wp-json\/wp\/v2\/product\/3001\/revisions\/4054"}],"wp:featuredmedia":[{"embeddable":true,"href":"https:\/\/pressurezone.shop\/pl\/wp-json\/wp\/v2\/media\/3037"}],"wp:attachment":[{"href":"https:\/\/pressurezone.shop\/pl\/wp-json\/wp\/v2\/media?parent=3001"}],"wp:term":[{"taxonomy":"product_brand","embeddable":true,"href":"https:\/\/pressurezone.shop\/pl\/wp-json\/wp\/v2\/product_brand?post=3001"},{"taxonomy":"product_cat","embeddable":true,"href":"https:\/\/pressurezone.shop\/pl\/wp-json\/wp\/v2\/product_cat?post=3001"},{"taxonomy":"product_tag","embeddable":true,"href":"https:\/\/pressurezone.shop\/pl\/wp-json\/wp\/v2\/product_tag?post=3001"}],"curies":[{"name":"wp","href":"https:\/\/api.w.org\/{rel}","templated":true}]}}